{"id":1583,"date":"2022-10-18T20:15:16","date_gmt":"2022-10-18T18:15:16","guid":{"rendered":"https:\/\/agora.xtec.cat\/ceip-santroc\/?page_id=1583"},"modified":"2024-06-19T13:57:29","modified_gmt":"2024-06-19T11:57:29","slug":"consell-escolar","status":"publish","type":"page","link":"https:\/\/agora.xtec.cat\/ceip-santroc\/consell-escolar\/","title":{"rendered":"El consell escolar de l&#8217;escola"},"content":{"rendered":"<div style=\"position: relative; width: 100%; height: 0; padding-top: 75.0000%; padding-bottom: 0; box-shadow: 0 2px 8px 0 rgba(63,69,81,0.16); margin-top: 1.6em; margin-bottom: 0.9em; overflow: hidden; border-radius: 8px; will-change: transform;\"><iframe style=\"position: absolute; width: 100%; height: 100%; top: 0; left: 0; border: none; padding: 0; margin: 0;\" src=\"https:\/\/www.canva.com\/design\/DAGHQ-cEnjE\/qWqgrKzHbStBmS1gVZL3dw\/view?embed\" allowfullscreen=\"allowfullscreen\"><br \/>\n<\/iframe><\/div>\n<p><a href=\"https:\/\/www.canva.com\/design\/DAGHQ-cEnjE\/qWqgrKzHbStBmS1gVZL3dw\/view?utm_content=DAGHQ-cEnjE&amp;utm_campaign=designshare&amp;utm_medium=embeds&amp;utm_source=link\" target=\"_blank\" rel=\"noopener\">INFOGRAFIA CONSELL ESCOLAR<\/a><\/p>\n<p><span style=\"font-weight: 400;\">Es reuneix amb car\u00e0cter ordinari un cop cada trimestre i amb car\u00e0cter extraordinari i\/o virtual sempre que \u00e9s necessari.\u00a0<\/span><\/p>\n<p><span style=\"font-weight: 400;\">Al <\/span><b>consell escolar<\/b><span style=\"font-weight: 400;\"> tamb\u00e9 existeix una representant com a\u00a0referent en coeducaci\u00f3 al centre\u00a0, una\u00a0<\/span><b>comissi\u00f3 econ\u00f2mica<\/b><span style=\"font-weight: 400;\">, una comissi\u00f3 de <\/span><b>conviv\u00e8ncia<\/b><span style=\"font-weight: 400;\"> i la comissi\u00f3 <\/span><b>permanent<\/b><span style=\"font-weight: 400;\">. \u00a0\u00a0<\/span><\/p>\n<p><span style=\"font-weight: 400;\">Els\u00a0<\/span><b>acords del Consell Escolar<\/b><span style=\"font-weight: 400;\">\u00a0guien la gesti\u00f3 del centre. Aquests van en relaci\u00f3 a l\u2019aprovaci\u00f3 de la programaci\u00f3 general anual (PGA) i la corresponent mem\u00f2ria, el pressupost de l\u2019escola, els documents generats pel centre i la supervisi\u00f3 del funcionament general de l\u2019escola. Tots aquests acords estan custodiats pel secretari i a disposici\u00f3 de la comunitat educativa.<\/span><\/p>\n<p>M\u00e9s informaci\u00f3 clicant a <a href=\"https:\/\/educacio.gencat.cat\/ca\/arees-actuacio\/centres-serveis-educatius\/centres\/consells-escolars-centres\/\">Consell Escolar de centres.<\/a><\/p>\n","protected":false},"excerpt":{"rendered":"<p>INFOGRAFIA CONSELL ESCOLAR Es reuneix amb car\u00e0cter ordinari un cop cada trimestre i amb car\u00e0cter extraordinari i\/o virtual sempre que \u00e9s necessari.\u00a0 Al consell escolar tamb\u00e9 existeix una representant com a\u00a0referent en coeducaci\u00f3 al centre\u00a0, una\u00a0comissi\u00f3 econ\u00f2mica, una comissi\u00f3 de conviv\u00e8ncia i la comissi\u00f3 permanent. \u00a0\u00a0 Els\u00a0acords del Consell Escolar\u00a0guien la gesti\u00f3 del centre. Aquests [&hellip;]<\/p>\n","protected":false},"author":40,"featured_media":0,"parent":0,"menu_order":0,"comment_status":"closed","ping_status":"closed","template":"page-templates\/side-menu.php","meta":{"_bbp_topic_count":0,"_bbp_reply_count":0,"_bbp_total_topic_count":0,"_bbp_total_reply_count":0,"_bbp_voice_count":0,"_bbp_anonymous_reply_count":0,"_bbp_topic_count_hidden":0,"_bbp_reply_count_hidden":0,"_bbp_forum_subforum_count":0,"site-sidebar-layout":"default","site-content-layout":"","ast-site-content-layout":"","site-content-style":"default","site-sidebar-style":"default","ast-global-header-display":"","ast-banner-title-visibility":"","ast-main-header-display":"","ast-hfb-above-header-display":"","ast-hfb-below-header-display":"","ast-hfb-mobile-header-display":"","site-post-title":"","ast-breadcrumbs-content":"","ast-featured-img":"","footer-sml-layout":"","theme-transparent-header-meta":"","adv-header-id-meta":"","stick-header-meta":"","header-above-stick-meta":"","header-main-stick-meta":"","header-below-stick-meta":"","astra-migrate-meta-layouts":"default","ast-page-background-enabled":"default","ast-page-background-meta":{"desktop":{"background-color":"var(--ast-global-color-4)","background-image":"","background-repeat":"repeat","background-position":"center center","background-size":"auto","background-attachment":"scroll","background-type":"","background-media":"","overlay-type":"","overlay-color":"","overlay-opacity":"","overlay-gradient":""},"tablet":{"background-color":"","background-image":"","background-repeat":"repeat","background-position":"center center","background-size":"auto","background-attachment":"scroll","background-type":"","background-media":"","overlay-type":"","overlay-color":"","overlay-opacity":"","overlay-gradient":""},"mobile":{"background-color":"","background-image":"","background-repeat":"repeat","background-position":"center center","background-size":"auto","background-attachment":"scroll","background-type":"","background-media":"","overlay-type":"","overlay-color":"","overlay-opacity":"","overlay-gradient":""}},"ast-content-background-meta":{"desktop":{"background-color":"var(--ast-global-color-5)","background-image":"","background-repeat":"repeat","background-position":"center center","background-size":"auto","background-attachment":"scroll","background-type":"","background-media":"","overlay-type":"","overlay-color":"","overlay-opacity":"","overlay-gradient":""},"tablet":{"background-color":"var(--ast-global-color-5)","background-image":"","background-repeat":"repeat","background-position":"center center","background-size":"auto","background-attachment":"scroll","background-type":"","background-media":"","overlay-type":"","overlay-color":"","overlay-opacity":"","overlay-gradient":""},"mobile":{"background-color":"var(--ast-global-color-5)","background-image":"","background-repeat":"repeat","background-position":"center center","background-size":"auto","background-attachment":"scroll","background-type":"","background-media":"","overlay-type":"","overlay-color":"","overlay-opacity":"","overlay-gradient":""}},"footnotes":""},"class_list":["post-1583","page","type-page","status-publish","hentry"],"post_mailing_queue_ids":[],"_links":{"self":[{"href":"https:\/\/agora.xtec.cat\/ceip-santroc\/wp-json\/wp\/v2\/pages\/1583","targetHints":{"allow":["GET"]}}],"collection":[{"href":"https:\/\/agora.xtec.cat\/ceip-santroc\/wp-json\/wp\/v2\/pages"}],"about":[{"href":"https:\/\/agora.xtec.cat\/ceip-santroc\/wp-json\/wp\/v2\/types\/page"}],"author":[{"embeddable":true,"href":"https:\/\/agora.xtec.cat\/ceip-santroc\/wp-json\/wp\/v2\/users\/40"}],"replies":[{"embeddable":true,"href":"https:\/\/agora.xtec.cat\/ceip-santroc\/wp-json\/wp\/v2\/comments?post=1583"}],"version-history":[{"count":5,"href":"https:\/\/agora.xtec.cat\/ceip-santroc\/wp-json\/wp\/v2\/pages\/1583\/revisions"}],"predecessor-version":[{"id":2330,"href":"https:\/\/agora.xtec.cat\/ceip-santroc\/wp-json\/wp\/v2\/pages\/1583\/revisions\/2330"}],"wp:attachment":[{"href":"https:\/\/agora.xtec.cat\/ceip-santroc\/wp-json\/wp\/v2\/media?parent=1583"}],"curies":[{"name":"wp","href":"https:\/\/api.w.org\/{rel}","templated":true}]}}