{"id":918,"date":"2021-10-25T15:11:57","date_gmt":"2021-10-25T13:11:57","guid":{"rendered":"https:\/\/agora.xtec.cat\/ceip-santramon-plasantamaria\/?page_id=918"},"modified":"2021-11-16T12:06:42","modified_gmt":"2021-11-16T11:06:42","slug":"contacte","status":"publish","type":"page","link":"https:\/\/agora.xtec.cat\/ceip-santramon-plasantamaria\/lescola\/contacte\/","title":{"rendered":"Contacte"},"content":{"rendered":"<p><strong><a href=\"https:\/\/agora.xtec.cat\/ceip-santramon-plasantamaria\/wp-content\/uploads\/usu1511\/2021\/10\/unnamed.jpg\"><img loading=\"lazy\" decoding=\"async\" class=\" wp-image-921 alignright\" src=\"https:\/\/agora.xtec.cat\/ceip-santramon-plasantamaria\/wp-content\/uploads\/usu1511\/2021\/10\/unnamed.jpg\" alt=\"\" width=\"440\" height=\"249\" srcset=\"https:\/\/agora.xtec.cat\/ceip-santramon-plasantamaria\/wp-content\/uploads\/usu1511\/2021\/10\/unnamed.jpg 500w, https:\/\/agora.xtec.cat\/ceip-santramon-plasantamaria\/wp-content\/uploads\/usu1511\/2021\/10\/unnamed-300x169.jpg 300w\" sizes=\"auto, (max-width: 440px) 100vw, 440px\" \/><\/a><\/strong><strong>Dades de contacte del centre<\/strong><\/p>\n<ul>\n<li>Tel\u00e8fon fix: 977 63 06 05<\/li>\n<li>Tel\u00e8fon m\u00f2bil: 634 77 35 60<\/li>\n<li>Correu electr\u00f2nic del centre: e3001966@xtec.cat<\/li>\n<\/ul>\n<p>&nbsp;<\/p>\n<p><strong>Dades de contacte per a les fam\u00edlies d&#8217;alumnes<\/strong><\/p>\n<ul>\n<li><em>Dinantia<\/em>: a partir del curs 2021-2022, les fam\u00edlies poden escriure a les seves tutories per resoldre dubtes, justificar abs\u00e8ncies o demanar cita. Aquesta \u00e9s la via de comunicaci\u00f3 oficial de l&#8217;escola.<\/li>\n<li><em>Correu intern de centre<\/em>: tant els alumnes com els mestres poden comunicar-se a trav\u00e9s d&#8217;aquest correu. Tamb\u00e9 poden treballar des de casa amb la plataforma Google Classroom, si aix\u00ed s&#8217;indica per part dels docents. El format \u00e9s el seg\u00fcent:<br \/>\n<blockquote><p>nomcognom@escolasantramon.com<\/p><\/blockquote>\n<\/li>\n<\/ul>\n<p>&nbsp;<\/p>\n","protected":false},"excerpt":{"rendered":"<p><a href=\"https:\/\/agora.xtec.cat\/ceip-santramon-plasantamaria\/wp-content\/uploads\/usu1511\/2021\/10\/unnamed.jpg\"><\/a>Dades de contacte del centre<\/p>\n<ul>\n<li>Tel\u00e8fon fix: 977 63 06 05<\/li>\n<li>Tel\u00e8fon m\u00f2bil: 634 77 35 60<\/li>\n<li>Correu electr\u00f2nic del centre: e3001966@xtec.cat<\/li>\n<\/ul>\n<p>&nbsp;<br \/>\nDades de contacte per a les fam\u00edlies d&#8217;alumnes<\/p>\n<ul>\n<li>Dinantia: a partir del curs 2021-2022, les fam\u00edlies poden escriure a les seves tutories per resoldre dubtes, justificar abs\u00e8ncies&hellip;  <a href=\"https:\/\/agora.xtec.cat\/ceip-santramon-plasantamaria\/lescola\/contacte\/\" title=\"Read Contacte\">Llegeix m\u00e9s\u00bb<\/a><br \/>\n","protected":false},"author":1,"featured_media":0,"parent":897,"menu_order":30,"comment_status":"closed","ping_status":"closed","template":"page-templates\/side-menu.php","meta":{"_bbp_topic_count":0,"_bbp_reply_count":0,"_bbp_total_topic_count":0,"_bbp_total_reply_count":0,"_bbp_voice_count":0,"_bbp_anonymous_reply_count":0,"_bbp_topic_count_hidden":0,"_bbp_reply_count_hidden":0,"_bbp_forum_subforum_count":0,"footnotes":""},"class_list":["post-918","page","type-page","status-publish","hentry"],"post_mailing_queue_ids":[],"_links":{"self":[{"href":"https:\/\/agora.xtec.cat\/ceip-santramon-plasantamaria\/wp-json\/wp\/v2\/pages\/918","targetHints":{"allow":["GET"]}}],"collection":[{"href":"https:\/\/agora.xtec.cat\/ceip-santramon-plasantamaria\/wp-json\/wp\/v2\/pages"}],"about":[{"href":"https:\/\/agora.xtec.cat\/ceip-santramon-plasantamaria\/wp-json\/wp\/v2\/types\/page"}],"author":[{"embeddable":true,"href":"https:\/\/agora.xtec.cat\/ceip-santramon-plasantamaria\/wp-json\/wp\/v2\/users\/1"}],"replies":[{"embeddable":true,"href":"https:\/\/agora.xtec.cat\/ceip-santramon-plasantamaria\/wp-json\/wp\/v2\/comments?post=918"}],"version-history":[{"count":2,"href":"https:\/\/agora.xtec.cat\/ceip-santramon-plasantamaria\/wp-json\/wp\/v2\/pages\/918\/revisions"}],"predecessor-version":[{"id":922,"href":"https:\/\/agora.xtec.cat\/ceip-santramon-plasantamaria\/wp-json\/wp\/v2\/pages\/918\/revisions\/922"}],"up":[{"embeddable":true,"href":"https:\/\/agora.xtec.cat\/ceip-santramon-plasantamaria\/wp-json\/wp\/v2\/pages\/897"}],"wp:attachment":[{"href":"https:\/\/agora.xtec.cat\/ceip-santramon-plasantamaria\/wp-json\/wp\/v2\/media?parent=918"}],"curies":[{"name":"wp","href":"https:\/\/api.w.org\/{rel}","templated":true}]}}