{"id":901,"date":"2021-10-25T13:50:02","date_gmt":"2021-10-25T11:50:02","guid":{"rendered":"https:\/\/agora.xtec.cat\/ceip-santramon-plasantamaria\/?page_id=901"},"modified":"2021-11-15T15:44:47","modified_gmt":"2021-11-15T14:44:47","slug":"on-som","status":"publish","type":"page","link":"https:\/\/agora.xtec.cat\/ceip-santramon-plasantamaria\/lescola\/on-som\/","title":{"rendered":"On som"},"content":{"rendered":"<p><strong>Localitzaci\u00f3<\/strong><\/p>\n<p><iframe loading=\"lazy\" style=\"border: 0;\" src=\"https:\/\/www.google.com\/maps\/embed?pb=!1m18!1m12!1m3!1d11977.849312082215!2d1.2794838483175068!3d41.3640390365187!2m3!1f0!2f0!3f0!3m2!1i1024!2i768!4f13.1!3m3!1m2!1s0x12a403f7c2b00d9f%3A0xa293c9d819571673!2sEscola%20Sant%20Ramon!5e0!3m2!1sca!2ses!4v1635243715619!5m2!1sca!2ses\" width=\"600\" height=\"450\" allowfullscreen=\"allowfullscreen\"><\/iframe><\/p>\n<p>Raval Sant Ramon, 3<\/p>\n<p>El Pla de Santa Maria (Alt Camp)<\/p>\n<p>\u200b\u00a0 \u00a0 \u00a0El Centre est\u00e0 situat dins del nucli urb\u00e0, a la urbanitzaci\u00f3 Les Escoles. Forma part del complex educatiu i esportiu del Municipi.<\/p>\n<div id=\"bgLayers_comp-jr629xxt__item1\" class=\"_3wnIc\" data-hook=\"bgLayers\">\n<div id=\"bgMedia_comp-jr629xxt__item1\" class=\"_2GUhU\"><\/div>\n<\/div>\n<div class=\"\" data-mesh-id=\"comp-jr629xxt__item1inlineContent\" data-testid=\"inline-content\">\n<div data-mesh-id=\"comp-jr629xxt__item1inlineContent-gridContainer\" data-testid=\"mesh-container-content\">\n<div id=\"comp-jr629xyq__item1\" class=\"_1Q9if\" data-testid=\"richTextElement\"><\/div>\n<div id=\"comp-jr62srn8__item1\" class=\"_1Q9if\" data-testid=\"richTextElement\"><\/div>\n<div id=\"comp-jr62tmre__item1\" class=\"_1Q9if\" data-testid=\"richTextElement\">\n<p class=\"font_8\"><strong><span style=\"font-family: inherit; font-size: 1em;\">\u00c0rea d\u2019influ\u00e8ncia geogr\u00e0fica<\/span><\/strong><\/p>\n<\/div>\n<div id=\"comp-jr632mmi__item1\" class=\"_17e_F\">\n<div class=\"_3XAXt\"><\/div>\n<\/div>\n<div id=\"comp-jr632twt__item1\" class=\"_1Q9if\" data-testid=\"richTextElement\">\n<p class=\"font_8\">\u00a0 \u00a0 \u00a0El terme municipal de El Pla de Santa Maria t\u00e9 una superf\u00edcie de 35 Km2 i una demografia de 2.266 habitants (2017). Limita amb els municipis de Cabra del Camp (N), Figuerola (O), Valls (SE), Ali\u00f3 (S), Vila-rodona (SE), Aiguam\u00farcia i el Pont d\u2019Armentera (E). La vila es troba situada al sector NO del terme, a una al\u00e7ada de 381 metres sobre el nivell del mar.<\/p>\n<p class=\"font_8\">\u00a0 \u00a0 \u00a0Dins del terme (a 2 o 3 kms. de dist\u00e0ncia de la poblaci\u00f3) es troben les urbanitzacions El Vedat, Torre Santa Maria i Baiona.<\/p>\n<\/div>\n<\/div>\n<\/div>\n<p><strong>Entorn cultural<\/strong><\/p>\n<p class=\"font_8\">La poblaci\u00f3 compta amb una trentena d\u2019associacions culturals i esportives.<\/p>\n<p class=\"font_8\">\u00a0 \u00a0 \u00a0S\u00f3n d\u2019inter\u00e8s els seg\u00fcents indrets: L\u2019Esgl\u00e9sia Rom\u00e0nica (s. XII-XIII); el Carrer Major, amb portals medievals, l\u2019Escola i la Casa dels Delmes, diverses cases pairals i portalades de pedra; la ruta de la Pedra Seca, l\u2019Esgl\u00e9sia Barroca de l\u2019Assumpci\u00f3 (finals s. XVIII); l\u2019Ermita de Sant Ramon (s. XVIII), la F\u00e0brica T\u00e8xtil Mart\u00ed, Llopart i Trenchs (1916) amb els habitatges del Poble Nou, i finalment els Aiguamolls, parada d\u2019ocells en el seu viatge migratori.<\/p>\n<p>&nbsp;<\/p>\n","protected":false},"excerpt":{"rendered":"<p>Localitzaci\u00f3<\/p>\n<p>Raval Sant Ramon, 3<br \/>\nEl Pla de Santa Maria (Alt Camp)<br \/>\n\u200b\u00a0 \u00a0 \u00a0El Centre est\u00e0 situat dins del nucli urb\u00e0, a la urbanitzaci\u00f3 Les Escoles. Forma part del complex educatiu i esportiu del Municipi.<\/p>\n<p>\u00c0rea d\u2019influ\u00e8ncia geogr\u00e0fica<\/p>\n<p>\u00a0 \u00a0 \u00a0El terme municipal de El Pla de Santa Maria&hellip;  <a href=\"https:\/\/agora.xtec.cat\/ceip-santramon-plasantamaria\/lescola\/on-som\/\" title=\"Read On som\">Llegeix m\u00e9s\u00bb<\/a><\/p>\n","protected":false},"author":1,"featured_media":0,"parent":897,"menu_order":10,"comment_status":"closed","ping_status":"closed","template":"page-templates\/side-menu.php","meta":{"_bbp_topic_count":0,"_bbp_reply_count":0,"_bbp_total_topic_count":0,"_bbp_total_reply_count":0,"_bbp_voice_count":0,"_bbp_anonymous_reply_count":0,"_bbp_topic_count_hidden":0,"_bbp_reply_count_hidden":0,"_bbp_forum_subforum_count":0,"footnotes":""},"class_list":["post-901","page","type-page","status-publish","hentry"],"post_mailing_queue_ids":[],"_links":{"self":[{"href":"https:\/\/agora.xtec.cat\/ceip-santramon-plasantamaria\/wp-json\/wp\/v2\/pages\/901","targetHints":{"allow":["GET"]}}],"collection":[{"href":"https:\/\/agora.xtec.cat\/ceip-santramon-plasantamaria\/wp-json\/wp\/v2\/pages"}],"about":[{"href":"https:\/\/agora.xtec.cat\/ceip-santramon-plasantamaria\/wp-json\/wp\/v2\/types\/page"}],"author":[{"embeddable":true,"href":"https:\/\/agora.xtec.cat\/ceip-santramon-plasantamaria\/wp-json\/wp\/v2\/users\/1"}],"replies":[{"embeddable":true,"href":"https:\/\/agora.xtec.cat\/ceip-santramon-plasantamaria\/wp-json\/wp\/v2\/comments?post=901"}],"version-history":[{"count":3,"href":"https:\/\/agora.xtec.cat\/ceip-santramon-plasantamaria\/wp-json\/wp\/v2\/pages\/901\/revisions"}],"predecessor-version":[{"id":1227,"href":"https:\/\/agora.xtec.cat\/ceip-santramon-plasantamaria\/wp-json\/wp\/v2\/pages\/901\/revisions\/1227"}],"up":[{"embeddable":true,"href":"https:\/\/agora.xtec.cat\/ceip-santramon-plasantamaria\/wp-json\/wp\/v2\/pages\/897"}],"wp:attachment":[{"href":"https:\/\/agora.xtec.cat\/ceip-santramon-plasantamaria\/wp-json\/wp\/v2\/media?parent=901"}],"curies":[{"name":"wp","href":"https:\/\/api.w.org\/{rel}","templated":true}]}}