{"id":897,"date":"2021-10-25T13:08:54","date_gmt":"2021-10-25T11:08:54","guid":{"rendered":"https:\/\/agora.xtec.cat\/ceip-santramon-plasantamaria\/?page_id=897"},"modified":"2021-10-25T14:59:35","modified_gmt":"2021-10-25T12:59:35","slug":"lescola","status":"publish","type":"page","link":"https:\/\/agora.xtec.cat\/ceip-santramon-plasantamaria\/lescola\/","title":{"rendered":"L&#8217;Escola"},"content":{"rendered":"<p><a href=\"https:\/\/agora.xtec.cat\/ceip-santramon-plasantamaria\/wp-content\/uploads\/usu1511\/2021\/10\/20211019_113528-1-scaled.jpg\"><img loading=\"lazy\" decoding=\"async\" class=\"size-large wp-image-898 aligncenter\" src=\"https:\/\/agora.xtec.cat\/ceip-santramon-plasantamaria\/wp-content\/uploads\/usu1511\/2021\/10\/20211019_113528-1-1024x485.jpg\" alt=\"\" width=\"1024\" height=\"485\" \/><\/a><\/p>\n<p><strong>L\u2019escola<\/strong><\/p>\n<p>L\u2019escola Sant Ramon \u00e9s un centre p\u00fablic que est\u00e0 situat al n\u00famero 3 del carrer Raval de Sant Ramon, al Municipi del Pla de Santa Maria (Alt Camp).<br \/>\nL\u2019escola va ser fundada l&#8217;any 1934, on es va construir l&#8217;edifici Hist\u00f2ric. Actualment, l&#8217;escola tamb\u00e9 compta amb un edifici nou i 2 m\u00f2duls prefabricats, aix\u00ed com els amplis patis amb espais diversos i pistes multiesportives.<br \/>\nEs tracta d&#8217;un centre amnb una sola l\u00ednia (1 grup per nivell) i ofereix ensenyaments d\u2019Educaci\u00f3 Infantil (3-6anys) i Prim\u00e0ria (6-12 anys).<\/p>\n","protected":false},"excerpt":{"rendered":"<p><a href=\"https:\/\/agora.xtec.cat\/ceip-santramon-plasantamaria\/wp-content\/uploads\/usu1511\/2021\/10\/20211019_113528-1-scaled.jpg\"><\/a><br \/>\nL\u2019escola<br \/>\nL\u2019escola Sant Ramon \u00e9s un centre p\u00fablic que est\u00e0 situat al n\u00famero 3 del carrer Raval de Sant Ramon, al Municipi del Pla de Santa Maria (Alt Camp).<br \/>\nL\u2019escola va ser fundada l&#8217;any 1934, on es va construir l&#8217;edifici Hist\u00f2ric. Actualment, l&#8217;escola tamb\u00e9 compta amb&hellip;  <a href=\"https:\/\/agora.xtec.cat\/ceip-santramon-plasantamaria\/lescola\/\" title=\"Read L&#8217;Escola\">Llegeix m\u00e9s\u00bb<\/a><\/p>\n","protected":false},"author":1,"featured_media":0,"parent":0,"menu_order":1,"comment_status":"closed","ping_status":"closed","template":"page-templates\/side-menu.php","meta":{"_bbp_topic_count":0,"_bbp_reply_count":0,"_bbp_total_topic_count":0,"_bbp_total_reply_count":0,"_bbp_voice_count":0,"_bbp_anonymous_reply_count":0,"_bbp_topic_count_hidden":0,"_bbp_reply_count_hidden":0,"_bbp_forum_subforum_count":0,"footnotes":""},"class_list":["post-897","page","type-page","status-publish","hentry"],"post_mailing_queue_ids":[],"_links":{"self":[{"href":"https:\/\/agora.xtec.cat\/ceip-santramon-plasantamaria\/wp-json\/wp\/v2\/pages\/897","targetHints":{"allow":["GET"]}}],"collection":[{"href":"https:\/\/agora.xtec.cat\/ceip-santramon-plasantamaria\/wp-json\/wp\/v2\/pages"}],"about":[{"href":"https:\/\/agora.xtec.cat\/ceip-santramon-plasantamaria\/wp-json\/wp\/v2\/types\/page"}],"author":[{"embeddable":true,"href":"https:\/\/agora.xtec.cat\/ceip-santramon-plasantamaria\/wp-json\/wp\/v2\/users\/1"}],"replies":[{"embeddable":true,"href":"https:\/\/agora.xtec.cat\/ceip-santramon-plasantamaria\/wp-json\/wp\/v2\/comments?post=897"}],"version-history":[{"count":2,"href":"https:\/\/agora.xtec.cat\/ceip-santramon-plasantamaria\/wp-json\/wp\/v2\/pages\/897\/revisions"}],"predecessor-version":[{"id":900,"href":"https:\/\/agora.xtec.cat\/ceip-santramon-plasantamaria\/wp-json\/wp\/v2\/pages\/897\/revisions\/900"}],"wp:attachment":[{"href":"https:\/\/agora.xtec.cat\/ceip-santramon-plasantamaria\/wp-json\/wp\/v2\/media?parent=897"}],"curies":[{"name":"wp","href":"https:\/\/api.w.org\/{rel}","templated":true}]}}