{"id":2013,"date":"2022-05-27T16:09:08","date_gmt":"2022-05-27T14:09:08","guid":{"rendered":"https:\/\/agora.xtec.cat\/ceip-santramon-plasantamaria\/?page_id=2013"},"modified":"2024-10-07T10:11:27","modified_gmt":"2024-10-07T08:11:27","slug":"equip-docent","status":"publish","type":"page","link":"https:\/\/agora.xtec.cat\/ceip-santramon-plasantamaria\/lescola\/equip-docent\/","title":{"rendered":"Equip Docent"},"content":{"rendered":"<p><strong>Equip Directiu<\/strong><\/p>\n<table style=\"border-collapse: collapse; width: 40.8267%; height: 88px;\">\n<tbody>\n<tr style=\"height: 32px;\">\n<td style=\"width: 50%; background-color: #b0faa5; height: 32px;\"><strong>Directora<\/strong><\/td>\n<td style=\"width: 50%; height: 32px;\">Assumpci\u00f3 Montserrat Ferr\u00e9<\/td>\n<\/tr>\n<tr style=\"height: 32px;\">\n<td style=\"width: 50%; height: 32px; background-color: #9dfae1;\"><strong>Cap d&#8217;Estudis<\/strong><\/td>\n<td style=\"width: 50%; height: 32px;\">Ana Rodon Sucarrats<\/td>\n<\/tr>\n<tr style=\"height: 32px;\">\n<td style=\"width: 50%; height: 32px; background-color: #73f5c7;\"><strong>Secretari<\/strong><\/td>\n<td style=\"width: 50%; height: 32px;\">Xavi Su\u00f1\u00e9 Aparicio<\/td>\n<\/tr>\n<\/tbody>\n<\/table>\n<p>&nbsp;<\/p>\n<p><strong>Educaci\u00f3 Infantil<\/strong><\/p>\n<table style=\"border-collapse: collapse; width: 40.8267%; height: 141px;\">\n<tbody>\n<tr>\n<td style=\"width: 50%; background-color: #adc2f7;\">P3<\/td>\n<td style=\"width: 50%;\">Rosa M\u00aa Plana Magre<\/td>\n<\/tr>\n<tr>\n<td style=\"width: 50%; background-color: #88cff2;\">P4<\/td>\n<td style=\"width: 50%;\">Ramona Torruella Nova<\/td>\n<\/tr>\n<tr>\n<td style=\"width: 50%; background-color: #79e9f7;\">P5<\/td>\n<td style=\"width: 50%;\">Judit Vives Fortuny<\/td>\n<\/tr>\n<tr>\n<td style=\"width: 50%; background-color: #d9bff5;\">Mestres de Suport<\/td>\n<td style=\"width: 50%;\">M\u00aa Dolors Mart\u00edn de Frutos<\/td>\n<\/tr>\n<tr>\n<td style=\"width: 50%; background-color: #efc4f5;\">Vetlladors<\/td>\n<td style=\"width: 50%;\">Elisenda Font Abad<\/td>\n<\/tr>\n<\/tbody>\n<\/table>\n<p>&nbsp;<\/p>\n<p><strong>Educaci\u00f3 Prim\u00e0ria<\/strong><\/p>\n<table style=\"border-collapse: collapse; width: 78.8252%; height: 110px;\">\n<tbody>\n<tr style=\"height: 32px;\">\n<td style=\"width: 16.6667%; background-color: #99f084; height: 32px;\" colspan=\"2\"><strong>Cicle Inicial<\/strong><\/td>\n<td style=\"width: 16.6667%; background-color: #898bf5; height: 32px;\" colspan=\"2\"><strong>Cicle Mitj\u00e0<\/strong><\/td>\n<td style=\"width: 16.6667%; height: 32px; background-color: #f2e749;\" colspan=\"2\"><strong>Cicle Superior<\/strong><\/td>\n<\/tr>\n<tr style=\"height: 32px;\">\n<td style=\"width: 16.6667%; background-color: #bef5b3; height: 32px;\">1r<\/td>\n<td style=\"width: 16.6667%; height: 32px;\">Ana Rodon Sucarrats<\/td>\n<td style=\"width: 16.6667%; background-color: #cbb8f5; height: 32px;\">3r<\/td>\n<td style=\"width: 16.6667%; height: 32px;\">Miriam Fores Casanueva<\/td>\n<td style=\"width: 16.6667%; height: 32px; background-color: #faf1a0;\">5\u00e8<\/td>\n<td style=\"width: 16.6667%; height: 32px;\">Erea Bresol\u00ed Fust\u00e9<\/td>\n<\/tr>\n<tr style=\"height: 32px;\">\n<td style=\"width: 16.6667%; background-color: #bef5b3; height: 32px;\">2n<\/td>\n<td style=\"width: 16.6667%; height: 32px;\">Alicia Sanch\u00eds Sanfelix<\/td>\n<td style=\"width: 16.6667%; background-color: #cbb8f5; height: 32px;\">4t<\/td>\n<td style=\"width: 16.6667%; height: 32px;\">Elisenda Garcia Cub\u00ed<\/td>\n<td style=\"width: 16.6667%; height: 32px; background-color: #faf1a0;\">6\u00e8<\/td>\n<td style=\"width: 16.6667%; height: 32px;\">X\u00e8nia Navarrete Gatell<\/td>\n<\/tr>\n<\/tbody>\n<\/table>\n<p>&nbsp;<\/p>\n<p><strong>Especialistes<\/strong><\/p>\n<table style=\"border-collapse: collapse; width: 57.9405%; height: 192px;\">\n<tbody>\n<tr style=\"height: 32px;\">\n<td style=\"width: 50%; height: 32px; background-color: #b6fafa;\"><strong>Angl\u00e8s<\/strong><\/td>\n<td style=\"width: 50%; height: 32px;\">Beatriu Cunillera Rodr\u00edguez<\/td>\n<\/tr>\n<tr style=\"height: 32px;\">\n<td style=\"width: 50%; height: 32px; background-color: #b6fafa;\"><strong>Educaci\u00f3 F\u00edsica<\/strong><\/td>\n<td style=\"width: 50%; height: 32px;\">Edgar Fern\u00e1ndez S\u00f3ria<\/td>\n<\/tr>\n<tr style=\"height: 32px;\">\n<td style=\"width: 50%; height: 32px; background-color: #b6fafa;\"><strong>Educaci\u00f3 art\u00edstica: visual i pl\u00e0stica, m\u00fasica i dansa<\/strong><\/td>\n<td style=\"width: 50%; height: 32px;\">X\u00e8nia Navarrete Gatell<\/td>\n<\/tr>\n<tr style=\"height: 32px;\">\n<td style=\"width: 50%; height: 32px; background-color: #b6fafa;\"><strong>Religi\u00f3<\/strong><\/td>\n<td style=\"width: 50%; height: 32px;\">Marta S\u00e1nchez Redondo<\/td>\n<\/tr>\n<tr>\n<td style=\"width: 50%; background-color: #b6fafa;\"><strong>Educaci\u00f3 Especial<\/strong><\/td>\n<td style=\"width: 50%;\">Josep M. Ventura Salvat<\/td>\n<\/tr>\n<\/tbody>\n<\/table>\n<p>&nbsp;<\/p>\n<p><strong>Personal d&#8217;Administrac\u00f3 i Serveis<\/strong><\/p>\n<table style=\"border-collapse: collapse; width: 57.9417%; height: 150px;\">\n<tbody>\n<tr style=\"height: 10px;\">\n<td style=\"width: 45.2491%; height: 10px; background-color: #e0f0ad;\"><strong>Conserge<\/strong><\/td>\n<td style=\"width: 54.6355%; height: 10px;\">S\u00f2nia Farran Angl\u00e8s<\/td>\n<\/tr>\n<tr style=\"height: 32px;\">\n<td style=\"width: 45.2491%; height: 32px; background-color: #e0f0ad;\"><strong>Administrativa<\/strong><\/td>\n<td style=\"width: 54.6355%; height: 32px;\">Anna M\u00aa Estallo Sogas<\/td>\n<\/tr>\n<tr style=\"height: 32px;\">\n<td style=\"width: 45.2491%; height: 10px; background-color: #e0f0ad;\"><strong>Menjador<\/strong><\/td>\n<td style=\"width: 54.6355%; height: 10px;\">Victoria S\u00e1nchez S\u00e1nchez<\/p>\n<p>Elisenda Font Abad<\/td>\n<\/tr>\n<tr style=\"height: 136px;\">\n<td style=\"width: 45.2491%; background-color: #e0f0ad; height: 98px;\"><strong>Neteja<\/strong><\/td>\n<td style=\"width: 54.6355%; height: 98px;\">Soraya Larej<\/p>\n<p>Carmen Forns<\/td>\n<\/tr>\n<\/tbody>\n<\/table>\n<p>&nbsp;<\/p>\n","protected":false},"excerpt":{"rendered":"<p>Equip Directiu<\/p>\n<p>Directora<br \/>\nAssumpci\u00f3 Montserrat Ferr\u00e9<\/p>\n<p>Cap d&#8217;Estudis<br \/>\nAna Rodon Sucarrats<\/p>\n<p>Secretari<br \/>\nXavi Su\u00f1\u00e9 Aparicio<\/p>\n<p>&nbsp;<br \/>\nEducaci\u00f3 Infantil<\/p>\n<p>P3<br \/>\nRosa M\u00aa Plana Magre<\/p>\n<p>P4<br \/>\nRamona Torruella Nova<\/p>\n<p>P5<br \/>\nJudit Vives Fortuny<\/p>\n<p>Mestres de Suport<br \/>\nM\u00aa Dolors Mart\u00edn de Frutos<\/p>\n<p>Vetlladors<br \/>\nElisenda Font Abad<\/p>\n<p>&nbsp;<br \/>\nEducaci\u00f3 Prim\u00e0ria<\/p>\n<p>Cicle Inicial<br \/>\nCicle Mitj\u00e0<br \/>\nCicle Superior<\/p>\n<p>1r<br \/>\nAna Rodon Sucarrats<br \/>\n3r<br \/>\nMiriam Fores Casanueva<br \/>\n5\u00e8<br \/>\nErea Bresol\u00ed Fust\u00e9<\/p>\n<p>2n<br \/>\nAlicia Sanch\u00eds Sanfelix<br \/>\n4t<br \/>\nElisenda Garcia Cub\u00ed<br \/>\n6\u00e8<br \/>\nX\u00e8nia Navarrete Gatell<\/p>\n<p>&nbsp;<br \/>\nEspecialistes<\/p>\n<p>Angl\u00e8s<br \/>\nBeatriu Cunillera Rodr\u00edguez<\/p>\n<p>Educaci\u00f3 F\u00edsica<br \/>\nEdgar Fern\u00e1ndez&hellip;  <a href=\"https:\/\/agora.xtec.cat\/ceip-santramon-plasantamaria\/lescola\/equip-docent\/\" title=\"Read Equip Docent\">Llegeix m\u00e9s\u00bb<\/a><\/p>\n","protected":false},"author":1,"featured_media":0,"parent":897,"menu_order":36,"comment_status":"closed","ping_status":"closed","template":"page-templates\/side-menu.php","meta":{"_bbp_topic_count":0,"_bbp_reply_count":0,"_bbp_total_topic_count":0,"_bbp_total_reply_count":0,"_bbp_voice_count":0,"_bbp_anonymous_reply_count":0,"_bbp_topic_count_hidden":0,"_bbp_reply_count_hidden":0,"_bbp_forum_subforum_count":0,"footnotes":""},"class_list":["post-2013","page","type-page","status-publish","hentry"],"post_mailing_queue_ids":[],"_links":{"self":[{"href":"https:\/\/agora.xtec.cat\/ceip-santramon-plasantamaria\/wp-json\/wp\/v2\/pages\/2013","targetHints":{"allow":["GET"]}}],"collection":[{"href":"https:\/\/agora.xtec.cat\/ceip-santramon-plasantamaria\/wp-json\/wp\/v2\/pages"}],"about":[{"href":"https:\/\/agora.xtec.cat\/ceip-santramon-plasantamaria\/wp-json\/wp\/v2\/types\/page"}],"author":[{"embeddable":true,"href":"https:\/\/agora.xtec.cat\/ceip-santramon-plasantamaria\/wp-json\/wp\/v2\/users\/1"}],"replies":[{"embeddable":true,"href":"https:\/\/agora.xtec.cat\/ceip-santramon-plasantamaria\/wp-json\/wp\/v2\/comments?post=2013"}],"version-history":[{"count":6,"href":"https:\/\/agora.xtec.cat\/ceip-santramon-plasantamaria\/wp-json\/wp\/v2\/pages\/2013\/revisions"}],"predecessor-version":[{"id":3292,"href":"https:\/\/agora.xtec.cat\/ceip-santramon-plasantamaria\/wp-json\/wp\/v2\/pages\/2013\/revisions\/3292"}],"up":[{"embeddable":true,"href":"https:\/\/agora.xtec.cat\/ceip-santramon-plasantamaria\/wp-json\/wp\/v2\/pages\/897"}],"wp:attachment":[{"href":"https:\/\/agora.xtec.cat\/ceip-santramon-plasantamaria\/wp-json\/wp\/v2\/media?parent=2013"}],"curies":[{"name":"wp","href":"https:\/\/api.w.org\/{rel}","templated":true}]}}