{"id":1289,"date":"2021-11-23T12:23:52","date_gmt":"2021-11-23T11:23:52","guid":{"rendered":"https:\/\/agora.xtec.cat\/ceip-santramon-plasantamaria\/?page_id=1289"},"modified":"2026-02-25T09:58:59","modified_gmt":"2026-02-25T08:58:59","slug":"consell-escolar","status":"publish","type":"page","link":"https:\/\/agora.xtec.cat\/ceip-santramon-plasantamaria\/lescola\/consell-escolar\/","title":{"rendered":"Consell Escolar"},"content":{"rendered":"<h5>Seguint els criteris de les normes de funcionament de centre per renovar els seus membres, i despr\u00e9s de les eleccions celebrades, la composici\u00f3 del nou Consell Escolar \u00e9s la seg\u00fcent:<\/h5>\n<p>&nbsp;<\/p>\n<table style=\"border-collapse: collapse; width: 51.9159%; height: 471px;\">\n<tbody>\n<tr style=\"height: 10px;\">\n<td style=\"width: 50%; height: 10px; text-align: left;\"><strong>Presidenta<\/strong><\/td>\n<td style=\"width: 50%; height: 10px; text-align: left;\">Assumpci\u00f3 Montserrat Ferr\u00e9 (Directora)<\/td>\n<\/tr>\n<tr style=\"height: 32px;\">\n<td style=\"width: 50%; height: 32px; text-align: left;\"><strong>Cap d&#8217;Estudis<\/strong><\/td>\n<td style=\"width: 50%; height: 32px; text-align: left;\">Ana Rodon Sucarrats<\/td>\n<\/tr>\n<tr style=\"height: 32px;\">\n<td style=\"width: 50%; height: 32px; text-align: left;\"><strong>Secretari<\/strong><\/td>\n<td style=\"width: 50%; height: 32px; text-align: left;\">F. Xavier Su\u00f1\u00e9 Aparicio<\/td>\n<\/tr>\n<tr style=\"height: 32px;\">\n<td style=\"width: 50%; height: 32px; text-align: left;\"><strong>Representants dels mestres:<\/strong><\/td>\n<td style=\"width: 50%; height: 32px; text-align: left;\">Maria L\u00f3pez Albareda<\/p>\n<p>Alicia Sanchis Sanfelix<\/p>\n<p>Josep M\u00aa Ventura Salvat<\/p>\n<p>Miriam For\u00e8s Casanueva<\/p>\n<p>Beatriu Cunillera Rodr\u00edguez<\/td>\n<\/tr>\n<tr>\n<td style=\"width: 50%; text-align: left;\"><strong>Representants de les families<\/strong><\/td>\n<td style=\"width: 50%; text-align: left;\">M\u00edriam Ayza Granell<\/p>\n<p>Diana Guerra D\u00edaz<\/p>\n<p>Pilar Ramiro Sevilla<\/p>\n<p>Laura Sol\u00e9 Flo<\/td>\n<\/tr>\n<tr style=\"height: 32px;\">\n<td style=\"width: 50%; height: 32px; text-align: left;\"><strong>Representant de l&#8217;AMiPA<\/strong><\/td>\n<td style=\"width: 50%; height: 32px; text-align: left;\">Carmen Rom\u00e1n Herrera<\/td>\n<\/tr>\n<tr style=\"height: 32px;\">\n<td style=\"width: 50%; height: 32px; text-align: left;\"><strong>Representant de l&#8217;Ajuntament<\/strong><\/td>\n<td style=\"width: 50%; height: 32px; text-align: left;\"><span style=\"font-weight: 400;\">Maria Teresa Ferr\u00e9 Vila<\/span><\/td>\n<\/tr>\n<tr style=\"height: 32px;\">\n<td style=\"width: 50%; height: 32px; text-align: left;\"><strong>Representant del personal no docent<\/strong><\/td>\n<td style=\"width: 50%; height: 32px; text-align: left;\">S\u00f2nia Farran Angl\u00e8s<\/td>\n<\/tr>\n<\/tbody>\n<\/table>\n","protected":false},"excerpt":{"rendered":"<p>Seguint els criteris de les normes de funcionament de centre per renovar els seus membres, i despr\u00e9s de les eleccions celebrades, la composici\u00f3 del nou Consell Escolar \u00e9s la seg\u00fcent:<br \/>\n&nbsp;<\/p>\n<p>Presidenta<br \/>\nAssumpci\u00f3 Montserrat Ferr\u00e9 (Directora)<\/p>\n<p>Cap d&#8217;Estudis<br \/>\nAna Rodon Sucarrats<\/p>\n<p>Secretari<br \/>\nF. Xavier Su\u00f1\u00e9 Aparicio<\/p>\n<p>Representants dels mestres:<br \/>\nMaria L\u00f3pez Albareda<br \/>\nAlicia Sanchis Sanfelix<br \/>\nJosep&hellip;  <a href=\"https:\/\/agora.xtec.cat\/ceip-santramon-plasantamaria\/lescola\/consell-escolar\/\" title=\"Read Consell Escolar\">Llegeix m\u00e9s\u00bb<\/a><\/p>\n","protected":false},"author":1,"featured_media":0,"parent":897,"menu_order":41,"comment_status":"closed","ping_status":"closed","template":"page-templates\/side-menu.php","meta":{"_bbp_topic_count":0,"_bbp_reply_count":0,"_bbp_total_topic_count":0,"_bbp_total_reply_count":0,"_bbp_voice_count":0,"_bbp_anonymous_reply_count":0,"_bbp_topic_count_hidden":0,"_bbp_reply_count_hidden":0,"_bbp_forum_subforum_count":0,"footnotes":""},"class_list":["post-1289","page","type-page","status-publish","hentry"],"post_mailing_queue_ids":[],"_links":{"self":[{"href":"https:\/\/agora.xtec.cat\/ceip-santramon-plasantamaria\/wp-json\/wp\/v2\/pages\/1289","targetHints":{"allow":["GET"]}}],"collection":[{"href":"https:\/\/agora.xtec.cat\/ceip-santramon-plasantamaria\/wp-json\/wp\/v2\/pages"}],"about":[{"href":"https:\/\/agora.xtec.cat\/ceip-santramon-plasantamaria\/wp-json\/wp\/v2\/types\/page"}],"author":[{"embeddable":true,"href":"https:\/\/agora.xtec.cat\/ceip-santramon-plasantamaria\/wp-json\/wp\/v2\/users\/1"}],"replies":[{"embeddable":true,"href":"https:\/\/agora.xtec.cat\/ceip-santramon-plasantamaria\/wp-json\/wp\/v2\/comments?post=1289"}],"version-history":[{"count":5,"href":"https:\/\/agora.xtec.cat\/ceip-santramon-plasantamaria\/wp-json\/wp\/v2\/pages\/1289\/revisions"}],"predecessor-version":[{"id":3982,"href":"https:\/\/agora.xtec.cat\/ceip-santramon-plasantamaria\/wp-json\/wp\/v2\/pages\/1289\/revisions\/3982"}],"up":[{"embeddable":true,"href":"https:\/\/agora.xtec.cat\/ceip-santramon-plasantamaria\/wp-json\/wp\/v2\/pages\/897"}],"wp:attachment":[{"href":"https:\/\/agora.xtec.cat\/ceip-santramon-plasantamaria\/wp-json\/wp\/v2\/media?parent=1289"}],"curies":[{"name":"wp","href":"https:\/\/api.w.org\/{rel}","templated":true}]}}