{"id":1074,"date":"2021-10-30T14:08:35","date_gmt":"2021-10-30T12:08:35","guid":{"rendered":"https:\/\/agora.xtec.cat\/ceip-santramon-plasantamaria\/?page_id=1074"},"modified":"2021-12-15T16:03:19","modified_gmt":"2021-12-15T15:03:19","slug":"nivells","status":"publish","type":"page","link":"https:\/\/agora.xtec.cat\/ceip-santramon-plasantamaria\/nivells\/","title":{"rendered":"Nivells"},"content":{"rendered":"<p>&nbsp;<\/p>\n<p>L&#8217;Escola Sant Ramon \u00e9s un centre d&#8217;una l\u00ednia des de P3 fins a 6\u00e8 de Prim\u00e0ria. Actualment, tots els nivells tenen la seva aula a l&#8217;edifici nou excepte els alumnes de p5, que tenen la seva aula un dels m\u00f2duls.<\/p>\n<p>Cada nivell educatiu t\u00e9 un bloc propi el qual anirem actualizant amb articles sobre les activitats, sortides i festes que celebrem.<\/p>\n<p><a href=\"https:\/\/agora.xtec.cat\/ceip-santramon-plasantamaria\/categoria\/infantil\/\" target=\"_blank\" rel=\"noopener\"><img loading=\"lazy\" decoding=\"async\" class=\"wp-image-1315 aligncenter\" src=\"https:\/\/agora.xtec.cat\/ceip-santramon-plasantamaria\/wp-content\/uploads\/usu1511\/2021\/11\/feelin-10-e1637759889183-1024x229.jpg\" alt=\"\" width=\"672\" height=\"150\" srcset=\"https:\/\/agora.xtec.cat\/ceip-santramon-plasantamaria\/wp-content\/uploads\/usu1511\/2021\/11\/feelin-10-e1637759889183-1024x229.jpg 1024w, https:\/\/agora.xtec.cat\/ceip-santramon-plasantamaria\/wp-content\/uploads\/usu1511\/2021\/11\/feelin-10-e1637759889183-300x67.jpg 300w, https:\/\/agora.xtec.cat\/ceip-santramon-plasantamaria\/wp-content\/uploads\/usu1511\/2021\/11\/feelin-10-e1637759889183-768x172.jpg 768w, https:\/\/agora.xtec.cat\/ceip-santramon-plasantamaria\/wp-content\/uploads\/usu1511\/2021\/11\/feelin-10-e1637759889183-1536x343.jpg 1536w, https:\/\/agora.xtec.cat\/ceip-santramon-plasantamaria\/wp-content\/uploads\/usu1511\/2021\/11\/feelin-10-e1637759889183.jpg 1925w\" sizes=\"auto, (max-width: 672px) 100vw, 672px\" \/><\/a><\/p>\n<p><a href=\"https:\/\/agora.xtec.cat\/ceip-santramon-plasantamaria\/categoria\/infantil\/p3\/\" target=\"_blank\" rel=\"noopener\"><img loading=\"lazy\" decoding=\"async\" class=\"wp-image-1312 alignleft\" src=\"https:\/\/agora.xtec.cat\/ceip-santramon-plasantamaria\/wp-content\/uploads\/usu1511\/2021\/11\/feelin-6-e1637759908220-300x219.jpg\" alt=\"\" width=\"324\" height=\"237\" srcset=\"https:\/\/agora.xtec.cat\/ceip-santramon-plasantamaria\/wp-content\/uploads\/usu1511\/2021\/11\/feelin-6-e1637759908220-300x219.jpg 300w, https:\/\/agora.xtec.cat\/ceip-santramon-plasantamaria\/wp-content\/uploads\/usu1511\/2021\/11\/feelin-6-e1637759908220-1024x746.jpg 1024w, https:\/\/agora.xtec.cat\/ceip-santramon-plasantamaria\/wp-content\/uploads\/usu1511\/2021\/11\/feelin-6-e1637759908220-768x559.jpg 768w, https:\/\/agora.xtec.cat\/ceip-santramon-plasantamaria\/wp-content\/uploads\/usu1511\/2021\/11\/feelin-6-e1637759908220-1536x1119.jpg 1536w, https:\/\/agora.xtec.cat\/ceip-santramon-plasantamaria\/wp-content\/uploads\/usu1511\/2021\/11\/feelin-6-e1637759908220.jpg 1565w\" sizes=\"auto, (max-width: 324px) 100vw, 324px\" \/><\/a><a href=\"https:\/\/agora.xtec.cat\/ceip-santramon-plasantamaria\/categoria\/infantil\/p4\/\" target=\"_blank\" rel=\"noopener\"><img loading=\"lazy\" decoding=\"async\" class=\"wp-image-1311 alignleft\" src=\"https:\/\/agora.xtec.cat\/ceip-santramon-plasantamaria\/wp-content\/uploads\/usu1511\/2021\/11\/feelin-7-e1637759928783-300x234.jpg\" alt=\"\" width=\"303\" height=\"237\" srcset=\"https:\/\/agora.xtec.cat\/ceip-santramon-plasantamaria\/wp-content\/uploads\/usu1511\/2021\/11\/feelin-7-e1637759928783-300x234.jpg 300w, https:\/\/agora.xtec.cat\/ceip-santramon-plasantamaria\/wp-content\/uploads\/usu1511\/2021\/11\/feelin-7-e1637759928783-1024x800.jpg 1024w, https:\/\/agora.xtec.cat\/ceip-santramon-plasantamaria\/wp-content\/uploads\/usu1511\/2021\/11\/feelin-7-e1637759928783-768x600.jpg 768w, https:\/\/agora.xtec.cat\/ceip-santramon-plasantamaria\/wp-content\/uploads\/usu1511\/2021\/11\/feelin-7-e1637759928783.jpg 1485w\" sizes=\"auto, (max-width: 303px) 100vw, 303px\" \/><\/a><a href=\"https:\/\/agora.xtec.cat\/ceip-santramon-plasantamaria\/categoria\/infantil\/p5\/\" target=\"_blank\" rel=\"noopener\"><img loading=\"lazy\" decoding=\"async\" class=\"wp-image-1310 alignleft\" src=\"https:\/\/agora.xtec.cat\/ceip-santramon-plasantamaria\/wp-content\/uploads\/usu1511\/2021\/11\/feelin-8-e1637759941642-300x224.jpg\" alt=\"\" width=\"315\" height=\"235\" srcset=\"https:\/\/agora.xtec.cat\/ceip-santramon-plasantamaria\/wp-content\/uploads\/usu1511\/2021\/11\/feelin-8-e1637759941642-300x224.jpg 300w, https:\/\/agora.xtec.cat\/ceip-santramon-plasantamaria\/wp-content\/uploads\/usu1511\/2021\/11\/feelin-8-e1637759941642-1024x766.jpg 1024w, https:\/\/agora.xtec.cat\/ceip-santramon-plasantamaria\/wp-content\/uploads\/usu1511\/2021\/11\/feelin-8-e1637759941642-768x575.jpg 768w, https:\/\/agora.xtec.cat\/ceip-santramon-plasantamaria\/wp-content\/uploads\/usu1511\/2021\/11\/feelin-8-e1637759941642-200x150.jpg 200w, https:\/\/agora.xtec.cat\/ceip-santramon-plasantamaria\/wp-content\/uploads\/usu1511\/2021\/11\/feelin-8-e1637759941642.jpg 1490w\" sizes=\"auto, (max-width: 315px) 100vw, 315px\" \/><\/a><\/p>\n<p>&nbsp;<\/p>\n<p>&nbsp;<\/p>\n<p>&nbsp;<\/p>\n<p>&nbsp;<\/p>\n<p>&nbsp;<\/p>\n<p>&nbsp;<\/p>\n<p>&nbsp;<\/p>\n<p><a href=\"https:\/\/agora.xtec.cat\/ceip-santramon-plasantamaria\/categoria\/primaria\/\"><img loading=\"lazy\" decoding=\"async\" class=\"wp-image-1313 aligncenter\" src=\"https:\/\/agora.xtec.cat\/ceip-santramon-plasantamaria\/wp-content\/uploads\/usu1511\/2021\/11\/feelin-11-e1637760389245.jpg\" alt=\"\" width=\"677\" height=\"143\" srcset=\"https:\/\/agora.xtec.cat\/ceip-santramon-plasantamaria\/wp-content\/uploads\/usu1511\/2021\/11\/feelin-11-e1637760389245.jpg 1950w, https:\/\/agora.xtec.cat\/ceip-santramon-plasantamaria\/wp-content\/uploads\/usu1511\/2021\/11\/feelin-11-e1637760389245-300x63.jpg 300w, https:\/\/agora.xtec.cat\/ceip-santramon-plasantamaria\/wp-content\/uploads\/usu1511\/2021\/11\/feelin-11-e1637760389245-1024x215.jpg 1024w, https:\/\/agora.xtec.cat\/ceip-santramon-plasantamaria\/wp-content\/uploads\/usu1511\/2021\/11\/feelin-11-e1637760389245-768x161.jpg 768w, https:\/\/agora.xtec.cat\/ceip-santramon-plasantamaria\/wp-content\/uploads\/usu1511\/2021\/11\/feelin-11-e1637760389245-1536x323.jpg 1536w\" sizes=\"auto, (max-width: 677px) 100vw, 677px\" \/><\/a><\/p>\n<p><a href=\"https:\/\/agora.xtec.cat\/ceip-santramon-plasantamaria\/categoria\/primaria\/1r\/?customize_changeset_uuid=00436194-6682-4ec5-9ab3-e60b1772f8b3&amp;customize_autosaved=on\"><img loading=\"lazy\" decoding=\"async\" class=\"alignleft wp-image-1309\" src=\"https:\/\/agora.xtec.cat\/ceip-santramon-plasantamaria\/wp-content\/uploads\/usu1511\/2021\/11\/feelin.jpg\" alt=\"\" width=\"323\" height=\"229\" srcset=\"https:\/\/agora.xtec.cat\/ceip-santramon-plasantamaria\/wp-content\/uploads\/usu1511\/2021\/11\/feelin.jpg 2000w, https:\/\/agora.xtec.cat\/ceip-santramon-plasantamaria\/wp-content\/uploads\/usu1511\/2021\/11\/feelin-300x212.jpg 300w, https:\/\/agora.xtec.cat\/ceip-santramon-plasantamaria\/wp-content\/uploads\/usu1511\/2021\/11\/feelin-1024x724.jpg 1024w, https:\/\/agora.xtec.cat\/ceip-santramon-plasantamaria\/wp-content\/uploads\/usu1511\/2021\/11\/feelin-768x543.jpg 768w, https:\/\/agora.xtec.cat\/ceip-santramon-plasantamaria\/wp-content\/uploads\/usu1511\/2021\/11\/feelin-1536x1086.jpg 1536w\" sizes=\"auto, (max-width: 323px) 100vw, 323px\" \/><\/a><\/p>\n<p><a href=\"https:\/\/agora.xtec.cat\/ceip-santramon-plasantamaria\/categoria\/primaria\/2n\/?customize_changeset_uuid=00436194-6682-4ec5-9ab3-e60b1772f8b3&amp;customize_autosaved=on\"><img loading=\"lazy\" decoding=\"async\" class=\"wp-image-1308 alignleft\" src=\"https:\/\/agora.xtec.cat\/ceip-santramon-plasantamaria\/wp-content\/uploads\/usu1511\/2021\/11\/feelin-1.jpg\" alt=\"\" width=\"319\" height=\"226\" srcset=\"https:\/\/agora.xtec.cat\/ceip-santramon-plasantamaria\/wp-content\/uploads\/usu1511\/2021\/11\/feelin-1.jpg 2000w, https:\/\/agora.xtec.cat\/ceip-santramon-plasantamaria\/wp-content\/uploads\/usu1511\/2021\/11\/feelin-1-300x212.jpg 300w, https:\/\/agora.xtec.cat\/ceip-santramon-plasantamaria\/wp-content\/uploads\/usu1511\/2021\/11\/feelin-1-1024x724.jpg 1024w, https:\/\/agora.xtec.cat\/ceip-santramon-plasantamaria\/wp-content\/uploads\/usu1511\/2021\/11\/feelin-1-768x543.jpg 768w, https:\/\/agora.xtec.cat\/ceip-santramon-plasantamaria\/wp-content\/uploads\/usu1511\/2021\/11\/feelin-1-1536x1086.jpg 1536w\" sizes=\"auto, (max-width: 319px) 100vw, 319px\" \/><\/a><\/p>\n<p><a href=\"https:\/\/agora.xtec.cat\/ceip-santramon-plasantamaria\/categoria\/primaria\/3r\/?customize_changeset_uuid=00436194-6682-4ec5-9ab3-e60b1772f8b3&amp;customize_autosaved=on\"><img loading=\"lazy\" decoding=\"async\" class=\"wp-image-1307 alignleft\" src=\"https:\/\/agora.xtec.cat\/ceip-santramon-plasantamaria\/wp-content\/uploads\/usu1511\/2021\/11\/feelin-2-300x212.jpg\" alt=\"\" width=\"311\" height=\"220\" srcset=\"https:\/\/agora.xtec.cat\/ceip-santramon-plasantamaria\/wp-content\/uploads\/usu1511\/2021\/11\/feelin-2-300x212.jpg 300w, https:\/\/agora.xtec.cat\/ceip-santramon-plasantamaria\/wp-content\/uploads\/usu1511\/2021\/11\/feelin-2-1024x724.jpg 1024w, https:\/\/agora.xtec.cat\/ceip-santramon-plasantamaria\/wp-content\/uploads\/usu1511\/2021\/11\/feelin-2-768x543.jpg 768w, https:\/\/agora.xtec.cat\/ceip-santramon-plasantamaria\/wp-content\/uploads\/usu1511\/2021\/11\/feelin-2-1536x1086.jpg 1536w, https:\/\/agora.xtec.cat\/ceip-santramon-plasantamaria\/wp-content\/uploads\/usu1511\/2021\/11\/feelin-2.jpg 2000w\" sizes=\"auto, (max-width: 311px) 100vw, 311px\" \/><\/a><\/p>\n<p>&nbsp;<\/p>\n<p>&nbsp;<\/p>\n<p>&nbsp;<\/p>\n<p>&nbsp;<\/p>\n<p>&nbsp;<\/p>\n<p>&nbsp;<\/p>\n<p><a href=\"https:\/\/agora.xtec.cat\/ceip-santramon-plasantamaria\/categoria\/primaria\/4t\/?customize_changeset_uuid=00436194-6682-4ec5-9ab3-e60b1772f8b3&amp;customize_autosaved=on\"><img loading=\"lazy\" decoding=\"async\" class=\" wp-image-1306 alignleft\" src=\"https:\/\/agora.xtec.cat\/ceip-santramon-plasantamaria\/wp-content\/uploads\/usu1511\/2021\/11\/feelin-3-300x212.jpg\" alt=\"\" width=\"324\" height=\"231\" \/><\/a><a href=\"https:\/\/agora.xtec.cat\/ceip-santramon-plasantamaria\/categoria\/primaria\/5e\/?customize_changeset_uuid=00436194-6682-4ec5-9ab3-e60b1772f8b3&amp;customize_autosaved=on\"><img loading=\"lazy\" decoding=\"async\" class=\" wp-image-1305 alignleft\" src=\"https:\/\/agora.xtec.cat\/ceip-santramon-plasantamaria\/wp-content\/uploads\/usu1511\/2021\/11\/feelin-4-300x212.jpg\" alt=\"\" width=\"320\" height=\"226\" srcset=\"https:\/\/agora.xtec.cat\/ceip-santramon-plasantamaria\/wp-content\/uploads\/usu1511\/2021\/11\/feelin-4-300x212.jpg 300w, https:\/\/agora.xtec.cat\/ceip-santramon-plasantamaria\/wp-content\/uploads\/usu1511\/2021\/11\/feelin-4-1024x724.jpg 1024w, https:\/\/agora.xtec.cat\/ceip-santramon-plasantamaria\/wp-content\/uploads\/usu1511\/2021\/11\/feelin-4-768x543.jpg 768w, https:\/\/agora.xtec.cat\/ceip-santramon-plasantamaria\/wp-content\/uploads\/usu1511\/2021\/11\/feelin-4-1536x1086.jpg 1536w, https:\/\/agora.xtec.cat\/ceip-santramon-plasantamaria\/wp-content\/uploads\/usu1511\/2021\/11\/feelin-4.jpg 2000w\" sizes=\"auto, (max-width: 320px) 100vw, 320px\" \/><\/a><a href=\"https:\/\/agora.xtec.cat\/ceip-santramon-plasantamaria\/categoria\/primaria\/6e\/?customize_changeset_uuid=00436194-6682-4ec5-9ab3-e60b1772f8b3&amp;customize_autosaved=on\"><img loading=\"lazy\" decoding=\"async\" class=\"wp-image-1304 alignleft\" src=\"https:\/\/agora.xtec.cat\/ceip-santramon-plasantamaria\/wp-content\/uploads\/usu1511\/2021\/11\/feelin-5-300x212.jpg\" alt=\"\" width=\"313\" height=\"223\" \/><\/a><\/p>\n","protected":false},"excerpt":{"rendered":"<p>&nbsp;<br \/>\nL&#8217;Escola Sant Ramon \u00e9s un centre d&#8217;una l\u00ednia des de P3 fins a 6\u00e8 de Prim\u00e0ria. Actualment, tots els nivells tenen la seva aula a l&#8217;edifici nou excepte els alumnes de p5, que tenen la seva aula un dels m\u00f2duls.<br \/>\nCada nivell educatiu t\u00e9 un bloc&hellip;  <a href=\"https:\/\/agora.xtec.cat\/ceip-santramon-plasantamaria\/nivells\/\" title=\"Read Nivells\">Llegeix m\u00e9s\u00bb<\/a><\/p>\n","protected":false},"author":1,"featured_media":0,"parent":0,"menu_order":0,"comment_status":"closed","ping_status":"closed","template":"","meta":{"_bbp_topic_count":0,"_bbp_reply_count":0,"_bbp_total_topic_count":0,"_bbp_total_reply_count":0,"_bbp_voice_count":0,"_bbp_anonymous_reply_count":0,"_bbp_topic_count_hidden":0,"_bbp_reply_count_hidden":0,"_bbp_forum_subforum_count":0,"footnotes":""},"class_list":["post-1074","page","type-page","status-publish","hentry"],"post_mailing_queue_ids":[],"_links":{"self":[{"href":"https:\/\/agora.xtec.cat\/ceip-santramon-plasantamaria\/wp-json\/wp\/v2\/pages\/1074","targetHints":{"allow":["GET"]}}],"collection":[{"href":"https:\/\/agora.xtec.cat\/ceip-santramon-plasantamaria\/wp-json\/wp\/v2\/pages"}],"about":[{"href":"https:\/\/agora.xtec.cat\/ceip-santramon-plasantamaria\/wp-json\/wp\/v2\/types\/page"}],"author":[{"embeddable":true,"href":"https:\/\/agora.xtec.cat\/ceip-santramon-plasantamaria\/wp-json\/wp\/v2\/users\/1"}],"replies":[{"embeddable":true,"href":"https:\/\/agora.xtec.cat\/ceip-santramon-plasantamaria\/wp-json\/wp\/v2\/comments?post=1074"}],"version-history":[{"count":4,"href":"https:\/\/agora.xtec.cat\/ceip-santramon-plasantamaria\/wp-json\/wp\/v2\/pages\/1074\/revisions"}],"predecessor-version":[{"id":1394,"href":"https:\/\/agora.xtec.cat\/ceip-santramon-plasantamaria\/wp-json\/wp\/v2\/pages\/1074\/revisions\/1394"}],"wp:attachment":[{"href":"https:\/\/agora.xtec.cat\/ceip-santramon-plasantamaria\/wp-json\/wp\/v2\/media?parent=1074"}],"curies":[{"name":"wp","href":"https:\/\/api.w.org\/{rel}","templated":true}]}}