{"id":8176,"date":"2022-04-06T08:29:01","date_gmt":"2022-04-06T06:29:01","guid":{"rendered":"https:\/\/agora.xtec.cat\/ceip-santperesantpau\/?page_id=8176"},"modified":"2025-09-12T09:47:47","modified_gmt":"2025-09-12T07:47:47","slug":"dinantia","status":"publish","type":"page","link":"https:\/\/agora.xtec.cat\/ceip-santperesantpau\/dinantia\/","title":{"rendered":"Dinantia"},"content":{"rendered":"<pre class=\"tw-data-text tw-text-large tw-ta\" dir=\"ltr\" data-placeholder=\"Traducci\u00f3\"><span class=\"Y2IQFc\" lang=\"ca\"><a href=\"https:\/\/agora.xtec.cat\/ceip-santperesantpau\/wp-content\/uploads\/usu188\/2022\/04\/dinantia-logo.jpg\"><img loading=\"lazy\" decoding=\"async\" class=\"wp-image-8180 alignleft\" src=\"https:\/\/agora.xtec.cat\/ceip-santperesantpau\/wp-content\/uploads\/usu188\/2022\/04\/dinantia-logo.jpg\" alt=\"\" width=\"129\" height=\"129\" srcset=\"https:\/\/agora.xtec.cat\/ceip-santperesantpau\/wp-content\/uploads\/usu188\/2022\/04\/dinantia-logo.jpg 595w, https:\/\/agora.xtec.cat\/ceip-santperesantpau\/wp-content\/uploads\/usu188\/2022\/04\/dinantia-logo-300x300.jpg 300w, https:\/\/agora.xtec.cat\/ceip-santperesantpau\/wp-content\/uploads\/usu188\/2022\/04\/dinantia-logo-150x150.jpg 150w\" sizes=\"auto, (max-width: 129px) 100vw, 129px\" \/><\/a><\/span><\/pre>\n<p>Dinantia \u00e9s la plataforma de comunicaci\u00f3 web i m\u00f2bil adre\u00e7ada a col\u00b7legis, professors, pares i alumnes. Aquesta aplicaci\u00f3 ajuda a millorar la comunicaci\u00f3 entre fam\u00edlies i escola. Donar-se d&#8217;alta \u00e9s molt senzill, nom\u00e9s heu de seguir les instruccions que figuren al seg\u00fcent enlla\u00e7: <a href=\"http:\/\/dinantia.com\/mkt\/Dinantia_instalacion.pdf\">http:\/\/dinantia.com\/mkt\/Dinantia_instalacion.pdf<\/a><\/p>\n<p>M\u00e9s informaci\u00f3: <a href=\"https:\/\/www.dinantia.com\/es\/\">https:\/\/www.dinantia.com\/es\/<\/a><\/p>\n<pre id=\"tw-target-text\" class=\"tw-data-text tw-text-large tw-ta\" dir=\"ltr\" data-placeholder=\"Traducci\u00f3\"><span class=\"Y2IQFc\" lang=\"ca\">\u00a0<\/span><\/pre>\n","protected":false},"excerpt":{"rendered":"<p>Dinantia \u00e9s la plataforma de comunicaci\u00f3 web i m\u00f2bil adre\u00e7ada a col\u00b7legis, professors, pares i alumnes. Aquesta aplicaci\u00f3 ajuda a millorar la comunicaci\u00f3 entre fam\u00edlies i escola. Donar-se d&#8217;alta \u00e9s molt senzill, nom\u00e9s heu de seguir les instruccions que figuren al seg\u00fcent enlla\u00e7: http:\/\/dinantia.com\/mkt\/Dinantia_instalacion.pdf M\u00e9s informaci\u00f3: https:\/\/www.dinantia.com\/es\/ \u00a0<\/p>\n","protected":false},"author":1,"featured_media":0,"parent":0,"menu_order":0,"comment_status":"closed","ping_status":"closed","template":"","meta":{"_bbp_topic_count":0,"_bbp_reply_count":0,"_bbp_total_topic_count":0,"_bbp_total_reply_count":0,"_bbp_voice_count":0,"_bbp_anonymous_reply_count":0,"_bbp_topic_count_hidden":0,"_bbp_reply_count_hidden":0,"_bbp_forum_subforum_count":0,"site-sidebar-layout":"default","site-content-layout":"","ast-site-content-layout":"","site-content-style":"default","site-sidebar-style":"default","ast-global-header-display":"","ast-banner-title-visibility":"","ast-main-header-display":"","ast-hfb-above-header-display":"","ast-hfb-below-header-display":"","ast-hfb-mobile-header-display":"","site-post-title":"","ast-breadcrumbs-content":"","ast-featured-img":"","footer-sml-layout":"","theme-transparent-header-meta":"","adv-header-id-meta":"","stick-header-meta":"","header-above-stick-meta":"","header-main-stick-meta":"","header-below-stick-meta":"","astra-migrate-meta-layouts":"default","ast-page-background-enabled":"default","ast-page-background-meta":{"desktop":{"background-color":"var(--ast-global-color-4)","background-image":"","background-repeat":"repeat","background-position":"center center","background-size":"auto","background-attachment":"scroll","background-type":"","background-media":"","overlay-type":"","overlay-color":"","overlay-opacity":"","overlay-gradient":""},"tablet":{"background-color":"","background-image":"","background-repeat":"repeat","background-position":"center center","background-size":"auto","background-attachment":"scroll","background-type":"","background-media":"","overlay-type":"","overlay-color":"","overlay-opacity":"","overlay-gradient":""},"mobile":{"background-color":"","background-image":"","background-repeat":"repeat","background-position":"center center","background-size":"auto","background-attachment":"scroll","background-type":"","background-media":"","overlay-type":"","overlay-color":"","overlay-opacity":"","overlay-gradient":""}},"ast-content-background-meta":{"desktop":{"background-color":"var(--ast-global-color-5)","background-image":"","background-repeat":"repeat","background-position":"center center","background-size":"auto","background-attachment":"scroll","background-type":"","background-media":"","overlay-type":"","overlay-color":"","overlay-opacity":"","overlay-gradient":""},"tablet":{"background-color":"var(--ast-global-color-5)","background-image":"","background-repeat":"repeat","background-position":"center center","background-size":"auto","background-attachment":"scroll","background-type":"","background-media":"","overlay-type":"","overlay-color":"","overlay-opacity":"","overlay-gradient":""},"mobile":{"background-color":"var(--ast-global-color-5)","background-image":"","background-repeat":"repeat","background-position":"center center","background-size":"auto","background-attachment":"scroll","background-type":"","background-media":"","overlay-type":"","overlay-color":"","overlay-opacity":"","overlay-gradient":""}},"footnotes":""},"class_list":["post-8176","page","type-page","status-publish","hentry"],"post_mailing_queue_ids":[],"_links":{"self":[{"href":"https:\/\/agora.xtec.cat\/ceip-santperesantpau\/wp-json\/wp\/v2\/pages\/8176","targetHints":{"allow":["GET"]}}],"collection":[{"href":"https:\/\/agora.xtec.cat\/ceip-santperesantpau\/wp-json\/wp\/v2\/pages"}],"about":[{"href":"https:\/\/agora.xtec.cat\/ceip-santperesantpau\/wp-json\/wp\/v2\/types\/page"}],"author":[{"embeddable":true,"href":"https:\/\/agora.xtec.cat\/ceip-santperesantpau\/wp-json\/wp\/v2\/users\/1"}],"replies":[{"embeddable":true,"href":"https:\/\/agora.xtec.cat\/ceip-santperesantpau\/wp-json\/wp\/v2\/comments?post=8176"}],"version-history":[{"count":5,"href":"https:\/\/agora.xtec.cat\/ceip-santperesantpau\/wp-json\/wp\/v2\/pages\/8176\/revisions"}],"predecessor-version":[{"id":9716,"href":"https:\/\/agora.xtec.cat\/ceip-santperesantpau\/wp-json\/wp\/v2\/pages\/8176\/revisions\/9716"}],"wp:attachment":[{"href":"https:\/\/agora.xtec.cat\/ceip-santperesantpau\/wp-json\/wp\/v2\/media?parent=8176"}],"curies":[{"name":"wp","href":"https:\/\/api.w.org\/{rel}","templated":true}]}}