{"id":8094,"date":"2022-04-05T12:09:37","date_gmt":"2022-04-05T10:09:37","guid":{"rendered":"https:\/\/agora.xtec.cat\/ceip-santperesantpau\/?page_id=8094"},"modified":"2026-03-13T10:13:59","modified_gmt":"2026-03-13T09:13:59","slug":"educacio-vial","status":"publish","type":"page","link":"https:\/\/agora.xtec.cat\/ceip-santperesantpau\/educacio-vial\/","title":{"rendered":"Educaci\u00f3 Vial"},"content":{"rendered":"<p style=\"text-align: justify;\"><strong>Gu\u00e0rdia urbana<\/strong><\/p>\n<p style=\"text-align: justify;\">Des de la Gu\u00e0rdia Urbana de Tarragona ens ofereixen una s\u00e8rie de sessions a Educaci\u00f3 Infantil i Prim\u00e0ria sobre Educaci\u00f3 Vial.<\/p>\n<p style=\"text-align: justify;\">Es treballa segons el nivell educatiu diferents conceptes com el coneixent de les diferents parts de la via, passos\u00a0 de vianants, mesures de seguretat, coneixement, classificaci\u00f3 i interpretaci\u00f3 dels senyals, coneixement de la bicicleta amb les serves mesures d\u2019autoprotecci\u00f3 i el despla\u00e7ament amb seguretat.<\/p>\n<p style=\"text-align: justify;\"><strong>Mobilitat segura<\/strong><\/p>\n<p style=\"text-align: justify;\"><a href=\"https:\/\/agora.xtec.cat\/ceipmdangels\/wp-content\/uploads\/usu320\/2018\/11\/tr%C3%A0nsit.jpeg\"><img loading=\"lazy\" decoding=\"async\" class=\" wp-image-2085 alignleft\" src=\"https:\/\/agora.xtec.cat\/ceipmdangels\/wp-content\/uploads\/usu320\/2018\/11\/tr%C3%A0nsit.jpeg\" sizes=\"auto, (max-width: 120px) 100vw, 120px\" srcset=\"https:\/\/agora.xtec.cat\/ceipmdangels\/wp-content\/uploads\/usu320\/2018\/11\/tr\u00e0nsit.jpeg 441w, https:\/\/agora.xtec.cat\/ceipmdangels\/wp-content\/uploads\/usu320\/2018\/11\/tr\u00e0nsit-300x78.jpeg 300w\" alt=\"\" width=\"120\" height=\"31\" \/><\/a>Educaci\u00f3 per a la mobilitat segura organitzada pel Servei Catal\u00e0 de tr\u00e0nsit. L\u2019alumnat a trav\u00e9s del mitj\u00e0 de transport, la bicicleta, explorar\u00e0 un circuit amb diferents senyals de tr\u00e0nsit, passos de vianants, sem\u00e0fors, etc. on aprendran a ser conductors responsables.<\/p>\n<p><a href=\"https:\/\/www.tarragona.cat\/seguretat\/molt-privat\/campanyes\/educacio-vial\">Educaci\u00f3 Vial Ajuntament de Tarragona<\/a><\/p>\n","protected":false},"excerpt":{"rendered":"<p>Gu\u00e0rdia urbana Des de la Gu\u00e0rdia Urbana de Tarragona ens ofereixen una s\u00e8rie de sessions a Educaci\u00f3 Infantil i Prim\u00e0ria sobre Educaci\u00f3 Vial. Es treballa segons el nivell educatiu diferents conceptes com el coneixent de les diferents parts de la via, passos\u00a0 de vianants, mesures de seguretat, coneixement, classificaci\u00f3 i interpretaci\u00f3 dels senyals, coneixement de [&hellip;]<\/p>\n","protected":false},"author":1,"featured_media":0,"parent":0,"menu_order":0,"comment_status":"closed","ping_status":"closed","template":"","meta":{"_bbp_topic_count":0,"_bbp_reply_count":0,"_bbp_total_topic_count":0,"_bbp_total_reply_count":0,"_bbp_voice_count":0,"_bbp_anonymous_reply_count":0,"_bbp_topic_count_hidden":0,"_bbp_reply_count_hidden":0,"_bbp_forum_subforum_count":0,"site-sidebar-layout":"default","site-content-layout":"","ast-site-content-layout":"default","site-content-style":"default","site-sidebar-style":"default","ast-global-header-display":"","ast-banner-title-visibility":"","ast-main-header-display":"","ast-hfb-above-header-display":"","ast-hfb-below-header-display":"","ast-hfb-mobile-header-display":"","site-post-title":"","ast-breadcrumbs-content":"","ast-featured-img":"","footer-sml-layout":"","theme-transparent-header-meta":"default","adv-header-id-meta":"","stick-header-meta":"","header-above-stick-meta":"","header-main-stick-meta":"","header-below-stick-meta":"","astra-migrate-meta-layouts":"set","ast-page-background-enabled":"default","ast-page-background-meta":{"desktop":{"background-color":"var(--ast-global-color-4)","background-image":"","background-repeat":"repeat","background-position":"center center","background-size":"auto","background-attachment":"scroll","background-type":"","background-media":"","overlay-type":"","overlay-color":"","overlay-opacity":"","overlay-gradient":""},"tablet":{"background-color":"","background-image":"","background-repeat":"repeat","background-position":"center center","background-size":"auto","background-attachment":"scroll","background-type":"","background-media":"","overlay-type":"","overlay-color":"","overlay-opacity":"","overlay-gradient":""},"mobile":{"background-color":"","background-image":"","background-repeat":"repeat","background-position":"center center","background-size":"auto","background-attachment":"scroll","background-type":"","background-media":"","overlay-type":"","overlay-color":"","overlay-opacity":"","overlay-gradient":""}},"ast-content-background-meta":{"desktop":{"background-color":"var(--ast-global-color-5)","background-image":"","background-repeat":"repeat","background-position":"center center","background-size":"auto","background-attachment":"scroll","background-type":"","background-media":"","overlay-type":"","overlay-color":"","overlay-opacity":"","overlay-gradient":""},"tablet":{"background-color":"var(--ast-global-color-5)","background-image":"","background-repeat":"repeat","background-position":"center center","background-size":"auto","background-attachment":"scroll","background-type":"","background-media":"","overlay-type":"","overlay-color":"","overlay-opacity":"","overlay-gradient":""},"mobile":{"background-color":"var(--ast-global-color-5)","background-image":"","background-repeat":"repeat","background-position":"center center","background-size":"auto","background-attachment":"scroll","background-type":"","background-media":"","overlay-type":"","overlay-color":"","overlay-opacity":"","overlay-gradient":""}},"footnotes":""},"class_list":["post-8094","page","type-page","status-publish","hentry"],"post_mailing_queue_ids":[],"_links":{"self":[{"href":"https:\/\/agora.xtec.cat\/ceip-santperesantpau\/wp-json\/wp\/v2\/pages\/8094","targetHints":{"allow":["GET"]}}],"collection":[{"href":"https:\/\/agora.xtec.cat\/ceip-santperesantpau\/wp-json\/wp\/v2\/pages"}],"about":[{"href":"https:\/\/agora.xtec.cat\/ceip-santperesantpau\/wp-json\/wp\/v2\/types\/page"}],"author":[{"embeddable":true,"href":"https:\/\/agora.xtec.cat\/ceip-santperesantpau\/wp-json\/wp\/v2\/users\/1"}],"replies":[{"embeddable":true,"href":"https:\/\/agora.xtec.cat\/ceip-santperesantpau\/wp-json\/wp\/v2\/comments?post=8094"}],"version-history":[{"count":6,"href":"https:\/\/agora.xtec.cat\/ceip-santperesantpau\/wp-json\/wp\/v2\/pages\/8094\/revisions"}],"predecessor-version":[{"id":9797,"href":"https:\/\/agora.xtec.cat\/ceip-santperesantpau\/wp-json\/wp\/v2\/pages\/8094\/revisions\/9797"}],"wp:attachment":[{"href":"https:\/\/agora.xtec.cat\/ceip-santperesantpau\/wp-json\/wp\/v2\/media?parent=8094"}],"curies":[{"name":"wp","href":"https:\/\/api.w.org\/{rel}","templated":true}]}}