{"id":8064,"date":"2022-04-05T15:19:34","date_gmt":"2022-04-05T13:19:34","guid":{"rendered":"https:\/\/agora.xtec.cat\/ceip-santperesantpau\/?page_id=8064"},"modified":"2022-05-24T21:44:46","modified_gmt":"2022-05-24T19:44:46","slug":"actuacions","status":"publish","type":"page","link":"https:\/\/agora.xtec.cat\/ceip-santperesantpau\/actuacions\/","title":{"rendered":"Planificaci\u00f3 i seguiment"},"content":{"rendered":"<p><strong>PLANIFICACI\u00d3<\/strong><\/p>\n<p><a href=\"https:\/\/agora.xtec.cat\/ceip-santperesantpau\/wp-content\/uploads\/usu188\/2022\/05\/planificacio.jpg\"><img loading=\"lazy\" decoding=\"async\" class=\"wp-image-8401 aligncenter\" src=\"https:\/\/agora.xtec.cat\/ceip-santperesantpau\/wp-content\/uploads\/usu188\/2022\/05\/planificacio.jpg\" alt=\"\" width=\"173\" height=\"173\" srcset=\"https:\/\/agora.xtec.cat\/ceip-santperesantpau\/wp-content\/uploads\/usu188\/2022\/05\/planificacio.jpg 719w, https:\/\/agora.xtec.cat\/ceip-santperesantpau\/wp-content\/uploads\/usu188\/2022\/05\/planificacio-300x300.jpg 300w, https:\/\/agora.xtec.cat\/ceip-santperesantpau\/wp-content\/uploads\/usu188\/2022\/05\/planificacio-150x150.jpg 150w\" sizes=\"auto, (max-width: 173px) 100vw, 173px\" \/><\/a><\/p>\n<p>Entenem per planificaci\u00f3 l\u2019organitzaci\u00f3 i seguiment d\u2019aquelles actuacions destinades a assolir els objectius determinats a la nostra escola. La planificaci\u00f3 de les actuacions \u00e9s una tasca necess\u00e0ria per aconseguir avan\u00e7ar cap als objectius que ens hem marcat i que es poden dur a terme dins la <strong>Comissi\u00f3 d\u2019Estrat\u00e8gia Digital de Centre.<\/strong><\/p>\n<p>Per cada objectiu, ser\u00e0 necessari dissenyar activitats que permetin el seu assoliment. Igual que passava amb la selecci\u00f3 d\u2019objectius, cal ser realista a l\u2019hora de determinar les activitats que es realitzaran i cal prioritzar aquelles que m\u00e9s poden apropar-nos a l\u2019objectiu.<\/p>\n<p>Un cop dissenyades les activitats, cal planificar el seu desenvolupament. Per cada activitat, seria convenient determinar:<\/p>\n<ul>\n<li>Recursos necessaris pel que fa a infraestructures, maquinari, recursos humans i temporals (reunions, hores destinades a organitzar i implementar les actuacions, etc.)<\/li>\n<li>Distribuci\u00f3 de responsabilitats de tasques.<\/li>\n<li>Temporitzaci\u00f3.<\/li>\n<li>Indicadors: en el cas de les activitats \u00e9s recomanable definir indicadors que mesurin la<strong>\u00a0quantitat<\/strong> del que s\u2019ha fet (nombre de participants, percentatge d\u2019alumnes implicats, etc.) i indicadors que mesurin la <strong>qualitat<\/strong>\u00a0d\u2019aquestes activitats. Conv\u00e9 que cada indicador vagi acompanyat del seu criteri d\u2019acompliment.<\/li>\n<li>Tasques associades: si l\u2019activitat \u00e9s complexa, \u00e9s \u00fatil dividir-la en diferents tasques.<\/li>\n<\/ul>\n<hr \/>\n<p><strong>SEGUIMENT<\/strong><\/p>\n<p>Un cop es comen\u00e7a a implementar l\u2019Estrat\u00e8gia Digital de Centre \u00e9s molt important fer un seguiment de les activitats realitzades i veure si s&#8217;apliquen correctament, per realitzar les millores que siguin necess\u00e0ries.<\/p>\n<p>&nbsp;<\/p>\n","protected":false},"excerpt":{"rendered":"<p>PLANIFICACI\u00d3 Entenem per planificaci\u00f3 l\u2019organitzaci\u00f3 i seguiment d\u2019aquelles actuacions destinades a assolir els objectius determinats a la nostra escola. La planificaci\u00f3 de les actuacions \u00e9s una tasca necess\u00e0ria per aconseguir avan\u00e7ar cap als objectius que ens hem marcat i que es poden dur a terme dins la Comissi\u00f3 d\u2019Estrat\u00e8gia Digital de Centre. Per cada objectiu, [&hellip;]<\/p>\n","protected":false},"author":1,"featured_media":0,"parent":0,"menu_order":0,"comment_status":"closed","ping_status":"closed","template":"","meta":{"_bbp_topic_count":0,"_bbp_reply_count":0,"_bbp_total_topic_count":0,"_bbp_total_reply_count":0,"_bbp_voice_count":0,"_bbp_anonymous_reply_count":0,"_bbp_topic_count_hidden":0,"_bbp_reply_count_hidden":0,"_bbp_forum_subforum_count":0,"site-sidebar-layout":"default","site-content-layout":"","ast-site-content-layout":"","site-content-style":"default","site-sidebar-style":"default","ast-global-header-display":"","ast-banner-title-visibility":"","ast-main-header-display":"","ast-hfb-above-header-display":"","ast-hfb-below-header-display":"","ast-hfb-mobile-header-display":"","site-post-title":"","ast-breadcrumbs-content":"","ast-featured-img":"","footer-sml-layout":"","theme-transparent-header-meta":"","adv-header-id-meta":"","stick-header-meta":"","header-above-stick-meta":"","header-main-stick-meta":"","header-below-stick-meta":"","astra-migrate-meta-layouts":"default","ast-page-background-enabled":"default","ast-page-background-meta":{"desktop":{"background-color":"var(--ast-global-color-4)","background-image":"","background-repeat":"repeat","background-position":"center center","background-size":"auto","background-attachment":"scroll","background-type":"","background-media":"","overlay-type":"","overlay-color":"","overlay-opacity":"","overlay-gradient":""},"tablet":{"background-color":"","background-image":"","background-repeat":"repeat","background-position":"center center","background-size":"auto","background-attachment":"scroll","background-type":"","background-media":"","overlay-type":"","overlay-color":"","overlay-opacity":"","overlay-gradient":""},"mobile":{"background-color":"","background-image":"","background-repeat":"repeat","background-position":"center center","background-size":"auto","background-attachment":"scroll","background-type":"","background-media":"","overlay-type":"","overlay-color":"","overlay-opacity":"","overlay-gradient":""}},"ast-content-background-meta":{"desktop":{"background-color":"var(--ast-global-color-5)","background-image":"","background-repeat":"repeat","background-position":"center center","background-size":"auto","background-attachment":"scroll","background-type":"","background-media":"","overlay-type":"","overlay-color":"","overlay-opacity":"","overlay-gradient":""},"tablet":{"background-color":"var(--ast-global-color-5)","background-image":"","background-repeat":"repeat","background-position":"center center","background-size":"auto","background-attachment":"scroll","background-type":"","background-media":"","overlay-type":"","overlay-color":"","overlay-opacity":"","overlay-gradient":""},"mobile":{"background-color":"var(--ast-global-color-5)","background-image":"","background-repeat":"repeat","background-position":"center center","background-size":"auto","background-attachment":"scroll","background-type":"","background-media":"","overlay-type":"","overlay-color":"","overlay-opacity":"","overlay-gradient":""}},"footnotes":""},"class_list":["post-8064","page","type-page","status-publish","hentry"],"post_mailing_queue_ids":[],"_links":{"self":[{"href":"https:\/\/agora.xtec.cat\/ceip-santperesantpau\/wp-json\/wp\/v2\/pages\/8064","targetHints":{"allow":["GET"]}}],"collection":[{"href":"https:\/\/agora.xtec.cat\/ceip-santperesantpau\/wp-json\/wp\/v2\/pages"}],"about":[{"href":"https:\/\/agora.xtec.cat\/ceip-santperesantpau\/wp-json\/wp\/v2\/types\/page"}],"author":[{"embeddable":true,"href":"https:\/\/agora.xtec.cat\/ceip-santperesantpau\/wp-json\/wp\/v2\/users\/1"}],"replies":[{"embeddable":true,"href":"https:\/\/agora.xtec.cat\/ceip-santperesantpau\/wp-json\/wp\/v2\/comments?post=8064"}],"version-history":[{"count":3,"href":"https:\/\/agora.xtec.cat\/ceip-santperesantpau\/wp-json\/wp\/v2\/pages\/8064\/revisions"}],"predecessor-version":[{"id":8432,"href":"https:\/\/agora.xtec.cat\/ceip-santperesantpau\/wp-json\/wp\/v2\/pages\/8064\/revisions\/8432"}],"wp:attachment":[{"href":"https:\/\/agora.xtec.cat\/ceip-santperesantpau\/wp-json\/wp\/v2\/media?parent=8064"}],"curies":[{"name":"wp","href":"https:\/\/api.w.org\/{rel}","templated":true}]}}