{"id":34,"date":"2014-09-18T12:32:18","date_gmt":"2014-09-18T12:32:18","guid":{"rendered":"http:\/\/agora.xtec.cat\/ceip-santperesantpau\/?page_id=34"},"modified":"2026-03-13T10:20:20","modified_gmt":"2026-03-13T09:20:20","slug":"oferta-educativa","status":"publish","type":"page","link":"https:\/\/agora.xtec.cat\/ceip-santperesantpau\/lescola\/oferta-educativa\/","title":{"rendered":"Oferta educativa"},"content":{"rendered":"<p>El centre educatiu Escola Sant Pere i Sant Pau ofereix els ensenyaments de la segona etapa d&#8217;Educaci\u00f3 Infantil, Infantil (3 a 6 anys) i l&#8217;etapa d&#8217;Educaci\u00f3 Prim\u00e0ria (6 a 12 anys)<\/p>\n<p><strong>Educaci\u00f3 Infantil<\/strong><\/p>\n<ul>\n<li>Rob\u00f2tica.<\/li>\n<li>Inform\u00e0tica.<\/li>\n<li>Tallers d&#8217;impuls a la lectura.<\/li>\n<li>Tallers d&#8217;escriptura.<\/li>\n<li>Consci\u00e8ncia fonol\u00f2gica.<\/li>\n<li>Desdoblaments (parlar i conversar)<\/li>\n<li>Psicomotricitat.<\/li>\n<li>Hort escolar.<\/li>\n<li>Aula de natura.<\/li>\n<li>Aula de ci\u00e8ncia.<\/li>\n<li>Escola verda<\/li>\n<li>Reciclatge.<\/li>\n<li>Rac\u00f3 de lectura a l&#8217;aula i espai de lectura internivells i biblioteca de centre.<\/li>\n<li>Piscina (alumnes d&#8217;I5)<\/li>\n<li>Educaci\u00f3 vial.<\/li>\n<li>Activitats i sortides pedag\u00f2giques.<\/li>\n<li>Coordinaci\u00f3 i activitats conjuntes amb Llar d&#8217;infants de Sant Pere i Sant Pau.<\/li>\n<li>Activitats extraescolars.<\/li>\n<\/ul>\n<p><strong>Educaci\u00f3 prim\u00e0ria\u00a0<\/strong><\/p>\n<ul>\n<li>Tallers d&#8217;impuls a la lectura.<\/li>\n<li>Tallers d&#8217;escriptura.<\/li>\n<li>Hort escolar.<\/li>\n<li>Aula de natura.<\/li>\n<li>Laboratori.<\/li>\n<li>Inform\u00e0tica.<\/li>\n<li>Cromebooks<\/li>\n<li>Escola verda.<\/li>\n<li>Reciclatge.<\/li>\n<li>Esmorzars saludables<\/li>\n<li>Concursos literaris.<\/li>\n<li>Educaci\u00f3 Vial<\/li>\n<li>Programa de Suport Vital B\u00e0sic.<\/li>\n<li>Programa de reutilitzaci\u00f3 de llibres de text.<\/li>\n<li>Programa Smile.<\/li>\n<li>Extraescolars d&#8217;angl\u00e8s, catal\u00e0, b\u00e0squet, futbol, etc.<\/li>\n<li>Col\u00f2nies escolars.<\/li>\n<li>Activitats i sortides pedag\u00f2giques.<\/li>\n<li>Activitats extraescolars.<\/li>\n<\/ul>\n<p>L&#8217;oferta educativa es pot continuar, de manera coordinada, amb l&#8217;Institut d&#8217;Educaci\u00f3 Secund\u00e0ria Sant Pere i Sant Pau; abans tamb\u00e9 podeu assistir a la Llar d&#8217;Infants Municipal Sant Pere i Sant Pau.<\/p>\n<p style=\"text-align: center;\">\n","protected":false},"excerpt":{"rendered":"<p>El centre educatiu Escola Sant Pere i Sant Pau ofereix els ensenyaments de la segona etapa d&#8217;Educaci\u00f3 Infantil, Infantil (3 a 6 anys) i l&#8217;etapa d&#8217;Educaci\u00f3 Prim\u00e0ria (6 a 12 anys) Educaci\u00f3 Infantil Rob\u00f2tica. Inform\u00e0tica. Tallers d&#8217;impuls a la lectura. Tallers d&#8217;escriptura. Consci\u00e8ncia fonol\u00f2gica. Desdoblaments (parlar i conversar) Psicomotricitat. Hort escolar. Aula de natura. Aula [&hellip;]<\/p>\n","protected":false},"author":2,"featured_media":0,"parent":22,"menu_order":60,"comment_status":"closed","ping_status":"closed","template":"","meta":{"_bbp_topic_count":0,"_bbp_reply_count":0,"_bbp_total_topic_count":0,"_bbp_total_reply_count":0,"_bbp_voice_count":0,"_bbp_anonymous_reply_count":0,"_bbp_topic_count_hidden":0,"_bbp_reply_count_hidden":0,"_bbp_forum_subforum_count":0,"site-sidebar-layout":"default","site-content-layout":"","ast-site-content-layout":"default","site-content-style":"default","site-sidebar-style":"default","ast-global-header-display":"","ast-banner-title-visibility":"","ast-main-header-display":"","ast-hfb-above-header-display":"","ast-hfb-below-header-display":"","ast-hfb-mobile-header-display":"","site-post-title":"","ast-breadcrumbs-content":"","ast-featured-img":"","footer-sml-layout":"","theme-transparent-header-meta":"default","adv-header-id-meta":"","stick-header-meta":"","header-above-stick-meta":"","header-main-stick-meta":"","header-below-stick-meta":"","astra-migrate-meta-layouts":"set","ast-page-background-enabled":"default","ast-page-background-meta":{"desktop":{"background-color":"var(--ast-global-color-4)","background-image":"","background-repeat":"repeat","background-position":"center center","background-size":"auto","background-attachment":"scroll","background-type":"","background-media":"","overlay-type":"","overlay-color":"","overlay-opacity":"","overlay-gradient":""},"tablet":{"background-color":"","background-image":"","background-repeat":"repeat","background-position":"center center","background-size":"auto","background-attachment":"scroll","background-type":"","background-media":"","overlay-type":"","overlay-color":"","overlay-opacity":"","overlay-gradient":""},"mobile":{"background-color":"","background-image":"","background-repeat":"repeat","background-position":"center center","background-size":"auto","background-attachment":"scroll","background-type":"","background-media":"","overlay-type":"","overlay-color":"","overlay-opacity":"","overlay-gradient":""}},"ast-content-background-meta":{"desktop":{"background-color":"var(--ast-global-color-5)","background-image":"","background-repeat":"repeat","background-position":"center center","background-size":"auto","background-attachment":"scroll","background-type":"","background-media":"","overlay-type":"","overlay-color":"","overlay-opacity":"","overlay-gradient":""},"tablet":{"background-color":"var(--ast-global-color-5)","background-image":"","background-repeat":"repeat","background-position":"center center","background-size":"auto","background-attachment":"scroll","background-type":"","background-media":"","overlay-type":"","overlay-color":"","overlay-opacity":"","overlay-gradient":""},"mobile":{"background-color":"var(--ast-global-color-5)","background-image":"","background-repeat":"repeat","background-position":"center center","background-size":"auto","background-attachment":"scroll","background-type":"","background-media":"","overlay-type":"","overlay-color":"","overlay-opacity":"","overlay-gradient":""}},"footnotes":""},"class_list":["post-34","page","type-page","status-publish","hentry"],"post_mailing_queue_ids":[],"_links":{"self":[{"href":"https:\/\/agora.xtec.cat\/ceip-santperesantpau\/wp-json\/wp\/v2\/pages\/34","targetHints":{"allow":["GET"]}}],"collection":[{"href":"https:\/\/agora.xtec.cat\/ceip-santperesantpau\/wp-json\/wp\/v2\/pages"}],"about":[{"href":"https:\/\/agora.xtec.cat\/ceip-santperesantpau\/wp-json\/wp\/v2\/types\/page"}],"author":[{"embeddable":true,"href":"https:\/\/agora.xtec.cat\/ceip-santperesantpau\/wp-json\/wp\/v2\/users\/2"}],"replies":[{"embeddable":true,"href":"https:\/\/agora.xtec.cat\/ceip-santperesantpau\/wp-json\/wp\/v2\/comments?post=34"}],"version-history":[{"count":5,"href":"https:\/\/agora.xtec.cat\/ceip-santperesantpau\/wp-json\/wp\/v2\/pages\/34\/revisions"}],"predecessor-version":[{"id":9801,"href":"https:\/\/agora.xtec.cat\/ceip-santperesantpau\/wp-json\/wp\/v2\/pages\/34\/revisions\/9801"}],"up":[{"embeddable":true,"href":"https:\/\/agora.xtec.cat\/ceip-santperesantpau\/wp-json\/wp\/v2\/pages\/22"}],"wp:attachment":[{"href":"https:\/\/agora.xtec.cat\/ceip-santperesantpau\/wp-json\/wp\/v2\/media?parent=34"}],"curies":[{"name":"wp","href":"https:\/\/api.w.org\/{rel}","templated":true}]}}