{"id":26,"date":"2014-09-18T12:24:32","date_gmt":"2014-09-18T12:24:32","guid":{"rendered":"http:\/\/agora.xtec.cat\/ceip-santperesantpau\/?page_id=26"},"modified":"2026-03-13T17:16:30","modified_gmt":"2026-03-13T16:16:30","slug":"historia","status":"publish","type":"page","link":"https:\/\/agora.xtec.cat\/ceip-santperesantpau\/lescola\/historia\/","title":{"rendered":"Hist\u00f2ria"},"content":{"rendered":"<p style=\"text-align: justify;\">L\u2019Escola Sant Pere i Sant Pau \u00e9s un centre p\u00fablic d\u2019Educaci\u00f3 Infantil i Prim\u00e0ria situat al barri de Sant Pere i Sant Pau de Tarragona. La seva hist\u00f2ria est\u00e0 estretament vinculada al creixement del barri i a l\u2019evoluci\u00f3 social de la ciutat durant les darreres d\u00e8cades.<\/p>\n<p style=\"text-align: justify;\">El barri de Sant Pere i Sant Pau va comen\u00e7ar a construir-se a partir de l\u2019any 1970, en un moment d\u2019expansi\u00f3 urban\u00edstica de Tarragona. L\u2019arribada progressiva de noves fam\u00edlies va fer necess\u00e0ria la creaci\u00f3 d\u2019equipaments p\u00fablics, entre els quals l\u2019escola, pensada per donar resposta a les necessitats educatives d\u2019una poblaci\u00f3 jove i en creixement.<\/p>\n<p style=\"text-align: justify;\">L\u2019escola va iniciar la seva traject\u00f2ria educativa a comen\u00e7aments dels anys setanta i aviat es va convertir en un dels principals espais de conviv\u00e8ncia i cohesi\u00f3 del barri. Al llarg dels anys ha anat creixent i adaptant-se a les noves realitats educatives i socials, incorporant noves instal\u00b7lacions i serveis per donar resposta a les necessitats de l\u2019alumnat i de les fam\u00edlies.<\/p>\n<p style=\"text-align: justify;\">Al llarg de la seva hist\u00f2ria, l\u2019Escola Sant Pere i Sant Pau ha mantingut un fort vincle amb el barri i amb la ciutat, participant activament en la vida cultural i comunit\u00e0ria. Aquesta relaci\u00f3 amb l\u2019entorn ha estat sempre una part essencial del projecte educatiu del centre, que ent\u00e9n l\u2019escola com un espai obert, participatiu i arrelat al seu context. Especialment destacable \u00e9s el vincle amb el Club de Voleibol de Sant Pere i Sant Pau, que va fer els seus primers passos a les pistes de l\u2019escola i que, actualment, \u00e9s un puntal del barri i una instituci\u00f3 a nivell esportiu del pa\u00eds.<\/p>\n<p style=\"text-align: justify;\">Amb m\u00e9s de cinquanta anys de traject\u00f2ria, l\u2019escola continua treballant amb el mateix esperit amb qu\u00e8 va n\u00e9ixer: oferir una educaci\u00f3 de qualitat, inclusiva i compromesa amb el desenvolupament personal i social de l\u2019alumnat.<\/p>\n<p>&nbsp;<\/p>\n<p>Us deixem aqu\u00ed el conte de la nostra escola! <span class=\"_5mfr _47e3\"><img loading=\"lazy\" decoding=\"async\" class=\"img\" src=\"https:\/\/static.xx.fbcdn.net\/images\/emoji.php\/v9\/f0\/1\/16\/1f60b.png\" alt=\"\" width=\"16\" height=\"16\" \/><br \/>\n<\/span><\/p>\n<div class=\"ast-oembed-container \" style=\"height: 100%;\"><iframe loading=\"lazy\" title=\"&quot;En PERE i en PAU, els esquirols del xipreret&quot; de Josep Ma. de Arquer i Mari\u00e1n Segu\u00ed\" width=\"500\" height=\"281\" src=\"https:\/\/www.youtube.com\/embed\/411mPNGQKPE?feature=oembed\" frameborder=\"0\" allow=\"accelerometer; autoplay; clipboard-write; encrypted-media; gyroscope; picture-in-picture; web-share\" referrerpolicy=\"strict-origin-when-cross-origin\" allowfullscreen><\/iframe><\/div>\n<p>ISBN: 978-84-608-2296-7<br \/>\nAURIFANY Editorial.<\/p>\n","protected":false},"excerpt":{"rendered":"<p>L\u2019Escola Sant Pere i Sant Pau \u00e9s un centre p\u00fablic d\u2019Educaci\u00f3 Infantil i Prim\u00e0ria situat al barri de Sant Pere i Sant Pau de Tarragona. La seva hist\u00f2ria est\u00e0 estretament vinculada al creixement del barri i a l\u2019evoluci\u00f3 social de la ciutat durant les darreres d\u00e8cades. El barri de Sant Pere i Sant Pau va [&hellip;]<\/p>\n","protected":false},"author":2,"featured_media":0,"parent":22,"menu_order":20,"comment_status":"closed","ping_status":"closed","template":"","meta":{"_bbp_topic_count":0,"_bbp_reply_count":0,"_bbp_total_topic_count":0,"_bbp_total_reply_count":0,"_bbp_voice_count":0,"_bbp_anonymous_reply_count":0,"_bbp_topic_count_hidden":0,"_bbp_reply_count_hidden":0,"_bbp_forum_subforum_count":0,"site-sidebar-layout":"default","site-content-layout":"","ast-site-content-layout":"default","site-content-style":"default","site-sidebar-style":"default","ast-global-header-display":"","ast-banner-title-visibility":"","ast-main-header-display":"","ast-hfb-above-header-display":"","ast-hfb-below-header-display":"","ast-hfb-mobile-header-display":"","site-post-title":"","ast-breadcrumbs-content":"","ast-featured-img":"","footer-sml-layout":"","theme-transparent-header-meta":"default","adv-header-id-meta":"","stick-header-meta":"","header-above-stick-meta":"","header-main-stick-meta":"","header-below-stick-meta":"","astra-migrate-meta-layouts":"set","ast-page-background-enabled":"default","ast-page-background-meta":{"desktop":{"background-color":"var(--ast-global-color-4)","background-image":"","background-repeat":"repeat","background-position":"center center","background-size":"auto","background-attachment":"scroll","background-type":"","background-media":"","overlay-type":"","overlay-color":"","overlay-opacity":"","overlay-gradient":""},"tablet":{"background-color":"","background-image":"","background-repeat":"repeat","background-position":"center center","background-size":"auto","background-attachment":"scroll","background-type":"","background-media":"","overlay-type":"","overlay-color":"","overlay-opacity":"","overlay-gradient":""},"mobile":{"background-color":"","background-image":"","background-repeat":"repeat","background-position":"center center","background-size":"auto","background-attachment":"scroll","background-type":"","background-media":"","overlay-type":"","overlay-color":"","overlay-opacity":"","overlay-gradient":""}},"ast-content-background-meta":{"desktop":{"background-color":"var(--ast-global-color-5)","background-image":"","background-repeat":"repeat","background-position":"center center","background-size":"auto","background-attachment":"scroll","background-type":"","background-media":"","overlay-type":"","overlay-color":"","overlay-opacity":"","overlay-gradient":""},"tablet":{"background-color":"var(--ast-global-color-5)","background-image":"","background-repeat":"repeat","background-position":"center center","background-size":"auto","background-attachment":"scroll","background-type":"","background-media":"","overlay-type":"","overlay-color":"","overlay-opacity":"","overlay-gradient":""},"mobile":{"background-color":"var(--ast-global-color-5)","background-image":"","background-repeat":"repeat","background-position":"center center","background-size":"auto","background-attachment":"scroll","background-type":"","background-media":"","overlay-type":"","overlay-color":"","overlay-opacity":"","overlay-gradient":""}},"footnotes":""},"class_list":["post-26","page","type-page","status-publish","hentry"],"post_mailing_queue_ids":[],"_links":{"self":[{"href":"https:\/\/agora.xtec.cat\/ceip-santperesantpau\/wp-json\/wp\/v2\/pages\/26","targetHints":{"allow":["GET"]}}],"collection":[{"href":"https:\/\/agora.xtec.cat\/ceip-santperesantpau\/wp-json\/wp\/v2\/pages"}],"about":[{"href":"https:\/\/agora.xtec.cat\/ceip-santperesantpau\/wp-json\/wp\/v2\/types\/page"}],"author":[{"embeddable":true,"href":"https:\/\/agora.xtec.cat\/ceip-santperesantpau\/wp-json\/wp\/v2\/users\/2"}],"replies":[{"embeddable":true,"href":"https:\/\/agora.xtec.cat\/ceip-santperesantpau\/wp-json\/wp\/v2\/comments?post=26"}],"version-history":[{"count":5,"href":"https:\/\/agora.xtec.cat\/ceip-santperesantpau\/wp-json\/wp\/v2\/pages\/26\/revisions"}],"predecessor-version":[{"id":3441,"href":"https:\/\/agora.xtec.cat\/ceip-santperesantpau\/wp-json\/wp\/v2\/pages\/26\/revisions\/3441"}],"up":[{"embeddable":true,"href":"https:\/\/agora.xtec.cat\/ceip-santperesantpau\/wp-json\/wp\/v2\/pages\/22"}],"wp:attachment":[{"href":"https:\/\/agora.xtec.cat\/ceip-santperesantpau\/wp-json\/wp\/v2\/media?parent=26"}],"curies":[{"name":"wp","href":"https:\/\/api.w.org\/{rel}","templated":true}]}}