{"id":9691,"date":"2022-04-20T00:05:32","date_gmt":"2022-04-19T22:05:32","guid":{"rendered":"https:\/\/agora.xtec.cat\/ceip-santmiquel\/?page_id=9691"},"modified":"2022-04-11T07:22:17","modified_gmt":"2022-04-11T05:22:17","slug":"pindola-familiar-num-68","status":"publish","type":"page","link":"https:\/\/agora.xtec.cat\/ceip-santmiquel\/ampa\/pindoles-familiars\/pindola-familiar-num-68\/","title":{"rendered":"P\u00edndola familiar n\u00fam. 68"},"content":{"rendered":"<p>Aquest m\u00e9s la p\u00edndola familiar \u00e9s un RECORDATORI.<\/p>\n<p>Per a nosaltres <strong>\u00e9s molt important con\u00e8ixer la vostra opini\u00f3 sobre l\u2019estrat\u00e8gia digital del centr<\/strong>e. Us recordem que encara est\u00e0 obert el termini per contestar l\u2019enquesta sobre el tema. <span style=\"text-decoration: underline;\">Fins al moment han contestat un 40% de les fam\u00edlies<\/span> i ens agradaria augmentar aquesta xifra de participaci\u00f3.<\/p>\n<p>Per la qual cosa, si encara no heu contestat, <span style=\"color: #ff0000;\"><strong>us agrair\u00edem que contesteu aquest q\u00fcestionari<\/strong>:<\/span><\/p>\n<p><a href=\"https:\/\/forms.gle\/6PxrvF3HunfU9PcE9\" target=\"_blank\" rel=\"noopener\">https:\/\/forms.gle\/6PxrvF3HunfU9PcE9<\/a><\/p>\n<p>Moltes gr\u00e0cies per la vostra participaci\u00f3.<\/p>\n<p><a href=\"https:\/\/forms.gle\/6PxrvF3HunfU9PcE9\" target=\"_blank\" rel=\"noopener\"><img loading=\"lazy\" decoding=\"async\" class=\"wp-image-9693 aligncenter\" src=\"https:\/\/agora.xtec.cat\/ceip-santmiquel\/wp-content\/uploads\/usu1043\/2022\/04\/parlar.-1-150x150.jpg\" alt=\"\" width=\"241\" height=\"241\" \/><\/a><\/p>\n<p>&nbsp;<\/p>\n<pre><sup>Font\u00a0 de la imatge: https:\/\/www.omnium.cat\/ca\/aprendre-i-parlar-catala-ens-cal-la-vostra-collaboracio\/<\/sup><\/pre>\n","protected":false},"excerpt":{"rendered":"<p>Aquest m\u00e9s la p\u00edndola familiar \u00e9s un RECORDATORI. Per a nosaltres \u00e9s molt important con\u00e8ixer la vostra opini\u00f3 sobre l\u2019estrat\u00e8gia digital del centre. Us recordem que encara est\u00e0 obert el termini per contestar l\u2019enquesta sobre el tema. Fins al moment han contestat un 40% de les fam\u00edlies i ens agradaria augmentar aquesta xifra de participaci\u00f3. [&hellip;]<\/p>\n","protected":false},"author":1,"featured_media":0,"parent":642,"menu_order":-68,"comment_status":"closed","ping_status":"closed","template":"page-templates\/side-menu.php","meta":{"_bbp_topic_count":0,"_bbp_reply_count":0,"_bbp_total_topic_count":0,"_bbp_total_reply_count":0,"_bbp_voice_count":0,"_bbp_anonymous_reply_count":0,"_bbp_topic_count_hidden":0,"_bbp_reply_count_hidden":0,"_bbp_forum_subforum_count":0,"site-sidebar-layout":"default","site-content-layout":"","ast-site-content-layout":"","site-content-style":"default","site-sidebar-style":"default","ast-global-header-display":"","ast-banner-title-visibility":"","ast-main-header-display":"","ast-hfb-above-header-display":"","ast-hfb-below-header-display":"","ast-hfb-mobile-header-display":"","site-post-title":"","ast-breadcrumbs-content":"","ast-featured-img":"","footer-sml-layout":"","theme-transparent-header-meta":"","adv-header-id-meta":"","stick-header-meta":"","header-above-stick-meta":"","header-main-stick-meta":"","header-below-stick-meta":"","astra-migrate-meta-layouts":"default","ast-page-background-enabled":"default","ast-page-background-meta":{"desktop":{"background-color":"var(--ast-global-color-4)","background-image":"","background-repeat":"repeat","background-position":"center center","background-size":"auto","background-attachment":"scroll","background-type":"","background-media":"","overlay-type":"","overlay-color":"","overlay-opacity":"","overlay-gradient":""},"tablet":{"background-color":"","background-image":"","background-repeat":"repeat","background-position":"center center","background-size":"auto","background-attachment":"scroll","background-type":"","background-media":"","overlay-type":"","overlay-color":"","overlay-opacity":"","overlay-gradient":""},"mobile":{"background-color":"","background-image":"","background-repeat":"repeat","background-position":"center center","background-size":"auto","background-attachment":"scroll","background-type":"","background-media":"","overlay-type":"","overlay-color":"","overlay-opacity":"","overlay-gradient":""}},"ast-content-background-meta":{"desktop":{"background-color":"var(--ast-global-color-5)","background-image":"","background-repeat":"repeat","background-position":"center center","background-size":"auto","background-attachment":"scroll","background-type":"","background-media":"","overlay-type":"","overlay-color":"","overlay-opacity":"","overlay-gradient":""},"tablet":{"background-color":"var(--ast-global-color-5)","background-image":"","background-repeat":"repeat","background-position":"center center","background-size":"auto","background-attachment":"scroll","background-type":"","background-media":"","overlay-type":"","overlay-color":"","overlay-opacity":"","overlay-gradient":""},"mobile":{"background-color":"var(--ast-global-color-5)","background-image":"","background-repeat":"repeat","background-position":"center center","background-size":"auto","background-attachment":"scroll","background-type":"","background-media":"","overlay-type":"","overlay-color":"","overlay-opacity":"","overlay-gradient":""}},"footnotes":""},"class_list":["post-9691","page","type-page","status-publish","hentry"],"post_mailing_queue_ids":[],"_links":{"self":[{"href":"https:\/\/agora.xtec.cat\/ceip-santmiquel\/wp-json\/wp\/v2\/pages\/9691","targetHints":{"allow":["GET"]}}],"collection":[{"href":"https:\/\/agora.xtec.cat\/ceip-santmiquel\/wp-json\/wp\/v2\/pages"}],"about":[{"href":"https:\/\/agora.xtec.cat\/ceip-santmiquel\/wp-json\/wp\/v2\/types\/page"}],"author":[{"embeddable":true,"href":"https:\/\/agora.xtec.cat\/ceip-santmiquel\/wp-json\/wp\/v2\/users\/1"}],"replies":[{"embeddable":true,"href":"https:\/\/agora.xtec.cat\/ceip-santmiquel\/wp-json\/wp\/v2\/comments?post=9691"}],"version-history":[{"count":3,"href":"https:\/\/agora.xtec.cat\/ceip-santmiquel\/wp-json\/wp\/v2\/pages\/9691\/revisions"}],"predecessor-version":[{"id":9696,"href":"https:\/\/agora.xtec.cat\/ceip-santmiquel\/wp-json\/wp\/v2\/pages\/9691\/revisions\/9696"}],"up":[{"embeddable":true,"href":"https:\/\/agora.xtec.cat\/ceip-santmiquel\/wp-json\/wp\/v2\/pages\/642"}],"wp:attachment":[{"href":"https:\/\/agora.xtec.cat\/ceip-santmiquel\/wp-json\/wp\/v2\/media?parent=9691"}],"curies":[{"name":"wp","href":"https:\/\/api.w.org\/{rel}","templated":true}]}}