{"id":9180,"date":"2021-12-20T00:05:25","date_gmt":"2021-12-19T23:05:25","guid":{"rendered":"https:\/\/agora.xtec.cat\/ceip-santmiquel\/?page_id=9180"},"modified":"2021-12-19T07:31:07","modified_gmt":"2021-12-19T06:31:07","slug":"pindola-familiar-num-64","status":"publish","type":"page","link":"https:\/\/agora.xtec.cat\/ceip-santmiquel\/ampa\/pindoles-familiars\/pindola-familiar-num-64\/","title":{"rendered":"P\u00edndola familiar n\u00fam. 64"},"content":{"rendered":"<p>Seguint amb la voluntat de fer-vos arribar pinzellades del Pla d\u2019Estrat\u00e8gia Digital del centre, aquest mes de desembre la p\u00edndola familiar us permetr\u00e0 con\u00e8ixer la planificaci\u00f3 m\u00e9s concreta en dos \u00e0mbits d\u2019actuaci\u00f3 de tot el pla.<\/p>\n<p>Aquest \u00e9s el mapa general dels \u00e0mbits d\u2019aplicaci\u00f3 del Pla:<\/p>\n<p><a href=\"https:\/\/agora.xtec.cat\/ceip-santmiquel\/wp-content\/uploads\/usu1043\/2021\/12\/estrategia_digital.png\"><img loading=\"lazy\" decoding=\"async\" class=\"alignnone size-large wp-image-9181\" src=\"https:\/\/agora.xtec.cat\/ceip-santmiquel\/wp-content\/uploads\/usu1043\/2021\/12\/estrategia_digital-1024x315.png\" alt=\"\" width=\"1024\" height=\"315\" srcset=\"https:\/\/agora.xtec.cat\/ceip-santmiquel\/wp-content\/uploads\/usu1043\/2021\/12\/estrategia_digital-1024x315.png 1024w, https:\/\/agora.xtec.cat\/ceip-santmiquel\/wp-content\/uploads\/usu1043\/2021\/12\/estrategia_digital-300x92.png 300w, https:\/\/agora.xtec.cat\/ceip-santmiquel\/wp-content\/uploads\/usu1043\/2021\/12\/estrategia_digital-768x236.png 768w, https:\/\/agora.xtec.cat\/ceip-santmiquel\/wp-content\/uploads\/usu1043\/2021\/12\/estrategia_digital-1536x473.png 1536w, https:\/\/agora.xtec.cat\/ceip-santmiquel\/wp-content\/uploads\/usu1043\/2021\/12\/estrategia_digital.png 1556w\" sizes=\"auto, (max-width: 1024px) 100vw, 1024px\" \/><\/a><\/p>\n<p><strong><span style=\"color: #ff0000;\">Podeu veure<\/span><\/strong> amb m\u00e9s detall la part dedicada al <a href=\"https:\/\/agora.xtec.cat\/ceip-santmiquel\/wp-content\/uploads\/usu1043\/2021\/12\/centre.png\" target=\"_blank\" rel=\"noopener\">CENTRE<\/a> i a les <a href=\"https:\/\/agora.xtec.cat\/ceip-santmiquel\/wp-content\/uploads\/usu1043\/2021\/12\/FAMILIES.png\" target=\"_blank\" rel=\"noopener\">FAM\u00cdLIES<\/a>, clicant en aquests enlla\u00e7os.<\/p>\n","protected":false},"excerpt":{"rendered":"<p>Seguint amb la voluntat de fer-vos arribar pinzellades del Pla d\u2019Estrat\u00e8gia Digital del centre, aquest mes de desembre la p\u00edndola familiar us permetr\u00e0 con\u00e8ixer la planificaci\u00f3 m\u00e9s concreta en dos \u00e0mbits d\u2019actuaci\u00f3 de tot el pla. Aquest \u00e9s el mapa general dels \u00e0mbits d\u2019aplicaci\u00f3 del Pla: Podeu veure amb m\u00e9s detall la part dedicada al [&hellip;]<\/p>\n","protected":false},"author":1,"featured_media":0,"parent":642,"menu_order":-64,"comment_status":"closed","ping_status":"closed","template":"page-templates\/side-menu.php","meta":{"_bbp_topic_count":0,"_bbp_reply_count":0,"_bbp_total_topic_count":0,"_bbp_total_reply_count":0,"_bbp_voice_count":0,"_bbp_anonymous_reply_count":0,"_bbp_topic_count_hidden":0,"_bbp_reply_count_hidden":0,"_bbp_forum_subforum_count":0,"site-sidebar-layout":"default","site-content-layout":"","ast-site-content-layout":"","site-content-style":"default","site-sidebar-style":"default","ast-global-header-display":"","ast-banner-title-visibility":"","ast-main-header-display":"","ast-hfb-above-header-display":"","ast-hfb-below-header-display":"","ast-hfb-mobile-header-display":"","site-post-title":"","ast-breadcrumbs-content":"","ast-featured-img":"","footer-sml-layout":"","theme-transparent-header-meta":"","adv-header-id-meta":"","stick-header-meta":"","header-above-stick-meta":"","header-main-stick-meta":"","header-below-stick-meta":"","astra-migrate-meta-layouts":"default","ast-page-background-enabled":"default","ast-page-background-meta":{"desktop":{"background-color":"var(--ast-global-color-4)","background-image":"","background-repeat":"repeat","background-position":"center center","background-size":"auto","background-attachment":"scroll","background-type":"","background-media":"","overlay-type":"","overlay-color":"","overlay-opacity":"","overlay-gradient":""},"tablet":{"background-color":"","background-image":"","background-repeat":"repeat","background-position":"center center","background-size":"auto","background-attachment":"scroll","background-type":"","background-media":"","overlay-type":"","overlay-color":"","overlay-opacity":"","overlay-gradient":""},"mobile":{"background-color":"","background-image":"","background-repeat":"repeat","background-position":"center center","background-size":"auto","background-attachment":"scroll","background-type":"","background-media":"","overlay-type":"","overlay-color":"","overlay-opacity":"","overlay-gradient":""}},"ast-content-background-meta":{"desktop":{"background-color":"var(--ast-global-color-5)","background-image":"","background-repeat":"repeat","background-position":"center center","background-size":"auto","background-attachment":"scroll","background-type":"","background-media":"","overlay-type":"","overlay-color":"","overlay-opacity":"","overlay-gradient":""},"tablet":{"background-color":"var(--ast-global-color-5)","background-image":"","background-repeat":"repeat","background-position":"center center","background-size":"auto","background-attachment":"scroll","background-type":"","background-media":"","overlay-type":"","overlay-color":"","overlay-opacity":"","overlay-gradient":""},"mobile":{"background-color":"var(--ast-global-color-5)","background-image":"","background-repeat":"repeat","background-position":"center center","background-size":"auto","background-attachment":"scroll","background-type":"","background-media":"","overlay-type":"","overlay-color":"","overlay-opacity":"","overlay-gradient":""}},"footnotes":""},"class_list":["post-9180","page","type-page","status-publish","hentry"],"post_mailing_queue_ids":[],"_links":{"self":[{"href":"https:\/\/agora.xtec.cat\/ceip-santmiquel\/wp-json\/wp\/v2\/pages\/9180","targetHints":{"allow":["GET"]}}],"collection":[{"href":"https:\/\/agora.xtec.cat\/ceip-santmiquel\/wp-json\/wp\/v2\/pages"}],"about":[{"href":"https:\/\/agora.xtec.cat\/ceip-santmiquel\/wp-json\/wp\/v2\/types\/page"}],"author":[{"embeddable":true,"href":"https:\/\/agora.xtec.cat\/ceip-santmiquel\/wp-json\/wp\/v2\/users\/1"}],"replies":[{"embeddable":true,"href":"https:\/\/agora.xtec.cat\/ceip-santmiquel\/wp-json\/wp\/v2\/comments?post=9180"}],"version-history":[{"count":1,"href":"https:\/\/agora.xtec.cat\/ceip-santmiquel\/wp-json\/wp\/v2\/pages\/9180\/revisions"}],"predecessor-version":[{"id":9184,"href":"https:\/\/agora.xtec.cat\/ceip-santmiquel\/wp-json\/wp\/v2\/pages\/9180\/revisions\/9184"}],"up":[{"embeddable":true,"href":"https:\/\/agora.xtec.cat\/ceip-santmiquel\/wp-json\/wp\/v2\/pages\/642"}],"wp:attachment":[{"href":"https:\/\/agora.xtec.cat\/ceip-santmiquel\/wp-json\/wp\/v2\/media?parent=9180"}],"curies":[{"name":"wp","href":"https:\/\/api.w.org\/{rel}","templated":true}]}}