{"id":8159,"date":"2021-05-20T00:29:43","date_gmt":"2021-05-19T22:29:43","guid":{"rendered":"http:\/\/agora.xtec.cat\/ceip-santmiquel\/?page_id=8159"},"modified":"2021-05-19T08:34:21","modified_gmt":"2021-05-19T06:34:21","slug":"pindola-familiar-num-59","status":"publish","type":"page","link":"https:\/\/agora.xtec.cat\/ceip-santmiquel\/ampa\/pindoles-familiars\/pindola-familiar-num-59\/","title":{"rendered":"Pindola familiar n\u00fam. 59"},"content":{"rendered":"<p>La p\u00edndola d&#8217;aquest mes de maig \u00e9s un breu v\u00eddeo introductori sobre la iniciativa Fam\u00edlies digitals creada per tal de facilitar l\u2019adquisici\u00f3 de la compet\u00e8ncia digital per part de les fam\u00edlies, en el marc del Pla d\u2019educaci\u00f3 digital de Catalunya 2020-23.<br \/>\nDonada la import\u00e0ncia i actualitat del tema, les compet\u00e8ncies digitals, esperem que sigui del vostre inter\u00e8s.<br \/>\n<iframe loading=\"lazy\" src=\"https:\/\/www.youtube.com\/embed\/jpQoGdX4hWE\" width=\"560\" height=\"315\" frameborder=\"0\"><\/iframe>05<\/p>\n","protected":false},"excerpt":{"rendered":"<p>La p\u00edndola d&#8217;aquest mes de maig \u00e9s un breu v\u00eddeo introductori sobre la iniciativa Fam\u00edlies digitals creada per tal de facilitar l\u2019adquisici\u00f3 de la compet\u00e8ncia digital per part de les fam\u00edlies, en el marc del Pla d\u2019educaci\u00f3 digital de Catalunya 2020-23. Donada la import\u00e0ncia i actualitat del tema, les compet\u00e8ncies digitals, esperem que sigui del [&hellip;]<\/p>\n","protected":false},"author":1,"featured_media":0,"parent":642,"menu_order":-59,"comment_status":"closed","ping_status":"closed","template":"page-templates\/side-menu.php","meta":{"_bbp_topic_count":0,"_bbp_reply_count":0,"_bbp_total_topic_count":0,"_bbp_total_reply_count":0,"_bbp_voice_count":0,"_bbp_anonymous_reply_count":0,"_bbp_topic_count_hidden":0,"_bbp_reply_count_hidden":0,"_bbp_forum_subforum_count":0,"site-sidebar-layout":"default","site-content-layout":"","ast-site-content-layout":"","site-content-style":"default","site-sidebar-style":"default","ast-global-header-display":"","ast-banner-title-visibility":"","ast-main-header-display":"","ast-hfb-above-header-display":"","ast-hfb-below-header-display":"","ast-hfb-mobile-header-display":"","site-post-title":"","ast-breadcrumbs-content":"","ast-featured-img":"","footer-sml-layout":"","theme-transparent-header-meta":"","adv-header-id-meta":"","stick-header-meta":"","header-above-stick-meta":"","header-main-stick-meta":"","header-below-stick-meta":"","astra-migrate-meta-layouts":"default","ast-page-background-enabled":"default","ast-page-background-meta":{"desktop":{"background-color":"var(--ast-global-color-4)","background-image":"","background-repeat":"repeat","background-position":"center center","background-size":"auto","background-attachment":"scroll","background-type":"","background-media":"","overlay-type":"","overlay-color":"","overlay-opacity":"","overlay-gradient":""},"tablet":{"background-color":"","background-image":"","background-repeat":"repeat","background-position":"center center","background-size":"auto","background-attachment":"scroll","background-type":"","background-media":"","overlay-type":"","overlay-color":"","overlay-opacity":"","overlay-gradient":""},"mobile":{"background-color":"","background-image":"","background-repeat":"repeat","background-position":"center center","background-size":"auto","background-attachment":"scroll","background-type":"","background-media":"","overlay-type":"","overlay-color":"","overlay-opacity":"","overlay-gradient":""}},"ast-content-background-meta":{"desktop":{"background-color":"var(--ast-global-color-5)","background-image":"","background-repeat":"repeat","background-position":"center center","background-size":"auto","background-attachment":"scroll","background-type":"","background-media":"","overlay-type":"","overlay-color":"","overlay-opacity":"","overlay-gradient":""},"tablet":{"background-color":"var(--ast-global-color-5)","background-image":"","background-repeat":"repeat","background-position":"center center","background-size":"auto","background-attachment":"scroll","background-type":"","background-media":"","overlay-type":"","overlay-color":"","overlay-opacity":"","overlay-gradient":""},"mobile":{"background-color":"var(--ast-global-color-5)","background-image":"","background-repeat":"repeat","background-position":"center center","background-size":"auto","background-attachment":"scroll","background-type":"","background-media":"","overlay-type":"","overlay-color":"","overlay-opacity":"","overlay-gradient":""}},"footnotes":""},"class_list":["post-8159","page","type-page","status-publish","hentry"],"post_mailing_queue_ids":[],"_links":{"self":[{"href":"https:\/\/agora.xtec.cat\/ceip-santmiquel\/wp-json\/wp\/v2\/pages\/8159","targetHints":{"allow":["GET"]}}],"collection":[{"href":"https:\/\/agora.xtec.cat\/ceip-santmiquel\/wp-json\/wp\/v2\/pages"}],"about":[{"href":"https:\/\/agora.xtec.cat\/ceip-santmiquel\/wp-json\/wp\/v2\/types\/page"}],"author":[{"embeddable":true,"href":"https:\/\/agora.xtec.cat\/ceip-santmiquel\/wp-json\/wp\/v2\/users\/1"}],"replies":[{"embeddable":true,"href":"https:\/\/agora.xtec.cat\/ceip-santmiquel\/wp-json\/wp\/v2\/comments?post=8159"}],"version-history":[{"count":1,"href":"https:\/\/agora.xtec.cat\/ceip-santmiquel\/wp-json\/wp\/v2\/pages\/8159\/revisions"}],"predecessor-version":[{"id":8160,"href":"https:\/\/agora.xtec.cat\/ceip-santmiquel\/wp-json\/wp\/v2\/pages\/8159\/revisions\/8160"}],"up":[{"embeddable":true,"href":"https:\/\/agora.xtec.cat\/ceip-santmiquel\/wp-json\/wp\/v2\/pages\/642"}],"wp:attachment":[{"href":"https:\/\/agora.xtec.cat\/ceip-santmiquel\/wp-json\/wp\/v2\/media?parent=8159"}],"curies":[{"name":"wp","href":"https:\/\/api.w.org\/{rel}","templated":true}]}}