{"id":776,"date":"2016-08-08T14:38:03","date_gmt":"2016-08-08T13:38:03","guid":{"rendered":"http:\/\/agora.xtec.cat\/ceip-santmiquel\/?page_id=776"},"modified":"2025-05-21T18:24:17","modified_gmt":"2025-05-21T16:24:17","slug":"qui-som","status":"publish","type":"page","link":"https:\/\/agora.xtec.cat\/ceip-santmiquel\/ampa\/qui-som\/","title":{"rendered":"Qui som?"},"content":{"rendered":"<p><strong><span style=\"text-decoration: underline;\">Qui som<\/span> <\/strong><\/p>\n<p>La Junta de l\u2019AFA som un grup de pares i mares que dediquem una part del temps de lleure, dels esfor\u00e7os i dels recursos i habilitats personals amb l\u2019objectiu com\u00fa de millorar qualitativament el funcionament del centre i l\u2019educaci\u00f3 que rep el conjunt d\u2019alumnes del centre educatiu.<\/p>\n<p>Som uns representants dels pares en la comunitat educativa, escoltant a les families per construir una escola millor a Miralcamp entre totes.<\/p>\n<p>Aquest curs 2024-2025 formen la Junta de l&#8217;AFA:<\/p>\n<table style=\"height: 511px; width: 592px;\" border=\"0\" width=\"602\">\n<tbody>\n<tr>\n<td style=\"width: 144px;\" width=\"86\" height=\"43\"><span style=\"color: #ff0000;\"><strong>Presidenta<\/strong>:<\/span><\/td>\n<td style=\"width: 30px;\" width=\"13\"><\/td>\n<td style=\"width: 418px;\" width=\"276\" height=\"43\">Ester Morera<\/td>\n<\/tr>\n<tr>\n<td style=\"width: 144px;\" width=\"86\" height=\"52\"><span style=\"color: #ff0000;\"><b>Tresorera<\/b>:<\/span><\/td>\n<td style=\"width: 30px;\" width=\"13\"><\/td>\n<td style=\"width: 418px;\" width=\"276\" height=\"52\">Cristina Gabarrella<\/td>\n<\/tr>\n<tr>\n<td style=\"width: 144px;\" width=\"86\" height=\"46\"><span style=\"color: #ff0000;\"><b>Secretari<\/b>:<\/span><\/td>\n<td style=\"width: 30px;\" width=\"13\"><\/td>\n<td style=\"width: 418px;\" width=\"276\" height=\"46\">Gemma Civit<\/td>\n<\/tr>\n<tr>\n<td style=\"width: 144px;\" width=\"86\" height=\"54\"><span style=\"color: #ff0000;\"><b>Vocal<\/b>:<\/span><\/td>\n<td style=\"width: 30px;\" width=\"13\"><\/td>\n<td style=\"width: 418px;\" width=\"276\" height=\"43\">Vanesa Berengu\u00e9<\/td>\n<\/tr>\n<tr>\n<td style=\"width: 144px;\" width=\"86\" height=\"45\"><span style=\"color: #ff0000;\"><b>Vocal<\/b>:<\/span><\/td>\n<td style=\"width: 30px;\" width=\"13\"><\/td>\n<td style=\"width: 418px;\" width=\"276\" height=\"52\">Alicia Vall<\/td>\n<\/tr>\n<tr>\n<td style=\"width: 144px;\" width=\"86\" height=\"49\"><span style=\"color: #ff0000;\"><b>Vocal<\/b>:<\/span><\/td>\n<td style=\"width: 30px;\" width=\"13\"><\/td>\n<td style=\"width: 418px;\" width=\"276\" height=\"46\">Mireia Caba<\/td>\n<\/tr>\n<tr>\n<td style=\"width: 144px;\" width=\"86\" height=\"49\"><span style=\"color: #ff0000;\"><b>Vocal<\/b>:<\/span><\/td>\n<td style=\"width: 30px;\" width=\"13\"><\/td>\n<td style=\"width: 418px;\" width=\"276\" height=\"49\">Felip Hern\u00e1ndez<\/td>\n<\/tr>\n<tr>\n<td style=\"width: 144px;\" width=\"86\" height=\"47\"><span style=\"color: #ff0000;\"><b>Vocal<\/b>:<\/span><\/td>\n<td style=\"width: 30px;\" width=\"13\"><\/td>\n<td style=\"width: 418px;\" width=\"276\" height=\"47\">Sara Ib\u00e1\u00f1ez<\/td>\n<\/tr>\n<tr>\n<td style=\"width: 144px;\" width=\"86\" height=\"49\"><span style=\"color: #ff0000;\"><b>Vocal<\/b>:<\/span><\/td>\n<td style=\"width: 30px;\" width=\"13\"><\/td>\n<td style=\"width: 418px;\" width=\"276\" height=\"49\">Marial Vall<\/td>\n<\/tr>\n<\/tbody>\n<\/table>\n<p><span style=\"text-decoration: underline;\">\u00a0<\/span><strong><span style=\"text-decoration: underline;\">Tots som AMPA<\/span> <\/strong><\/p>\n<p>El dret a participar i intervenir amb la presa de decisions que afecten als pares i mares \u00e9s tamb\u00e9 una obligaci\u00f3 ciutadana. Hem de prendre consci\u00e8ncia de les necessitats d\u2019exercir els nostres drets i participar actuant com col\u00b7lectiu social. Associar-nos ens brinda l\u2019oportunitat d\u2019intercanviar opinions i experi\u00e8ncies, debatre i elaborar propostes, organitzar activitats i funcionar en equip.<\/p>\n<p>L&#8217;Associaci\u00f3 de families d\u2019alumnes (AFA) \u00e9s, doncs, una entitat sense \u00e0nim de lucre on s&#8217;associen tots els pares i mares que tenen fills o filles matriculats a un determinat centre educatiu. L\u2019activitat que desenvolupen els socis t\u00e9 car\u00e0cter voluntari i gratu\u00eft. L\u2019\u00fanic requisit imprescindible es tenir fills escolaritzats al centre. Les Associacions de Families d\u2019Alumnes assumeixen entre altres funcions, les seg\u00fcents finalitats reconegudes en el RD 1533\/86:<\/p>\n<ul>\n<li>Assistir a les families i tutors en tot all\u00f2 que implica a l\u2019educaci\u00f3 dels seus fills i filles.<\/li>\n<li>Col\u00b7laborar en les activitats educatives dels centres.<\/li>\n<li>Promoure la participaci\u00f3 dels pares,mares, tutors dels alumnes en la gesti\u00f3 del centre.<\/li>\n<\/ul>\n<p><strong>Quota dels socis:<\/strong><\/p>\n<p>Quota anual per fam\u00edlia: <strong>30\u20ac<\/strong> . Es pagar\u00e0 durant el mes d&#8217;octubre. Si alguna fam\u00edlia necessita facilitats per a fer efectiu el pagament ho pot comunicar al Director de l&#8217;Escola o b\u00e9 a qualsevol membre de l&#8217;AFA i es donaran les facilitats que convingui.<\/p>\n<p><strong>Avantatges <\/strong><\/p>\n<p>A m\u00e9s a m\u00e9s de participar aportant idees i suggeriments, ser soci de l\u2019AFA et permet poder participar en les activitats extraescolars que s&#8217;organitzen anualment, i garantir uns descomptes en les sortides o col\u00f2nies que organitza l&#8217;escola.<\/p>\n<p><strong><span style=\"text-decoration: underline;\">Organitzaci\u00f3 i funcionament<\/span> <\/strong><\/p>\n<p>Des de la Junta de l&#8217;AFA sol\u00b7licitem i gestionem ajudes i subvencions de diferents institucions.<\/p>\n<p>Actualment col\u00b7laboren amb l&#8217;AFA: l&#8217;Ajuntament de Miralcamp, el Consell Comarcal del Pla d&#8217;Urgell, el Departament d&#8217;Educaci\u00f3.<\/p>\n<p>Tamb\u00e9 intentem dur a terme activitats complement\u00e0ries (tant extraescolars com d&#8217;esplai) per facilitar conciliar la vida laboral dels pares i mares amb l&#8217;horari escolar dels nostres fills.<\/p>\n<p>Convoquem al llarg del curs una reuni\u00f3 extraordin\u00e0ria de l&#8217;AFA, <strong>l&#8217; Assemblea<\/strong>, per fer part\u00edcip a les fam\u00edlies de l&#8217;estat de comptes i de les novetats en relaci\u00f3 a l&#8217;any anterior. Habitualment coincideix amb la reuni\u00f3 informativa d&#8217;inici de curs en qu\u00e8 l&#8217;escola convoca als pares i mares.<\/p>\n","protected":false},"excerpt":{"rendered":"<p>Qui som La Junta de l\u2019AFA som un grup de pares i mares que dediquem una part del temps de lleure, dels esfor\u00e7os i dels recursos i habilitats personals amb l\u2019objectiu com\u00fa de millorar qualitativament el funcionament del centre i l\u2019educaci\u00f3 que rep el conjunt d\u2019alumnes del centre educatiu. Som uns representants dels pares en [&hellip;]<\/p>\n","protected":false},"author":1,"featured_media":0,"parent":759,"menu_order":10,"comment_status":"closed","ping_status":"closed","template":"page-templates\/side-menu.php","meta":{"_bbp_topic_count":0,"_bbp_reply_count":0,"_bbp_total_topic_count":0,"_bbp_total_reply_count":0,"_bbp_voice_count":0,"_bbp_anonymous_reply_count":0,"_bbp_topic_count_hidden":0,"_bbp_reply_count_hidden":0,"_bbp_forum_subforum_count":0,"site-sidebar-layout":"default","site-content-layout":"","ast-site-content-layout":"","site-content-style":"default","site-sidebar-style":"default","ast-global-header-display":"","ast-banner-title-visibility":"","ast-main-header-display":"","ast-hfb-above-header-display":"","ast-hfb-below-header-display":"","ast-hfb-mobile-header-display":"","site-post-title":"","ast-breadcrumbs-content":"","ast-featured-img":"","footer-sml-layout":"","theme-transparent-header-meta":"","adv-header-id-meta":"","stick-header-meta":"","header-above-stick-meta":"","header-main-stick-meta":"","header-below-stick-meta":"","astra-migrate-meta-layouts":"default","ast-page-background-enabled":"default","ast-page-background-meta":{"desktop":{"background-color":"var(--ast-global-color-4)","background-image":"","background-repeat":"repeat","background-position":"center center","background-size":"auto","background-attachment":"scroll","background-type":"","background-media":"","overlay-type":"","overlay-color":"","overlay-opacity":"","overlay-gradient":""},"tablet":{"background-color":"","background-image":"","background-repeat":"repeat","background-position":"center center","background-size":"auto","background-attachment":"scroll","background-type":"","background-media":"","overlay-type":"","overlay-color":"","overlay-opacity":"","overlay-gradient":""},"mobile":{"background-color":"","background-image":"","background-repeat":"repeat","background-position":"center center","background-size":"auto","background-attachment":"scroll","background-type":"","background-media":"","overlay-type":"","overlay-color":"","overlay-opacity":"","overlay-gradient":""}},"ast-content-background-meta":{"desktop":{"background-color":"var(--ast-global-color-5)","background-image":"","background-repeat":"repeat","background-position":"center center","background-size":"auto","background-attachment":"scroll","background-type":"","background-media":"","overlay-type":"","overlay-color":"","overlay-opacity":"","overlay-gradient":""},"tablet":{"background-color":"var(--ast-global-color-5)","background-image":"","background-repeat":"repeat","background-position":"center center","background-size":"auto","background-attachment":"scroll","background-type":"","background-media":"","overlay-type":"","overlay-color":"","overlay-opacity":"","overlay-gradient":""},"mobile":{"background-color":"var(--ast-global-color-5)","background-image":"","background-repeat":"repeat","background-position":"center center","background-size":"auto","background-attachment":"scroll","background-type":"","background-media":"","overlay-type":"","overlay-color":"","overlay-opacity":"","overlay-gradient":""}},"footnotes":""},"class_list":["post-776","page","type-page","status-publish","hentry"],"post_mailing_queue_ids":[],"_links":{"self":[{"href":"https:\/\/agora.xtec.cat\/ceip-santmiquel\/wp-json\/wp\/v2\/pages\/776","targetHints":{"allow":["GET"]}}],"collection":[{"href":"https:\/\/agora.xtec.cat\/ceip-santmiquel\/wp-json\/wp\/v2\/pages"}],"about":[{"href":"https:\/\/agora.xtec.cat\/ceip-santmiquel\/wp-json\/wp\/v2\/types\/page"}],"author":[{"embeddable":true,"href":"https:\/\/agora.xtec.cat\/ceip-santmiquel\/wp-json\/wp\/v2\/users\/1"}],"replies":[{"embeddable":true,"href":"https:\/\/agora.xtec.cat\/ceip-santmiquel\/wp-json\/wp\/v2\/comments?post=776"}],"version-history":[{"count":6,"href":"https:\/\/agora.xtec.cat\/ceip-santmiquel\/wp-json\/wp\/v2\/pages\/776\/revisions"}],"predecessor-version":[{"id":13346,"href":"https:\/\/agora.xtec.cat\/ceip-santmiquel\/wp-json\/wp\/v2\/pages\/776\/revisions\/13346"}],"up":[{"embeddable":true,"href":"https:\/\/agora.xtec.cat\/ceip-santmiquel\/wp-json\/wp\/v2\/pages\/759"}],"wp:attachment":[{"href":"https:\/\/agora.xtec.cat\/ceip-santmiquel\/wp-json\/wp\/v2\/media?parent=776"}],"curies":[{"name":"wp","href":"https:\/\/api.w.org\/{rel}","templated":true}]}}