{"id":6607,"date":"2020-10-02T16:04:04","date_gmt":"2020-10-02T14:04:04","guid":{"rendered":"http:\/\/agora.xtec.cat\/ceip-santmiquel\/?page_id=6607"},"modified":"2020-10-02T16:13:02","modified_gmt":"2020-10-02T14:13:02","slug":"com-enviar-correus-electronics","status":"publish","type":"page","link":"https:\/\/agora.xtec.cat\/ceip-santmiquel\/aula-virtual\/suport-digital\/com-enviar-correus-electronics\/","title":{"rendered":"Com enviar correus electr\u00f2nics"},"content":{"rendered":"<p>Aqu\u00ed podeu veure una infografia molt interessant que us ajudar\u00e0 per saber enviar correus electr\u00f2nics.<\/p>\n<p>Cliqueu a la imatge:<\/p>\n<p><a href=\"https:\/\/agora.xtec.cat\/ceip-santmiquel\/wp-content\/uploads\/usu1043\/2020\/10\/COM-ENVIAR-CORREUS.pdf\" target=\"_blank\" rel=\"noopener noreferrer\"><img loading=\"lazy\" decoding=\"async\" class=\"wp-image-6608 aligncenter\" src=\"https:\/\/agora.xtec.cat\/ceip-santmiquel\/wp-content\/uploads\/usu1043\/2020\/10\/email-1.png\" alt=\"\" width=\"198\" height=\"198\" srcset=\"https:\/\/agora.xtec.cat\/ceip-santmiquel\/wp-content\/uploads\/usu1043\/2020\/10\/email-1.png 512w, https:\/\/agora.xtec.cat\/ceip-santmiquel\/wp-content\/uploads\/usu1043\/2020\/10\/email-1-150x150.png 150w, https:\/\/agora.xtec.cat\/ceip-santmiquel\/wp-content\/uploads\/usu1043\/2020\/10\/email-1-300x300.png 300w\" sizes=\"auto, (max-width: 198px) 100vw, 198px\" \/><\/a><\/p>\n<p>Imatge extreta de: https:\/\/www.flaticon.com\/<\/p>\n","protected":false},"excerpt":{"rendered":"<p>Aqu\u00ed podeu veure una infografia molt interessant que us ajudar\u00e0 per saber enviar correus electr\u00f2nics. Cliqueu a la imatge: Imatge extreta de: https:\/\/www.flaticon.com\/<\/p>\n","protected":false},"author":1,"featured_media":0,"parent":6526,"menu_order":-2,"comment_status":"closed","ping_status":"closed","template":"page-templates\/side-menu.php","meta":{"_bbp_topic_count":0,"_bbp_reply_count":0,"_bbp_total_topic_count":0,"_bbp_total_reply_count":0,"_bbp_voice_count":0,"_bbp_anonymous_reply_count":0,"_bbp_topic_count_hidden":0,"_bbp_reply_count_hidden":0,"_bbp_forum_subforum_count":0,"site-sidebar-layout":"default","site-content-layout":"","ast-site-content-layout":"","site-content-style":"default","site-sidebar-style":"default","ast-global-header-display":"","ast-banner-title-visibility":"","ast-main-header-display":"","ast-hfb-above-header-display":"","ast-hfb-below-header-display":"","ast-hfb-mobile-header-display":"","site-post-title":"","ast-breadcrumbs-content":"","ast-featured-img":"","footer-sml-layout":"","theme-transparent-header-meta":"","adv-header-id-meta":"","stick-header-meta":"","header-above-stick-meta":"","header-main-stick-meta":"","header-below-stick-meta":"","astra-migrate-meta-layouts":"default","ast-page-background-enabled":"default","ast-page-background-meta":{"desktop":{"background-color":"var(--ast-global-color-4)","background-image":"","background-repeat":"repeat","background-position":"center center","background-size":"auto","background-attachment":"scroll","background-type":"","background-media":"","overlay-type":"","overlay-color":"","overlay-opacity":"","overlay-gradient":""},"tablet":{"background-color":"","background-image":"","background-repeat":"repeat","background-position":"center center","background-size":"auto","background-attachment":"scroll","background-type":"","background-media":"","overlay-type":"","overlay-color":"","overlay-opacity":"","overlay-gradient":""},"mobile":{"background-color":"","background-image":"","background-repeat":"repeat","background-position":"center center","background-size":"auto","background-attachment":"scroll","background-type":"","background-media":"","overlay-type":"","overlay-color":"","overlay-opacity":"","overlay-gradient":""}},"ast-content-background-meta":{"desktop":{"background-color":"var(--ast-global-color-5)","background-image":"","background-repeat":"repeat","background-position":"center center","background-size":"auto","background-attachment":"scroll","background-type":"","background-media":"","overlay-type":"","overlay-color":"","overlay-opacity":"","overlay-gradient":""},"tablet":{"background-color":"var(--ast-global-color-5)","background-image":"","background-repeat":"repeat","background-position":"center center","background-size":"auto","background-attachment":"scroll","background-type":"","background-media":"","overlay-type":"","overlay-color":"","overlay-opacity":"","overlay-gradient":""},"mobile":{"background-color":"var(--ast-global-color-5)","background-image":"","background-repeat":"repeat","background-position":"center center","background-size":"auto","background-attachment":"scroll","background-type":"","background-media":"","overlay-type":"","overlay-color":"","overlay-opacity":"","overlay-gradient":""}},"footnotes":""},"class_list":["post-6607","page","type-page","status-publish","hentry"],"post_mailing_queue_ids":[],"_links":{"self":[{"href":"https:\/\/agora.xtec.cat\/ceip-santmiquel\/wp-json\/wp\/v2\/pages\/6607","targetHints":{"allow":["GET"]}}],"collection":[{"href":"https:\/\/agora.xtec.cat\/ceip-santmiquel\/wp-json\/wp\/v2\/pages"}],"about":[{"href":"https:\/\/agora.xtec.cat\/ceip-santmiquel\/wp-json\/wp\/v2\/types\/page"}],"author":[{"embeddable":true,"href":"https:\/\/agora.xtec.cat\/ceip-santmiquel\/wp-json\/wp\/v2\/users\/1"}],"replies":[{"embeddable":true,"href":"https:\/\/agora.xtec.cat\/ceip-santmiquel\/wp-json\/wp\/v2\/comments?post=6607"}],"version-history":[{"count":3,"href":"https:\/\/agora.xtec.cat\/ceip-santmiquel\/wp-json\/wp\/v2\/pages\/6607\/revisions"}],"predecessor-version":[{"id":6615,"href":"https:\/\/agora.xtec.cat\/ceip-santmiquel\/wp-json\/wp\/v2\/pages\/6607\/revisions\/6615"}],"up":[{"embeddable":true,"href":"https:\/\/agora.xtec.cat\/ceip-santmiquel\/wp-json\/wp\/v2\/pages\/6526"}],"wp:attachment":[{"href":"https:\/\/agora.xtec.cat\/ceip-santmiquel\/wp-json\/wp\/v2\/media?parent=6607"}],"curies":[{"name":"wp","href":"https:\/\/api.w.org\/{rel}","templated":true}]}}