{"id":6540,"date":"2020-09-20T00:05:00","date_gmt":"2020-09-19T22:05:00","guid":{"rendered":"http:\/\/agora.xtec.cat\/ceip-santmiquel\/?page_id=6540"},"modified":"2020-09-19T09:19:32","modified_gmt":"2020-09-19T07:19:32","slug":"pindola-familiar-num-52","status":"publish","type":"page","link":"https:\/\/agora.xtec.cat\/ceip-santmiquel\/ampa\/pindoles-familiars\/pindola-familiar-num-52\/","title":{"rendered":"P\u00edndola familiar n\u00fam. 52"},"content":{"rendered":"<p>Avui dia 20 de setembre reprenem les p\u00edndoles familiars!!! ( recordeu cada dia 20 de mes en publiquem una a mena de v\u00eddeo, article, \u00e0udio&#8230;). Tamb\u00e9 us animem a fer-nos arribar all\u00f2 que vulgueu que publiquem en aquest apartat&#8230; compartir entre tots i totes ens fa cr\u00e9ixer!!!<\/p>\n<p>Aquest curs el reprenem de la mateixa manera com v\u00e0rem acabar el passat.. amb una p\u00edndola audiovisual.<\/p>\n<p>Tenint molt present el moment que ens toca viure, aquesta animaci\u00f3 ens convida a avan\u00e7ar per la vida malgrat tots els malgrats.<\/p>\n<p>Un globus i un c\u00e0ctus?\u00a0 Un globus est\u00e0 enmig d&#8217;un desert, sol i envoltat de cactus. Fins que troba alg\u00fa que est\u00e0 en la mateixa situaci\u00f3 que ell. L&#8217;animaci\u00f3\u00a0<em>Tumbleweed Tango<\/em>\u00a0ens convida a reflexionar sobre com canvia la nostra percepci\u00f3 de la situaci\u00f3 quan tenim alg\u00fa al costat.<\/p>\n<p>Us animem a veure-la i reflexionar-hi amb els vostres fills i filles&#8230;<\/p>\n<p style=\"text-align: center;\"><iframe loading=\"lazy\" src=\"https:\/\/www.youtube.com\/embed\/fkWRSjwlyds\" width=\"560\" height=\"315\" frameborder=\"0\"><\/iframe><\/p>\n<p style=\"text-align: center;\">Esperem que us agradi!!!<\/p>\n<pre class=\"h3noticia\"><\/pre>\n","protected":false},"excerpt":{"rendered":"<p>Avui dia 20 de setembre reprenem les p\u00edndoles familiars!!! ( recordeu cada dia 20 de mes en publiquem una a mena de v\u00eddeo, article, \u00e0udio&#8230;). Tamb\u00e9 us animem a fer-nos arribar all\u00f2 que vulgueu que publiquem en aquest apartat&#8230; compartir entre tots i totes ens fa cr\u00e9ixer!!! Aquest curs el reprenem de la mateixa manera [&hellip;]<\/p>\n","protected":false},"author":1,"featured_media":0,"parent":642,"menu_order":-52,"comment_status":"closed","ping_status":"closed","template":"page-templates\/side-menu.php","meta":{"_bbp_topic_count":0,"_bbp_reply_count":0,"_bbp_total_topic_count":0,"_bbp_total_reply_count":0,"_bbp_voice_count":0,"_bbp_anonymous_reply_count":0,"_bbp_topic_count_hidden":0,"_bbp_reply_count_hidden":0,"_bbp_forum_subforum_count":0,"site-sidebar-layout":"default","site-content-layout":"","ast-site-content-layout":"","site-content-style":"default","site-sidebar-style":"default","ast-global-header-display":"","ast-banner-title-visibility":"","ast-main-header-display":"","ast-hfb-above-header-display":"","ast-hfb-below-header-display":"","ast-hfb-mobile-header-display":"","site-post-title":"","ast-breadcrumbs-content":"","ast-featured-img":"","footer-sml-layout":"","theme-transparent-header-meta":"","adv-header-id-meta":"","stick-header-meta":"","header-above-stick-meta":"","header-main-stick-meta":"","header-below-stick-meta":"","astra-migrate-meta-layouts":"default","ast-page-background-enabled":"default","ast-page-background-meta":{"desktop":{"background-color":"var(--ast-global-color-4)","background-image":"","background-repeat":"repeat","background-position":"center center","background-size":"auto","background-attachment":"scroll","background-type":"","background-media":"","overlay-type":"","overlay-color":"","overlay-opacity":"","overlay-gradient":""},"tablet":{"background-color":"","background-image":"","background-repeat":"repeat","background-position":"center center","background-size":"auto","background-attachment":"scroll","background-type":"","background-media":"","overlay-type":"","overlay-color":"","overlay-opacity":"","overlay-gradient":""},"mobile":{"background-color":"","background-image":"","background-repeat":"repeat","background-position":"center center","background-size":"auto","background-attachment":"scroll","background-type":"","background-media":"","overlay-type":"","overlay-color":"","overlay-opacity":"","overlay-gradient":""}},"ast-content-background-meta":{"desktop":{"background-color":"var(--ast-global-color-5)","background-image":"","background-repeat":"repeat","background-position":"center center","background-size":"auto","background-attachment":"scroll","background-type":"","background-media":"","overlay-type":"","overlay-color":"","overlay-opacity":"","overlay-gradient":""},"tablet":{"background-color":"var(--ast-global-color-5)","background-image":"","background-repeat":"repeat","background-position":"center center","background-size":"auto","background-attachment":"scroll","background-type":"","background-media":"","overlay-type":"","overlay-color":"","overlay-opacity":"","overlay-gradient":""},"mobile":{"background-color":"var(--ast-global-color-5)","background-image":"","background-repeat":"repeat","background-position":"center center","background-size":"auto","background-attachment":"scroll","background-type":"","background-media":"","overlay-type":"","overlay-color":"","overlay-opacity":"","overlay-gradient":""}},"footnotes":""},"class_list":["post-6540","page","type-page","status-publish","hentry"],"post_mailing_queue_ids":[],"_links":{"self":[{"href":"https:\/\/agora.xtec.cat\/ceip-santmiquel\/wp-json\/wp\/v2\/pages\/6540","targetHints":{"allow":["GET"]}}],"collection":[{"href":"https:\/\/agora.xtec.cat\/ceip-santmiquel\/wp-json\/wp\/v2\/pages"}],"about":[{"href":"https:\/\/agora.xtec.cat\/ceip-santmiquel\/wp-json\/wp\/v2\/types\/page"}],"author":[{"embeddable":true,"href":"https:\/\/agora.xtec.cat\/ceip-santmiquel\/wp-json\/wp\/v2\/users\/1"}],"replies":[{"embeddable":true,"href":"https:\/\/agora.xtec.cat\/ceip-santmiquel\/wp-json\/wp\/v2\/comments?post=6540"}],"version-history":[{"count":2,"href":"https:\/\/agora.xtec.cat\/ceip-santmiquel\/wp-json\/wp\/v2\/pages\/6540\/revisions"}],"predecessor-version":[{"id":6542,"href":"https:\/\/agora.xtec.cat\/ceip-santmiquel\/wp-json\/wp\/v2\/pages\/6540\/revisions\/6542"}],"up":[{"embeddable":true,"href":"https:\/\/agora.xtec.cat\/ceip-santmiquel\/wp-json\/wp\/v2\/pages\/642"}],"wp:attachment":[{"href":"https:\/\/agora.xtec.cat\/ceip-santmiquel\/wp-json\/wp\/v2\/media?parent=6540"}],"curies":[{"name":"wp","href":"https:\/\/api.w.org\/{rel}","templated":true}]}}