{"id":642,"date":"2015-10-20T09:49:15","date_gmt":"2015-10-20T07:49:15","guid":{"rendered":"http:\/\/blocs.xtec.cat\/santmiquel\/?page_id=408"},"modified":"2024-03-18T12:53:39","modified_gmt":"2024-03-18T11:53:39","slug":"pindoles-familiars","status":"publish","type":"page","link":"https:\/\/agora.xtec.cat\/ceip-santmiquel\/ampa\/pindoles-familiars\/","title":{"rendered":"P\u00edndoles familiars"},"content":{"rendered":"<p><strong>Voleu ajudar els vostres fills en el seus estudis?<\/strong><br \/>\nAmb aquesta idea sorgeix aquesta nova secci\u00f3. Peri\u00f2dicament, <em>el dia 20 de cada mes<\/em>, rebreu en el vostre correu electr\u00f2nic alguna publicaci\u00f3 ( enlla\u00e7, escrit,&#8230;) que us ajudi en aquesta tasca. Tamb\u00e9 podreu veure en aquesta secci\u00f3 totes les &#8220;p\u00edndoles&#8221; que s&#8217;han tram\u00e8s.<\/p>\n<p>Us animem a fer-ne \u00fas i a la vegada a compartir entre tota la comunitat aquelles coses qu\u00e8 feu, qu\u00e8 llegiu&#8230;. i us donen resultat.<\/p>\n<p>Desitgem que aquesta sigui una eina \u00fatil i pr\u00e0ctica (seran documents breus) per ajudar-vos a millorar el rendiment acad\u00e8mic del vostre fill\/a.<br \/>\n<a href=\"http:\/\/agora.xtec.cat\/ceip-santmiquel\/wp-content\/uploads\/usu1043\/2015\/10\/pildora.jpg\"><img loading=\"lazy\" decoding=\"async\" class=\"size-medium wp-image-413 aligncenter\" src=\"http:\/\/agora.xtec.cat\/ceip-santmiquel\/wp-content\/uploads\/usu1043\/2015\/10\/pildora-300x150.jpg\" alt=\"pildora\" width=\"300\" height=\"150\" \/><\/a><\/p>\n","protected":false},"excerpt":{"rendered":"<p>Voleu ajudar els vostres fills en el seus estudis? Amb aquesta idea sorgeix aquesta nova secci\u00f3. Peri\u00f2dicament, el dia 20 de cada mes, rebreu en el vostre correu electr\u00f2nic alguna publicaci\u00f3 ( enlla\u00e7, escrit,&#8230;) que us ajudi en aquesta tasca. Tamb\u00e9 podreu veure en aquesta secci\u00f3 totes les &#8220;p\u00edndoles&#8221; que s&#8217;han tram\u00e8s. Us animem a [&hellip;]<\/p>\n","protected":false},"author":1,"featured_media":0,"parent":759,"menu_order":90,"comment_status":"closed","ping_status":"closed","template":"page-templates\/side-menu.php","meta":{"_bbp_topic_count":0,"_bbp_reply_count":0,"_bbp_total_topic_count":0,"_bbp_total_reply_count":0,"_bbp_voice_count":0,"_bbp_anonymous_reply_count":0,"_bbp_topic_count_hidden":0,"_bbp_reply_count_hidden":0,"_bbp_forum_subforum_count":0,"site-sidebar-layout":"default","site-content-layout":"","ast-site-content-layout":"","site-content-style":"default","site-sidebar-style":"default","ast-global-header-display":"","ast-banner-title-visibility":"","ast-main-header-display":"","ast-hfb-above-header-display":"","ast-hfb-below-header-display":"","ast-hfb-mobile-header-display":"","site-post-title":"","ast-breadcrumbs-content":"","ast-featured-img":"","footer-sml-layout":"","theme-transparent-header-meta":"","adv-header-id-meta":"","stick-header-meta":"","header-above-stick-meta":"","header-main-stick-meta":"","header-below-stick-meta":"","astra-migrate-meta-layouts":"default","ast-page-background-enabled":"default","ast-page-background-meta":{"desktop":{"background-color":"var(--ast-global-color-4)","background-image":"","background-repeat":"repeat","background-position":"center center","background-size":"auto","background-attachment":"scroll","background-type":"","background-media":"","overlay-type":"","overlay-color":"","overlay-opacity":"","overlay-gradient":""},"tablet":{"background-color":"","background-image":"","background-repeat":"repeat","background-position":"center center","background-size":"auto","background-attachment":"scroll","background-type":"","background-media":"","overlay-type":"","overlay-color":"","overlay-opacity":"","overlay-gradient":""},"mobile":{"background-color":"","background-image":"","background-repeat":"repeat","background-position":"center center","background-size":"auto","background-attachment":"scroll","background-type":"","background-media":"","overlay-type":"","overlay-color":"","overlay-opacity":"","overlay-gradient":""}},"ast-content-background-meta":{"desktop":{"background-color":"var(--ast-global-color-5)","background-image":"","background-repeat":"repeat","background-position":"center center","background-size":"auto","background-attachment":"scroll","background-type":"","background-media":"","overlay-type":"","overlay-color":"","overlay-opacity":"","overlay-gradient":""},"tablet":{"background-color":"var(--ast-global-color-5)","background-image":"","background-repeat":"repeat","background-position":"center center","background-size":"auto","background-attachment":"scroll","background-type":"","background-media":"","overlay-type":"","overlay-color":"","overlay-opacity":"","overlay-gradient":""},"mobile":{"background-color":"var(--ast-global-color-5)","background-image":"","background-repeat":"repeat","background-position":"center center","background-size":"auto","background-attachment":"scroll","background-type":"","background-media":"","overlay-type":"","overlay-color":"","overlay-opacity":"","overlay-gradient":""}},"footnotes":""},"class_list":["post-642","page","type-page","status-publish","hentry"],"post_mailing_queue_ids":[],"_links":{"self":[{"href":"https:\/\/agora.xtec.cat\/ceip-santmiquel\/wp-json\/wp\/v2\/pages\/642","targetHints":{"allow":["GET"]}}],"collection":[{"href":"https:\/\/agora.xtec.cat\/ceip-santmiquel\/wp-json\/wp\/v2\/pages"}],"about":[{"href":"https:\/\/agora.xtec.cat\/ceip-santmiquel\/wp-json\/wp\/v2\/types\/page"}],"author":[{"embeddable":true,"href":"https:\/\/agora.xtec.cat\/ceip-santmiquel\/wp-json\/wp\/v2\/users\/1"}],"replies":[{"embeddable":true,"href":"https:\/\/agora.xtec.cat\/ceip-santmiquel\/wp-json\/wp\/v2\/comments?post=642"}],"version-history":[{"count":3,"href":"https:\/\/agora.xtec.cat\/ceip-santmiquel\/wp-json\/wp\/v2\/pages\/642\/revisions"}],"predecessor-version":[{"id":12117,"href":"https:\/\/agora.xtec.cat\/ceip-santmiquel\/wp-json\/wp\/v2\/pages\/642\/revisions\/12117"}],"up":[{"embeddable":true,"href":"https:\/\/agora.xtec.cat\/ceip-santmiquel\/wp-json\/wp\/v2\/pages\/759"}],"wp:attachment":[{"href":"https:\/\/agora.xtec.cat\/ceip-santmiquel\/wp-json\/wp\/v2\/media?parent=642"}],"curies":[{"name":"wp","href":"https:\/\/api.w.org\/{rel}","templated":true}]}}