{"id":4757,"date":"2019-09-01T17:32:01","date_gmt":"2019-09-01T15:32:01","guid":{"rendered":"http:\/\/agora.xtec.cat\/ceip-santmiquel\/?page_id=4757"},"modified":"2022-10-20T23:21:21","modified_gmt":"2022-10-20T21:21:21","slug":"aportacions-economiques","status":"publish","type":"page","link":"https:\/\/agora.xtec.cat\/ceip-santmiquel\/ampa\/aportacions-economiques\/","title":{"rendered":"Aportacions econ\u00f2miques"},"content":{"rendered":"<p>D&#8217;acord amb el protocol establert AFA- Escola, i aprovat pel Consell Escolar, es segueixen els seg\u00fcents passos per fer efectiu el pagament, per part de les fam\u00edlies, del material necessari per dur a terme l&#8217;activitat pedag\u00f2gica dels fills\/es al centre.<\/p>\n<ul>\n<li>L&#8217;escola facilita a l&#8217;AFA, el llistat de llibres per al curs vinent.<\/li>\n<li>Durant el mes de setembre, l&#8217;AFA facilita a les fam\u00edlies el cost de tot el material. Aquest est\u00e0 dividit en:\n<ul>\n<li>Quota anual de l&#8217;AFA ( per fam\u00edlia)<\/li>\n<li>Import dels llibres ( es prioritza la reutilitzaci\u00f3 de llibres). L&#8217;AFA efectua un descompte del 10 % als seus abonats.<\/li>\n<li>Import del material.<\/li>\n<li>Import del material d&#8217;elaboraci\u00f3 pr\u00f2pia: fotoc\u00f2pies, tallers (INFANTIL).<\/li>\n<\/ul>\n<\/li>\n<li>Les fam\u00edlies poden efectuar el pagament en la modalitat triada per les mateixes fam\u00edlies\u00a0 i d&#8217;acord a l&#8217;oferta de l&#8217;AFA ( un pagament, dos pagaments&#8230;)<\/li>\n<\/ul>\n","protected":false},"excerpt":{"rendered":"<p>D&#8217;acord amb el protocol establert AFA- Escola, i aprovat pel Consell Escolar, es segueixen els seg\u00fcents passos per fer efectiu el pagament, per part de les fam\u00edlies, del material necessari per dur a terme l&#8217;activitat pedag\u00f2gica dels fills\/es al centre. L&#8217;escola facilita a l&#8217;AFA, el llistat de llibres per al curs vinent. Durant el mes [&hellip;]<\/p>\n","protected":false},"author":1,"featured_media":0,"parent":759,"menu_order":40,"comment_status":"closed","ping_status":"closed","template":"page-templates\/side-menu.php","meta":{"_bbp_topic_count":0,"_bbp_reply_count":0,"_bbp_total_topic_count":0,"_bbp_total_reply_count":0,"_bbp_voice_count":0,"_bbp_anonymous_reply_count":0,"_bbp_topic_count_hidden":0,"_bbp_reply_count_hidden":0,"_bbp_forum_subforum_count":0,"site-sidebar-layout":"default","site-content-layout":"","ast-site-content-layout":"","site-content-style":"default","site-sidebar-style":"default","ast-global-header-display":"","ast-banner-title-visibility":"","ast-main-header-display":"","ast-hfb-above-header-display":"","ast-hfb-below-header-display":"","ast-hfb-mobile-header-display":"","site-post-title":"","ast-breadcrumbs-content":"","ast-featured-img":"","footer-sml-layout":"","theme-transparent-header-meta":"","adv-header-id-meta":"","stick-header-meta":"","header-above-stick-meta":"","header-main-stick-meta":"","header-below-stick-meta":"","astra-migrate-meta-layouts":"default","ast-page-background-enabled":"default","ast-page-background-meta":{"desktop":{"background-color":"var(--ast-global-color-4)","background-image":"","background-repeat":"repeat","background-position":"center center","background-size":"auto","background-attachment":"scroll","background-type":"","background-media":"","overlay-type":"","overlay-color":"","overlay-opacity":"","overlay-gradient":""},"tablet":{"background-color":"","background-image":"","background-repeat":"repeat","background-position":"center center","background-size":"auto","background-attachment":"scroll","background-type":"","background-media":"","overlay-type":"","overlay-color":"","overlay-opacity":"","overlay-gradient":""},"mobile":{"background-color":"","background-image":"","background-repeat":"repeat","background-position":"center center","background-size":"auto","background-attachment":"scroll","background-type":"","background-media":"","overlay-type":"","overlay-color":"","overlay-opacity":"","overlay-gradient":""}},"ast-content-background-meta":{"desktop":{"background-color":"var(--ast-global-color-5)","background-image":"","background-repeat":"repeat","background-position":"center center","background-size":"auto","background-attachment":"scroll","background-type":"","background-media":"","overlay-type":"","overlay-color":"","overlay-opacity":"","overlay-gradient":""},"tablet":{"background-color":"var(--ast-global-color-5)","background-image":"","background-repeat":"repeat","background-position":"center center","background-size":"auto","background-attachment":"scroll","background-type":"","background-media":"","overlay-type":"","overlay-color":"","overlay-opacity":"","overlay-gradient":""},"mobile":{"background-color":"var(--ast-global-color-5)","background-image":"","background-repeat":"repeat","background-position":"center center","background-size":"auto","background-attachment":"scroll","background-type":"","background-media":"","overlay-type":"","overlay-color":"","overlay-opacity":"","overlay-gradient":""}},"footnotes":""},"class_list":["post-4757","page","type-page","status-publish","hentry"],"post_mailing_queue_ids":[],"_links":{"self":[{"href":"https:\/\/agora.xtec.cat\/ceip-santmiquel\/wp-json\/wp\/v2\/pages\/4757","targetHints":{"allow":["GET"]}}],"collection":[{"href":"https:\/\/agora.xtec.cat\/ceip-santmiquel\/wp-json\/wp\/v2\/pages"}],"about":[{"href":"https:\/\/agora.xtec.cat\/ceip-santmiquel\/wp-json\/wp\/v2\/types\/page"}],"author":[{"embeddable":true,"href":"https:\/\/agora.xtec.cat\/ceip-santmiquel\/wp-json\/wp\/v2\/users\/1"}],"replies":[{"embeddable":true,"href":"https:\/\/agora.xtec.cat\/ceip-santmiquel\/wp-json\/wp\/v2\/comments?post=4757"}],"version-history":[{"count":3,"href":"https:\/\/agora.xtec.cat\/ceip-santmiquel\/wp-json\/wp\/v2\/pages\/4757\/revisions"}],"predecessor-version":[{"id":10396,"href":"https:\/\/agora.xtec.cat\/ceip-santmiquel\/wp-json\/wp\/v2\/pages\/4757\/revisions\/10396"}],"up":[{"embeddable":true,"href":"https:\/\/agora.xtec.cat\/ceip-santmiquel\/wp-json\/wp\/v2\/pages\/759"}],"wp:attachment":[{"href":"https:\/\/agora.xtec.cat\/ceip-santmiquel\/wp-json\/wp\/v2\/media?parent=4757"}],"curies":[{"name":"wp","href":"https:\/\/api.w.org\/{rel}","templated":true}]}}