{"id":4750,"date":"2019-09-01T12:56:35","date_gmt":"2019-09-01T10:56:35","guid":{"rendered":"http:\/\/agora.xtec.cat\/ceip-santmiquel\/?page_id=4750"},"modified":"2025-06-06T10:47:53","modified_gmt":"2025-06-06T08:47:53","slug":"acords-consell-escolar","status":"publish","type":"page","link":"https:\/\/agora.xtec.cat\/ceip-santmiquel\/lescola\/consell-escolar-2\/acords-consell-escolar\/","title":{"rendered":"Acords Consell Escolar"},"content":{"rendered":"<p>Aqu\u00ed podreu trobar relacionats els acords presos en les sessions del Consell Escolar del nostre centre.<\/p>\n<p><strong>Darrera sessi\u00f3:<\/strong> 5 de juny de 2025<\/p>\n<p><span style=\"text-decoration: underline;\"><strong>Temes tractats:<\/strong><\/span><\/p>\n<ul>\n<li><a href=\"https:\/\/agora.xtec.cat\/ceip-santmiquel\/lescola\/calendari-del-curs\/\" target=\"_blank\" rel=\"noopener\">Calendari Escolar 2025-2026<\/a><\/li>\n<li>Modificaci\u00f3 de la Composici\u00f3 del Consell Escolar<\/li>\n<li><a href=\"https:\/\/drive.google.com\/file\/d\/1heNs-uWb051wT8Zog5BSj0dhRx7j_z9P\/view\" target=\"_blank\" rel=\"noopener\">Modificaci\u00f3 de les NOFC<\/a><\/li>\n<li><a href=\"https:\/\/drive.google.com\/file\/d\/1-lDsawhSirkxcIdgdfTHI1BSKL06eBhD\/view?usp=sharing\" target=\"_blank\" rel=\"noopener\">Actualitzaci\u00f3 del Pla de Funcionament del Menjador Escolar<\/a><\/li>\n<li><a href=\"https:\/\/drive.google.com\/file\/d\/1l4bKAP4PMs2e5LQ_XYxQ5wrUtYiM5GXb\/view?usp=sharing\" target=\"_blank\" rel=\"noopener\">Aprovaci\u00f3 de la Mem\u00f2ria del sistema de videovigil\u00e0ncia<\/a><\/li>\n<\/ul>\n<p>&nbsp;<\/p>\n","protected":false},"excerpt":{"rendered":"<p>Aqu\u00ed podreu trobar relacionats els acords presos en les sessions del Consell Escolar del nostre centre. Darrera sessi\u00f3: 5 de juny de 2025 Temes tractats: Calendari Escolar 2025-2026 Modificaci\u00f3 de la Composici\u00f3 del Consell Escolar Modificaci\u00f3 de les NOFC Actualitzaci\u00f3 del Pla de Funcionament del Menjador Escolar Aprovaci\u00f3 de la Mem\u00f2ria del sistema de videovigil\u00e0ncia [&hellip;]<\/p>\n","protected":false},"author":1,"featured_media":0,"parent":4767,"menu_order":20,"comment_status":"closed","ping_status":"closed","template":"","meta":{"_bbp_topic_count":0,"_bbp_reply_count":0,"_bbp_total_topic_count":0,"_bbp_total_reply_count":0,"_bbp_voice_count":0,"_bbp_anonymous_reply_count":0,"_bbp_topic_count_hidden":0,"_bbp_reply_count_hidden":0,"_bbp_forum_subforum_count":0,"site-sidebar-layout":"default","site-content-layout":"","ast-site-content-layout":"","site-content-style":"default","site-sidebar-style":"default","ast-global-header-display":"","ast-banner-title-visibility":"","ast-main-header-display":"","ast-hfb-above-header-display":"","ast-hfb-below-header-display":"","ast-hfb-mobile-header-display":"","site-post-title":"","ast-breadcrumbs-content":"","ast-featured-img":"","footer-sml-layout":"","theme-transparent-header-meta":"","adv-header-id-meta":"","stick-header-meta":"","header-above-stick-meta":"","header-main-stick-meta":"","header-below-stick-meta":"","astra-migrate-meta-layouts":"default","ast-page-background-enabled":"default","ast-page-background-meta":{"desktop":{"background-color":"var(--ast-global-color-4)","background-image":"","background-repeat":"repeat","background-position":"center center","background-size":"auto","background-attachment":"scroll","background-type":"","background-media":"","overlay-type":"","overlay-color":"","overlay-opacity":"","overlay-gradient":""},"tablet":{"background-color":"","background-image":"","background-repeat":"repeat","background-position":"center center","background-size":"auto","background-attachment":"scroll","background-type":"","background-media":"","overlay-type":"","overlay-color":"","overlay-opacity":"","overlay-gradient":""},"mobile":{"background-color":"","background-image":"","background-repeat":"repeat","background-position":"center center","background-size":"auto","background-attachment":"scroll","background-type":"","background-media":"","overlay-type":"","overlay-color":"","overlay-opacity":"","overlay-gradient":""}},"ast-content-background-meta":{"desktop":{"background-color":"var(--ast-global-color-5)","background-image":"","background-repeat":"repeat","background-position":"center center","background-size":"auto","background-attachment":"scroll","background-type":"","background-media":"","overlay-type":"","overlay-color":"","overlay-opacity":"","overlay-gradient":""},"tablet":{"background-color":"var(--ast-global-color-5)","background-image":"","background-repeat":"repeat","background-position":"center center","background-size":"auto","background-attachment":"scroll","background-type":"","background-media":"","overlay-type":"","overlay-color":"","overlay-opacity":"","overlay-gradient":""},"mobile":{"background-color":"var(--ast-global-color-5)","background-image":"","background-repeat":"repeat","background-position":"center center","background-size":"auto","background-attachment":"scroll","background-type":"","background-media":"","overlay-type":"","overlay-color":"","overlay-opacity":"","overlay-gradient":""}},"footnotes":""},"class_list":["post-4750","page","type-page","status-publish","hentry"],"post_mailing_queue_ids":[],"_links":{"self":[{"href":"https:\/\/agora.xtec.cat\/ceip-santmiquel\/wp-json\/wp\/v2\/pages\/4750","targetHints":{"allow":["GET"]}}],"collection":[{"href":"https:\/\/agora.xtec.cat\/ceip-santmiquel\/wp-json\/wp\/v2\/pages"}],"about":[{"href":"https:\/\/agora.xtec.cat\/ceip-santmiquel\/wp-json\/wp\/v2\/types\/page"}],"author":[{"embeddable":true,"href":"https:\/\/agora.xtec.cat\/ceip-santmiquel\/wp-json\/wp\/v2\/users\/1"}],"replies":[{"embeddable":true,"href":"https:\/\/agora.xtec.cat\/ceip-santmiquel\/wp-json\/wp\/v2\/comments?post=4750"}],"version-history":[{"count":7,"href":"https:\/\/agora.xtec.cat\/ceip-santmiquel\/wp-json\/wp\/v2\/pages\/4750\/revisions"}],"predecessor-version":[{"id":13427,"href":"https:\/\/agora.xtec.cat\/ceip-santmiquel\/wp-json\/wp\/v2\/pages\/4750\/revisions\/13427"}],"up":[{"embeddable":true,"href":"https:\/\/agora.xtec.cat\/ceip-santmiquel\/wp-json\/wp\/v2\/pages\/4767"}],"wp:attachment":[{"href":"https:\/\/agora.xtec.cat\/ceip-santmiquel\/wp-json\/wp\/v2\/media?parent=4750"}],"curies":[{"name":"wp","href":"https:\/\/api.w.org\/{rel}","templated":true}]}}