{"id":38,"date":"2014-09-18T12:34:08","date_gmt":"2014-09-18T11:34:08","guid":{"rendered":"http:\/\/agora.xtec.cat\/ceip-santmiquel\/?page_id=38"},"modified":"2019-09-03T17:28:21","modified_gmt":"2019-09-03T15:28:21","slug":"salut","status":"publish","type":"page","link":"https:\/\/agora.xtec.cat\/ceip-santmiquel\/lescola\/salut\/","title":{"rendered":"Salut"},"content":{"rendered":"<h4>Polls<\/h4>\n<p>En\u00a0el cas d\u2019algun alumne amb polls al cap&#8230;\u00a0us demanem que vigileu b\u00e9 si el vostre fill o filla en t\u00e9, per tal que li pugueu aplicar les mesures corresponents i no afavorir el contagi.<\/p>\n<p>Us adrecem tamb\u00e9 una s\u00e8rie d\u2019interrogants en relaci\u00f3 al tema:<\/p>\n<p><strong><em>Com es pot veure si un t\u00e9 polls?<\/em><\/strong><\/p>\n<p>Es poden recon\u00e8ixer els ous. S\u00f3n molt petits i estan fortament enganxats a la base del cabell. Cal revisar b\u00e9 darrera les orelles i el clatell.<\/p>\n<p><strong><em>Qu\u00e8 s\u2019ha de fer per eliminar-los?<\/em><\/strong><\/p>\n<p>Cal aplicar un xamp\u00fa i una loci\u00f3 espec\u00edfica durant uns dies, que es repeteix al cap d\u2019una setmana.<\/p>\n<p>Els cabells curts faciliten aquesta operaci\u00f3.<\/p>\n<p><strong><em>Com es transmeten els polls?<\/em><\/strong><\/p>\n<p>Els polls es desplacen pel cap lentament i passen d\u2019una persona a l\u2019altra per proximitat quan s\u2019acosten, juguen o intercanvien objectes personals com les bufandes, els abrics, gorres, \u2026<\/p>\n<p><strong>Us agrair\u00edem que els nens\/es afectats amb polls o ll\u00e9menes es quedessin a casa fins no tenir cap par\u00e0sit per tal de no encomanar-los als altres.<\/strong><\/p>\n<p>&nbsp;<\/p>\n<p>Web per solucionar tots els dubtes relacionats amb la salut dels nostres alumnes:<\/p>\n<p><a href=\"http:\/\/salutweb.gencat.cat\/ca\/ambits_tematics\/per_perfils\/centres_educatius\/\">SALUT ALS CENTRES EDUCATIUS<\/a><\/p>\n<p>&nbsp;<\/p>\n<p>&nbsp;<\/p>\n<p>&nbsp;<\/p>\n<p>&nbsp;<\/p>\n","protected":false},"excerpt":{"rendered":"<p>Polls En\u00a0el cas d\u2019algun alumne amb polls al cap&#8230;\u00a0us demanem que vigileu b\u00e9 si el vostre fill o filla en t\u00e9, per tal que li pugueu aplicar les mesures corresponents i no afavorir el contagi. Us adrecem tamb\u00e9 una s\u00e8rie d\u2019interrogants en relaci\u00f3 al tema: Com es pot veure si un t\u00e9 polls? Es poden [&hellip;]<\/p>\n","protected":false},"author":1,"featured_media":0,"parent":22,"menu_order":80,"comment_status":"closed","ping_status":"closed","template":"page-templates\/side-menu.php","meta":{"_bbp_topic_count":0,"_bbp_reply_count":0,"_bbp_total_topic_count":0,"_bbp_total_reply_count":0,"_bbp_voice_count":0,"_bbp_anonymous_reply_count":0,"_bbp_topic_count_hidden":0,"_bbp_reply_count_hidden":0,"_bbp_forum_subforum_count":0,"site-sidebar-layout":"default","site-content-layout":"","ast-site-content-layout":"","site-content-style":"default","site-sidebar-style":"default","ast-global-header-display":"","ast-banner-title-visibility":"","ast-main-header-display":"","ast-hfb-above-header-display":"","ast-hfb-below-header-display":"","ast-hfb-mobile-header-display":"","site-post-title":"","ast-breadcrumbs-content":"","ast-featured-img":"","footer-sml-layout":"","theme-transparent-header-meta":"","adv-header-id-meta":"","stick-header-meta":"","header-above-stick-meta":"","header-main-stick-meta":"","header-below-stick-meta":"","astra-migrate-meta-layouts":"default","ast-page-background-enabled":"default","ast-page-background-meta":{"desktop":{"background-color":"var(--ast-global-color-4)","background-image":"","background-repeat":"repeat","background-position":"center center","background-size":"auto","background-attachment":"scroll","background-type":"","background-media":"","overlay-type":"","overlay-color":"","overlay-opacity":"","overlay-gradient":""},"tablet":{"background-color":"","background-image":"","background-repeat":"repeat","background-position":"center center","background-size":"auto","background-attachment":"scroll","background-type":"","background-media":"","overlay-type":"","overlay-color":"","overlay-opacity":"","overlay-gradient":""},"mobile":{"background-color":"","background-image":"","background-repeat":"repeat","background-position":"center center","background-size":"auto","background-attachment":"scroll","background-type":"","background-media":"","overlay-type":"","overlay-color":"","overlay-opacity":"","overlay-gradient":""}},"ast-content-background-meta":{"desktop":{"background-color":"var(--ast-global-color-5)","background-image":"","background-repeat":"repeat","background-position":"center center","background-size":"auto","background-attachment":"scroll","background-type":"","background-media":"","overlay-type":"","overlay-color":"","overlay-opacity":"","overlay-gradient":""},"tablet":{"background-color":"var(--ast-global-color-5)","background-image":"","background-repeat":"repeat","background-position":"center center","background-size":"auto","background-attachment":"scroll","background-type":"","background-media":"","overlay-type":"","overlay-color":"","overlay-opacity":"","overlay-gradient":""},"mobile":{"background-color":"var(--ast-global-color-5)","background-image":"","background-repeat":"repeat","background-position":"center center","background-size":"auto","background-attachment":"scroll","background-type":"","background-media":"","overlay-type":"","overlay-color":"","overlay-opacity":"","overlay-gradient":""}},"footnotes":""},"class_list":["post-38","page","type-page","status-publish","hentry"],"post_mailing_queue_ids":[],"_links":{"self":[{"href":"https:\/\/agora.xtec.cat\/ceip-santmiquel\/wp-json\/wp\/v2\/pages\/38","targetHints":{"allow":["GET"]}}],"collection":[{"href":"https:\/\/agora.xtec.cat\/ceip-santmiquel\/wp-json\/wp\/v2\/pages"}],"about":[{"href":"https:\/\/agora.xtec.cat\/ceip-santmiquel\/wp-json\/wp\/v2\/types\/page"}],"author":[{"embeddable":true,"href":"https:\/\/agora.xtec.cat\/ceip-santmiquel\/wp-json\/wp\/v2\/users\/1"}],"replies":[{"embeddable":true,"href":"https:\/\/agora.xtec.cat\/ceip-santmiquel\/wp-json\/wp\/v2\/comments?post=38"}],"version-history":[{"count":3,"href":"https:\/\/agora.xtec.cat\/ceip-santmiquel\/wp-json\/wp\/v2\/pages\/38\/revisions"}],"predecessor-version":[{"id":934,"href":"https:\/\/agora.xtec.cat\/ceip-santmiquel\/wp-json\/wp\/v2\/pages\/38\/revisions\/934"}],"up":[{"embeddable":true,"href":"https:\/\/agora.xtec.cat\/ceip-santmiquel\/wp-json\/wp\/v2\/pages\/22"}],"wp:attachment":[{"href":"https:\/\/agora.xtec.cat\/ceip-santmiquel\/wp-json\/wp\/v2\/media?parent=38"}],"curies":[{"name":"wp","href":"https:\/\/api.w.org\/{rel}","templated":true}]}}