{"id":30,"date":"2014-09-18T12:30:23","date_gmt":"2014-09-18T11:30:23","guid":{"rendered":"http:\/\/agora.xtec.cat\/ceip-santmiquel\/?page_id=30"},"modified":"2025-12-08T20:32:08","modified_gmt":"2025-12-08T19:32:08","slug":"instal%c2%b7lacions","status":"publish","type":"page","link":"https:\/\/agora.xtec.cat\/ceip-santmiquel\/lescola\/instal%c2%b7lacions\/","title":{"rendered":"Equip hum\u00e0"},"content":{"rendered":"<p>Personal del centre:<\/p>\n<table style=\"width: 60.5563%; height: 761px;\">\n<tbody>\n<tr style=\"height: 32px;\">\n<td style=\"width: 24.7487%; height: 32px;\"><span style=\"text-decoration: underline;\">Nivell<\/span><\/td>\n<td style=\"width: 30.4021%; height: 32px;\"><span style=\"text-decoration: underline;\">Professorat\u00a0<\/span><\/td>\n<td style=\"width: 43.7185%; height: 32px;\"><span style=\"text-decoration: underline;\">Adre\u00e7a de contacte<\/span><\/td>\n<\/tr>\n<tr style=\"height: 56px;\">\n<td style=\"width: 24.7487%; height: 56px;\">Ed. Infantil 3 anys:<\/td>\n<td style=\"width: 30.4021%; height: 56px;\"><strong>Ingrid Palau<\/strong><\/td>\n<td style=\"width: 43.7185%; height: 56px;\"><a href=\"mailto:laurauceda@santmiquel.cat\">ingridpalau@santmiquel.cat<\/a><\/td>\n<\/tr>\n<tr style=\"height: 32px;\">\n<td style=\"width: 24.7487%; height: 32px;\">Ed. Infantil 4 anys:<\/td>\n<td style=\"width: 30.4021%; height: 32px;\"><strong>N\u00faria Espinet<\/strong><\/td>\n<td style=\"width: 43.7185%; height: 32px;\"><a href=\"mailto:nuriaespinet@santmiquel.cat\">nuriaespinet@santmiquel.cato<\/a><\/td>\n<\/tr>\n<tr style=\"height: 32px;\">\n<td style=\"width: 24.7487%; height: 32px;\">Ed. Infantil 5 anys:<\/td>\n<td style=\"width: 30.4021%; height: 32px;\"><strong>Anna Roca<\/strong><\/td>\n<td style=\"width: 43.7185%; height: 32px;\"><a href=\"mailto:annaroca@santmiquel.cat\">annaroca@santmiquel.cat<\/a><\/td>\n<\/tr>\n<tr style=\"height: 32px;\">\n<td style=\"width: 24.7487%; height: 49px;\">Refor\u00e7 Infantil:<\/td>\n<td style=\"width: 30.4021%; height: 49px;\"><strong>Neus Berniz<\/strong><\/td>\n<td style=\"width: 43.7185%; height: 49px;\"><a href=\"mailto:direccio@santmiquel.cat\">direccio@santmiquel.cat<\/a><\/td>\n<\/tr>\n<tr style=\"height: 32px;\">\n<td style=\"width: 24.7487%; height: 47px;\">1r Prim\u00e0ria<\/td>\n<td style=\"width: 30.4021%; height: 47px;\"><strong>N\u00faria Arrufat<\/strong><\/td>\n<td style=\"width: 43.7185%; height: 47px;\"><a href=\"mailto:nuriaarrufat@santmiquel.cat\">nuriaarrufat@santmiquel.cat<\/a><\/td>\n<\/tr>\n<tr style=\"height: 32px;\">\n<td style=\"width: 24.7487%; height: 49px;\">2n Prim\u00e0ria<\/td>\n<td style=\"width: 30.4021%; height: 49px;\"><strong>M. Dolors Turmo<\/strong><\/td>\n<td style=\"width: 43.7185%; height: 49px;\"><a href=\"mailto:dolorsturmo@santmiquel.cat\">dolorsturmo@santmiquel.cat<\/a><\/td>\n<\/tr>\n<tr style=\"height: 32px;\">\n<td style=\"width: 24.7487%; height: 52px;\">3r Prim\u00e0ria<\/td>\n<td style=\"width: 30.4021%; height: 52px;\"><strong>Tere Duran<\/strong><\/td>\n<td style=\"width: 43.7185%; height: 52px;\"><a href=\"mailto:tereduran@santmiquel.cat\">tereduran@santmiquel.cat<\/a><\/td>\n<\/tr>\n<tr style=\"height: 32px;\">\n<td style=\"width: 24.7487%; height: 53px;\">4t Prim\u00e0ria<\/td>\n<td style=\"width: 30.4021%; height: 53px;\"><strong>Joana Tom\u00e9<\/strong><strong><br \/>\n<\/strong><\/td>\n<td style=\"width: 43.7185%; height: 53px;\"><a href=\"mailto:joanatome@santmiquel.cat\">joanatome@santmiquel.cat<\/a><\/td>\n<\/tr>\n<tr style=\"height: 32px;\">\n<td style=\"width: 24.7487%; height: 52px;\">5\u00e8 Prim\u00e0ria<\/td>\n<td style=\"width: 30.4021%; height: 52px;\"><strong>Narc\u00eds Farr\u00e9<\/strong><\/td>\n<td style=\"width: 43.7185%; height: 52px;\"><a href=\"mailto:narcisfarre@santmiquel.cat\">narcisfarre<span class=\"\">@santmiquel.cat<\/span><\/a><\/td>\n<\/tr>\n<tr style=\"height: 32px;\">\n<td style=\"width: 24.7487%; height: 45px;\">6\u00e8 Prim\u00e0ria<\/td>\n<td style=\"width: 30.4021%; height: 45px;\"><b>Marta Bosch<\/b><\/td>\n<td style=\"width: 43.7185%; height: 45px;\"><a href=\"mailto:martabosch@santmiquel.cat\"><span class=\"\">martabosch@<\/span><span class=\"\">santmiquel.cat<\/span><\/a><\/td>\n<\/tr>\n<tr style=\"height: 46px;\">\n<td style=\"width: 24.7487%; height: 46px;\">Especialista Ed. Especial<\/td>\n<td style=\"width: 30.4021%; height: 46px;\"><strong>Noem\u00ed Munn\u00e9<\/strong><\/td>\n<td style=\"width: 43.7185%; height: 46px;\"><a href=\"mailto:noemimunne@santmiquel.cat\">noemimunne@santmiquel.cat<\/a><\/td>\n<\/tr>\n<tr style=\"height: 46px;\">\n<td style=\"width: 24.7487%; height: 46px;\">Especialista de M\u00fasica<\/td>\n<td style=\"width: 30.4021%; height: 46px;\"><strong>Anna Blanch<\/strong><\/td>\n<td style=\"width: 43.7185%; height: 46px;\"><a href=\"mailto:annablanch@santmiquel.cat\">annablanch<span class=\"\">@santmiquel.cat<\/span><\/a><\/td>\n<\/tr>\n<tr style=\"height: 46px;\">\n<td style=\"width: 24.7487%; height: 46px;\">Especialista Llengua Anglesa<\/td>\n<td style=\"width: 30.4021%; height: 46px;\"><strong>Adri\u00e0 Farr\u00e9<\/strong><\/td>\n<td style=\"width: 43.7185%; height: 46px;\"><a href=\"mailto:adriafarre@santmiquel.cat\">adriafarre<span class=\"\"><span class=\"\">@santmiquel.cat<\/span><\/span><\/a><\/td>\n<\/tr>\n<tr style=\"height: 51px;\">\n<td style=\"width: 24.7487%; height: 51px;\">Especialista Llengua Anglesa<\/td>\n<td style=\"width: 30.4021%; height: 51px;\"><strong>Joana Dalmau<\/strong><\/td>\n<td style=\"width: 43.7185%; height: 51px;\"><a href=\"mailto:joanadalmau@santmiquel.cat\"><span class=\"\">joanadalmau@santmiquel.cat<\/span><\/a><\/td>\n<\/tr>\n<tr style=\"height: 31px;\">\n<td style=\"width: 24.7487%; height: 42px;\">Religi\u00f3<\/td>\n<td style=\"width: 30.4021%; height: 42px;\"><b>Neus Llenas<\/b><\/td>\n<td style=\"width: 43.7185%; height: 42px;\"><a href=\"mailto:neusllenas@santmiquel.cat\"><span class=\"\">neusllenas@santmiquel.cat<\/span><\/a><\/td>\n<\/tr>\n<tr style=\"height: 31px;\">\n<td style=\"width: 24.7487%; height: 31px;\">Especialista Ed. F\u00edsica<\/td>\n<td style=\"width: 30.4021%; height: 31px;\"><strong>Francesc Font<\/strong><\/td>\n<td style=\"width: 43.7185%; height: 31px;\"><a href=\"mailto:francescfont@santmiquel.cat\">francescfont@santmiquel.cat<\/a><\/td>\n<\/tr>\n<\/tbody>\n<\/table>\n<p><span style=\"text-decoration-line: underline; font-family: inherit; font-size: 1em;\">Equip Directiu:<\/span><\/p>\n<ul>\n<li>Cap d&#8217;estudis: <strong>Noem\u00ed Munn\u00e9<\/strong><\/li>\n<li>Secretari: <strong>Adri\u00e0 Farr\u00e9<\/strong><\/li>\n<li>Directora: <strong>Neus Berniz<\/strong><\/li>\n<\/ul>\n<p><span style=\"text-decoration: underline;\">Personal de suport:<\/span><\/p>\n<ul>\n<li>Logopeda EAP:\u00a0<strong>Teresa Regu\u00e9<\/strong><\/li>\n<li>Treballadora social EAP: <b>Empar Gin\u00e9<\/b><\/li>\n<li>Psicopedagoga EAP: <strong>Llu\u00efsa Coll<\/strong><\/li>\n<\/ul>\n<p><span style=\"text-decoration: underline;\">Auxiliar administrativa:<\/span><\/p>\n<ul>\n<li><strong>Maite Llovera (<a href=\"mailto:secretaria@santmiquel.cat\" target=\"_blank\" rel=\"noopener\">secretaria@santmiquel.cat<\/a>)<\/strong><\/li>\n<\/ul>\n<p><span style=\"text-decoration: underline;\">Personal de cuina<\/span><\/p>\n<ul>\n<li>Monitoratge:<strong> Ester Joanpere, Xavi Caballero i Lourdes (<a href=\"mailto:menjador@santmiquel.cat\" target=\"_blank\" rel=\"noopener\">menjador@santmiquel.cat<\/a>)<\/strong><\/li>\n<\/ul>\n","protected":false},"excerpt":{"rendered":"<p>Personal del centre: Nivell Professorat\u00a0 Adre\u00e7a de contacte Ed. Infantil 3 anys: Ingrid Palau ingridpalau@santmiquel.cat Ed. Infantil 4 anys: N\u00faria Espinet nuriaespinet@santmiquel.cato Ed. Infantil 5 anys: Anna Roca annaroca@santmiquel.cat Refor\u00e7 Infantil: Neus Berniz direccio@santmiquel.cat 1r Prim\u00e0ria N\u00faria Arrufat nuriaarrufat@santmiquel.cat 2n Prim\u00e0ria M. Dolors Turmo dolorsturmo@santmiquel.cat 3r Prim\u00e0ria Tere Duran tereduran@santmiquel.cat 4t Prim\u00e0ria Joana Tom\u00e9 joanatome@santmiquel.cat [&hellip;]<\/p>\n","protected":false},"author":1,"featured_media":0,"parent":22,"menu_order":30,"comment_status":"closed","ping_status":"closed","template":"page-templates\/side-menu.php","meta":{"_bbp_topic_count":0,"_bbp_reply_count":0,"_bbp_total_topic_count":0,"_bbp_total_reply_count":0,"_bbp_voice_count":0,"_bbp_anonymous_reply_count":0,"_bbp_topic_count_hidden":0,"_bbp_reply_count_hidden":0,"_bbp_forum_subforum_count":0,"site-sidebar-layout":"default","site-content-layout":"","ast-site-content-layout":"","site-content-style":"default","site-sidebar-style":"default","ast-global-header-display":"","ast-banner-title-visibility":"","ast-main-header-display":"","ast-hfb-above-header-display":"","ast-hfb-below-header-display":"","ast-hfb-mobile-header-display":"","site-post-title":"","ast-breadcrumbs-content":"","ast-featured-img":"","footer-sml-layout":"","theme-transparent-header-meta":"","adv-header-id-meta":"","stick-header-meta":"","header-above-stick-meta":"","header-main-stick-meta":"","header-below-stick-meta":"","astra-migrate-meta-layouts":"default","ast-page-background-enabled":"default","ast-page-background-meta":{"desktop":{"background-color":"var(--ast-global-color-4)","background-image":"","background-repeat":"repeat","background-position":"center center","background-size":"auto","background-attachment":"scroll","background-type":"","background-media":"","overlay-type":"","overlay-color":"","overlay-opacity":"","overlay-gradient":""},"tablet":{"background-color":"","background-image":"","background-repeat":"repeat","background-position":"center center","background-size":"auto","background-attachment":"scroll","background-type":"","background-media":"","overlay-type":"","overlay-color":"","overlay-opacity":"","overlay-gradient":""},"mobile":{"background-color":"","background-image":"","background-repeat":"repeat","background-position":"center center","background-size":"auto","background-attachment":"scroll","background-type":"","background-media":"","overlay-type":"","overlay-color":"","overlay-opacity":"","overlay-gradient":""}},"ast-content-background-meta":{"desktop":{"background-color":"var(--ast-global-color-5)","background-image":"","background-repeat":"repeat","background-position":"center center","background-size":"auto","background-attachment":"scroll","background-type":"","background-media":"","overlay-type":"","overlay-color":"","overlay-opacity":"","overlay-gradient":""},"tablet":{"background-color":"var(--ast-global-color-5)","background-image":"","background-repeat":"repeat","background-position":"center center","background-size":"auto","background-attachment":"scroll","background-type":"","background-media":"","overlay-type":"","overlay-color":"","overlay-opacity":"","overlay-gradient":""},"mobile":{"background-color":"var(--ast-global-color-5)","background-image":"","background-repeat":"repeat","background-position":"center center","background-size":"auto","background-attachment":"scroll","background-type":"","background-media":"","overlay-type":"","overlay-color":"","overlay-opacity":"","overlay-gradient":""}},"footnotes":""},"class_list":["post-30","page","type-page","status-publish","hentry"],"post_mailing_queue_ids":[],"_links":{"self":[{"href":"https:\/\/agora.xtec.cat\/ceip-santmiquel\/wp-json\/wp\/v2\/pages\/30","targetHints":{"allow":["GET"]}}],"collection":[{"href":"https:\/\/agora.xtec.cat\/ceip-santmiquel\/wp-json\/wp\/v2\/pages"}],"about":[{"href":"https:\/\/agora.xtec.cat\/ceip-santmiquel\/wp-json\/wp\/v2\/types\/page"}],"author":[{"embeddable":true,"href":"https:\/\/agora.xtec.cat\/ceip-santmiquel\/wp-json\/wp\/v2\/users\/1"}],"replies":[{"embeddable":true,"href":"https:\/\/agora.xtec.cat\/ceip-santmiquel\/wp-json\/wp\/v2\/comments?post=30"}],"version-history":[{"count":6,"href":"https:\/\/agora.xtec.cat\/ceip-santmiquel\/wp-json\/wp\/v2\/pages\/30\/revisions"}],"predecessor-version":[{"id":13698,"href":"https:\/\/agora.xtec.cat\/ceip-santmiquel\/wp-json\/wp\/v2\/pages\/30\/revisions\/13698"}],"up":[{"embeddable":true,"href":"https:\/\/agora.xtec.cat\/ceip-santmiquel\/wp-json\/wp\/v2\/pages\/22"}],"wp:attachment":[{"href":"https:\/\/agora.xtec.cat\/ceip-santmiquel\/wp-json\/wp\/v2\/media?parent=30"}],"curies":[{"name":"wp","href":"https:\/\/api.w.org\/{rel}","templated":true}]}}