{"id":28,"date":"2014-09-18T12:29:35","date_gmt":"2014-09-18T11:29:35","guid":{"rendered":"http:\/\/agora.xtec.cat\/ceip-santmiquel\/?page_id=28"},"modified":"2025-12-12T08:50:37","modified_gmt":"2025-12-12T07:50:37","slug":"consell-escolar","status":"publish","type":"page","link":"https:\/\/agora.xtec.cat\/ceip-santmiquel\/lescola\/consell-escolar-2\/consell-escolar\/","title":{"rendered":"Composici\u00f3 Consell Escolar"},"content":{"rendered":"<p>El consell escolar est\u00e0 format per:<\/p>\n<p><strong>Equip Directiu:<\/strong> Neus Berniz, Adri\u00e0 Farr\u00e9 i Noem\u00ed Munn\u00e9<br \/>\n<strong>Sector Mestres: <\/strong>Tere Duran, N\u00faria Arrufat, Marta Bosch, Narc\u00eds Farre i Joana Dalmau<br \/>\n<strong>Sector Pares:<\/strong> Joel Segura, Manuel Bu\u00f1ales, N\u00faria Mir\u00f3, Josep Maria Garcia<br \/>\n<strong>Representant AFA:<\/strong> Albert Gim\u00e9nez<br \/>\n<strong>Representant Ajuntament:<\/strong> Marta Huertos<\/p>\n<p>\u2013 Les persones del consell escolar s\u00f3n elegides per un per\u00edode de quatre anys i es renoven per meitats cada dos anys.<br \/>\n\u2013 Les eleccions per a la constituci\u00f3 o renovaci\u00f3 de membres del consell escolar, les convoca el director o directora del centre.<br \/>\n\u2013 Les vacants del consell escolar s\u2019han d\u2019ocupar pel procediment establert a les normes d\u2019organitzaci\u00f3 i funcionament del centre.<br \/>\n\u2013 La condici\u00f3 de membre del consell escolar es perd quan es deixa el c\u00e0rrec que comporta ser-ne membre, quan es deixa de complir algun dels requisits per ser elegible o quan l\u2019\u00f2rgan que l\u2019ha designat en revoca la designaci\u00f3.<br \/>\n\u2013 Transcorregut el termini de dos anys de la darrera renovaci\u00f3, la direcci\u00f3 convocar\u00e0 eleccions per a la renovaci\u00f3 parcial dels membres del consell escolar del centre, en la meitat que en cada cas correspongui, d\u2019acord amb la regulaci\u00f3.<br \/>\n\u2013 El consell escolar es reunir\u00e0, com a m\u00ednim, a l\u2019inici de curs i far\u00e0 una reuni\u00f3 cada trimestre i una al final de curs.<\/p>\n","protected":false},"excerpt":{"rendered":"<p>El consell escolar est\u00e0 format per: Equip Directiu: Neus Berniz, Adri\u00e0 Farr\u00e9 i Noem\u00ed Munn\u00e9 Sector Mestres: Tere Duran, N\u00faria Arrufat, Marta Bosch, Narc\u00eds Farre i Joana Dalmau Sector Pares: Joel Segura, Manuel Bu\u00f1ales, N\u00faria Mir\u00f3, Josep Maria Garcia Representant AFA: Albert Gim\u00e9nez Representant Ajuntament: Marta Huertos \u2013 Les persones del consell escolar s\u00f3n elegides [&hellip;]<\/p>\n","protected":false},"author":1,"featured_media":0,"parent":4767,"menu_order":10,"comment_status":"closed","ping_status":"closed","template":"","meta":{"_bbp_topic_count":0,"_bbp_reply_count":0,"_bbp_total_topic_count":0,"_bbp_total_reply_count":0,"_bbp_voice_count":0,"_bbp_anonymous_reply_count":0,"_bbp_topic_count_hidden":0,"_bbp_reply_count_hidden":0,"_bbp_forum_subforum_count":0,"site-sidebar-layout":"default","site-content-layout":"","ast-site-content-layout":"","site-content-style":"default","site-sidebar-style":"default","ast-global-header-display":"","ast-banner-title-visibility":"","ast-main-header-display":"","ast-hfb-above-header-display":"","ast-hfb-below-header-display":"","ast-hfb-mobile-header-display":"","site-post-title":"","ast-breadcrumbs-content":"","ast-featured-img":"","footer-sml-layout":"","theme-transparent-header-meta":"","adv-header-id-meta":"","stick-header-meta":"","header-above-stick-meta":"","header-main-stick-meta":"","header-below-stick-meta":"","astra-migrate-meta-layouts":"default","ast-page-background-enabled":"default","ast-page-background-meta":{"desktop":{"background-color":"var(--ast-global-color-4)","background-image":"","background-repeat":"repeat","background-position":"center center","background-size":"auto","background-attachment":"scroll","background-type":"","background-media":"","overlay-type":"","overlay-color":"","overlay-opacity":"","overlay-gradient":""},"tablet":{"background-color":"","background-image":"","background-repeat":"repeat","background-position":"center center","background-size":"auto","background-attachment":"scroll","background-type":"","background-media":"","overlay-type":"","overlay-color":"","overlay-opacity":"","overlay-gradient":""},"mobile":{"background-color":"","background-image":"","background-repeat":"repeat","background-position":"center center","background-size":"auto","background-attachment":"scroll","background-type":"","background-media":"","overlay-type":"","overlay-color":"","overlay-opacity":"","overlay-gradient":""}},"ast-content-background-meta":{"desktop":{"background-color":"var(--ast-global-color-5)","background-image":"","background-repeat":"repeat","background-position":"center center","background-size":"auto","background-attachment":"scroll","background-type":"","background-media":"","overlay-type":"","overlay-color":"","overlay-opacity":"","overlay-gradient":""},"tablet":{"background-color":"var(--ast-global-color-5)","background-image":"","background-repeat":"repeat","background-position":"center center","background-size":"auto","background-attachment":"scroll","background-type":"","background-media":"","overlay-type":"","overlay-color":"","overlay-opacity":"","overlay-gradient":""},"mobile":{"background-color":"var(--ast-global-color-5)","background-image":"","background-repeat":"repeat","background-position":"center center","background-size":"auto","background-attachment":"scroll","background-type":"","background-media":"","overlay-type":"","overlay-color":"","overlay-opacity":"","overlay-gradient":""}},"footnotes":""},"class_list":["post-28","page","type-page","status-publish","hentry"],"post_mailing_queue_ids":[],"_links":{"self":[{"href":"https:\/\/agora.xtec.cat\/ceip-santmiquel\/wp-json\/wp\/v2\/pages\/28","targetHints":{"allow":["GET"]}}],"collection":[{"href":"https:\/\/agora.xtec.cat\/ceip-santmiquel\/wp-json\/wp\/v2\/pages"}],"about":[{"href":"https:\/\/agora.xtec.cat\/ceip-santmiquel\/wp-json\/wp\/v2\/types\/page"}],"author":[{"embeddable":true,"href":"https:\/\/agora.xtec.cat\/ceip-santmiquel\/wp-json\/wp\/v2\/users\/1"}],"replies":[{"embeddable":true,"href":"https:\/\/agora.xtec.cat\/ceip-santmiquel\/wp-json\/wp\/v2\/comments?post=28"}],"version-history":[{"count":6,"href":"https:\/\/agora.xtec.cat\/ceip-santmiquel\/wp-json\/wp\/v2\/pages\/28\/revisions"}],"predecessor-version":[{"id":13712,"href":"https:\/\/agora.xtec.cat\/ceip-santmiquel\/wp-json\/wp\/v2\/pages\/28\/revisions\/13712"}],"up":[{"embeddable":true,"href":"https:\/\/agora.xtec.cat\/ceip-santmiquel\/wp-json\/wp\/v2\/pages\/4767"}],"wp:attachment":[{"href":"https:\/\/agora.xtec.cat\/ceip-santmiquel\/wp-json\/wp\/v2\/media?parent=28"}],"curies":[{"name":"wp","href":"https:\/\/api.w.org\/{rel}","templated":true}]}}