{"id":26,"date":"2014-09-18T12:24:32","date_gmt":"2014-09-18T11:24:32","guid":{"rendered":"http:\/\/agora.xtec.cat\/ceip-santmiquel\/?page_id=26"},"modified":"2016-09-25T08:27:19","modified_gmt":"2016-09-25T07:27:19","slug":"historia","status":"publish","type":"page","link":"https:\/\/agora.xtec.cat\/ceip-santmiquel\/lescola\/historia\/","title":{"rendered":"Hist\u00f2ria"},"content":{"rendered":"<p style=\"text-align: right;\">(Amb el nostre agra\u00efment al Ton Sol\u00e9 per la informaci\u00f3 facilitada)<\/p>\n<p><strong>Una mirada al passat de l\u2019escola p\u00fablica de Miralcamp.<\/strong><\/p>\n<p>A final del segle XIX, curs escolar 1896 \u2013 1897, l\u2019escola p\u00fablica de Miralcamp estava situada a la Pla\u00e7a Major, n\u00ba 8. Era un edifici de tres plantes,\u00a0 a\u00a0 la planta baixa hi havia dos carnisseries i al mig el forn de pa comunal. A La primera planta hi havia l\u2019escola de \u00a0nenes i a la segona l\u2019escola dels nens. L\u2019acc\u00e9s era per unes escales que hi havia en un costat de l\u2019edifici. Cada escola tenia una \u00fanica sala per fer les classes. Els mestres eren Ramon Gom\u00e0 Trib\u00f3 i Maria Palanca Llombart.<\/p>\n<p>L\u2019augment del cens de nens i nenes en edat escolar (172 a l\u2019any 1929) i el deteriorament de l\u2019edifici obligaren a l\u2019ajuntament a promoure la construcci\u00f3 d\u2019una escola nova i al desembre de 1932 \u00a0la Junta Local d\u2019Instrucci\u00f3 aprov\u00e0 incoar l\u2019expedient per a la seva construcci\u00f3, despr\u00e8s d\u2019escoltar els raonaments del Dr. Garc\u00eda Teixid\u00f3, qui\u00a0 defensava <em>\u201c&#8230; la necesidad imprescindible de crear otra escuela unitaria de cada sexo, por raz\u00f3n indiscutible del n\u00famero de escolares de la poblaci\u00f3n &#8230;\u201d. <\/em>Tot i els arguments del Doctor i l\u2019acord de la Junta Local d\u2019Instrucci\u00f3 la nova escola es feu esperar , dos anys m\u00e9s tard al 1934, es torn\u00e0 a ratificar l\u2019acord de l\u2019anterior acta \u00a0i es comunic\u00e0 a l\u2019Ajuntament que era urgent iniciar els tr\u00e0mits per fer l\u2019escola nova, per\u00f2 no varen posar el fil a l\u2019agulla fins l\u2019any 1949. L\u2019edifici estava en un estat ru\u00efn\u00f3s i posava en perill la integritat f\u00edsica dels que hi assistien.<\/p>\n<p><strong>Construcci\u00f3\u00a0 de l\u2019escola actual. <\/strong><\/p>\n<p>A \u00a0l\u2019any 1950 comen\u00e7aren els tr\u00e0mits per construir\u00a0 \u00a0dues escoles unit\u00e0ries en un sol edifici, una per nens i una per nenes.\u00a0 L\u2019arquitecte-director de l\u2019obra va ser Lloren\u00e7 de Vilallonga Casa\u00f1es, arquitecte oficial del Ministerio de Educaci\u00f3n Nacional,\u00a0 i es constru\u00ed en els terrenys del carrer B\u00f2bila, on hi havia una b\u00f2bila petita, propietat de Dolors Jovells Culler\u00e9, ve\u00efna de Miralcamp.<\/p>\n<p>El 15 de desembre del mateix any s\u2019aprov\u00e0 el plec de condicions de la subhasta per accedir a la construcci\u00f3 de les escoles, amb un preu de sortida de 233.380 pessetes i el 10 de mar\u00e7 de l\u2019any seg\u00fcent, despr\u00e8s d\u2019obrir\u00a0 les pliques dels constructors que havien accedit a la subhasta es va concedir l\u2019obra a Romualdo Pall\u00e1s Vilamaj\u00f3 per l\u2019import de 209.880 pessetes.<\/p>\n<p>El pressupost fixat per l\u2019arquitecte era de 315.000 pessetes i l\u2019ajuntament va comptabilitzar com a ingressos per cobrir aquest pressupost la subvenci\u00f3 de 80.000 pessetes del Ministerio de Educaci\u00f3n Nacional, les 200.000 de la Junta Local del Foment Agr\u00edcola, les 15.000 de la cambra d\u2019agricultors, les 15.000 que hi pos\u00e0 l\u2019Ajuntament i \u00a0les 5.000 que van cobrar als ve\u00efns del poble per mitj\u00e0 de contribucions especials. Les obres es van acabar al 1954.<\/p>\n","protected":false},"excerpt":{"rendered":"<p>(Amb el nostre agra\u00efment al Ton Sol\u00e9 per la informaci\u00f3 facilitada) Una mirada al passat de l\u2019escola p\u00fablica de Miralcamp. A final del segle XIX, curs escolar 1896 \u2013 1897, l\u2019escola p\u00fablica de Miralcamp estava situada a la Pla\u00e7a Major, n\u00ba 8. Era un edifici de tres plantes,\u00a0 a\u00a0 la planta baixa hi havia dos [&hellip;]<\/p>\n","protected":false},"author":1,"featured_media":0,"parent":22,"menu_order":20,"comment_status":"closed","ping_status":"closed","template":"page-templates\/side-menu.php","meta":{"_bbp_topic_count":0,"_bbp_reply_count":0,"_bbp_total_topic_count":0,"_bbp_total_reply_count":0,"_bbp_voice_count":0,"_bbp_anonymous_reply_count":0,"_bbp_topic_count_hidden":0,"_bbp_reply_count_hidden":0,"_bbp_forum_subforum_count":0,"site-sidebar-layout":"default","site-content-layout":"","ast-site-content-layout":"","site-content-style":"default","site-sidebar-style":"default","ast-global-header-display":"","ast-banner-title-visibility":"","ast-main-header-display":"","ast-hfb-above-header-display":"","ast-hfb-below-header-display":"","ast-hfb-mobile-header-display":"","site-post-title":"","ast-breadcrumbs-content":"","ast-featured-img":"","footer-sml-layout":"","theme-transparent-header-meta":"","adv-header-id-meta":"","stick-header-meta":"","header-above-stick-meta":"","header-main-stick-meta":"","header-below-stick-meta":"","astra-migrate-meta-layouts":"default","ast-page-background-enabled":"default","ast-page-background-meta":{"desktop":{"background-color":"var(--ast-global-color-4)","background-image":"","background-repeat":"repeat","background-position":"center center","background-size":"auto","background-attachment":"scroll","background-type":"","background-media":"","overlay-type":"","overlay-color":"","overlay-opacity":"","overlay-gradient":""},"tablet":{"background-color":"","background-image":"","background-repeat":"repeat","background-position":"center center","background-size":"auto","background-attachment":"scroll","background-type":"","background-media":"","overlay-type":"","overlay-color":"","overlay-opacity":"","overlay-gradient":""},"mobile":{"background-color":"","background-image":"","background-repeat":"repeat","background-position":"center center","background-size":"auto","background-attachment":"scroll","background-type":"","background-media":"","overlay-type":"","overlay-color":"","overlay-opacity":"","overlay-gradient":""}},"ast-content-background-meta":{"desktop":{"background-color":"var(--ast-global-color-5)","background-image":"","background-repeat":"repeat","background-position":"center center","background-size":"auto","background-attachment":"scroll","background-type":"","background-media":"","overlay-type":"","overlay-color":"","overlay-opacity":"","overlay-gradient":""},"tablet":{"background-color":"var(--ast-global-color-5)","background-image":"","background-repeat":"repeat","background-position":"center center","background-size":"auto","background-attachment":"scroll","background-type":"","background-media":"","overlay-type":"","overlay-color":"","overlay-opacity":"","overlay-gradient":""},"mobile":{"background-color":"var(--ast-global-color-5)","background-image":"","background-repeat":"repeat","background-position":"center center","background-size":"auto","background-attachment":"scroll","background-type":"","background-media":"","overlay-type":"","overlay-color":"","overlay-opacity":"","overlay-gradient":""}},"footnotes":""},"class_list":["post-26","page","type-page","status-publish","hentry"],"post_mailing_queue_ids":[],"_links":{"self":[{"href":"https:\/\/agora.xtec.cat\/ceip-santmiquel\/wp-json\/wp\/v2\/pages\/26","targetHints":{"allow":["GET"]}}],"collection":[{"href":"https:\/\/agora.xtec.cat\/ceip-santmiquel\/wp-json\/wp\/v2\/pages"}],"about":[{"href":"https:\/\/agora.xtec.cat\/ceip-santmiquel\/wp-json\/wp\/v2\/types\/page"}],"author":[{"embeddable":true,"href":"https:\/\/agora.xtec.cat\/ceip-santmiquel\/wp-json\/wp\/v2\/users\/1"}],"replies":[{"embeddable":true,"href":"https:\/\/agora.xtec.cat\/ceip-santmiquel\/wp-json\/wp\/v2\/comments?post=26"}],"version-history":[{"count":3,"href":"https:\/\/agora.xtec.cat\/ceip-santmiquel\/wp-json\/wp\/v2\/pages\/26\/revisions"}],"predecessor-version":[{"id":1046,"href":"https:\/\/agora.xtec.cat\/ceip-santmiquel\/wp-json\/wp\/v2\/pages\/26\/revisions\/1046"}],"up":[{"embeddable":true,"href":"https:\/\/agora.xtec.cat\/ceip-santmiquel\/wp-json\/wp\/v2\/pages\/22"}],"wp:attachment":[{"href":"https:\/\/agora.xtec.cat\/ceip-santmiquel\/wp-json\/wp\/v2\/media?parent=26"}],"curies":[{"name":"wp","href":"https:\/\/api.w.org\/{rel}","templated":true}]}}