{"id":13064,"date":"2025-03-20T00:05:08","date_gmt":"2025-03-19T23:05:08","guid":{"rendered":"https:\/\/agora.xtec.cat\/ceip-santmiquel\/?page_id=13064"},"modified":"2025-05-10T10:10:37","modified_gmt":"2025-05-10T08:10:37","slug":"pindola-familiar-num-97","status":"publish","type":"page","link":"https:\/\/agora.xtec.cat\/ceip-santmiquel\/ampa\/pindoles-familiars\/pindola-familiar-num-97\/","title":{"rendered":"P\u00edndola familiar n\u00fam. 97"},"content":{"rendered":"<p>En un m\u00f3n que viu la vida de manera vertiginosa, desenfrenada&#8230; \u00c9s important aprendre a escoltar? \u00a0La capacitat d\u2019escoltar \u00e9s un h\u00e0bit que es pot aprendre&#8230;<\/p>\n<p>La p\u00edndola d\u2019aquest mes \u00e9s una reflexi\u00f3 breu del Victor K\u00fcppers, un professor i escriptor que fa poc vam <a href=\"https:\/\/www.mollerussa.tv\/victor-kuppers-esperona-la-comarca-a-treballar-amb-alegria\/\">poder escoltar a Mollerussa<\/a>.<\/p>\n<p>Ja li hav\u00edem dedicat la <a href=\"https:\/\/agora.xtec.cat\/ceip-santmiquel\/ampa\/pindoles-familiars\/pindola-familiar-num-53\/\">p\u00edndola familiar n\u00fam. 53<\/a> destacant la import\u00e0ncia de l\u2019actitud.<\/p>\n<p>Esperem que aquests senzills consell siguin d\u2019utilitat per a tothom!<\/p>\n<p>Podeu veure el v\u00eddeo clicant <a href=\"https:\/\/www.youtube.com\/watch?v=LtMQDPAnauE&amp;t=2s\">AQU\u00cd<\/a>.<\/p>\n","protected":false},"excerpt":{"rendered":"<p>En un m\u00f3n que viu la vida de manera vertiginosa, desenfrenada&#8230; \u00c9s important aprendre a escoltar? \u00a0La capacitat d\u2019escoltar \u00e9s un h\u00e0bit que es pot aprendre&#8230; La p\u00edndola d\u2019aquest mes \u00e9s una reflexi\u00f3 breu del Victor K\u00fcppers, un professor i escriptor que fa poc vam poder escoltar a Mollerussa. Ja li hav\u00edem dedicat la p\u00edndola [&hellip;]<\/p>\n","protected":false},"author":1,"featured_media":0,"parent":642,"menu_order":-97,"comment_status":"closed","ping_status":"closed","template":"page-templates\/side-menu.php","meta":{"_bbp_topic_count":0,"_bbp_reply_count":0,"_bbp_total_topic_count":0,"_bbp_total_reply_count":0,"_bbp_voice_count":0,"_bbp_anonymous_reply_count":0,"_bbp_topic_count_hidden":0,"_bbp_reply_count_hidden":0,"_bbp_forum_subforum_count":0,"site-sidebar-layout":"default","site-content-layout":"","ast-site-content-layout":"","site-content-style":"default","site-sidebar-style":"default","ast-global-header-display":"","ast-banner-title-visibility":"","ast-main-header-display":"","ast-hfb-above-header-display":"","ast-hfb-below-header-display":"","ast-hfb-mobile-header-display":"","site-post-title":"","ast-breadcrumbs-content":"","ast-featured-img":"","footer-sml-layout":"","theme-transparent-header-meta":"","adv-header-id-meta":"","stick-header-meta":"","header-above-stick-meta":"","header-main-stick-meta":"","header-below-stick-meta":"","astra-migrate-meta-layouts":"default","ast-page-background-enabled":"default","ast-page-background-meta":{"desktop":{"background-color":"var(--ast-global-color-4)","background-image":"","background-repeat":"repeat","background-position":"center center","background-size":"auto","background-attachment":"scroll","background-type":"","background-media":"","overlay-type":"","overlay-color":"","overlay-opacity":"","overlay-gradient":""},"tablet":{"background-color":"","background-image":"","background-repeat":"repeat","background-position":"center center","background-size":"auto","background-attachment":"scroll","background-type":"","background-media":"","overlay-type":"","overlay-color":"","overlay-opacity":"","overlay-gradient":""},"mobile":{"background-color":"","background-image":"","background-repeat":"repeat","background-position":"center center","background-size":"auto","background-attachment":"scroll","background-type":"","background-media":"","overlay-type":"","overlay-color":"","overlay-opacity":"","overlay-gradient":""}},"ast-content-background-meta":{"desktop":{"background-color":"var(--ast-global-color-5)","background-image":"","background-repeat":"repeat","background-position":"center center","background-size":"auto","background-attachment":"scroll","background-type":"","background-media":"","overlay-type":"","overlay-color":"","overlay-opacity":"","overlay-gradient":""},"tablet":{"background-color":"var(--ast-global-color-5)","background-image":"","background-repeat":"repeat","background-position":"center center","background-size":"auto","background-attachment":"scroll","background-type":"","background-media":"","overlay-type":"","overlay-color":"","overlay-opacity":"","overlay-gradient":""},"mobile":{"background-color":"var(--ast-global-color-5)","background-image":"","background-repeat":"repeat","background-position":"center center","background-size":"auto","background-attachment":"scroll","background-type":"","background-media":"","overlay-type":"","overlay-color":"","overlay-opacity":"","overlay-gradient":""}},"footnotes":""},"class_list":["post-13064","page","type-page","status-publish","hentry"],"post_mailing_queue_ids":[],"_links":{"self":[{"href":"https:\/\/agora.xtec.cat\/ceip-santmiquel\/wp-json\/wp\/v2\/pages\/13064","targetHints":{"allow":["GET"]}}],"collection":[{"href":"https:\/\/agora.xtec.cat\/ceip-santmiquel\/wp-json\/wp\/v2\/pages"}],"about":[{"href":"https:\/\/agora.xtec.cat\/ceip-santmiquel\/wp-json\/wp\/v2\/types\/page"}],"author":[{"embeddable":true,"href":"https:\/\/agora.xtec.cat\/ceip-santmiquel\/wp-json\/wp\/v2\/users\/1"}],"replies":[{"embeddable":true,"href":"https:\/\/agora.xtec.cat\/ceip-santmiquel\/wp-json\/wp\/v2\/comments?post=13064"}],"version-history":[{"count":2,"href":"https:\/\/agora.xtec.cat\/ceip-santmiquel\/wp-json\/wp\/v2\/pages\/13064\/revisions"}],"predecessor-version":[{"id":13289,"href":"https:\/\/agora.xtec.cat\/ceip-santmiquel\/wp-json\/wp\/v2\/pages\/13064\/revisions\/13289"}],"up":[{"embeddable":true,"href":"https:\/\/agora.xtec.cat\/ceip-santmiquel\/wp-json\/wp\/v2\/pages\/642"}],"wp:attachment":[{"href":"https:\/\/agora.xtec.cat\/ceip-santmiquel\/wp-json\/wp\/v2\/media?parent=13064"}],"curies":[{"name":"wp","href":"https:\/\/api.w.org\/{rel}","templated":true}]}}