{"id":12999,"date":"2025-02-22T14:16:09","date_gmt":"2025-02-22T13:16:09","guid":{"rendered":"https:\/\/agora.xtec.cat\/ceip-santmiquel\/?page_id=12999"},"modified":"2025-02-22T14:22:07","modified_gmt":"2025-02-22T13:22:07","slug":"exposicion-oral-en-3o","status":"publish","type":"page","link":"https:\/\/agora.xtec.cat\/ceip-santmiquel\/exposicion-oral-en-3o\/","title":{"rendered":"EXPOSICI\u00d3N ORAL en 3\u00ba"},"content":{"rendered":"<p><a href=\"https:\/\/agora.xtec.cat\/ceip-santmiquel\/wp-content\/uploads\/usu1043\/2025\/02\/TITOL.png\"><img loading=\"lazy\" decoding=\"async\" class=\"size-full wp-image-13000 aligncenter\" src=\"https:\/\/agora.xtec.cat\/ceip-santmiquel\/wp-content\/uploads\/usu1043\/2025\/02\/TITOL.png\" alt=\"\" width=\"664\" height=\"89\" srcset=\"https:\/\/agora.xtec.cat\/ceip-santmiquel\/wp-content\/uploads\/usu1043\/2025\/02\/TITOL.png 664w, https:\/\/agora.xtec.cat\/ceip-santmiquel\/wp-content\/uploads\/usu1043\/2025\/02\/TITOL-300x40.png 300w\" sizes=\"auto, (max-width: 664px) 100vw, 664px\" \/><\/a><\/p>\n<p>En comunicaci\u00f3n oral de 3\u00ba realizamos una actividad muy importante: Hacemos una exposici\u00f3n oral para aprender a hablar en p\u00fablico. A la misma invitamos a los familiares del alumnado, para agradecerles su ayuda e implicaci\u00f3n en la actividad.<\/p>\n<p>A continuaci\u00f3n pod\u00e9is ver las exposiciones orales \u2026 \u00a1\u00a1\u00a1esperamos que os gusten mucho!!!!<\/p>\n<table style=\"border-collapse: collapse; width: 100%; height: 381px;\">\n<tbody>\n<tr style=\"height: 336px;\">\n<td style=\"width: 25%; height: 336px;\"><iframe loading=\"lazy\" title=\"YouTube video player\" src=\"https:\/\/www.youtube.com\/embed\/WeO8j7a2aj4?si=5prBQO7K4n0ND0IX\" width=\"560\" height=\"315\" frameborder=\"0\" allowfullscreen=\"allowfullscreen\"><\/iframe><\/td>\n<td style=\"width: 25%; height: 336px;\"><iframe loading=\"lazy\" title=\"YouTube video player\" src=\"https:\/\/www.youtube.com\/embed\/o_VpLPQX3sI?si=Bh-9PpNCe_Zk8iXV\" width=\"560\" height=\"315\" frameborder=\"0\" allowfullscreen=\"allowfullscreen\"><\/iframe><\/td>\n<td style=\"width: 25%; height: 336px;\"><iframe loading=\"lazy\" title=\"YouTube video player\" src=\"https:\/\/www.youtube.com\/embed\/JfsCulainOU?si=lmIPb4bW5S-ec1K6\" width=\"560\" height=\"315\" frameborder=\"0\" allowfullscreen=\"allowfullscreen\"><\/iframe><\/td>\n<\/tr>\n<tr style=\"height: 13px;\">\n<td style=\"width: 25%; height: 13px;\"><\/td>\n<td style=\"width: 25%; height: 13px;\"><\/td>\n<td style=\"width: 25%; height: 13px;\"><\/td>\n<\/tr>\n<tr style=\"height: 32px;\">\n<td style=\"width: 25%; height: 32px;\"><iframe loading=\"lazy\" title=\"YouTube video player\" src=\"https:\/\/www.youtube.com\/embed\/iP9yaQooW88?si=XvJq_UXKmY2mGFw9\" width=\"560\" height=\"315\" frameborder=\"0\" allowfullscreen=\"allowfullscreen\"><\/iframe><\/td>\n<td style=\"width: 25%; height: 32px;\"><iframe loading=\"lazy\" title=\"YouTube video player\" src=\"https:\/\/www.youtube.com\/embed\/W--e7Rp4Tqg?si=EgDbe-z09iCHQXgb\" width=\"560\" height=\"315\" frameborder=\"0\" allowfullscreen=\"allowfullscreen\"><\/iframe><\/td>\n<td style=\"width: 25%; height: 32px;\"><iframe loading=\"lazy\" title=\"YouTube video player\" src=\"https:\/\/www.youtube.com\/embed\/Kvm0y5VoW6k?si=5IiIBDlGIkAow18q\" width=\"560\" height=\"315\" frameborder=\"0\" allowfullscreen=\"allowfullscreen\"><\/iframe><\/td>\n<\/tr>\n<tr>\n<td style=\"width: 25%;\"><\/td>\n<td style=\"width: 25%;\"><\/td>\n<td style=\"width: 25%;\"><\/td>\n<\/tr>\n<tr>\n<td style=\"width: 25%;\"><iframe loading=\"lazy\" title=\"YouTube video player\" src=\"https:\/\/www.youtube.com\/embed\/VKWvfFMFdXM?si=yMVEfni4qy_n17v8\" width=\"560\" height=\"315\" frameborder=\"0\" allowfullscreen=\"allowfullscreen\"><\/iframe><\/td>\n<td style=\"width: 25%;\"><iframe loading=\"lazy\" title=\"YouTube video player\" src=\"https:\/\/www.youtube.com\/embed\/bcpZ6jh_qRU?si=Sm0sGo4L8bzNMKQw\" width=\"560\" height=\"315\" frameborder=\"0\" allowfullscreen=\"allowfullscreen\"><\/iframe><\/td>\n<td style=\"width: 25%;\"><iframe loading=\"lazy\" title=\"YouTube video player\" src=\"https:\/\/www.youtube.com\/embed\/qQdBXrv_Pg4?si=69i60iRXmlDM_Eoe\" width=\"560\" height=\"315\" frameborder=\"0\" allowfullscreen=\"allowfullscreen\"><\/iframe><\/td>\n<\/tr>\n<tr>\n<td style=\"width: 25%;\"><\/td>\n<td style=\"width: 25%;\"><\/td>\n<td style=\"width: 25%;\"><\/td>\n<\/tr>\n<tr>\n<td style=\"width: 25%;\"><iframe loading=\"lazy\" title=\"YouTube video player\" src=\"https:\/\/www.youtube.com\/embed\/Fk7mNyletXY?si=kyunM-pwI4rAdsSK\" width=\"560\" height=\"315\" frameborder=\"0\" allowfullscreen=\"allowfullscreen\"><\/iframe><\/td>\n<td style=\"width: 25%;\"><iframe loading=\"lazy\" title=\"YouTube video player\" src=\"https:\/\/www.youtube.com\/embed\/IJd19ScocCk?si=EP5BwGsjwCCT_9yP\" width=\"560\" height=\"315\" frameborder=\"0\" allowfullscreen=\"allowfullscreen\"><\/iframe><\/td>\n<td style=\"width: 25%;\"><iframe loading=\"lazy\" title=\"YouTube video player\" src=\"https:\/\/www.youtube.com\/embed\/i3xy3IAj55U?si=bE_yr__SL7mhWCy_\" width=\"560\" height=\"315\" frameborder=\"0\" allowfullscreen=\"allowfullscreen\"><\/iframe><\/td>\n<\/tr>\n<tr>\n<td style=\"width: 25%;\"><\/td>\n<td style=\"width: 25%;\"><\/td>\n<td style=\"width: 25%;\"><\/td>\n<\/tr>\n<\/tbody>\n<\/table>\n<p>&nbsp;<\/p>\n<div id=\"gtx-trans\" style=\"position: absolute; left: 467px; top: 139.25px;\">\n<div class=\"gtx-trans-icon\"><\/div>\n<\/div>\n","protected":false},"excerpt":{"rendered":"<p>En comunicaci\u00f3n oral de 3\u00ba realizamos una actividad muy importante: Hacemos una exposici\u00f3n oral para aprender a hablar en p\u00fablico. A la misma invitamos a los familiares del alumnado, para agradecerles su ayuda e implicaci\u00f3n en la actividad. A continuaci\u00f3n pod\u00e9is ver las exposiciones orales \u2026 \u00a1\u00a1\u00a1esperamos que os gusten mucho!!!! &nbsp;<\/p>\n","protected":false},"author":1,"featured_media":0,"parent":0,"menu_order":0,"comment_status":"closed","ping_status":"closed","template":"page-templates\/side-menu.php","meta":{"_bbp_topic_count":0,"_bbp_reply_count":0,"_bbp_total_topic_count":0,"_bbp_total_reply_count":0,"_bbp_voice_count":0,"_bbp_anonymous_reply_count":0,"_bbp_topic_count_hidden":0,"_bbp_reply_count_hidden":0,"_bbp_forum_subforum_count":0,"site-sidebar-layout":"default","site-content-layout":"","ast-site-content-layout":"","site-content-style":"default","site-sidebar-style":"default","ast-global-header-display":"","ast-banner-title-visibility":"","ast-main-header-display":"","ast-hfb-above-header-display":"","ast-hfb-below-header-display":"","ast-hfb-mobile-header-display":"","site-post-title":"","ast-breadcrumbs-content":"","ast-featured-img":"","footer-sml-layout":"","theme-transparent-header-meta":"","adv-header-id-meta":"","stick-header-meta":"","header-above-stick-meta":"","header-main-stick-meta":"","header-below-stick-meta":"","astra-migrate-meta-layouts":"default","ast-page-background-enabled":"default","ast-page-background-meta":{"desktop":{"background-color":"var(--ast-global-color-4)","background-image":"","background-repeat":"repeat","background-position":"center center","background-size":"auto","background-attachment":"scroll","background-type":"","background-media":"","overlay-type":"","overlay-color":"","overlay-opacity":"","overlay-gradient":""},"tablet":{"background-color":"","background-image":"","background-repeat":"repeat","background-position":"center center","background-size":"auto","background-attachment":"scroll","background-type":"","background-media":"","overlay-type":"","overlay-color":"","overlay-opacity":"","overlay-gradient":""},"mobile":{"background-color":"","background-image":"","background-repeat":"repeat","background-position":"center center","background-size":"auto","background-attachment":"scroll","background-type":"","background-media":"","overlay-type":"","overlay-color":"","overlay-opacity":"","overlay-gradient":""}},"ast-content-background-meta":{"desktop":{"background-color":"var(--ast-global-color-5)","background-image":"","background-repeat":"repeat","background-position":"center center","background-size":"auto","background-attachment":"scroll","background-type":"","background-media":"","overlay-type":"","overlay-color":"","overlay-opacity":"","overlay-gradient":""},"tablet":{"background-color":"var(--ast-global-color-5)","background-image":"","background-repeat":"repeat","background-position":"center center","background-size":"auto","background-attachment":"scroll","background-type":"","background-media":"","overlay-type":"","overlay-color":"","overlay-opacity":"","overlay-gradient":""},"mobile":{"background-color":"var(--ast-global-color-5)","background-image":"","background-repeat":"repeat","background-position":"center center","background-size":"auto","background-attachment":"scroll","background-type":"","background-media":"","overlay-type":"","overlay-color":"","overlay-opacity":"","overlay-gradient":""}},"footnotes":""},"class_list":["post-12999","page","type-page","status-publish","hentry"],"post_mailing_queue_ids":[],"_links":{"self":[{"href":"https:\/\/agora.xtec.cat\/ceip-santmiquel\/wp-json\/wp\/v2\/pages\/12999","targetHints":{"allow":["GET"]}}],"collection":[{"href":"https:\/\/agora.xtec.cat\/ceip-santmiquel\/wp-json\/wp\/v2\/pages"}],"about":[{"href":"https:\/\/agora.xtec.cat\/ceip-santmiquel\/wp-json\/wp\/v2\/types\/page"}],"author":[{"embeddable":true,"href":"https:\/\/agora.xtec.cat\/ceip-santmiquel\/wp-json\/wp\/v2\/users\/1"}],"replies":[{"embeddable":true,"href":"https:\/\/agora.xtec.cat\/ceip-santmiquel\/wp-json\/wp\/v2\/comments?post=12999"}],"version-history":[{"count":6,"href":"https:\/\/agora.xtec.cat\/ceip-santmiquel\/wp-json\/wp\/v2\/pages\/12999\/revisions"}],"predecessor-version":[{"id":13012,"href":"https:\/\/agora.xtec.cat\/ceip-santmiquel\/wp-json\/wp\/v2\/pages\/12999\/revisions\/13012"}],"wp:attachment":[{"href":"https:\/\/agora.xtec.cat\/ceip-santmiquel\/wp-json\/wp\/v2\/media?parent=12999"}],"curies":[{"name":"wp","href":"https:\/\/api.w.org\/{rel}","templated":true}]}}