{"id":12900,"date":"2025-01-20T00:05:34","date_gmt":"2025-01-19T23:05:34","guid":{"rendered":"https:\/\/agora.xtec.cat\/ceip-santmiquel\/?page_id=12900"},"modified":"2025-01-12T09:09:49","modified_gmt":"2025-01-12T08:09:49","slug":"pindola-familiar-num-95","status":"publish","type":"page","link":"https:\/\/agora.xtec.cat\/ceip-santmiquel\/ampa\/pindoles-familiars\/pindola-familiar-num-95\/","title":{"rendered":"P\u00edndola familiar n\u00fam. 95"},"content":{"rendered":"<p>Benvolgudes fam\u00edlies,<\/p>\n<p>Des del programa ens fan arribar un material per difondre\u2019l entre les fam\u00edlies. Aquestes han de tenir una participaci\u00f3 fonamental perqu\u00e8 el programa de prevenci\u00f3 del bullying tingui l\u2019efecte desitjat.<\/p>\n<p>En la p\u00edndola d\u2019aquest mes de gener us animem, doncs, a consultar aquest material i comentar-lo amb els vostres fills\/es.<\/p>\n<ul>\n<li><a href=\"https:\/\/interactius.ara.cat\/bullying\">Interactiu autoformatiu: &#8220;El meu fill fa bullying?&#8221;.<\/a> &#8211;<\/li>\n<\/ul>\n<p>Descobreix qu\u00e8 \u00e9s l\u2019assetjament i qu\u00e8 pots fer per combatre\u2019l.<\/p>\n<ul>\n<li><a href=\"https:\/\/www.youtube.com\/1segoncat\" target=\"_blank\" rel=\"noopener\">Canal You Tube 1segon.cat.-<\/a><\/li>\n<\/ul>\n<p><a href=\"https:\/\/www.youtube.com\/1segoncat\">C<\/a>anal del Pla 1Segon (1segon.cat) de l\u2019Ajuntament de Sant Cugat que recull consells i xerrades sobre l\u2019\u00fas i riscos de les pantalles.<\/p>\n<ul>\n<li><a href=\"https:\/\/lab.cccb.org\/ca\/joves-internet-i-privacitat-els-reptes-de-la-identitat-en-lera-digital\/\">Joves, Internet i privacitat: els reptes de la identitat en l\u2019era digital | CCCB LAB<\/a><\/li>\n<\/ul>\n<p>Interessant article per proposar fer lectura per afrontar i entendre qu\u00e8 \u00e9s, com funciona i quines en s\u00f3n les contrapartides de les criatures en l&#8217;era digital.<\/p>\n<p>Esperem que sigui del vostre inter\u00e8s!!!!<\/p>\n<p><a href=\"https:\/\/agora.xtec.cat\/ceip-santmiquel\/wp-content\/uploads\/usu1043\/2025\/01\/logo.png\"><img loading=\"lazy\" decoding=\"async\" class=\"alignnone size-full wp-image-12901\" src=\"https:\/\/agora.xtec.cat\/ceip-santmiquel\/wp-content\/uploads\/usu1043\/2025\/01\/logo.png\" alt=\"\" width=\"247\" height=\"332\" srcset=\"https:\/\/agora.xtec.cat\/ceip-santmiquel\/wp-content\/uploads\/usu1043\/2025\/01\/logo.png 247w, https:\/\/agora.xtec.cat\/ceip-santmiquel\/wp-content\/uploads\/usu1043\/2025\/01\/logo-223x300.png 223w\" sizes=\"auto, (max-width: 247px) 100vw, 247px\" \/><\/a><\/p>\n","protected":false},"excerpt":{"rendered":"<p>Benvolgudes fam\u00edlies, Des del programa ens fan arribar un material per difondre\u2019l entre les fam\u00edlies. Aquestes han de tenir una participaci\u00f3 fonamental perqu\u00e8 el programa de prevenci\u00f3 del bullying tingui l\u2019efecte desitjat. En la p\u00edndola d\u2019aquest mes de gener us animem, doncs, a consultar aquest material i comentar-lo amb els vostres fills\/es. Interactiu autoformatiu: &#8220;El [&hellip;]<\/p>\n","protected":false},"author":1,"featured_media":0,"parent":642,"menu_order":-95,"comment_status":"closed","ping_status":"closed","template":"page-templates\/side-menu.php","meta":{"_bbp_topic_count":0,"_bbp_reply_count":0,"_bbp_total_topic_count":0,"_bbp_total_reply_count":0,"_bbp_voice_count":0,"_bbp_anonymous_reply_count":0,"_bbp_topic_count_hidden":0,"_bbp_reply_count_hidden":0,"_bbp_forum_subforum_count":0,"site-sidebar-layout":"default","site-content-layout":"","ast-site-content-layout":"","site-content-style":"default","site-sidebar-style":"default","ast-global-header-display":"","ast-banner-title-visibility":"","ast-main-header-display":"","ast-hfb-above-header-display":"","ast-hfb-below-header-display":"","ast-hfb-mobile-header-display":"","site-post-title":"","ast-breadcrumbs-content":"","ast-featured-img":"","footer-sml-layout":"","theme-transparent-header-meta":"","adv-header-id-meta":"","stick-header-meta":"","header-above-stick-meta":"","header-main-stick-meta":"","header-below-stick-meta":"","astra-migrate-meta-layouts":"default","ast-page-background-enabled":"default","ast-page-background-meta":{"desktop":{"background-color":"var(--ast-global-color-4)","background-image":"","background-repeat":"repeat","background-position":"center center","background-size":"auto","background-attachment":"scroll","background-type":"","background-media":"","overlay-type":"","overlay-color":"","overlay-opacity":"","overlay-gradient":""},"tablet":{"background-color":"","background-image":"","background-repeat":"repeat","background-position":"center center","background-size":"auto","background-attachment":"scroll","background-type":"","background-media":"","overlay-type":"","overlay-color":"","overlay-opacity":"","overlay-gradient":""},"mobile":{"background-color":"","background-image":"","background-repeat":"repeat","background-position":"center center","background-size":"auto","background-attachment":"scroll","background-type":"","background-media":"","overlay-type":"","overlay-color":"","overlay-opacity":"","overlay-gradient":""}},"ast-content-background-meta":{"desktop":{"background-color":"var(--ast-global-color-5)","background-image":"","background-repeat":"repeat","background-position":"center center","background-size":"auto","background-attachment":"scroll","background-type":"","background-media":"","overlay-type":"","overlay-color":"","overlay-opacity":"","overlay-gradient":""},"tablet":{"background-color":"var(--ast-global-color-5)","background-image":"","background-repeat":"repeat","background-position":"center center","background-size":"auto","background-attachment":"scroll","background-type":"","background-media":"","overlay-type":"","overlay-color":"","overlay-opacity":"","overlay-gradient":""},"mobile":{"background-color":"var(--ast-global-color-5)","background-image":"","background-repeat":"repeat","background-position":"center center","background-size":"auto","background-attachment":"scroll","background-type":"","background-media":"","overlay-type":"","overlay-color":"","overlay-opacity":"","overlay-gradient":""}},"footnotes":""},"class_list":["post-12900","page","type-page","status-publish","hentry"],"post_mailing_queue_ids":[],"_links":{"self":[{"href":"https:\/\/agora.xtec.cat\/ceip-santmiquel\/wp-json\/wp\/v2\/pages\/12900","targetHints":{"allow":["GET"]}}],"collection":[{"href":"https:\/\/agora.xtec.cat\/ceip-santmiquel\/wp-json\/wp\/v2\/pages"}],"about":[{"href":"https:\/\/agora.xtec.cat\/ceip-santmiquel\/wp-json\/wp\/v2\/types\/page"}],"author":[{"embeddable":true,"href":"https:\/\/agora.xtec.cat\/ceip-santmiquel\/wp-json\/wp\/v2\/users\/1"}],"replies":[{"embeddable":true,"href":"https:\/\/agora.xtec.cat\/ceip-santmiquel\/wp-json\/wp\/v2\/comments?post=12900"}],"version-history":[{"count":1,"href":"https:\/\/agora.xtec.cat\/ceip-santmiquel\/wp-json\/wp\/v2\/pages\/12900\/revisions"}],"predecessor-version":[{"id":12902,"href":"https:\/\/agora.xtec.cat\/ceip-santmiquel\/wp-json\/wp\/v2\/pages\/12900\/revisions\/12902"}],"up":[{"embeddable":true,"href":"https:\/\/agora.xtec.cat\/ceip-santmiquel\/wp-json\/wp\/v2\/pages\/642"}],"wp:attachment":[{"href":"https:\/\/agora.xtec.cat\/ceip-santmiquel\/wp-json\/wp\/v2\/media?parent=12900"}],"curies":[{"name":"wp","href":"https:\/\/api.w.org\/{rel}","templated":true}]}}