{"id":12329,"date":"2024-05-20T00:05:37","date_gmt":"2024-05-19T22:05:37","guid":{"rendered":"https:\/\/agora.xtec.cat\/ceip-santmiquel\/?page_id=12329"},"modified":"2024-05-18T12:11:17","modified_gmt":"2024-05-18T10:11:17","slug":"pindola-familiar-num-89","status":"publish","type":"page","link":"https:\/\/agora.xtec.cat\/ceip-santmiquel\/ampa\/pindoles-familiars\/pindola-familiar-num-89\/","title":{"rendered":"P\u00edndola familiar n\u00fam. 89"},"content":{"rendered":"<p>Gaireb\u00e9 passat un mes des de la Diada de Sant Jordi, el dia del llibre, aquest mes de maig amb la seva p\u00edndola corresponent us fem arribar una breu guia per fomentar l\u2019h\u00e0bit lector en els vostres fills\/es.<\/p>\n<p>Elaborada pel Jaume Centelles, tot un mestre i un especialista reconegut en la promoci\u00f3 de la lectura als centres educatius.<\/p>\n<p>Des d\u2019aqu\u00ed volem agrair-li la seva amabilitat en cedir-nos el material&#8230; moltes gr\u00e0cies!!!<\/p>\n<p>Esperem que la lectura d\u2019aquesta informaci\u00f3 us sigui de molt inter\u00e8s i&#8230;de molt profit!!!<\/p>\n<p>Podeu llegir la informaci\u00f3 clicant <a href=\"https:\/\/agora.xtec.cat\/ceip-santmiquel\/wp-content\/uploads\/usu1043\/2024\/05\/lectura.pdf\" target=\"_blank\" rel=\"noopener\">AQU\u00cd<\/a><\/p>\n","protected":false},"excerpt":{"rendered":"<p>Gaireb\u00e9 passat un mes des de la Diada de Sant Jordi, el dia del llibre, aquest mes de maig amb la seva p\u00edndola corresponent us fem arribar una breu guia per fomentar l\u2019h\u00e0bit lector en els vostres fills\/es. Elaborada pel Jaume Centelles, tot un mestre i un especialista reconegut en la promoci\u00f3 de la lectura [&hellip;]<\/p>\n","protected":false},"author":1,"featured_media":0,"parent":642,"menu_order":-89,"comment_status":"closed","ping_status":"closed","template":"page-templates\/side-menu.php","meta":{"_bbp_topic_count":0,"_bbp_reply_count":0,"_bbp_total_topic_count":0,"_bbp_total_reply_count":0,"_bbp_voice_count":0,"_bbp_anonymous_reply_count":0,"_bbp_topic_count_hidden":0,"_bbp_reply_count_hidden":0,"_bbp_forum_subforum_count":0,"site-sidebar-layout":"default","site-content-layout":"","ast-site-content-layout":"","site-content-style":"default","site-sidebar-style":"default","ast-global-header-display":"","ast-banner-title-visibility":"","ast-main-header-display":"","ast-hfb-above-header-display":"","ast-hfb-below-header-display":"","ast-hfb-mobile-header-display":"","site-post-title":"","ast-breadcrumbs-content":"","ast-featured-img":"","footer-sml-layout":"","theme-transparent-header-meta":"","adv-header-id-meta":"","stick-header-meta":"","header-above-stick-meta":"","header-main-stick-meta":"","header-below-stick-meta":"","astra-migrate-meta-layouts":"default","ast-page-background-enabled":"default","ast-page-background-meta":{"desktop":{"background-color":"var(--ast-global-color-4)","background-image":"","background-repeat":"repeat","background-position":"center center","background-size":"auto","background-attachment":"scroll","background-type":"","background-media":"","overlay-type":"","overlay-color":"","overlay-opacity":"","overlay-gradient":""},"tablet":{"background-color":"","background-image":"","background-repeat":"repeat","background-position":"center center","background-size":"auto","background-attachment":"scroll","background-type":"","background-media":"","overlay-type":"","overlay-color":"","overlay-opacity":"","overlay-gradient":""},"mobile":{"background-color":"","background-image":"","background-repeat":"repeat","background-position":"center center","background-size":"auto","background-attachment":"scroll","background-type":"","background-media":"","overlay-type":"","overlay-color":"","overlay-opacity":"","overlay-gradient":""}},"ast-content-background-meta":{"desktop":{"background-color":"var(--ast-global-color-5)","background-image":"","background-repeat":"repeat","background-position":"center center","background-size":"auto","background-attachment":"scroll","background-type":"","background-media":"","overlay-type":"","overlay-color":"","overlay-opacity":"","overlay-gradient":""},"tablet":{"background-color":"var(--ast-global-color-5)","background-image":"","background-repeat":"repeat","background-position":"center center","background-size":"auto","background-attachment":"scroll","background-type":"","background-media":"","overlay-type":"","overlay-color":"","overlay-opacity":"","overlay-gradient":""},"mobile":{"background-color":"var(--ast-global-color-5)","background-image":"","background-repeat":"repeat","background-position":"center center","background-size":"auto","background-attachment":"scroll","background-type":"","background-media":"","overlay-type":"","overlay-color":"","overlay-opacity":"","overlay-gradient":""}},"footnotes":""},"class_list":["post-12329","page","type-page","status-publish","hentry"],"post_mailing_queue_ids":[],"_links":{"self":[{"href":"https:\/\/agora.xtec.cat\/ceip-santmiquel\/wp-json\/wp\/v2\/pages\/12329","targetHints":{"allow":["GET"]}}],"collection":[{"href":"https:\/\/agora.xtec.cat\/ceip-santmiquel\/wp-json\/wp\/v2\/pages"}],"about":[{"href":"https:\/\/agora.xtec.cat\/ceip-santmiquel\/wp-json\/wp\/v2\/types\/page"}],"author":[{"embeddable":true,"href":"https:\/\/agora.xtec.cat\/ceip-santmiquel\/wp-json\/wp\/v2\/users\/1"}],"replies":[{"embeddable":true,"href":"https:\/\/agora.xtec.cat\/ceip-santmiquel\/wp-json\/wp\/v2\/comments?post=12329"}],"version-history":[{"count":2,"href":"https:\/\/agora.xtec.cat\/ceip-santmiquel\/wp-json\/wp\/v2\/pages\/12329\/revisions"}],"predecessor-version":[{"id":12338,"href":"https:\/\/agora.xtec.cat\/ceip-santmiquel\/wp-json\/wp\/v2\/pages\/12329\/revisions\/12338"}],"up":[{"embeddable":true,"href":"https:\/\/agora.xtec.cat\/ceip-santmiquel\/wp-json\/wp\/v2\/pages\/642"}],"wp:attachment":[{"href":"https:\/\/agora.xtec.cat\/ceip-santmiquel\/wp-json\/wp\/v2\/media?parent=12329"}],"curies":[{"name":"wp","href":"https:\/\/api.w.org\/{rel}","templated":true}]}}