{"id":12202,"date":"2024-04-20T00:05:41","date_gmt":"2024-04-19T22:05:41","guid":{"rendered":"https:\/\/agora.xtec.cat\/ceip-santmiquel\/?page_id=12202"},"modified":"2024-04-18T12:39:04","modified_gmt":"2024-04-18T10:39:04","slug":"pindola-familiar-num-88","status":"publish","type":"page","link":"https:\/\/agora.xtec.cat\/ceip-santmiquel\/ampa\/pindoles-familiars\/pindola-familiar-num-88\/","title":{"rendered":"P\u00edndola familiar n\u00fam. 88"},"content":{"rendered":"<p style=\"font-weight: 400;\">Avui, dia 20 d\u2019abril, com a p\u00edndola familiar us fem arribar un article breu que pret\u00e9n ajudar-vos en\u00a0la reflexi\u00f3 de l\u2019\u00fas de les pantalles.<\/p>\n<p style=\"font-weight: 400;\">Amb la proximitat de la diada de Sant Jordi, que tant incideix en l\u2019\u00e0mbit de la lectura i que malauradament competeix, en els moments de lleure, amb l\u2019\u00fas dels dispositius m\u00f2bils us volem animar a fer-ne un \u00fas responsable pel b\u00e9 dels vostres fills\/es.<\/p>\n<p style=\"font-weight: 400;\"><u>Us animem a contemplar la lectura com a alternativa<\/u>\u00a0al seu \u00fas, i per aix\u00f2\u00a0<a href=\"https:\/\/agora.xtec.cat\/ceip-santmiquel\/wp-content\/uploads\/usu1043\/2024\/04\/Diada-de-Sant-Jordi.pdf\" data-saferedirecturl=\"https:\/\/www.google.com\/url?q=https:\/\/agora.xtec.cat\/ceip-santmiquel\/wp-content\/uploads\/usu1043\/2024\/04\/Diada-de-Sant-Jordi.pdf&amp;source=gmail&amp;ust=1713522956939000&amp;usg=AOvVaw2TwgcZ2yfHK9tt2_2IdDtk\">us esperem el dimarts, 23 d\u2019abril,<\/a> a l\u2019escola a la celebraci\u00f3 de la diada de Sant Jordi.<\/p>\n<p>Podeu llegir l&#8217;article clicant <a href=\"https:\/\/agora.xtec.cat\/ceip-santmiquel\/wp-content\/uploads\/usu1043\/2024\/04\/Un-nen-davant-duna-pantalla-no-es-un-nen-tranquil.pdf\" target=\"_blank\" rel=\"noopener\">AQU\u00cd<\/a><\/p>\n","protected":false},"excerpt":{"rendered":"<p>Avui, dia 20 d\u2019abril, com a p\u00edndola familiar us fem arribar un article breu que pret\u00e9n ajudar-vos en\u00a0la reflexi\u00f3 de l\u2019\u00fas de les pantalles. Amb la proximitat de la diada de Sant Jordi, que tant incideix en l\u2019\u00e0mbit de la lectura i que malauradament competeix, en els moments de lleure, amb l\u2019\u00fas dels dispositius m\u00f2bils [&hellip;]<\/p>\n","protected":false},"author":1,"featured_media":0,"parent":642,"menu_order":-88,"comment_status":"closed","ping_status":"closed","template":"page-templates\/side-menu.php","meta":{"_bbp_topic_count":0,"_bbp_reply_count":0,"_bbp_total_topic_count":0,"_bbp_total_reply_count":0,"_bbp_voice_count":0,"_bbp_anonymous_reply_count":0,"_bbp_topic_count_hidden":0,"_bbp_reply_count_hidden":0,"_bbp_forum_subforum_count":0,"site-sidebar-layout":"default","site-content-layout":"","ast-site-content-layout":"","site-content-style":"default","site-sidebar-style":"default","ast-global-header-display":"","ast-banner-title-visibility":"","ast-main-header-display":"","ast-hfb-above-header-display":"","ast-hfb-below-header-display":"","ast-hfb-mobile-header-display":"","site-post-title":"","ast-breadcrumbs-content":"","ast-featured-img":"","footer-sml-layout":"","theme-transparent-header-meta":"","adv-header-id-meta":"","stick-header-meta":"","header-above-stick-meta":"","header-main-stick-meta":"","header-below-stick-meta":"","astra-migrate-meta-layouts":"default","ast-page-background-enabled":"default","ast-page-background-meta":{"desktop":{"background-color":"var(--ast-global-color-4)","background-image":"","background-repeat":"repeat","background-position":"center center","background-size":"auto","background-attachment":"scroll","background-type":"","background-media":"","overlay-type":"","overlay-color":"","overlay-opacity":"","overlay-gradient":""},"tablet":{"background-color":"","background-image":"","background-repeat":"repeat","background-position":"center center","background-size":"auto","background-attachment":"scroll","background-type":"","background-media":"","overlay-type":"","overlay-color":"","overlay-opacity":"","overlay-gradient":""},"mobile":{"background-color":"","background-image":"","background-repeat":"repeat","background-position":"center center","background-size":"auto","background-attachment":"scroll","background-type":"","background-media":"","overlay-type":"","overlay-color":"","overlay-opacity":"","overlay-gradient":""}},"ast-content-background-meta":{"desktop":{"background-color":"var(--ast-global-color-5)","background-image":"","background-repeat":"repeat","background-position":"center center","background-size":"auto","background-attachment":"scroll","background-type":"","background-media":"","overlay-type":"","overlay-color":"","overlay-opacity":"","overlay-gradient":""},"tablet":{"background-color":"var(--ast-global-color-5)","background-image":"","background-repeat":"repeat","background-position":"center center","background-size":"auto","background-attachment":"scroll","background-type":"","background-media":"","overlay-type":"","overlay-color":"","overlay-opacity":"","overlay-gradient":""},"mobile":{"background-color":"var(--ast-global-color-5)","background-image":"","background-repeat":"repeat","background-position":"center center","background-size":"auto","background-attachment":"scroll","background-type":"","background-media":"","overlay-type":"","overlay-color":"","overlay-opacity":"","overlay-gradient":""}},"footnotes":""},"class_list":["post-12202","page","type-page","status-publish","hentry"],"post_mailing_queue_ids":[],"_links":{"self":[{"href":"https:\/\/agora.xtec.cat\/ceip-santmiquel\/wp-json\/wp\/v2\/pages\/12202","targetHints":{"allow":["GET"]}}],"collection":[{"href":"https:\/\/agora.xtec.cat\/ceip-santmiquel\/wp-json\/wp\/v2\/pages"}],"about":[{"href":"https:\/\/agora.xtec.cat\/ceip-santmiquel\/wp-json\/wp\/v2\/types\/page"}],"author":[{"embeddable":true,"href":"https:\/\/agora.xtec.cat\/ceip-santmiquel\/wp-json\/wp\/v2\/users\/1"}],"replies":[{"embeddable":true,"href":"https:\/\/agora.xtec.cat\/ceip-santmiquel\/wp-json\/wp\/v2\/comments?post=12202"}],"version-history":[{"count":2,"href":"https:\/\/agora.xtec.cat\/ceip-santmiquel\/wp-json\/wp\/v2\/pages\/12202\/revisions"}],"predecessor-version":[{"id":12210,"href":"https:\/\/agora.xtec.cat\/ceip-santmiquel\/wp-json\/wp\/v2\/pages\/12202\/revisions\/12210"}],"up":[{"embeddable":true,"href":"https:\/\/agora.xtec.cat\/ceip-santmiquel\/wp-json\/wp\/v2\/pages\/642"}],"wp:attachment":[{"href":"https:\/\/agora.xtec.cat\/ceip-santmiquel\/wp-json\/wp\/v2\/media?parent=12202"}],"curies":[{"name":"wp","href":"https:\/\/api.w.org\/{rel}","templated":true}]}}