{"id":12115,"date":"2024-03-20T00:05:54","date_gmt":"2024-03-19T23:05:54","guid":{"rendered":"https:\/\/agora.xtec.cat\/ceip-santmiquel\/?page_id=12115"},"modified":"2024-03-18T12:57:47","modified_gmt":"2024-03-18T11:57:47","slug":"pindola-familiar-num-87","status":"publish","type":"page","link":"https:\/\/agora.xtec.cat\/ceip-santmiquel\/ampa\/pindoles-familiars\/pindola-familiar-num-87\/","title":{"rendered":"P\u00edndola familiar n\u00fam. 87"},"content":{"rendered":"<p>Amb la p\u00edndola familiar del mes de mar\u00e7 us volem fer arribar un breu v\u00eddeo del Toni Nadal, exentrenador del Rafa Nadal, que parla sobre la frustraci\u00f3.<\/p>\n<p>En la <a href=\"https:\/\/agora.xtec.cat\/ceip-santmiquel\/ampa\/pindoles-familiars\/pindola-familiar-num-47\/\">p\u00edndola familiar n\u00fam. 47<\/a>, ja ens deixava unes paraules sobre el valor de l\u2019autoexig\u00e8ncia, la disciplina, l\u2019autocontrol&#8230; eines molt v\u00e0lides per afrontar els camins de la vida.<\/p>\n<p>Aquest cop el Toni Nadal ens deixa, <a href=\"https:\/\/www.instagram.com\/reel\/CzwjG9sLXlK\/?igsh=OGF3bHI0NTEwYTVh\">en un missatge breu<\/a>, com podem afrontar la frustraci\u00f3 que avui dia afecta principalment el nostre jovent, inclosos els nostres fills i filles.<\/p>\n<p>Esperem que us agradi.<\/p>\n<p>La podeu veure en aquest <a href=\"https:\/\/www.instagram.com\/reel\/CzwjG9sLXlK\/?igsh=OGF3bHI0NTEwYTVh\">enlla\u00e7<\/a> tamb\u00e9.<\/p>\n<p>Us recordem que podeu veure totes les p\u00edndoles a <a href=\"https:\/\/agora.xtec.cat\/ceip-santmiquel\/ampa\/pindoles-familiars\/\" target=\"_blank\" rel=\"noopener\">l&#8217;apartat de l&#8217;AFA del nostre web<\/a>.<\/p>\n<p>Bones vacances de Setmana Santa!!!<\/p>\n","protected":false},"excerpt":{"rendered":"<p>Amb la p\u00edndola familiar del mes de mar\u00e7 us volem fer arribar un breu v\u00eddeo del Toni Nadal, exentrenador del Rafa Nadal, que parla sobre la frustraci\u00f3. En la p\u00edndola familiar n\u00fam. 47, ja ens deixava unes paraules sobre el valor de l\u2019autoexig\u00e8ncia, la disciplina, l\u2019autocontrol&#8230; eines molt v\u00e0lides per afrontar els camins de la [&hellip;]<\/p>\n","protected":false},"author":1,"featured_media":0,"parent":642,"menu_order":-87,"comment_status":"closed","ping_status":"closed","template":"page-templates\/side-menu.php","meta":{"_bbp_topic_count":0,"_bbp_reply_count":0,"_bbp_total_topic_count":0,"_bbp_total_reply_count":0,"_bbp_voice_count":0,"_bbp_anonymous_reply_count":0,"_bbp_topic_count_hidden":0,"_bbp_reply_count_hidden":0,"_bbp_forum_subforum_count":0,"site-sidebar-layout":"default","site-content-layout":"","ast-site-content-layout":"","site-content-style":"default","site-sidebar-style":"default","ast-global-header-display":"","ast-banner-title-visibility":"","ast-main-header-display":"","ast-hfb-above-header-display":"","ast-hfb-below-header-display":"","ast-hfb-mobile-header-display":"","site-post-title":"","ast-breadcrumbs-content":"","ast-featured-img":"","footer-sml-layout":"","theme-transparent-header-meta":"","adv-header-id-meta":"","stick-header-meta":"","header-above-stick-meta":"","header-main-stick-meta":"","header-below-stick-meta":"","astra-migrate-meta-layouts":"default","ast-page-background-enabled":"default","ast-page-background-meta":{"desktop":{"background-color":"var(--ast-global-color-4)","background-image":"","background-repeat":"repeat","background-position":"center center","background-size":"auto","background-attachment":"scroll","background-type":"","background-media":"","overlay-type":"","overlay-color":"","overlay-opacity":"","overlay-gradient":""},"tablet":{"background-color":"","background-image":"","background-repeat":"repeat","background-position":"center center","background-size":"auto","background-attachment":"scroll","background-type":"","background-media":"","overlay-type":"","overlay-color":"","overlay-opacity":"","overlay-gradient":""},"mobile":{"background-color":"","background-image":"","background-repeat":"repeat","background-position":"center center","background-size":"auto","background-attachment":"scroll","background-type":"","background-media":"","overlay-type":"","overlay-color":"","overlay-opacity":"","overlay-gradient":""}},"ast-content-background-meta":{"desktop":{"background-color":"var(--ast-global-color-5)","background-image":"","background-repeat":"repeat","background-position":"center center","background-size":"auto","background-attachment":"scroll","background-type":"","background-media":"","overlay-type":"","overlay-color":"","overlay-opacity":"","overlay-gradient":""},"tablet":{"background-color":"var(--ast-global-color-5)","background-image":"","background-repeat":"repeat","background-position":"center center","background-size":"auto","background-attachment":"scroll","background-type":"","background-media":"","overlay-type":"","overlay-color":"","overlay-opacity":"","overlay-gradient":""},"mobile":{"background-color":"var(--ast-global-color-5)","background-image":"","background-repeat":"repeat","background-position":"center center","background-size":"auto","background-attachment":"scroll","background-type":"","background-media":"","overlay-type":"","overlay-color":"","overlay-opacity":"","overlay-gradient":""}},"footnotes":""},"class_list":["post-12115","page","type-page","status-publish","hentry"],"post_mailing_queue_ids":[],"_links":{"self":[{"href":"https:\/\/agora.xtec.cat\/ceip-santmiquel\/wp-json\/wp\/v2\/pages\/12115","targetHints":{"allow":["GET"]}}],"collection":[{"href":"https:\/\/agora.xtec.cat\/ceip-santmiquel\/wp-json\/wp\/v2\/pages"}],"about":[{"href":"https:\/\/agora.xtec.cat\/ceip-santmiquel\/wp-json\/wp\/v2\/types\/page"}],"author":[{"embeddable":true,"href":"https:\/\/agora.xtec.cat\/ceip-santmiquel\/wp-json\/wp\/v2\/users\/1"}],"replies":[{"embeddable":true,"href":"https:\/\/agora.xtec.cat\/ceip-santmiquel\/wp-json\/wp\/v2\/comments?post=12115"}],"version-history":[{"count":2,"href":"https:\/\/agora.xtec.cat\/ceip-santmiquel\/wp-json\/wp\/v2\/pages\/12115\/revisions"}],"predecessor-version":[{"id":12118,"href":"https:\/\/agora.xtec.cat\/ceip-santmiquel\/wp-json\/wp\/v2\/pages\/12115\/revisions\/12118"}],"up":[{"embeddable":true,"href":"https:\/\/agora.xtec.cat\/ceip-santmiquel\/wp-json\/wp\/v2\/pages\/642"}],"wp:attachment":[{"href":"https:\/\/agora.xtec.cat\/ceip-santmiquel\/wp-json\/wp\/v2\/media?parent=12115"}],"curies":[{"name":"wp","href":"https:\/\/api.w.org\/{rel}","templated":true}]}}