{"id":11706,"date":"2023-11-20T00:05:15","date_gmt":"2023-11-19T23:05:15","guid":{"rendered":"https:\/\/agora.xtec.cat\/ceip-santmiquel\/?page_id=11706"},"modified":"2024-04-22T16:04:03","modified_gmt":"2024-04-22T14:04:03","slug":"pindola-familiar-num-83","status":"publish","type":"page","link":"https:\/\/agora.xtec.cat\/ceip-santmiquel\/ampa\/pindoles-familiars\/pindola-familiar-num-83\/","title":{"rendered":"P\u00edndola familiar n\u00fam. 83"},"content":{"rendered":"<p>Continuant amb la intenci\u00f3 de <strong>potenciar la comunicaci\u00f3 dels aprenentatges entre fam\u00edlia i escola<\/strong>, aquest cop, la p\u00edndola familiar us porta dos v\u00eddeos informatius:<\/p>\n<p>El primer us parla de <strong><u>quina mentalitat ha de tenir l\u2019alumne<\/u>\/a <\/strong>per afrontar els nous aprenentatges. Tots i totes els que estem al seu voltant tenim molt a dir-hi&#8230;<\/p>\n<p>El podeu veure clicant <a href=\"https:\/\/www.youtube.com\/watch?v=cBYMq_gPULc&amp;t=6s\">AQU\u00cd<\/a>.<\/p>\n<p>El segon v\u00eddeo us parla m\u00e9s concretament del com un cop arriba l\u2019infant a casa quina conversa podem establir amb ell referida als <strong><u>seus<\/u><\/strong> <strong><u>aprenentatges<\/u><\/strong>.<\/p>\n<p>El podeu veure clicant <a href=\"https:\/\/www.youtube.com\/watch?v=AFata6IYxDc\">AQU\u00cd<\/a>.<\/p>\n<p>Esperem que siguin del vostre inter\u00e8s de cara a\u00a0 la propera avaluaci\u00f3 que ben aviat celebrarem i de la qual en sereu degudament informats\/des.<\/p>\n","protected":false},"excerpt":{"rendered":"<p>Continuant amb la intenci\u00f3 de potenciar la comunicaci\u00f3 dels aprenentatges entre fam\u00edlia i escola, aquest cop, la p\u00edndola familiar us porta dos v\u00eddeos informatius: El primer us parla de quina mentalitat ha de tenir l\u2019alumne\/a per afrontar els nous aprenentatges. Tots i totes els que estem al seu voltant tenim molt a dir-hi&#8230; El podeu [&hellip;]<\/p>\n","protected":false},"author":1,"featured_media":0,"parent":642,"menu_order":-83,"comment_status":"closed","ping_status":"closed","template":"page-templates\/side-menu.php","meta":{"_bbp_topic_count":0,"_bbp_reply_count":0,"_bbp_total_topic_count":0,"_bbp_total_reply_count":0,"_bbp_voice_count":0,"_bbp_anonymous_reply_count":0,"_bbp_topic_count_hidden":0,"_bbp_reply_count_hidden":0,"_bbp_forum_subforum_count":0,"site-sidebar-layout":"default","site-content-layout":"","ast-site-content-layout":"","site-content-style":"default","site-sidebar-style":"default","ast-global-header-display":"","ast-banner-title-visibility":"","ast-main-header-display":"","ast-hfb-above-header-display":"","ast-hfb-below-header-display":"","ast-hfb-mobile-header-display":"","site-post-title":"","ast-breadcrumbs-content":"","ast-featured-img":"","footer-sml-layout":"","theme-transparent-header-meta":"","adv-header-id-meta":"","stick-header-meta":"","header-above-stick-meta":"","header-main-stick-meta":"","header-below-stick-meta":"","astra-migrate-meta-layouts":"default","ast-page-background-enabled":"default","ast-page-background-meta":{"desktop":{"background-color":"var(--ast-global-color-4)","background-image":"","background-repeat":"repeat","background-position":"center center","background-size":"auto","background-attachment":"scroll","background-type":"","background-media":"","overlay-type":"","overlay-color":"","overlay-opacity":"","overlay-gradient":""},"tablet":{"background-color":"","background-image":"","background-repeat":"repeat","background-position":"center center","background-size":"auto","background-attachment":"scroll","background-type":"","background-media":"","overlay-type":"","overlay-color":"","overlay-opacity":"","overlay-gradient":""},"mobile":{"background-color":"","background-image":"","background-repeat":"repeat","background-position":"center center","background-size":"auto","background-attachment":"scroll","background-type":"","background-media":"","overlay-type":"","overlay-color":"","overlay-opacity":"","overlay-gradient":""}},"ast-content-background-meta":{"desktop":{"background-color":"var(--ast-global-color-5)","background-image":"","background-repeat":"repeat","background-position":"center center","background-size":"auto","background-attachment":"scroll","background-type":"","background-media":"","overlay-type":"","overlay-color":"","overlay-opacity":"","overlay-gradient":""},"tablet":{"background-color":"var(--ast-global-color-5)","background-image":"","background-repeat":"repeat","background-position":"center center","background-size":"auto","background-attachment":"scroll","background-type":"","background-media":"","overlay-type":"","overlay-color":"","overlay-opacity":"","overlay-gradient":""},"mobile":{"background-color":"var(--ast-global-color-5)","background-image":"","background-repeat":"repeat","background-position":"center center","background-size":"auto","background-attachment":"scroll","background-type":"","background-media":"","overlay-type":"","overlay-color":"","overlay-opacity":"","overlay-gradient":""}},"footnotes":""},"class_list":["post-11706","page","type-page","status-publish","hentry"],"post_mailing_queue_ids":[],"_links":{"self":[{"href":"https:\/\/agora.xtec.cat\/ceip-santmiquel\/wp-json\/wp\/v2\/pages\/11706","targetHints":{"allow":["GET"]}}],"collection":[{"href":"https:\/\/agora.xtec.cat\/ceip-santmiquel\/wp-json\/wp\/v2\/pages"}],"about":[{"href":"https:\/\/agora.xtec.cat\/ceip-santmiquel\/wp-json\/wp\/v2\/types\/page"}],"author":[{"embeddable":true,"href":"https:\/\/agora.xtec.cat\/ceip-santmiquel\/wp-json\/wp\/v2\/users\/1"}],"replies":[{"embeddable":true,"href":"https:\/\/agora.xtec.cat\/ceip-santmiquel\/wp-json\/wp\/v2\/comments?post=11706"}],"version-history":[{"count":2,"href":"https:\/\/agora.xtec.cat\/ceip-santmiquel\/wp-json\/wp\/v2\/pages\/11706\/revisions"}],"predecessor-version":[{"id":11708,"href":"https:\/\/agora.xtec.cat\/ceip-santmiquel\/wp-json\/wp\/v2\/pages\/11706\/revisions\/11708"}],"up":[{"embeddable":true,"href":"https:\/\/agora.xtec.cat\/ceip-santmiquel\/wp-json\/wp\/v2\/pages\/642"}],"wp:attachment":[{"href":"https:\/\/agora.xtec.cat\/ceip-santmiquel\/wp-json\/wp\/v2\/media?parent=11706"}],"curies":[{"name":"wp","href":"https:\/\/api.w.org\/{rel}","templated":true}]}}