{"id":10764,"date":"2023-01-20T00:05:30","date_gmt":"2023-01-19T23:05:30","guid":{"rendered":"https:\/\/agora.xtec.cat\/ceip-santmiquel\/?page_id=10764"},"modified":"2024-04-22T16:06:35","modified_gmt":"2024-04-22T14:06:35","slug":"pindola-familiar-num-75","status":"publish","type":"page","link":"https:\/\/agora.xtec.cat\/ceip-santmiquel\/ampa\/pindoles-familiars\/pindola-familiar-num-75\/","title":{"rendered":"P\u00edndola familiar n\u00fam. 75"},"content":{"rendered":"<p>Benvolgudes fam\u00edlies,<\/p>\n<div>\n<p>La p\u00edndola familiar d&#8217;aquest mes de gener us adre\u00e7a a un lloc on podeu trobar uns v\u00eddeos molt breus i interessants sobre l\u2019\u00fas de les pantalles per parts dels nens i nenes.<\/p>\n<p>Creiem que us pot ajudar molt donada la \u00a0preocupaci\u00f3 existent \u00a0per l&#8217;\u00fas o l&#8217;ab\u00fas de les pantalles que fan nois i noies. Aquesta hiperconnexi\u00f3 en la majoria de casos no \u00e9s patol\u00f2gica, per\u00f2 fora bo que ens planteg\u00e9ssim si nosaltres mateixos, els adults, tamb\u00e9 en patim, i quin model estem donant.<\/p>\n<\/div>\n<div><\/div>\n<div>Podeu veure els v\u00eddeos clicant a la imatge<\/div>\n<div><\/div>\n<div><a href=\"https:\/\/www.youtube.com\/playlist?list=PLqtFu2JxAk9m63vf0u54wQp8LpbJovdtU\" target=\"_blank\" rel=\"noopener\"><img loading=\"lazy\" decoding=\"async\" class=\"size-full wp-image-10766 aligncenter\" src=\"https:\/\/agora.xtec.cat\/ceip-santmiquel\/wp-content\/uploads\/usu1043\/2023\/01\/baixa.png\" alt=\"\" width=\"258\" height=\"196\" \/><\/a><\/div>\n<div><\/div>\n<pre>Font de la imatge: https:\/\/pxhere.com\/es\/photo\/1437863<\/pre>\n","protected":false},"excerpt":{"rendered":"<p>Benvolgudes fam\u00edlies, La p\u00edndola familiar d&#8217;aquest mes de gener us adre\u00e7a a un lloc on podeu trobar uns v\u00eddeos molt breus i interessants sobre l\u2019\u00fas de les pantalles per parts dels nens i nenes. Creiem que us pot ajudar molt donada la \u00a0preocupaci\u00f3 existent \u00a0per l&#8217;\u00fas o l&#8217;ab\u00fas de les pantalles que fan nois i [&hellip;]<\/p>\n","protected":false},"author":1,"featured_media":0,"parent":642,"menu_order":-75,"comment_status":"closed","ping_status":"closed","template":"page-templates\/side-menu.php","meta":{"_bbp_topic_count":0,"_bbp_reply_count":0,"_bbp_total_topic_count":0,"_bbp_total_reply_count":0,"_bbp_voice_count":0,"_bbp_anonymous_reply_count":0,"_bbp_topic_count_hidden":0,"_bbp_reply_count_hidden":0,"_bbp_forum_subforum_count":0,"site-sidebar-layout":"default","site-content-layout":"","ast-site-content-layout":"","site-content-style":"default","site-sidebar-style":"default","ast-global-header-display":"","ast-banner-title-visibility":"","ast-main-header-display":"","ast-hfb-above-header-display":"","ast-hfb-below-header-display":"","ast-hfb-mobile-header-display":"","site-post-title":"","ast-breadcrumbs-content":"","ast-featured-img":"","footer-sml-layout":"","theme-transparent-header-meta":"","adv-header-id-meta":"","stick-header-meta":"","header-above-stick-meta":"","header-main-stick-meta":"","header-below-stick-meta":"","astra-migrate-meta-layouts":"default","ast-page-background-enabled":"default","ast-page-background-meta":{"desktop":{"background-color":"var(--ast-global-color-4)","background-image":"","background-repeat":"repeat","background-position":"center center","background-size":"auto","background-attachment":"scroll","background-type":"","background-media":"","overlay-type":"","overlay-color":"","overlay-opacity":"","overlay-gradient":""},"tablet":{"background-color":"","background-image":"","background-repeat":"repeat","background-position":"center center","background-size":"auto","background-attachment":"scroll","background-type":"","background-media":"","overlay-type":"","overlay-color":"","overlay-opacity":"","overlay-gradient":""},"mobile":{"background-color":"","background-image":"","background-repeat":"repeat","background-position":"center center","background-size":"auto","background-attachment":"scroll","background-type":"","background-media":"","overlay-type":"","overlay-color":"","overlay-opacity":"","overlay-gradient":""}},"ast-content-background-meta":{"desktop":{"background-color":"var(--ast-global-color-5)","background-image":"","background-repeat":"repeat","background-position":"center center","background-size":"auto","background-attachment":"scroll","background-type":"","background-media":"","overlay-type":"","overlay-color":"","overlay-opacity":"","overlay-gradient":""},"tablet":{"background-color":"var(--ast-global-color-5)","background-image":"","background-repeat":"repeat","background-position":"center center","background-size":"auto","background-attachment":"scroll","background-type":"","background-media":"","overlay-type":"","overlay-color":"","overlay-opacity":"","overlay-gradient":""},"mobile":{"background-color":"var(--ast-global-color-5)","background-image":"","background-repeat":"repeat","background-position":"center center","background-size":"auto","background-attachment":"scroll","background-type":"","background-media":"","overlay-type":"","overlay-color":"","overlay-opacity":"","overlay-gradient":""}},"footnotes":""},"class_list":["post-10764","page","type-page","status-publish","hentry"],"post_mailing_queue_ids":[],"_links":{"self":[{"href":"https:\/\/agora.xtec.cat\/ceip-santmiquel\/wp-json\/wp\/v2\/pages\/10764","targetHints":{"allow":["GET"]}}],"collection":[{"href":"https:\/\/agora.xtec.cat\/ceip-santmiquel\/wp-json\/wp\/v2\/pages"}],"about":[{"href":"https:\/\/agora.xtec.cat\/ceip-santmiquel\/wp-json\/wp\/v2\/types\/page"}],"author":[{"embeddable":true,"href":"https:\/\/agora.xtec.cat\/ceip-santmiquel\/wp-json\/wp\/v2\/users\/1"}],"replies":[{"embeddable":true,"href":"https:\/\/agora.xtec.cat\/ceip-santmiquel\/wp-json\/wp\/v2\/comments?post=10764"}],"version-history":[{"count":3,"href":"https:\/\/agora.xtec.cat\/ceip-santmiquel\/wp-json\/wp\/v2\/pages\/10764\/revisions"}],"predecessor-version":[{"id":10867,"href":"https:\/\/agora.xtec.cat\/ceip-santmiquel\/wp-json\/wp\/v2\/pages\/10764\/revisions\/10867"}],"up":[{"embeddable":true,"href":"https:\/\/agora.xtec.cat\/ceip-santmiquel\/wp-json\/wp\/v2\/pages\/642"}],"wp:attachment":[{"href":"https:\/\/agora.xtec.cat\/ceip-santmiquel\/wp-json\/wp\/v2\/media?parent=10764"}],"curies":[{"name":"wp","href":"https:\/\/api.w.org\/{rel}","templated":true}]}}