{"id":10275,"date":"2022-09-20T00:10:36","date_gmt":"2022-09-19T22:10:36","guid":{"rendered":"https:\/\/agora.xtec.cat\/ceip-santmiquel\/?page_id=10275"},"modified":"2022-09-20T06:15:03","modified_gmt":"2022-09-20T04:15:03","slug":"pagina-num-71","status":"publish","type":"page","link":"https:\/\/agora.xtec.cat\/ceip-santmiquel\/ampa\/pindoles-familiars\/pagina-num-71\/","title":{"rendered":"P\u00edndola familiar n\u00fam. 71"},"content":{"rendered":"<p>Reiniciem la tramesa de p\u00edndoles familiars (com de costum cada dia 20 del mes). Aquest cop us fem arribar la informaci\u00f3 d\u2019una <strong>activitat solid\u00e0ria<\/strong> que us pot ajudar a treballar aquest valor, el de la solidaritat a casa vostra.<\/p>\n<p>Considerem<strong> molt interessant fomentar valors com la solidaritat i l\u2019empatia<\/strong> entre els vostres fills i filles, ja que els ajudar\u00e0 a cr\u00e9ixer com a millors persones en el m\u00f3n actual.<\/p>\n<p>Tot seguit podeu veure el cartell d\u2019una activitat solid\u00e0ria \u00a0com \u00e9s una nova edici\u00f3 de <strong>Posa\u2019t la Gorra. <\/strong>Aquesta activitat vol continuar donant a con\u00e8ixer la realitat del c\u00e0ncer infantil i recaptar fons per millorar la qualitat de vida dels infants i adolescents amb c\u00e0ncer i les seves fam\u00edlies.<\/p>\n<p>Esperem que sigui del vostre inter\u00e8s!<\/p>\n<p><a href=\"https:\/\/agora.xtec.cat\/ceip-santmiquel\/wp-content\/uploads\/usu1043\/2022\/09\/cartell-gorra-6-scaled.jpg\"><img loading=\"lazy\" decoding=\"async\" class=\"alignnone size-large wp-image-10271\" src=\"https:\/\/agora.xtec.cat\/ceip-santmiquel\/wp-content\/uploads\/usu1043\/2022\/09\/cartell-gorra-6-724x1024.jpg\" alt=\"\" width=\"724\" height=\"1024\" srcset=\"https:\/\/agora.xtec.cat\/ceip-santmiquel\/wp-content\/uploads\/usu1043\/2022\/09\/cartell-gorra-6-724x1024.jpg 724w, https:\/\/agora.xtec.cat\/ceip-santmiquel\/wp-content\/uploads\/usu1043\/2022\/09\/cartell-gorra-6-212x300.jpg 212w, https:\/\/agora.xtec.cat\/ceip-santmiquel\/wp-content\/uploads\/usu1043\/2022\/09\/cartell-gorra-6-768x1086.jpg 768w, https:\/\/agora.xtec.cat\/ceip-santmiquel\/wp-content\/uploads\/usu1043\/2022\/09\/cartell-gorra-6-1086x1536.jpg 1086w, https:\/\/agora.xtec.cat\/ceip-santmiquel\/wp-content\/uploads\/usu1043\/2022\/09\/cartell-gorra-6-1448x2048.jpg 1448w, https:\/\/agora.xtec.cat\/ceip-santmiquel\/wp-content\/uploads\/usu1043\/2022\/09\/cartell-gorra-6-scaled.jpg 1810w\" sizes=\"auto, (max-width: 724px) 100vw, 724px\" \/><\/a><\/p>\n","protected":false},"excerpt":{"rendered":"<p>Reiniciem la tramesa de p\u00edndoles familiars (com de costum cada dia 20 del mes). Aquest cop us fem arribar la informaci\u00f3 d\u2019una activitat solid\u00e0ria que us pot ajudar a treballar aquest valor, el de la solidaritat a casa vostra. Considerem molt interessant fomentar valors com la solidaritat i l\u2019empatia entre els vostres fills i filles, [&hellip;]<\/p>\n","protected":false},"author":1,"featured_media":0,"parent":642,"menu_order":-71,"comment_status":"closed","ping_status":"closed","template":"page-templates\/side-menu.php","meta":{"_bbp_topic_count":0,"_bbp_reply_count":0,"_bbp_total_topic_count":0,"_bbp_total_reply_count":0,"_bbp_voice_count":0,"_bbp_anonymous_reply_count":0,"_bbp_topic_count_hidden":0,"_bbp_reply_count_hidden":0,"_bbp_forum_subforum_count":0,"site-sidebar-layout":"default","site-content-layout":"","ast-site-content-layout":"","site-content-style":"default","site-sidebar-style":"default","ast-global-header-display":"","ast-banner-title-visibility":"","ast-main-header-display":"","ast-hfb-above-header-display":"","ast-hfb-below-header-display":"","ast-hfb-mobile-header-display":"","site-post-title":"","ast-breadcrumbs-content":"","ast-featured-img":"","footer-sml-layout":"","theme-transparent-header-meta":"","adv-header-id-meta":"","stick-header-meta":"","header-above-stick-meta":"","header-main-stick-meta":"","header-below-stick-meta":"","astra-migrate-meta-layouts":"default","ast-page-background-enabled":"default","ast-page-background-meta":{"desktop":{"background-color":"var(--ast-global-color-4)","background-image":"","background-repeat":"repeat","background-position":"center center","background-size":"auto","background-attachment":"scroll","background-type":"","background-media":"","overlay-type":"","overlay-color":"","overlay-opacity":"","overlay-gradient":""},"tablet":{"background-color":"","background-image":"","background-repeat":"repeat","background-position":"center center","background-size":"auto","background-attachment":"scroll","background-type":"","background-media":"","overlay-type":"","overlay-color":"","overlay-opacity":"","overlay-gradient":""},"mobile":{"background-color":"","background-image":"","background-repeat":"repeat","background-position":"center center","background-size":"auto","background-attachment":"scroll","background-type":"","background-media":"","overlay-type":"","overlay-color":"","overlay-opacity":"","overlay-gradient":""}},"ast-content-background-meta":{"desktop":{"background-color":"var(--ast-global-color-5)","background-image":"","background-repeat":"repeat","background-position":"center center","background-size":"auto","background-attachment":"scroll","background-type":"","background-media":"","overlay-type":"","overlay-color":"","overlay-opacity":"","overlay-gradient":""},"tablet":{"background-color":"var(--ast-global-color-5)","background-image":"","background-repeat":"repeat","background-position":"center center","background-size":"auto","background-attachment":"scroll","background-type":"","background-media":"","overlay-type":"","overlay-color":"","overlay-opacity":"","overlay-gradient":""},"mobile":{"background-color":"var(--ast-global-color-5)","background-image":"","background-repeat":"repeat","background-position":"center center","background-size":"auto","background-attachment":"scroll","background-type":"","background-media":"","overlay-type":"","overlay-color":"","overlay-opacity":"","overlay-gradient":""}},"footnotes":""},"class_list":["post-10275","page","type-page","status-publish","hentry"],"post_mailing_queue_ids":[],"_links":{"self":[{"href":"https:\/\/agora.xtec.cat\/ceip-santmiquel\/wp-json\/wp\/v2\/pages\/10275","targetHints":{"allow":["GET"]}}],"collection":[{"href":"https:\/\/agora.xtec.cat\/ceip-santmiquel\/wp-json\/wp\/v2\/pages"}],"about":[{"href":"https:\/\/agora.xtec.cat\/ceip-santmiquel\/wp-json\/wp\/v2\/types\/page"}],"author":[{"embeddable":true,"href":"https:\/\/agora.xtec.cat\/ceip-santmiquel\/wp-json\/wp\/v2\/users\/1"}],"replies":[{"embeddable":true,"href":"https:\/\/agora.xtec.cat\/ceip-santmiquel\/wp-json\/wp\/v2\/comments?post=10275"}],"version-history":[{"count":2,"href":"https:\/\/agora.xtec.cat\/ceip-santmiquel\/wp-json\/wp\/v2\/pages\/10275\/revisions"}],"predecessor-version":[{"id":10281,"href":"https:\/\/agora.xtec.cat\/ceip-santmiquel\/wp-json\/wp\/v2\/pages\/10275\/revisions\/10281"}],"up":[{"embeddable":true,"href":"https:\/\/agora.xtec.cat\/ceip-santmiquel\/wp-json\/wp\/v2\/pages\/642"}],"wp:attachment":[{"href":"https:\/\/agora.xtec.cat\/ceip-santmiquel\/wp-json\/wp\/v2\/media?parent=10275"}],"curies":[{"name":"wp","href":"https:\/\/api.w.org\/{rel}","templated":true}]}}