{"id":10012,"date":"2022-06-20T00:10:46","date_gmt":"2022-06-19T22:10:46","guid":{"rendered":"https:\/\/agora.xtec.cat\/ceip-santmiquel\/?page_id=10012"},"modified":"2024-04-22T16:07:06","modified_gmt":"2024-04-22T14:07:06","slug":"pindola-familiar-num-70","status":"publish","type":"page","link":"https:\/\/agora.xtec.cat\/ceip-santmiquel\/ampa\/pindoles-familiars\/pindola-familiar-num-70\/","title":{"rendered":"P\u00edndola familiar n\u00fam. 70"},"content":{"rendered":"<p>Acabem el curs i amb ell les p\u00edndoles familiars fins al setembre. Aquesta darrera p\u00edndola, en conson\u00e0ncia amb el que us hem ofert durant el<br \/>\ncurs, \u00e9s un <a href=\"https:\/\/agora.xtec.cat\/ceip-santmiquel\/wp-content\/uploads\/usu1043\/2022\/06\/Sobreexposicio-a-les-pantalles_-_Son-un-cangur-immediat-i-gratuit_.pdf\" target=\"_blank\" rel=\"noopener\">article<\/a> que tracta sobre els perills de la sobreexposici\u00f3 a les pantalles.<\/p>\n<pre><a href=\"https:\/\/agora.xtec.cat\/ceip-santmiquel\/wp-content\/uploads\/usu1043\/2022\/06\/exposicio.jpg\"><img loading=\"lazy\" decoding=\"async\" class=\"size-medium wp-image-10018 aligncenter\" src=\"https:\/\/agora.xtec.cat\/ceip-santmiquel\/wp-content\/uploads\/usu1043\/2022\/06\/exposicio-300x200.jpg\" alt=\"\" width=\"300\" height=\"200\" srcset=\"https:\/\/agora.xtec.cat\/ceip-santmiquel\/wp-content\/uploads\/usu1043\/2022\/06\/exposicio-300x200.jpg 300w, https:\/\/agora.xtec.cat\/ceip-santmiquel\/wp-content\/uploads\/usu1043\/2022\/06\/exposicio-768x512.jpg 768w, https:\/\/agora.xtec.cat\/ceip-santmiquel\/wp-content\/uploads\/usu1043\/2022\/06\/exposicio.jpg 1024w\" sizes=\"auto, (max-width: 300px) 100vw, 300px\" \/>Font de la imatge: <\/a><a href=\"https:\/\/vidaysalud.com.ar\/2022\/05\/20\/usos-de-la-pantalla-en-la-ninez\/\" target=\"_blank\" rel=\"noopener\">https:\/\/vidaysalud.com.ar\/2022\/05\/20\/usos-de-la-pantalla-en-la-ninez\/<\/a>\r\n\r\n<\/pre>\n<p>Tamb\u00e9 us informem que podeu accedir al <span style=\"color: #ff0000;\">Pla d&#8217;Estrat\u00e8gia digital del centre<\/span> mitjan\u00e7ant el bot\u00f3 verd que trobareu a l&#8217;esquerra de la pantalla inicial del web de l&#8217;escola.\u00a0Tamb\u00e9 hi podeu accedir clicant\u00a0<a href=\"https:\/\/sites.google.com\/santmiquel.cat\/pla-destratgia-digital\/p%C3%A0gina-dinici\">AQU\u00cd<\/a>.<\/p>\n<div><\/div>\n<div><\/div>\n<div><\/div>\n<div>Bon estiu!!!<\/div>\n<div><\/div>\n<div><\/div>\n<pre><\/pre>\n","protected":false},"excerpt":{"rendered":"<p>Acabem el curs i amb ell les p\u00edndoles familiars fins al setembre. Aquesta darrera p\u00edndola, en conson\u00e0ncia amb el que us hem ofert durant el curs, \u00e9s un article que tracta sobre els perills de la sobreexposici\u00f3 a les pantalles. Font de la imatge: https:\/\/vidaysalud.com.ar\/2022\/05\/20\/usos-de-la-pantalla-en-la-ninez\/ Tamb\u00e9 us informem que podeu accedir al Pla d&#8217;Estrat\u00e8gia digital [&hellip;]<\/p>\n","protected":false},"author":1,"featured_media":0,"parent":642,"menu_order":-70,"comment_status":"closed","ping_status":"closed","template":"page-templates\/side-menu.php","meta":{"_bbp_topic_count":0,"_bbp_reply_count":0,"_bbp_total_topic_count":0,"_bbp_total_reply_count":0,"_bbp_voice_count":0,"_bbp_anonymous_reply_count":0,"_bbp_topic_count_hidden":0,"_bbp_reply_count_hidden":0,"_bbp_forum_subforum_count":0,"site-sidebar-layout":"default","site-content-layout":"","ast-site-content-layout":"","site-content-style":"default","site-sidebar-style":"default","ast-global-header-display":"","ast-banner-title-visibility":"","ast-main-header-display":"","ast-hfb-above-header-display":"","ast-hfb-below-header-display":"","ast-hfb-mobile-header-display":"","site-post-title":"","ast-breadcrumbs-content":"","ast-featured-img":"","footer-sml-layout":"","theme-transparent-header-meta":"","adv-header-id-meta":"","stick-header-meta":"","header-above-stick-meta":"","header-main-stick-meta":"","header-below-stick-meta":"","astra-migrate-meta-layouts":"default","ast-page-background-enabled":"default","ast-page-background-meta":{"desktop":{"background-color":"var(--ast-global-color-4)","background-image":"","background-repeat":"repeat","background-position":"center center","background-size":"auto","background-attachment":"scroll","background-type":"","background-media":"","overlay-type":"","overlay-color":"","overlay-opacity":"","overlay-gradient":""},"tablet":{"background-color":"","background-image":"","background-repeat":"repeat","background-position":"center center","background-size":"auto","background-attachment":"scroll","background-type":"","background-media":"","overlay-type":"","overlay-color":"","overlay-opacity":"","overlay-gradient":""},"mobile":{"background-color":"","background-image":"","background-repeat":"repeat","background-position":"center center","background-size":"auto","background-attachment":"scroll","background-type":"","background-media":"","overlay-type":"","overlay-color":"","overlay-opacity":"","overlay-gradient":""}},"ast-content-background-meta":{"desktop":{"background-color":"var(--ast-global-color-5)","background-image":"","background-repeat":"repeat","background-position":"center center","background-size":"auto","background-attachment":"scroll","background-type":"","background-media":"","overlay-type":"","overlay-color":"","overlay-opacity":"","overlay-gradient":""},"tablet":{"background-color":"var(--ast-global-color-5)","background-image":"","background-repeat":"repeat","background-position":"center center","background-size":"auto","background-attachment":"scroll","background-type":"","background-media":"","overlay-type":"","overlay-color":"","overlay-opacity":"","overlay-gradient":""},"mobile":{"background-color":"var(--ast-global-color-5)","background-image":"","background-repeat":"repeat","background-position":"center center","background-size":"auto","background-attachment":"scroll","background-type":"","background-media":"","overlay-type":"","overlay-color":"","overlay-opacity":"","overlay-gradient":""}},"footnotes":""},"class_list":["post-10012","page","type-page","status-publish","hentry"],"post_mailing_queue_ids":[],"_links":{"self":[{"href":"https:\/\/agora.xtec.cat\/ceip-santmiquel\/wp-json\/wp\/v2\/pages\/10012","targetHints":{"allow":["GET"]}}],"collection":[{"href":"https:\/\/agora.xtec.cat\/ceip-santmiquel\/wp-json\/wp\/v2\/pages"}],"about":[{"href":"https:\/\/agora.xtec.cat\/ceip-santmiquel\/wp-json\/wp\/v2\/types\/page"}],"author":[{"embeddable":true,"href":"https:\/\/agora.xtec.cat\/ceip-santmiquel\/wp-json\/wp\/v2\/users\/1"}],"replies":[{"embeddable":true,"href":"https:\/\/agora.xtec.cat\/ceip-santmiquel\/wp-json\/wp\/v2\/comments?post=10012"}],"version-history":[{"count":3,"href":"https:\/\/agora.xtec.cat\/ceip-santmiquel\/wp-json\/wp\/v2\/pages\/10012\/revisions"}],"predecessor-version":[{"id":10025,"href":"https:\/\/agora.xtec.cat\/ceip-santmiquel\/wp-json\/wp\/v2\/pages\/10012\/revisions\/10025"}],"up":[{"embeddable":true,"href":"https:\/\/agora.xtec.cat\/ceip-santmiquel\/wp-json\/wp\/v2\/pages\/642"}],"wp:attachment":[{"href":"https:\/\/agora.xtec.cat\/ceip-santmiquel\/wp-json\/wp\/v2\/media?parent=10012"}],"curies":[{"name":"wp","href":"https:\/\/api.w.org\/{rel}","templated":true}]}}