{"id":3658,"date":"2026-04-20T15:50:11","date_gmt":"2026-04-20T13:50:11","guid":{"rendered":"https:\/\/agora.xtec.cat\/ceip-santmarc-bassacs\/?page_id=3658"},"modified":"2026-04-30T16:44:01","modified_gmt":"2026-04-30T14:44:01","slug":"equip-docent","status":"publish","type":"page","link":"https:\/\/agora.xtec.cat\/ceip-santmarc-bassacs\/lescola\/equip-docent\/","title":{"rendered":"Equip Docent"},"content":{"rendered":"\n<h1 class=\"wp-block-heading\"><\/h1>\n\n\n\n<p>Consol Serra Espa\u00f1a&#8230;&#8230;&#8230;&#8230;&#8230;&#8230;&#8230;&#8230;&#8230;&#8230;&#8230;&#8230;&#8230;. Tutora d\u2019EI 3 anys.<\/p>\n\n\n\n<p>Ester Gonfaus Vilardaga&#8230;&#8230;&#8230;&#8230;&#8230;&#8230;&#8230;&#8230;&#8230;&#8230;&#8230;.. Tutora d\u2019EI 4 anys.<\/p>\n\n\n\n<p>Laura Lorenz Garcia&#8230;&#8230;&#8230;&#8230;&#8230;&#8230;&#8230;&#8230;&#8230;&#8230;&#8230;&#8230;&#8230;.. Tutora d\u2019EI 5 anys.&nbsp;<\/p>\n\n\n\n<p>\u00d2scar Guijarro Fern\u00e1mdez&#8230;&#8230;&#8230;&#8230;&#8230;&#8230;&#8230;&#8230;&#8230;&#8230;.. Tutora de P1.<\/p>\n\n\n\n<p>N\u00faria Farr\u00e0s Bella&#8230;&#8230;&#8230;&#8230;&#8230;&#8230;&#8230;&#8230;&#8230;&#8230;&#8230;&#8230;&#8230;&#8230;&#8230; Tutora de P2.<\/p>\n\n\n\n<p>Anna F\u00edguls Fern\u00e1ndez&#8230;&#8230;&#8230;&#8230;&#8230;&#8230;&#8230;&#8230;&#8230;&#8230;&#8230;&#8230;.&nbsp;Tutora de P3.<\/p>\n\n\n\n<p>Roc\u00edo Fern\u00e1ndez Campos&#8230;&#8230;&#8230;&#8230;&#8230;&#8230;&#8230;&#8230;&#8230;&#8230;&#8230;.Tutora de&nbsp;P4.<\/p>\n\n\n\n<p>Laura Trives Garcia &#8230;&#8230;&#8230;&#8230;&#8230;&#8230;&#8230;&#8230;&#8230;&#8230;&#8230;&#8230;&#8230;.. &nbsp;Tutora de P5.&nbsp;<\/p>\n\n\n\n<p>Mireia Cortina Puig&#8230;&#8230;&#8230;&#8230;&#8230;&#8230;&#8230;&#8230;&#8230;&#8230;&#8230;&#8230;&#8230;&#8230;.. Tutora de P6. Atenci\u00f3 a la diversitat&nbsp;<\/p>\n\n\n\n<p>Marc Parera Argerich&nbsp; &nbsp; &#8230;&#8230;&#8230;&#8230;&#8230;&#8230;&#8230;&#8230;&#8230;&#8230;&#8230;.. &nbsp;Llengua anglesa.&nbsp;<\/p>\n\n\n\n<p>Andrea Lopez Doblas&#8230;&#8230;&#8230;&#8230;&#8230;&#8230;&#8230;&#8230;&#8230;&#8230;&#8230;&#8230;&#8230;&nbsp; Llengua Anglesa i suport CI.<\/p>\n\n\n\n<p>Cristian P\u00e9rez G\u00f3mez&#8230;&#8230;&#8230;&#8230;&#8230;&#8230;&#8230;&#8230;&#8230;&#8230;&#8230;&#8230;.. &nbsp;Educaci\u00f3 F\u00edsica i suport a CM.<\/p>\n\n\n\n<p>Dolors Capellas Reig &nbsp; &#8230;&#8230;&#8230;&#8230;&#8230;&#8230;&#8230;&#8230;&#8230;&#8230;&#8230;&#8230;&nbsp; Educaci\u00f3 musical i suport a CI i CS.<\/p>\n\n\n\n<p>\u00c0ngels Ramos Moya&#8230;&#8230;&#8230;&#8230;&#8230;&#8230;&#8230;&#8230;&#8230;&#8230;&#8230;&#8230;&#8230;.. Aula d&#8217;acollida i suport a CI.<\/p>\n\n\n\n<p>N\u00faria Sorribas Roma &#8230;&#8230;&#8230;&#8230;&#8230;&#8230;&#8230;&#8230;&#8230;&#8230;&#8230;&#8230;..&nbsp; Religi\u00f3 i suport.<\/p>\n\n\n\n<h1 class=\"wp-block-heading\"><strong>EQUIP DIRECTIU<\/strong><\/h1>\n\n\n\n<p>Carme Rosell Noguera &#8230;&#8230;&#8230;&#8230;&#8230;&#8230;&#8230;&#8230;&#8230;&#8230;&#8230;&#8230;&#8230;&#8230;&#8230;&#8230;&#8230;&#8230;&#8230;&#8230;&#8230;&#8230;&#8230;&nbsp; Directora.<\/p>\n\n\n\n<p>Magda Ball\u00fas Capdevila &#8230;&#8230;&#8230;&#8230;&#8230;&#8230;&#8230;&#8230;&#8230;&#8230;&#8230;&#8230;&#8230;&#8230;&#8230;&#8230;&#8230;&#8230;&#8230;&#8230;&#8230;&#8230;.&nbsp; Cap d\u2019estudis.<\/p>\n\n\n\n<p>Roc\u00edo Fern\u00e1ndez Campos&#8230;&#8230;&#8230;&#8230;&#8230;&#8230;&#8230;&#8230;&#8230;&#8230;&#8230;&#8230;&#8230;&#8230;&#8230;&#8230;&#8230;&#8230;&#8230;&#8230;&#8230;..&nbsp; Secret\u00e0ria.<\/p>\n\n\n\n<p><\/p>\n","protected":false},"excerpt":{"rendered":"<p>Consol Serra Espa\u00f1a&#8230;&#8230;&#8230;&#8230;&#8230;&#8230;&#8230;&#8230;&#8230;&#8230;&#8230;&#8230;&#8230;. Tutora d\u2019EI 3 anys. Ester Gonfaus Vilardaga&#8230;&#8230;&#8230;&#8230;&#8230;&#8230;&#8230;&#8230;&#8230;&#8230;&#8230;.. Tutora d\u2019EI 4 anys. Laura Lorenz Garcia&#8230;&#8230;&#8230;&#8230;&#8230;&#8230;&#8230;&#8230;&#8230;&#8230;&#8230;&#8230;&#8230;.. Tutora d\u2019EI 5 anys.&nbsp; \u00d2scar Guijarro Fern\u00e1mdez&#8230;&#8230;&#8230;&#8230;&#8230;&#8230;&#8230;&#8230;&#8230;&#8230;.. Tutora de P1. N\u00faria Farr\u00e0s Bella&#8230;&#8230;&#8230;&#8230;&#8230;&#8230;&#8230;&#8230;&#8230;&#8230;&#8230;&#8230;&#8230;&#8230;&#8230; Tutora de P2. Anna F\u00edguls Fern\u00e1ndez&#8230;&#8230;&#8230;&#8230;&#8230;&#8230;&#8230;&#8230;&#8230;&#8230;&#8230;&#8230;.&nbsp;Tutora de P3. Roc\u00edo Fern\u00e1ndez Campos&#8230;&#8230;&#8230;&#8230;&#8230;&#8230;&#8230;&#8230;&#8230;&#8230;&#8230;.Tutora de&nbsp;P4. Laura Trives Garcia &#8230;&#8230;&#8230;&#8230;&#8230;&#8230;&#8230;&#8230;&#8230;&#8230;&#8230;&#8230;&#8230;.. &nbsp;Tutora de P5.&nbsp; Mireia Cortina Puig&#8230;&#8230;&#8230;&#8230;&#8230;&#8230;&#8230;&#8230;&#8230;&#8230;&#8230;&#8230;&#8230;&#8230;.. Tutora de P6. [&hellip;]<\/p>\n","protected":false},"author":4,"featured_media":0,"parent":22,"menu_order":0,"comment_status":"closed","ping_status":"closed","template":"","meta":{"_bbp_topic_count":0,"_bbp_reply_count":0,"_bbp_total_topic_count":0,"_bbp_total_reply_count":0,"_bbp_voice_count":0,"_bbp_anonymous_reply_count":0,"_bbp_topic_count_hidden":0,"_bbp_reply_count_hidden":0,"_bbp_forum_subforum_count":0,"site-sidebar-layout":"default","site-content-layout":"","ast-site-content-layout":"default","site-content-style":"default","site-sidebar-style":"default","ast-global-header-display":"","ast-banner-title-visibility":"","ast-main-header-display":"","ast-hfb-above-header-display":"","ast-hfb-below-header-display":"","ast-hfb-mobile-header-display":"","site-post-title":"","ast-breadcrumbs-content":"","ast-featured-img":"","footer-sml-layout":"","theme-transparent-header-meta":"","adv-header-id-meta":"","stick-header-meta":"","header-above-stick-meta":"","header-main-stick-meta":"","header-below-stick-meta":"","astra-migrate-meta-layouts":"set","ast-page-background-enabled":"default","ast-page-background-meta":{"desktop":{"background-color":"var(--ast-global-color-4)","background-image":"","background-repeat":"repeat","background-position":"center center","background-size":"auto","background-attachment":"scroll","background-type":"","background-media":"","overlay-type":"","overlay-color":"","overlay-opacity":"","overlay-gradient":""},"tablet":{"background-color":"","background-image":"","background-repeat":"repeat","background-position":"center center","background-size":"auto","background-attachment":"scroll","background-type":"","background-media":"","overlay-type":"","overlay-color":"","overlay-opacity":"","overlay-gradient":""},"mobile":{"background-color":"","background-image":"","background-repeat":"repeat","background-position":"center center","background-size":"auto","background-attachment":"scroll","background-type":"","background-media":"","overlay-type":"","overlay-color":"","overlay-opacity":"","overlay-gradient":""}},"ast-content-background-meta":{"desktop":{"background-color":"var(--ast-global-color-5)","background-image":"","background-repeat":"repeat","background-position":"center center","background-size":"auto","background-attachment":"scroll","background-type":"","background-media":"","overlay-type":"","overlay-color":"","overlay-opacity":"","overlay-gradient":""},"tablet":{"background-color":"var(--ast-global-color-5)","background-image":"","background-repeat":"repeat","background-position":"center center","background-size":"auto","background-attachment":"scroll","background-type":"","background-media":"","overlay-type":"","overlay-color":"","overlay-opacity":"","overlay-gradient":""},"mobile":{"background-color":"var(--ast-global-color-5)","background-image":"","background-repeat":"repeat","background-position":"center center","background-size":"auto","background-attachment":"scroll","background-type":"","background-media":"","overlay-type":"","overlay-color":"","overlay-opacity":"","overlay-gradient":""}},"footnotes":""},"class_list":["post-3658","page","type-page","status-publish","hentry"],"post_mailing_queue_ids":[],"_links":{"self":[{"href":"https:\/\/agora.xtec.cat\/ceip-santmarc-bassacs\/wp-json\/wp\/v2\/pages\/3658","targetHints":{"allow":["GET"]}}],"collection":[{"href":"https:\/\/agora.xtec.cat\/ceip-santmarc-bassacs\/wp-json\/wp\/v2\/pages"}],"about":[{"href":"https:\/\/agora.xtec.cat\/ceip-santmarc-bassacs\/wp-json\/wp\/v2\/types\/page"}],"author":[{"embeddable":true,"href":"https:\/\/agora.xtec.cat\/ceip-santmarc-bassacs\/wp-json\/wp\/v2\/users\/4"}],"replies":[{"embeddable":true,"href":"https:\/\/agora.xtec.cat\/ceip-santmarc-bassacs\/wp-json\/wp\/v2\/comments?post=3658"}],"version-history":[{"count":2,"href":"https:\/\/agora.xtec.cat\/ceip-santmarc-bassacs\/wp-json\/wp\/v2\/pages\/3658\/revisions"}],"predecessor-version":[{"id":3664,"href":"https:\/\/agora.xtec.cat\/ceip-santmarc-bassacs\/wp-json\/wp\/v2\/pages\/3658\/revisions\/3664"}],"up":[{"embeddable":true,"href":"https:\/\/agora.xtec.cat\/ceip-santmarc-bassacs\/wp-json\/wp\/v2\/pages\/22"}],"wp:attachment":[{"href":"https:\/\/agora.xtec.cat\/ceip-santmarc-bassacs\/wp-json\/wp\/v2\/media?parent=3658"}],"curies":[{"name":"wp","href":"https:\/\/api.w.org\/{rel}","templated":true}]}}