{"id":3637,"date":"2026-04-20T10:38:09","date_gmt":"2026-04-20T08:38:09","guid":{"rendered":"https:\/\/agora.xtec.cat\/ceip-santmarc-bassacs\/?page_id=3637"},"modified":"2026-04-20T16:23:22","modified_gmt":"2026-04-20T14:23:22","slug":"autoritzacions-i-altres","status":"publish","type":"page","link":"https:\/\/agora.xtec.cat\/ceip-santmarc-bassacs\/autoritzacions-i-altres\/","title":{"rendered":"Autoritzacions i altres"},"content":{"rendered":"\n<p><strong>Administraci\u00f3 de medicaments als alumnes<\/strong><br>Seguint les recomanacions del Departament de Salut i la Societat Catalana de Pediatria, s\u2019ha incl\u00f2s el paracetamol a la farmaciola dels centres educatius de Catalunya. Per administrar-lo cal tenir l\u2019autoritzaci\u00f3 signada dels pares, mares o tutors legals (que el centre educatiu demana en el moment de la inscripci\u00f3 de l\u2019alumne al centre) i seguir les recomanacions d\u2019\u00fas elaborades per la Societat Catalana de Pediatria i pels departaments d\u2019Ensenyament i de Salut de la Generalitat de Catalunya.<br>Per poder <strong>administrar medicaments<\/strong> als alumnes, sempre que sigui imprescindible fer-ho en horari lectiu, cal que els pares, mares o tutors legals aportin un informe m\u00e8dic on consti el nom de l\u2019alumne, el nom del medicament que ha de prendre i la pauta d\u2019administraci\u00f3. Aix\u00ed mateix, els pares, mares o tutors legals han d\u2019aportar un escrit on es demani, al director o directora del centre educatiu, l\u2019administraci\u00f3 al fill o filla del medicament prescrit d\u2019acord amb les pautes que constin en l\u2019informe esmentat, i se n\u2019autoritzi l\u2019administraci\u00f3 als docents del centre.<br>En aquest sentit cal assenyalar que els docents nom\u00e9s podran fer accions que no requereixen cap titulaci\u00f3 sanit\u00e0ria i que les poden fer els pares, mares, familiars o cuidadors en general, sempre que hagin tingut un ensinistrament previ. Aqu\u00ed s\u2019inclouen l\u2019administraci\u00f3 de medicaments: insulina, glucag\u00f3, adrenalina i altres f\u00e0rmacs d\u2019\u00fas habitual en pediatria. Tamb\u00e9 fer cures senzilles (erosions, petites ferides), aix\u00ed com la primera atenci\u00f3 a qualsevol incident inesperat.<\/p>\n\n\n\n<p><a href=\"https:\/\/drive.google.com\/file\/d\/1NmSIvvBvPmKAH4MxghMjRWTo-90xK7Np\/view?usp=sharing\">AUTORIZACI\u00d3 MEDICAMENTS<\/a><\/p>\n\n\n\n<p><a href=\"http:\/\/educacio.gencat.cat\/documents\/FormularisModels\/CentresGestioAdministrativa\/Y332_188.pdf\">AUTORITZACI\u00d3 ADMINISTRACI\u00d3 DE PARACETAMOL<\/a><\/p>\n\n\n\n<p><strong>Vacunacions<\/strong><br>L\u2019administraci\u00f3 de les vacunes que es fa en els centres educatius est\u00e0 regulada pel Decret 155\/1993, d\u20191 de juny, d\u2019actualitzaci\u00f3 del Programa de salut escolar. A l\u2019article 5 s\u2019especifica que l\u2019execuci\u00f3 del Programa de salut escolar als centres educatius (entre altres l\u2019administraci\u00f3 de les vacunes en els centres educatius) correspon als ajuntaments. A l\u2019article 10 s\u2019especifica quines s\u00f3n les vacunes que en cada cas s\u2019han d\u2019administrar.<br>En el <a href=\"http:\/\/canalsalut.gencat.cat\/ca\/home_ciutadania\/salut_az\/v\/vacunacions\/\" target=\"_blank\" rel=\"noreferrer noopener\">Calendari de vacunacions del Departament de Salut<\/a>, hi ha actualitzades les vacunes que s\u2019administren a cada edat.<\/p>\n\n\n\n<p><strong>Malalties transmissibles<\/strong><br>Per tal d\u2019informar les fam\u00edlies sobre l\u2019assist\u00e8ncia o no dels infants al centre educatiu quan pateixen una malaltia transmissible, el Departament de Salut, a trav\u00e9s de la Subdirecci\u00f3 de Vigil\u00e0ncia i Resposta a Emerg\u00e8ncies de Salut P\u00fablica, ha publicat unes recomanacions amb uns \u201c<a href=\"http:\/\/salutweb.gencat.cat\/web\/.content\/home\/ambits_tematics\/per_perfils\/centres_educatius\/infancia_i_malaltia\/malalties_transmissibles\/documents\/arxius\/eviccioescolar.pdf\" target=\"_blank\" rel=\"noreferrer noopener\">Criteris de no-assist\u00e8ncia de l\u2019alumnat a l\u2019escola o a la llar d\u2019infants durant un per\u00edode de temps determinat a causa de malalties transmissibles<\/a>\u201c.<\/p>\n\n\n\n<p><\/p>\n","protected":false},"excerpt":{"rendered":"<p>Administraci\u00f3 de medicaments als alumnesSeguint les recomanacions del Departament de Salut i la Societat Catalana de Pediatria, s\u2019ha incl\u00f2s el paracetamol a la farmaciola dels centres educatius de Catalunya. Per administrar-lo cal tenir l\u2019autoritzaci\u00f3 signada dels pares, mares o tutors legals (que el centre educatiu demana en el moment de la inscripci\u00f3 de l\u2019alumne al [&hellip;]<\/p>\n","protected":false},"author":11,"featured_media":0,"parent":0,"menu_order":0,"comment_status":"closed","ping_status":"close","template":"","meta":{"_bbp_topic_count":0,"_bbp_reply_count":0,"_bbp_total_topic_count":0,"_bbp_total_reply_count":0,"_bbp_voice_count":0,"_bbp_anonymous_reply_count":0,"_bbp_topic_count_hidden":0,"_bbp_reply_count_hidden":0,"_bbp_forum_subforum_count":0,"site-sidebar-layout":"default","site-content-layout":"","ast-site-content-layout":"default","site-content-style":"default","site-sidebar-style":"default","ast-global-header-display":"","ast-banner-title-visibility":"","ast-main-header-display":"","ast-hfb-above-header-display":"","ast-hfb-below-header-display":"","ast-hfb-mobile-header-display":"","site-post-title":"","ast-breadcrumbs-content":"","ast-featured-img":"","footer-sml-layout":"","theme-transparent-header-meta":"","adv-header-id-meta":"","stick-header-meta":"","header-above-stick-meta":"","header-main-stick-meta":"","header-below-stick-meta":"","astra-migrate-meta-layouts":"set","ast-page-background-enabled":"default","ast-page-background-meta":{"desktop":{"background-color":"var(--ast-global-color-4)","background-image":"","background-repeat":"repeat","background-position":"center center","background-size":"auto","background-attachment":"scroll","background-type":"","background-media":"","overlay-type":"","overlay-color":"","overlay-opacity":"","overlay-gradient":""},"tablet":{"background-color":"","background-image":"","background-repeat":"repeat","background-position":"center center","background-size":"auto","background-attachment":"scroll","background-type":"","background-media":"","overlay-type":"","overlay-color":"","overlay-opacity":"","overlay-gradient":""},"mobile":{"background-color":"","background-image":"","background-repeat":"repeat","background-position":"center center","background-size":"auto","background-attachment":"scroll","background-type":"","background-media":"","overlay-type":"","overlay-color":"","overlay-opacity":"","overlay-gradient":""}},"ast-content-background-meta":{"desktop":{"background-color":"var(--ast-global-color-5)","background-image":"","background-repeat":"repeat","background-position":"center center","background-size":"auto","background-attachment":"scroll","background-type":"","background-media":"","overlay-type":"","overlay-color":"","overlay-opacity":"","overlay-gradient":""},"tablet":{"background-color":"var(--ast-global-color-5)","background-image":"","background-repeat":"repeat","background-position":"center center","background-size":"auto","background-attachment":"scroll","background-type":"","background-media":"","overlay-type":"","overlay-color":"","overlay-opacity":"","overlay-gradient":""},"mobile":{"background-color":"var(--ast-global-color-5)","background-image":"","background-repeat":"repeat","background-position":"center center","background-size":"auto","background-attachment":"scroll","background-type":"","background-media":"","overlay-type":"","overlay-color":"","overlay-opacity":"","overlay-gradient":""}},"footnotes":""},"class_list":["post-3637","page","type-page","status-publish","hentry"],"post_mailing_queue_ids":[],"_links":{"self":[{"href":"https:\/\/agora.xtec.cat\/ceip-santmarc-bassacs\/wp-json\/wp\/v2\/pages\/3637","targetHints":{"allow":["GET"]}}],"collection":[{"href":"https:\/\/agora.xtec.cat\/ceip-santmarc-bassacs\/wp-json\/wp\/v2\/pages"}],"about":[{"href":"https:\/\/agora.xtec.cat\/ceip-santmarc-bassacs\/wp-json\/wp\/v2\/types\/page"}],"author":[{"embeddable":true,"href":"https:\/\/agora.xtec.cat\/ceip-santmarc-bassacs\/wp-json\/wp\/v2\/users\/11"}],"replies":[{"embeddable":true,"href":"https:\/\/agora.xtec.cat\/ceip-santmarc-bassacs\/wp-json\/wp\/v2\/comments?post=3637"}],"version-history":[{"count":2,"href":"https:\/\/agora.xtec.cat\/ceip-santmarc-bassacs\/wp-json\/wp\/v2\/pages\/3637\/revisions"}],"predecessor-version":[{"id":3665,"href":"https:\/\/agora.xtec.cat\/ceip-santmarc-bassacs\/wp-json\/wp\/v2\/pages\/3637\/revisions\/3665"}],"wp:attachment":[{"href":"https:\/\/agora.xtec.cat\/ceip-santmarc-bassacs\/wp-json\/wp\/v2\/media?parent=3637"}],"curies":[{"name":"wp","href":"https:\/\/api.w.org\/{rel}","templated":true}]}}