{"id":34,"date":"2014-09-18T12:32:18","date_gmt":"2014-09-18T11:32:18","guid":{"rendered":"http:\/\/agora.xtec.cat\/ceip-santmarc-bassacs\/?page_id=34"},"modified":"2026-04-30T21:29:35","modified_gmt":"2026-04-30T19:29:35","slug":"oferta-educativa","status":"publish","type":"page","link":"https:\/\/agora.xtec.cat\/ceip-santmarc-bassacs\/lescola\/oferta-educativa\/","title":{"rendered":"Oferta educativa"},"content":{"rendered":"<p><strong>Estudis<\/strong>:<\/p>\n<p>De 3 a 12 anys.<\/p>\n<p>Segon cicle d\u2019Educaci\u00f3 Infantil (P3, P4 i P5)<\/p>\n<p>Educaci\u00f3 Prim\u00e0ria (1r, 2n, 3r, 4t, 5\u00e8 i 6\u00e8)<\/p>\n<ul>\n<li>Horari Escolar:\n<ul>\n<li>Educaci\u00f3 Infantil: de 9 h a 12.30 h i de 15 a 16.30 h<\/li>\n<li>Educaci\u00f3 Prim\u00e0ria: de 9 h a 12.30 h i de 15 a 16.30 h<\/li>\n<\/ul>\n<\/li>\n<\/ul>\n<ul>\n<li>\u00a0Servei acollida:\n<ul>\n<li>Servei acollida matinal de 8 a 9:00 h<\/li>\n<li>Servei acollida migdia de 12.30 a 13 h<\/li>\n<li>Activitats extraescolars en horari de migdia i tarda.<\/li>\n<\/ul>\n<\/li>\n<\/ul>\n<h3>Alumnat<\/h3>\n<p>Som 135 alumnes distribuits en 9 cursos.<\/p>\n<table border=\"0\" width=\"300\" align=\"center\">\n<tbody>\n<tr>\n<th style=\"text-align: left;\" scope=\"col\">Ed. Infantil<\/th>\n<th style=\"text-align: left;\" scope=\"col\">Ed. Prim\u00e0ria<\/th>\n<\/tr>\n<tr>\n<td>3 grups<\/td>\n<td>6 grups<\/td>\n<\/tr>\n<\/tbody>\n<\/table>\n<p>En acabar la prim\u00e0ria, l\u2019alumnat pot continuar a l&#8217;Institut Pere Fontdevila de Gironella.<\/p>\n","protected":false},"excerpt":{"rendered":"<p>Estudis: De 3 a 12 anys. Segon cicle d\u2019Educaci\u00f3 Infantil (P3, P4 i P5) Educaci\u00f3 Prim\u00e0ria (1r, 2n, 3r, 4t, 5\u00e8 i 6\u00e8) Horari Escolar: Educaci\u00f3 Infantil: de 9 h a 12.30 h i de 15 a 16.30 h Educaci\u00f3 Prim\u00e0ria: de 9 h a 12.30 h i de 15 a 16.30 h \u00a0Servei acollida: [&hellip;]<\/p>\n","protected":false},"author":1,"featured_media":0,"parent":22,"menu_order":60,"comment_status":"closed","ping_status":"closed","template":"","meta":{"_bbp_topic_count":0,"_bbp_reply_count":0,"_bbp_total_topic_count":0,"_bbp_total_reply_count":0,"_bbp_voice_count":0,"_bbp_anonymous_reply_count":0,"_bbp_topic_count_hidden":0,"_bbp_reply_count_hidden":0,"_bbp_forum_subforum_count":0,"site-sidebar-layout":"default","site-content-layout":"","ast-site-content-layout":"default","site-content-style":"default","site-sidebar-style":"default","ast-global-header-display":"","ast-banner-title-visibility":"","ast-main-header-display":"","ast-hfb-above-header-display":"","ast-hfb-below-header-display":"","ast-hfb-mobile-header-display":"","site-post-title":"","ast-breadcrumbs-content":"","ast-featured-img":"","footer-sml-layout":"","theme-transparent-header-meta":"","adv-header-id-meta":"","stick-header-meta":"","header-above-stick-meta":"","header-main-stick-meta":"","header-below-stick-meta":"","astra-migrate-meta-layouts":"set","ast-page-background-enabled":"default","ast-page-background-meta":{"desktop":{"background-color":"var(--ast-global-color-4)","background-image":"","background-repeat":"repeat","background-position":"center center","background-size":"auto","background-attachment":"scroll","background-type":"","background-media":"","overlay-type":"","overlay-color":"","overlay-opacity":"","overlay-gradient":""},"tablet":{"background-color":"","background-image":"","background-repeat":"repeat","background-position":"center center","background-size":"auto","background-attachment":"scroll","background-type":"","background-media":"","overlay-type":"","overlay-color":"","overlay-opacity":"","overlay-gradient":""},"mobile":{"background-color":"","background-image":"","background-repeat":"repeat","background-position":"center center","background-size":"auto","background-attachment":"scroll","background-type":"","background-media":"","overlay-type":"","overlay-color":"","overlay-opacity":"","overlay-gradient":""}},"ast-content-background-meta":{"desktop":{"background-color":"var(--ast-global-color-5)","background-image":"","background-repeat":"repeat","background-position":"center center","background-size":"auto","background-attachment":"scroll","background-type":"","background-media":"","overlay-type":"","overlay-color":"","overlay-opacity":"","overlay-gradient":""},"tablet":{"background-color":"var(--ast-global-color-5)","background-image":"","background-repeat":"repeat","background-position":"center center","background-size":"auto","background-attachment":"scroll","background-type":"","background-media":"","overlay-type":"","overlay-color":"","overlay-opacity":"","overlay-gradient":""},"mobile":{"background-color":"var(--ast-global-color-5)","background-image":"","background-repeat":"repeat","background-position":"center center","background-size":"auto","background-attachment":"scroll","background-type":"","background-media":"","overlay-type":"","overlay-color":"","overlay-opacity":"","overlay-gradient":""}},"footnotes":""},"class_list":["post-34","page","type-page","status-publish","hentry"],"post_mailing_queue_ids":[],"_links":{"self":[{"href":"https:\/\/agora.xtec.cat\/ceip-santmarc-bassacs\/wp-json\/wp\/v2\/pages\/34","targetHints":{"allow":["GET"]}}],"collection":[{"href":"https:\/\/agora.xtec.cat\/ceip-santmarc-bassacs\/wp-json\/wp\/v2\/pages"}],"about":[{"href":"https:\/\/agora.xtec.cat\/ceip-santmarc-bassacs\/wp-json\/wp\/v2\/types\/page"}],"author":[{"embeddable":true,"href":"https:\/\/agora.xtec.cat\/ceip-santmarc-bassacs\/wp-json\/wp\/v2\/users\/1"}],"replies":[{"embeddable":true,"href":"https:\/\/agora.xtec.cat\/ceip-santmarc-bassacs\/wp-json\/wp\/v2\/comments?post=34"}],"version-history":[{"count":4,"href":"https:\/\/agora.xtec.cat\/ceip-santmarc-bassacs\/wp-json\/wp\/v2\/pages\/34\/revisions"}],"predecessor-version":[{"id":3765,"href":"https:\/\/agora.xtec.cat\/ceip-santmarc-bassacs\/wp-json\/wp\/v2\/pages\/34\/revisions\/3765"}],"up":[{"embeddable":true,"href":"https:\/\/agora.xtec.cat\/ceip-santmarc-bassacs\/wp-json\/wp\/v2\/pages\/22"}],"wp:attachment":[{"href":"https:\/\/agora.xtec.cat\/ceip-santmarc-bassacs\/wp-json\/wp\/v2\/media?parent=34"}],"curies":[{"name":"wp","href":"https:\/\/api.w.org\/{rel}","templated":true}]}}