{"id":3055,"date":"2024-03-21T00:44:58","date_gmt":"2024-03-20T23:44:58","guid":{"rendered":"https:\/\/agora.xtec.cat\/ceip-santmarc-bassacs\/?page_id=3055"},"modified":"2026-04-30T22:00:41","modified_gmt":"2026-04-30T20:00:41","slug":"mobilitats","status":"publish","type":"page","link":"https:\/\/agora.xtec.cat\/ceip-santmarc-bassacs\/mobilitats\/","title":{"rendered":"Mobilitats"},"content":{"rendered":"<p><strong>CURS 2018\/19<\/strong><\/p>\n<table style=\"height: 64px; width: 100%; border-collapse: collapse; border-style: dashed; border-color: #000000; background-color: #c8cdcf;\">\n<tbody>\n<tr style=\"height: 32px;\">\n<td style=\"width: 33.3333%; height: 32px;\">PERSONES<\/td>\n<td style=\"width: 33.3333%; height: 32px;\">MODALITAT<\/td>\n<td style=\"width: 33.3333%; height: 32px;\">DESTINACI\u00d3<\/td>\n<\/tr>\n<tr style=\"height: 32px;\">\n<td style=\"width: 33.3333%; height: 32px;\">2<\/td>\n<td style=\"width: 33.3333%; height: 32px;\">JOB SHADOWING<\/td>\n<td style=\"width: 33.3333%; height: 32px;\">FINL\u00c0NDIA &#8211; HELSINKI<\/td>\n<\/tr>\n<\/tbody>\n<\/table>\n<p><strong style=\"font-family: inherit; font-size: 1em;\">CURS 2019\/20<\/strong><\/p>\n<table style=\"width: 100%; border-collapse: collapse; border-style: dashed; background-color: #c8cdcf; border-color: #000000;\">\n<tbody>\n<tr>\n<td style=\"width: 33.3333%;\">PERSONES<\/td>\n<td style=\"width: 33.3333%;\">MODALITAT<\/td>\n<td style=\"width: 33.3333%;\">DESTINACI\u00d3<\/td>\n<\/tr>\n<tr>\n<td style=\"width: 33.3333%;\">1<\/td>\n<td style=\"width: 33.3333%;\">CURS ESTRUCTURAT<\/td>\n<td style=\"width: 33.3333%;\">IRLANDA &#8211; DUBL\u00cdN<\/td>\n<\/tr>\n<\/tbody>\n<\/table>\n<table style=\"height: 64px; width: 100%; border-collapse: collapse; border-color: #000000; background-color: #c8cdcf; border-style: dashed;\">\n<tbody>\n<tr style=\"height: 32px;\">\n<td style=\"width: 33.3333%; height: 32px;\">PERSONES<\/td>\n<td style=\"width: 33.3333%; height: 32px;\">MODALITAT<\/td>\n<td style=\"width: 33.3333%; height: 32px;\">DESTINACI\u00d3<\/td>\n<\/tr>\n<tr style=\"height: 32px;\">\n<td style=\"width: 33.3333%; height: 32px;\">4<\/td>\n<td style=\"width: 33.3333%; height: 32px;\">JOB SHADOWING<\/td>\n<td style=\"width: 33.3333%; height: 32px;\">REGNE UNIT &#8211; NORWICH<\/td>\n<\/tr>\n<\/tbody>\n<\/table>\n<p><strong>CURS 2021\/22<\/strong><\/p>\n<table style=\"width: 100%; border-collapse: collapse; border-color: #000000; background-color: #c8cdcf; border-style: dashed;\">\n<tbody>\n<tr>\n<td style=\"width: 33.3333%;\">PERSONES<\/td>\n<td style=\"width: 33.3333%;\">MODALITAT<\/td>\n<td style=\"width: 33.3333%;\">DESTINACI\u00d3<\/td>\n<\/tr>\n<tr>\n<td style=\"width: 33.3333%;\">2<\/td>\n<td style=\"width: 33.3333%;\">CURS ESTRUCURAT<\/td>\n<td style=\"width: 33.3333%;\">IRLANDA &#8211; DUBL\u00cdN<\/td>\n<\/tr>\n<\/tbody>\n<\/table>\n<table style=\"width: 100%; border-collapse: collapse; border-style: dashed; border-color: #000000; background-color: #c8cdcf;\">\n<tbody>\n<tr>\n<td style=\"width: 33.3333%;\">PERSONES<\/td>\n<td style=\"width: 33.3333%;\">MODALITAT<\/td>\n<td style=\"width: 33.3333%;\">DESTINACI\u00d3<\/td>\n<\/tr>\n<tr>\n<td style=\"width: 33.3333%;\">2<\/td>\n<td style=\"width: 33.3333%;\">CURS ESTRUCTURAT<\/td>\n<td style=\"width: 33.3333%;\">ITL\u00c0LIA &#8211; BOLONYA<\/td>\n<\/tr>\n<\/tbody>\n<\/table>\n<p><strong>CURS 2023\/2024<\/strong><\/p>\n<table style=\"width: 100%; border-collapse: collapse; border-style: dashed; border-color: #000000; background-color: #c8cdcf;\">\n<tbody>\n<tr>\n<td style=\"width: 33.3333%;\">PERSONES<\/td>\n<td style=\"width: 33.3333%;\">MODALITAT<\/td>\n<td style=\"width: 33.3333%;\">DESTINACI\u00d3<\/td>\n<\/tr>\n<tr>\n<td style=\"width: 33.3333%;\">GRUP 6\u00e8 + 3<\/td>\n<td style=\"width: 33.3333%;\">JOB SHADOWING<\/td>\n<td style=\"width: 33.3333%;\">FINL\u00c0NDIA &#8211; JAALA<\/td>\n<\/tr>\n<\/tbody>\n<\/table>\n<table style=\"width: 100%; border-collapse: collapse; border-color: #000000; background-color: #c8cdcf; border-style: dashed;\">\n<tbody>\n<tr>\n<td style=\"width: 33.3333%;\">PERSONES<\/td>\n<td style=\"width: 33.3333%;\">MODALITAT<\/td>\n<td style=\"width: 33.3333%;\">DESTINACI\u00d3<\/td>\n<\/tr>\n<tr>\n<td style=\"width: 33.3333%;\">2<\/td>\n<td style=\"width: 33.3333%;\">JOB SHADOWING<\/td>\n<td style=\"width: 33.3333%;\">IT\u00c0LIA &#8211; PISTOIA<\/td>\n<\/tr>\n<\/tbody>\n<\/table>\n<table style=\"width: 100%; border-collapse: collapse; border-color: #000000; background-color: #c8cdcf; border-style: dashed;\">\n<tbody>\n<tr>\n<td style=\"width: 33.3333%;\">PERSONES<\/td>\n<td style=\"width: 33.3333%;\">MODALITAT<\/td>\n<td style=\"width: 33.3333%;\">DESTINACI\u00d3<\/td>\n<\/tr>\n<tr>\n<td style=\"width: 33.3333%;\">2<\/td>\n<td style=\"width: 33.3333%;\">CURS ESTRUCTURAT<\/td>\n<td style=\"width: 33.3333%;\">FINL\u00c0NDIA &#8211; HELSINKI<\/td>\n<\/tr>\n<\/tbody>\n<\/table>\n<p><strong>CURS 2024\/2025<\/strong><\/p>\n<table style=\"width: 100%; border-collapse: collapse; border-color: #000000; background-color: #c8cdcf; border-style: dashed;\">\n<tbody>\n<tr>\n<td style=\"width: 33.3333%;\">PERSONES<\/td>\n<td style=\"width: 33.3333%;\">MODALITAT<\/td>\n<td style=\"width: 33.3333%;\">DESTINACI\u00d3<\/td>\n<\/tr>\n<tr>\n<td style=\"width: 33.3333%;\">3<\/td>\n<td style=\"width: 33.3333%;\">CURS ESTRUCTURAT<\/td>\n<td style=\"width: 33.3333%;\">ALEMANYA &#8211; BERLIN<\/td>\n<\/tr>\n<\/tbody>\n<\/table>\n<table style=\"height: 46px; width: 100%; border-collapse: collapse; border-style: dashed; border-color: #000000; background-color: #c8cdcf;\">\n<tbody>\n<tr style=\"height: 23px;\">\n<td style=\"width: 33.3333%; height: 23px;\">PERSONES<\/td>\n<td style=\"width: 33.3333%; height: 23px;\">MODALITAT<\/td>\n<td style=\"width: 33.3333%; height: 23px;\">DESTINACI\u00d3<\/td>\n<\/tr>\n<tr style=\"height: 23px;\">\n<td style=\"width: 33.3333%; height: 23px;\">GRUP 6\u00e8 + 3<\/td>\n<td style=\"width: 33.3333%; height: 23px;\">JOB SHADOWING<\/td>\n<td style=\"width: 33.3333%; height: 23px;\">KAVALA &#8211; GR\u00c8CIA<\/td>\n<\/tr>\n<\/tbody>\n<\/table>\n<table style=\"width: 100%; border-collapse: collapse; border-style: dashed; border-color: #000000; background-color: #c8cdcf;\">\n<tbody>\n<tr>\n<td style=\"width: 33.3333%;\">PERSONES<\/td>\n<td style=\"width: 33.3333%;\">MODALITAT<\/td>\n<td style=\"width: 33.3333%;\">DESTINACI\u00d3<\/td>\n<\/tr>\n<tr>\n<td style=\"width: 33.3333%;\">2<\/td>\n<td style=\"width: 33.3333%;\">CURS ESTRUCTURAT<\/td>\n<td style=\"width: 33.3333%;\">PORTUGAL &#8211; PORTO<\/td>\n<\/tr>\n<\/tbody>\n<\/table>\n<p><strong>CURS 2025\/2025<\/strong><\/p>\n<table style=\"height: 46px; width: 100%; border-collapse: collapse; border-style: dashed; border-color: #000000; background-color: #c8cdcf;\">\n<tbody>\n<tr style=\"height: 23px;\">\n<td style=\"width: 33.3333%; height: 23px;\">PERSONES<\/td>\n<td style=\"width: 33.3333%; height: 23px;\">MODALITAT<\/td>\n<td style=\"width: 33.3333%; height: 23px;\">DESTINACI\u00d3<\/td>\n<\/tr>\n<tr style=\"height: 23px;\">\n<td style=\"width: 33.3333%; height: 23px;\">GRUP 6\u00e8 + 3<\/td>\n<td style=\"width: 33.3333%; height: 23px;\">JOB SHADOWING<\/td>\n<td style=\"width: 33.3333%; height: 23px;\">TRONDHEIM &#8211; NORUEGA<\/td>\n<\/tr>\n<\/tbody>\n<\/table>\n<p>\u00a0<\/p>\n\n\n<p><\/p>\n","protected":false},"excerpt":{"rendered":"<p>CURS 2018\/19 PERSONES MODALITAT DESTINACI\u00d3 2 JOB SHADOWING FINL\u00c0NDIA &#8211; HELSINKI CURS 2019\/20 PERSONES MODALITAT DESTINACI\u00d3 1 CURS ESTRUCTURAT IRLANDA &#8211; DUBL\u00cdN PERSONES MODALITAT DESTINACI\u00d3 4 JOB SHADOWING REGNE UNIT &#8211; NORWICH CURS 2021\/22 PERSONES MODALITAT DESTINACI\u00d3 2 CURS ESTRUCURAT IRLANDA &#8211; DUBL\u00cdN PERSONES MODALITAT DESTINACI\u00d3 2 CURS ESTRUCTURAT ITL\u00c0LIA &#8211; BOLONYA CURS 2023\/2024 PERSONES [&hellip;]<\/p>\n","protected":false},"author":11,"featured_media":0,"parent":0,"menu_order":0,"comment_status":"closed","ping_status":"closed","template":"","meta":{"_bbp_topic_count":0,"_bbp_reply_count":0,"_bbp_total_topic_count":0,"_bbp_total_reply_count":0,"_bbp_voice_count":0,"_bbp_anonymous_reply_count":0,"_bbp_topic_count_hidden":0,"_bbp_reply_count_hidden":0,"_bbp_forum_subforum_count":0,"site-sidebar-layout":"default","site-content-layout":"","ast-site-content-layout":"default","site-content-style":"default","site-sidebar-style":"default","ast-global-header-display":"","ast-banner-title-visibility":"","ast-main-header-display":"","ast-hfb-above-header-display":"","ast-hfb-below-header-display":"","ast-hfb-mobile-header-display":"","site-post-title":"","ast-breadcrumbs-content":"","ast-featured-img":"","footer-sml-layout":"","theme-transparent-header-meta":"","adv-header-id-meta":"","stick-header-meta":"","header-above-stick-meta":"","header-main-stick-meta":"","header-below-stick-meta":"","astra-migrate-meta-layouts":"set","ast-page-background-enabled":"default","ast-page-background-meta":{"desktop":{"background-color":"var(--ast-global-color-4)","background-image":"","background-repeat":"repeat","background-position":"center center","background-size":"auto","background-attachment":"scroll","background-type":"","background-media":"","overlay-type":"","overlay-color":"","overlay-opacity":"","overlay-gradient":""},"tablet":{"background-color":"","background-image":"","background-repeat":"repeat","background-position":"center center","background-size":"auto","background-attachment":"scroll","background-type":"","background-media":"","overlay-type":"","overlay-color":"","overlay-opacity":"","overlay-gradient":""},"mobile":{"background-color":"","background-image":"","background-repeat":"repeat","background-position":"center center","background-size":"auto","background-attachment":"scroll","background-type":"","background-media":"","overlay-type":"","overlay-color":"","overlay-opacity":"","overlay-gradient":""}},"ast-content-background-meta":{"desktop":{"background-color":"var(--ast-global-color-5)","background-image":"","background-repeat":"repeat","background-position":"center center","background-size":"auto","background-attachment":"scroll","background-type":"","background-media":"","overlay-type":"","overlay-color":"","overlay-opacity":"","overlay-gradient":""},"tablet":{"background-color":"var(--ast-global-color-5)","background-image":"","background-repeat":"repeat","background-position":"center center","background-size":"auto","background-attachment":"scroll","background-type":"","background-media":"","overlay-type":"","overlay-color":"","overlay-opacity":"","overlay-gradient":""},"mobile":{"background-color":"var(--ast-global-color-5)","background-image":"","background-repeat":"repeat","background-position":"center center","background-size":"auto","background-attachment":"scroll","background-type":"","background-media":"","overlay-type":"","overlay-color":"","overlay-opacity":"","overlay-gradient":""}},"footnotes":""},"class_list":["post-3055","page","type-page","status-publish","hentry"],"post_mailing_queue_ids":[],"_links":{"self":[{"href":"https:\/\/agora.xtec.cat\/ceip-santmarc-bassacs\/wp-json\/wp\/v2\/pages\/3055","targetHints":{"allow":["GET"]}}],"collection":[{"href":"https:\/\/agora.xtec.cat\/ceip-santmarc-bassacs\/wp-json\/wp\/v2\/pages"}],"about":[{"href":"https:\/\/agora.xtec.cat\/ceip-santmarc-bassacs\/wp-json\/wp\/v2\/types\/page"}],"author":[{"embeddable":true,"href":"https:\/\/agora.xtec.cat\/ceip-santmarc-bassacs\/wp-json\/wp\/v2\/users\/11"}],"replies":[{"embeddable":true,"href":"https:\/\/agora.xtec.cat\/ceip-santmarc-bassacs\/wp-json\/wp\/v2\/comments?post=3055"}],"version-history":[{"count":6,"href":"https:\/\/agora.xtec.cat\/ceip-santmarc-bassacs\/wp-json\/wp\/v2\/pages\/3055\/revisions"}],"predecessor-version":[{"id":3772,"href":"https:\/\/agora.xtec.cat\/ceip-santmarc-bassacs\/wp-json\/wp\/v2\/pages\/3055\/revisions\/3772"}],"wp:attachment":[{"href":"https:\/\/agora.xtec.cat\/ceip-santmarc-bassacs\/wp-json\/wp\/v2\/media?parent=3055"}],"curies":[{"name":"wp","href":"https:\/\/api.w.org\/{rel}","templated":true}]}}