{"id":3039,"date":"2024-03-20T23:33:59","date_gmt":"2024-03-20T22:33:59","guid":{"rendered":"https:\/\/agora.xtec.cat\/ceip-santmarc-bassacs\/?page_id=3039"},"modified":"2026-04-30T21:56:48","modified_gmt":"2026-04-30T19:56:48","slug":"presentacio","status":"publish","type":"page","link":"https:\/\/agora.xtec.cat\/ceip-santmarc-bassacs\/presentacio\/","title":{"rendered":"Presentaci\u00f3"},"content":{"rendered":"<p style=\"text-align: justify;\">A l\u2019escola Sant Marc de Cal Bassacs hem estat seleccionats de nou el curs 24\/25 per un projecte ERASMUS K121 SCH, dins de l&#8217;acreditaci\u00f3 KA120 SCH, presentada el curs 23\/24. Aquest programa \u00e9s finan\u00e7at per fons europeus i coordinat pel SEPIE, organitzaci\u00f3 depenent del Ministerio de Ciencia, Innovaci\u00f3n y Universidades espanyol.<\/p>\n<p><em>KA120 i KA121 (en proc\u00e9s a data 30\/04\/2026)<\/em><\/p>\n<p style=\"text-align: justify;\">El centre, en aquests moments ja ha acabat el Projecte Erasmus K122 SCH de curta durada que ha perm\u00e8s a l\u2019alumnat de sis\u00e8 de prim\u00e0ria desenvolupar un Projecte d\u2019intercanvi compartit amb una escola de Jalaa (Finl\u00e0ndia), que inclou una estada d\u2019una setmana a aquest pa\u00eds. Tamb\u00e9, diversos docents es despla\u00e7aran a fer formaci\u00f3 a Pistoia (It\u00e0lia) per observar les escoles d\u2019educaci\u00f3 infantil i el seu proc\u00e9s d\u2019acollida i a Finl\u00e0ndia per con\u00e8ixer el seu sistema educatiu en les diferents etapes. Aix\u00ed mateix, dues docents finlandeses es van despla\u00e7ar al centre de cal Bassacs per fer job shadowing, \u00e9s a dir, aprenentatge per observaci\u00f3 de les metodologies d\u2019ensenyament-aprenentatge. En el desenolvupament del nou projecte KA121, els alumnes de 6\u00e8 del curs 24\/25 han pogut gaudir d&#8217;una estada d&#8217;una setmana a Kavala (Gr\u00e8cia), com a resultat final del projecte que han compartit durant tot el curs escolar.<\/p>\n<p style=\"text-align: justify;\"><a style=\"color: #2795b6;\" href=\"https:\/\/agora.xtec.cat\/ceip-santmarc-bassacs\/wp-content\/uploads\/usu1461\/2024\/03\/WhatsApp-Image-2024-03-07-at-21.19.25.jpeg\"><img loading=\"lazy\" decoding=\"async\" class=\"aligncenter size-medium wp-image-3029\" src=\"https:\/\/agora.xtec.cat\/ceip-santmarc-bassacs\/wp-content\/uploads\/usu1461\/2024\/03\/WhatsApp-Image-2024-03-07-at-21.19.25-300x225.jpeg\" alt=\"\" width=\"300\" height=\"225\" srcset=\"https:\/\/agora.xtec.cat\/ceip-santmarc-bassacs\/wp-content\/uploads\/usu1461\/2024\/03\/WhatsApp-Image-2024-03-07-at-21.19.25-300x225.jpeg 300w, https:\/\/agora.xtec.cat\/ceip-santmarc-bassacs\/wp-content\/uploads\/usu1461\/2024\/03\/WhatsApp-Image-2024-03-07-at-21.19.25-1024x768.jpeg 1024w, https:\/\/agora.xtec.cat\/ceip-santmarc-bassacs\/wp-content\/uploads\/usu1461\/2024\/03\/WhatsApp-Image-2024-03-07-at-21.19.25-768x576.jpeg 768w, https:\/\/agora.xtec.cat\/ceip-santmarc-bassacs\/wp-content\/uploads\/usu1461\/2024\/03\/WhatsApp-Image-2024-03-07-at-21.19.25-1536x1152.jpeg 1536w, https:\/\/agora.xtec.cat\/ceip-santmarc-bassacs\/wp-content\/uploads\/usu1461\/2024\/03\/WhatsApp-Image-2024-03-07-at-21.19.25-200x150.jpeg 200w, https:\/\/agora.xtec.cat\/ceip-santmarc-bassacs\/wp-content\/uploads\/usu1461\/2024\/03\/WhatsApp-Image-2024-03-07-at-21.19.25.jpeg 1600w\" sizes=\"auto, (max-width: 300px) 100vw, 300px\" \/><\/a><\/p>\n<p style=\"text-align: justify;\">En la traject\u00f2ria del centre tamb\u00e9 hem participat en una convocat\u00f2ria d&#8217;auxiliar de conversa que va ser seleccionada i duta a terme amb \u00e8xit durant un curs escolar 24\/25. Aix\u00ed mateix es van presentar i van ser seleccionats dos projectes en dues convocat\u00f2ries del programa Estades de Primavera. Aquests van permetre beneficiar-se els alumnes de cicle superior del centre de dos setmanes d\u00b4immersi\u00f3 ling\u00fc\u00edstica en llengua anglesa.<\/p>\n<p style=\"text-align: justify;\">El 2019 tamb\u00e9 vam ser seleccionats per participar al projecte KA101 Mobilitat de personal d&#8217;Educaci\u00f3 Escolar. El seu impacte aplicat al centre va suposar lobertura a la internacionalitzaci\u00f3 del centre i un inici de transformaci\u00f3 pedag\u00f2gica i organitzativa.<br \/>\nL&#8217;any 2023 vam realitzar el projecte de curta durada per a la mobilitat de l&#8217;alumnat i personal d&#8217;educaci\u00f3 escolar KA122 (&#8220;Convertint la cooperaci\u00f3 en oportunitats d&#8217;aprenentatge&#8221;) que va permetre continuar el proc\u00e9s de transformaci\u00f3 educativa aix\u00ed com millorar la inclusi\u00f3 oferint igualtat doportunitats a l&#8217;alumnat, i que per primera vegada va significar realitzar una mobilitat d&#8217;alumnat.<\/p>\n<p style=\"text-align: justify;\">Per al nostre centre, format per una gran diversitat d&#8217;alumnat tant pel que fa a situacions socioecon\u00f2miques desafavorides, culturals i necessitats de suport educatiu, aquestes accions s\u00f3n una gran oportunitat per garantir l&#8217;equitat i la inclusi\u00f3 de la comunitat educativa. El seu impacte ha estat reflectit en una progressi\u00f3 dels resultats acad\u00e8mics en general i especialment en llengua anglesa. De la mateixa manera, aquestes activitats enriqueixen els docents del centre en l&#8217;\u00e0mbit metodol\u00f2gic a partir de reflexions i avaluacions individuals i de grup, permetent progressar en la compet\u00e8ncia limg\u00fc\u00edstica segons el marc de refer\u00e8ncia europeu.<\/p>\n<p><a href=\"https:\/\/agora.xtec.cat\/ceip-santmarc-bassacs\/wp-content\/uploads\/usu1461\/2026\/04\/1776682032656.jpg\"><img loading=\"lazy\" decoding=\"async\" class=\"aligncenter size-medium wp-image-3704\" src=\"https:\/\/agora.xtec.cat\/ceip-santmarc-bassacs\/wp-content\/uploads\/usu1461\/2026\/04\/1776682032656-300x225.jpg\" alt=\"\" width=\"300\" height=\"225\" srcset=\"https:\/\/agora.xtec.cat\/ceip-santmarc-bassacs\/wp-content\/uploads\/usu1461\/2026\/04\/1776682032656-300x225.jpg 300w, https:\/\/agora.xtec.cat\/ceip-santmarc-bassacs\/wp-content\/uploads\/usu1461\/2026\/04\/1776682032656-1024x768.jpg 1024w, https:\/\/agora.xtec.cat\/ceip-santmarc-bassacs\/wp-content\/uploads\/usu1461\/2026\/04\/1776682032656-768x576.jpg 768w, https:\/\/agora.xtec.cat\/ceip-santmarc-bassacs\/wp-content\/uploads\/usu1461\/2026\/04\/1776682032656-1536x1152.jpg 1536w, https:\/\/agora.xtec.cat\/ceip-santmarc-bassacs\/wp-content\/uploads\/usu1461\/2026\/04\/1776682032656.jpg 2000w\" sizes=\"auto, (max-width: 300px) 100vw, 300px\" \/><\/a><\/p>\n","protected":false},"excerpt":{"rendered":"<p>A l\u2019escola Sant Marc de Cal Bassacs hem estat seleccionats de nou el curs 24\/25 per un projecte ERASMUS K121 SCH, dins de l&#8217;acreditaci\u00f3 KA120 SCH, presentada el curs 23\/24. Aquest programa \u00e9s finan\u00e7at per fons europeus i coordinat pel SEPIE, organitzaci\u00f3 depenent del Ministerio de Ciencia, Innovaci\u00f3n y Universidades espanyol. KA120 i KA121 (en [&hellip;]<\/p>\n","protected":false},"author":11,"featured_media":0,"parent":0,"menu_order":0,"comment_status":"closed","ping_status":"closed","template":"","meta":{"_bbp_topic_count":0,"_bbp_reply_count":0,"_bbp_total_topic_count":0,"_bbp_total_reply_count":0,"_bbp_voice_count":0,"_bbp_anonymous_reply_count":0,"_bbp_topic_count_hidden":0,"_bbp_reply_count_hidden":0,"_bbp_forum_subforum_count":0,"site-sidebar-layout":"left-sidebar","site-content-layout":"","ast-site-content-layout":"default","site-content-style":"boxed","site-sidebar-style":"default","ast-global-header-display":"","ast-banner-title-visibility":"","ast-main-header-display":"","ast-hfb-above-header-display":"","ast-hfb-below-header-display":"","ast-hfb-mobile-header-display":"","site-post-title":"","ast-breadcrumbs-content":"","ast-featured-img":"","footer-sml-layout":"","theme-transparent-header-meta":"","adv-header-id-meta":"","stick-header-meta":"","header-above-stick-meta":"","header-main-stick-meta":"","header-below-stick-meta":"","astra-migrate-meta-layouts":"set","ast-page-background-enabled":"default","ast-page-background-meta":{"desktop":{"background-color":"var(--ast-global-color-4)","background-image":"","background-repeat":"repeat","background-position":"center center","background-size":"auto","background-attachment":"scroll","background-type":"","background-media":"","overlay-type":"","overlay-color":"","overlay-opacity":"","overlay-gradient":""},"tablet":{"background-color":"","background-image":"","background-repeat":"repeat","background-position":"center center","background-size":"auto","background-attachment":"scroll","background-type":"","background-media":"","overlay-type":"","overlay-color":"","overlay-opacity":"","overlay-gradient":""},"mobile":{"background-color":"","background-image":"","background-repeat":"repeat","background-position":"center center","background-size":"auto","background-attachment":"scroll","background-type":"","background-media":"","overlay-type":"","overlay-color":"","overlay-opacity":"","overlay-gradient":""}},"ast-content-background-meta":{"desktop":{"background-color":"var(--ast-global-color-5)","background-image":"","background-repeat":"repeat","background-position":"center center","background-size":"auto","background-attachment":"scroll","background-type":"","background-media":"","overlay-type":"","overlay-color":"","overlay-opacity":"","overlay-gradient":""},"tablet":{"background-color":"var(--ast-global-color-5)","background-image":"","background-repeat":"repeat","background-position":"center center","background-size":"auto","background-attachment":"scroll","background-type":"","background-media":"","overlay-type":"","overlay-color":"","overlay-opacity":"","overlay-gradient":""},"mobile":{"background-color":"var(--ast-global-color-5)","background-image":"","background-repeat":"repeat","background-position":"center center","background-size":"auto","background-attachment":"scroll","background-type":"","background-media":"","overlay-type":"","overlay-color":"","overlay-opacity":"","overlay-gradient":""}},"footnotes":""},"class_list":["post-3039","page","type-page","status-publish","hentry"],"post_mailing_queue_ids":[],"_links":{"self":[{"href":"https:\/\/agora.xtec.cat\/ceip-santmarc-bassacs\/wp-json\/wp\/v2\/pages\/3039","targetHints":{"allow":["GET"]}}],"collection":[{"href":"https:\/\/agora.xtec.cat\/ceip-santmarc-bassacs\/wp-json\/wp\/v2\/pages"}],"about":[{"href":"https:\/\/agora.xtec.cat\/ceip-santmarc-bassacs\/wp-json\/wp\/v2\/types\/page"}],"author":[{"embeddable":true,"href":"https:\/\/agora.xtec.cat\/ceip-santmarc-bassacs\/wp-json\/wp\/v2\/users\/11"}],"replies":[{"embeddable":true,"href":"https:\/\/agora.xtec.cat\/ceip-santmarc-bassacs\/wp-json\/wp\/v2\/comments?post=3039"}],"version-history":[{"count":5,"href":"https:\/\/agora.xtec.cat\/ceip-santmarc-bassacs\/wp-json\/wp\/v2\/pages\/3039\/revisions"}],"predecessor-version":[{"id":3771,"href":"https:\/\/agora.xtec.cat\/ceip-santmarc-bassacs\/wp-json\/wp\/v2\/pages\/3039\/revisions\/3771"}],"wp:attachment":[{"href":"https:\/\/agora.xtec.cat\/ceip-santmarc-bassacs\/wp-json\/wp\/v2\/media?parent=3039"}],"curies":[{"name":"wp","href":"https:\/\/api.w.org\/{rel}","templated":true}]}}