{"id":26,"date":"2014-09-18T12:24:32","date_gmt":"2014-09-18T11:24:32","guid":{"rendered":"http:\/\/agora.xtec.cat\/ceip-santmarc-bassacs\/?page_id=26"},"modified":"2026-04-30T16:43:46","modified_gmt":"2026-04-30T14:43:46","slug":"historia","status":"publish","type":"page","link":"https:\/\/agora.xtec.cat\/ceip-santmarc-bassacs\/lescola\/historia\/","title":{"rendered":"Hist\u00f2ria"},"content":{"rendered":"<p style=\"font-weight: 400;\"><strong>Les dades oficials i les refer\u00e8ncies documentals diuen que va ser constru\u00efda l&#8217;any 1935, en temps de\u00a0la Rep\u00fablica, per\u00f2<\/strong><strong>\u00a0avis i \u00e0vies de Cal Bassacs recorden que ja funcionava pels vols de 1925. Aquesta\u00a0<\/strong><strong>difer\u00e8ncia documental es deu, probablement, a alguna reforma important po<\/strong><strong>rtada a terme l&#8217;any 1935 i que d&#8217;alguna manera ha quedat reflectida documentalment i \u00e9s la que consta com a data de construcci\u00f3.<\/strong><\/p>\n<p style=\"font-weight: 400;\"><strong style=\"font-weight: 400;\">Aleshores es deia\u00a0<em>Escola Bassacs<\/em>\u00a0i tenia dues aules. Probablement tamb\u00e9 \u00e9s d&#8217;aquesta \u00e8poca l&#8217;edifici que servia com habitatge dels mestres.<\/strong><br \/>\n<strong style=\"font-weight: 400;\">Tot just passada la guerra c<\/strong><strong style=\"font-weight: 400;\">ivil, l&#8217;escola es va dir\u00a0<em>Escuela Nacional Bassacs.<\/em><\/strong><br \/>\n<strong style=\"font-weight: 400;\">Els anys de la dictadura l&#8217;esc<\/strong><strong style=\"font-weight: 400;\">ola era al m\u00e0xim d&#8217;ocupaci\u00f3, amb m\u00e9s de cent alumnes matriculats.<\/strong><br \/>\n<strong style=\"font-weight: 400;\">Aquest important nombre d&#8217;alumnes creava molts problemes d&#8217;espai i per solucionar-lo es va portar a terme l&#8217;<\/strong><b style=\"font-weight: 400;\">ampliaci\u00f3 de les <\/b><b>instal\u00b7lacions<\/b><b style=\"font-weight: 400;\">.\u00a0<\/b><br \/>\n<strong style=\"font-weight: 400;\">L&#8217;any 1967, Jaume Roca, que a les hores era alcalde de Gironella, va inaugurar un annex, on ara hi ha les aules d&#8217;educaci\u00f3 infantil i ludoteca.<\/strong><br \/>\n<strong style=\"font-weight: 400;\">Els anys setanta l&#8217;escola tenia matriculats uns 160 alumnes. Amb l&#8217;inici de la coeducaci\u00f3 (nens i nenes a la mateixa aula), es va passar a dir,\u00a0<em>Escuela Gra<\/em><\/strong><strong style=\"font-weight: 400;\"><em>duada Mixta Bassacs.<\/em><\/strong><\/p>\n<p style=\"font-weight: 400;\"><img loading=\"lazy\" decoding=\"async\" class=\"aligncenter\" src=\"http:\/\/3.bp.blogspot.com\/-fCYShZ1fws0\/VZz2HTtU-PI\/AAAAAAAAlVU\/htjUNueWLU4\/s1600\/IMG_3462.JPG\" alt=\"Resultat d'imatges de escola sant marc bassacs fotografies republica\" width=\"423\" height=\"282\" \/><br \/>\n<strong style=\"font-weight: 400;\">L&#8217;any 1987 va tornar a canviar de nom i es va dir\u00a0<em>Escola P\u00fablica Basssacs.<\/em><\/strong><br \/>\n<strong style=\"font-weight: 400;\">L&#8217;any 1991 es va a tornar a canviar. Es va realitzar una enquesta entre totes les fam\u00edlies per triar un nom normalitzat,<\/strong><strong style=\"font-weight: 400;\">\u00a0segons criteris del Departament de\u00a0la<\/strong><strong style=\"font-weight: 400;\">\u00a0Generalitat, i va sortir el nom de\u00a0<em>Col.legi P\u00fablic Sant Marc de Cal Bassacs.\u00a0<\/em><\/strong><\/p>\n<p style=\"font-weight: 400;\"><b>Amb la reforma tamb\u00e9 es va canviar de nom\u00a0<i>CEIP Sant Marc i actualment el nostre nom \u00e9s &#8220;Escola Sant Marc&#8221;.<\/i><\/b><\/p>\n<p style=\"font-weight: 400;\">\n","protected":false},"excerpt":{"rendered":"<p>Les dades oficials i les refer\u00e8ncies documentals diuen que va ser constru\u00efda l&#8217;any 1935, en temps de\u00a0la Rep\u00fablica, per\u00f2\u00a0avis i \u00e0vies de Cal Bassacs recorden que ja funcionava pels vols de 1925. Aquesta\u00a0difer\u00e8ncia documental es deu, probablement, a alguna reforma important portada a terme l&#8217;any 1935 i que d&#8217;alguna manera ha quedat reflectida documentalment i [&hellip;]<\/p>\n","protected":false},"author":1,"featured_media":0,"parent":22,"menu_order":20,"comment_status":"closed","ping_status":"closed","template":"","meta":{"_bbp_topic_count":0,"_bbp_reply_count":0,"_bbp_total_topic_count":0,"_bbp_total_reply_count":0,"_bbp_voice_count":0,"_bbp_anonymous_reply_count":0,"_bbp_topic_count_hidden":0,"_bbp_reply_count_hidden":0,"_bbp_forum_subforum_count":0,"site-sidebar-layout":"default","site-content-layout":"","ast-site-content-layout":"default","site-content-style":"default","site-sidebar-style":"default","ast-global-header-display":"","ast-banner-title-visibility":"","ast-main-header-display":"","ast-hfb-above-header-display":"","ast-hfb-below-header-display":"","ast-hfb-mobile-header-display":"","site-post-title":"","ast-breadcrumbs-content":"","ast-featured-img":"","footer-sml-layout":"","theme-transparent-header-meta":"","adv-header-id-meta":"","stick-header-meta":"","header-above-stick-meta":"","header-main-stick-meta":"","header-below-stick-meta":"","astra-migrate-meta-layouts":"set","ast-page-background-enabled":"default","ast-page-background-meta":{"desktop":{"background-color":"var(--ast-global-color-4)","background-image":"","background-repeat":"repeat","background-position":"center center","background-size":"auto","background-attachment":"scroll","background-type":"","background-media":"","overlay-type":"","overlay-color":"","overlay-opacity":"","overlay-gradient":""},"tablet":{"background-color":"","background-image":"","background-repeat":"repeat","background-position":"center center","background-size":"auto","background-attachment":"scroll","background-type":"","background-media":"","overlay-type":"","overlay-color":"","overlay-opacity":"","overlay-gradient":""},"mobile":{"background-color":"","background-image":"","background-repeat":"repeat","background-position":"center center","background-size":"auto","background-attachment":"scroll","background-type":"","background-media":"","overlay-type":"","overlay-color":"","overlay-opacity":"","overlay-gradient":""}},"ast-content-background-meta":{"desktop":{"background-color":"var(--ast-global-color-5)","background-image":"","background-repeat":"repeat","background-position":"center center","background-size":"auto","background-attachment":"scroll","background-type":"","background-media":"","overlay-type":"","overlay-color":"","overlay-opacity":"","overlay-gradient":""},"tablet":{"background-color":"var(--ast-global-color-5)","background-image":"","background-repeat":"repeat","background-position":"center center","background-size":"auto","background-attachment":"scroll","background-type":"","background-media":"","overlay-type":"","overlay-color":"","overlay-opacity":"","overlay-gradient":""},"mobile":{"background-color":"var(--ast-global-color-5)","background-image":"","background-repeat":"repeat","background-position":"center center","background-size":"auto","background-attachment":"scroll","background-type":"","background-media":"","overlay-type":"","overlay-color":"","overlay-opacity":"","overlay-gradient":""}},"footnotes":""},"class_list":["post-26","page","type-page","status-publish","hentry"],"post_mailing_queue_ids":[],"_links":{"self":[{"href":"https:\/\/agora.xtec.cat\/ceip-santmarc-bassacs\/wp-json\/wp\/v2\/pages\/26","targetHints":{"allow":["GET"]}}],"collection":[{"href":"https:\/\/agora.xtec.cat\/ceip-santmarc-bassacs\/wp-json\/wp\/v2\/pages"}],"about":[{"href":"https:\/\/agora.xtec.cat\/ceip-santmarc-bassacs\/wp-json\/wp\/v2\/types\/page"}],"author":[{"embeddable":true,"href":"https:\/\/agora.xtec.cat\/ceip-santmarc-bassacs\/wp-json\/wp\/v2\/users\/1"}],"replies":[{"embeddable":true,"href":"https:\/\/agora.xtec.cat\/ceip-santmarc-bassacs\/wp-json\/wp\/v2\/comments?post=26"}],"version-history":[{"count":3,"href":"https:\/\/agora.xtec.cat\/ceip-santmarc-bassacs\/wp-json\/wp\/v2\/pages\/26\/revisions"}],"predecessor-version":[{"id":3760,"href":"https:\/\/agora.xtec.cat\/ceip-santmarc-bassacs\/wp-json\/wp\/v2\/pages\/26\/revisions\/3760"}],"up":[{"embeddable":true,"href":"https:\/\/agora.xtec.cat\/ceip-santmarc-bassacs\/wp-json\/wp\/v2\/pages\/22"}],"wp:attachment":[{"href":"https:\/\/agora.xtec.cat\/ceip-santmarc-bassacs\/wp-json\/wp\/v2\/media?parent=26"}],"curies":[{"name":"wp","href":"https:\/\/api.w.org\/{rel}","templated":true}]}}