{"id":22,"date":"2014-09-18T12:19:57","date_gmt":"2014-09-18T11:19:57","guid":{"rendered":"http:\/\/agora.xtec.cat\/ceip-santmarc-bassacs\/?page_id=22"},"modified":"2026-04-30T21:31:53","modified_gmt":"2026-04-30T19:31:53","slug":"lescola","status":"publish","type":"page","link":"https:\/\/agora.xtec.cat\/ceip-santmarc-bassacs\/lescola\/","title":{"rendered":"L&#8217;escola"},"content":{"rendered":"<p style=\"text-align: left;\">Som una escola catalana, din\u00e0mica i arrelada al nostre entorn. Una comunitat educativa amb una clara voluntat de cohesionar-nos per tal de fer possible una escola integrada a la realitat m\u00e9s propera dels nostres nens i nenes i del nostre pa\u00eds. Som un equip de mestres que<br \/>\nprogramem a partir de diferents metodologies i estrat\u00e8gies per tal que s\u2019 adeq\u00fcin a cada alumne\/a per garantir el seu creixement personal i per a una millora dels resultats educatius globals. Entenem la diversitat com a dinamitzadora de l\u2019 aprenentatge i treballem per la cohesi\u00f3 social. Promovem la participaci\u00f3 i gesti\u00f3 democr\u00e0tiques, el respecte, la toler\u00e0ncia i el di\u00e0leg.<\/p>\n<p style=\"text-align: left;\">Som una escola que fomentem el tracte proper, que tenim cura del clima de centre. Pretenem afavorir que els diferents agents educatius (fam\u00edlies, alumnes, mestres, ajuntament, escola bressol, associaci\u00f3 de ve\u00efns i altres entitats educatives i culturals del municipi) s&#8217;hi sentin c\u00f2modes. Considerem aspectes rellevants l\u2019 acollida i el respecte a la diversitat, entesos com a factors acollidors. Emprem metodologies de treball basades en la participaci\u00f3 i el treball en equip.<\/p>\n<p style=\"text-align: left;\"><a href=\"http:\/\/agora.xtec.cat\/ceip-santmarc-bassacs\/wp-content\/uploads\/usu1461\/2014\/09\/TOTS-JUNTS-AL-PATI.jpg\"><img loading=\"lazy\" decoding=\"async\" class=\"wp-image-586 aligncenter\" src=\"http:\/\/agora.xtec.cat\/ceip-santmarc-bassacs\/wp-content\/uploads\/usu1461\/2014\/09\/TOTS-JUNTS-AL-PATI-1024x575.jpg\" alt=\"\" width=\"733\" height=\"412\" srcset=\"https:\/\/agora.xtec.cat\/ceip-santmarc-bassacs\/wp-content\/uploads\/usu1461\/2014\/09\/TOTS-JUNTS-AL-PATI-1024x575.jpg 1024w, https:\/\/agora.xtec.cat\/ceip-santmarc-bassacs\/wp-content\/uploads\/usu1461\/2014\/09\/TOTS-JUNTS-AL-PATI-300x169.jpg 300w, https:\/\/agora.xtec.cat\/ceip-santmarc-bassacs\/wp-content\/uploads\/usu1461\/2014\/09\/TOTS-JUNTS-AL-PATI-768x431.jpg 768w\" sizes=\"auto, (max-width: 733px) 100vw, 733px\" \/><\/a><\/p>\n","protected":false},"excerpt":{"rendered":"<p>Som una escola catalana, din\u00e0mica i arrelada al nostre entorn. Una comunitat educativa amb una clara voluntat de cohesionar-nos per tal de fer possible una escola integrada a la realitat m\u00e9s propera dels nostres nens i nenes i del nostre pa\u00eds. Som un equip de mestres que programem a partir de diferents metodologies i estrat\u00e8gies [&hellip;]<\/p>\n","protected":false},"author":1,"featured_media":0,"parent":0,"menu_order":0,"comment_status":"closed","ping_status":"closed","template":"","meta":{"_bbp_topic_count":0,"_bbp_reply_count":0,"_bbp_total_topic_count":0,"_bbp_total_reply_count":0,"_bbp_voice_count":0,"_bbp_anonymous_reply_count":0,"_bbp_topic_count_hidden":0,"_bbp_reply_count_hidden":0,"_bbp_forum_subforum_count":0,"site-sidebar-layout":"default","site-content-layout":"","ast-site-content-layout":"default","site-content-style":"default","site-sidebar-style":"default","ast-global-header-display":"","ast-banner-title-visibility":"","ast-main-header-display":"","ast-hfb-above-header-display":"","ast-hfb-below-header-display":"","ast-hfb-mobile-header-display":"","site-post-title":"","ast-breadcrumbs-content":"","ast-featured-img":"","footer-sml-layout":"","theme-transparent-header-meta":"","adv-header-id-meta":"","stick-header-meta":"","header-above-stick-meta":"","header-main-stick-meta":"","header-below-stick-meta":"","astra-migrate-meta-layouts":"set","ast-page-background-enabled":"default","ast-page-background-meta":{"desktop":{"background-color":"var(--ast-global-color-4)","background-image":"","background-repeat":"repeat","background-position":"center center","background-size":"auto","background-attachment":"scroll","background-type":"","background-media":"","overlay-type":"","overlay-color":"","overlay-opacity":"","overlay-gradient":""},"tablet":{"background-color":"","background-image":"","background-repeat":"repeat","background-position":"center center","background-size":"auto","background-attachment":"scroll","background-type":"","background-media":"","overlay-type":"","overlay-color":"","overlay-opacity":"","overlay-gradient":""},"mobile":{"background-color":"","background-image":"","background-repeat":"repeat","background-position":"center center","background-size":"auto","background-attachment":"scroll","background-type":"","background-media":"","overlay-type":"","overlay-color":"","overlay-opacity":"","overlay-gradient":""}},"ast-content-background-meta":{"desktop":{"background-color":"var(--ast-global-color-5)","background-image":"","background-repeat":"repeat","background-position":"center center","background-size":"auto","background-attachment":"scroll","background-type":"","background-media":"","overlay-type":"","overlay-color":"","overlay-opacity":"","overlay-gradient":""},"tablet":{"background-color":"var(--ast-global-color-5)","background-image":"","background-repeat":"repeat","background-position":"center center","background-size":"auto","background-attachment":"scroll","background-type":"","background-media":"","overlay-type":"","overlay-color":"","overlay-opacity":"","overlay-gradient":""},"mobile":{"background-color":"var(--ast-global-color-5)","background-image":"","background-repeat":"repeat","background-position":"center center","background-size":"auto","background-attachment":"scroll","background-type":"","background-media":"","overlay-type":"","overlay-color":"","overlay-opacity":"","overlay-gradient":""}},"footnotes":""},"class_list":["post-22","page","type-page","status-publish","hentry"],"post_mailing_queue_ids":[],"_links":{"self":[{"href":"https:\/\/agora.xtec.cat\/ceip-santmarc-bassacs\/wp-json\/wp\/v2\/pages\/22","targetHints":{"allow":["GET"]}}],"collection":[{"href":"https:\/\/agora.xtec.cat\/ceip-santmarc-bassacs\/wp-json\/wp\/v2\/pages"}],"about":[{"href":"https:\/\/agora.xtec.cat\/ceip-santmarc-bassacs\/wp-json\/wp\/v2\/types\/page"}],"author":[{"embeddable":true,"href":"https:\/\/agora.xtec.cat\/ceip-santmarc-bassacs\/wp-json\/wp\/v2\/users\/1"}],"replies":[{"embeddable":true,"href":"https:\/\/agora.xtec.cat\/ceip-santmarc-bassacs\/wp-json\/wp\/v2\/comments?post=22"}],"version-history":[{"count":3,"href":"https:\/\/agora.xtec.cat\/ceip-santmarc-bassacs\/wp-json\/wp\/v2\/pages\/22\/revisions"}],"predecessor-version":[{"id":3766,"href":"https:\/\/agora.xtec.cat\/ceip-santmarc-bassacs\/wp-json\/wp\/v2\/pages\/22\/revisions\/3766"}],"wp:attachment":[{"href":"https:\/\/agora.xtec.cat\/ceip-santmarc-bassacs\/wp-json\/wp\/v2\/media?parent=22"}],"curies":[{"name":"wp","href":"https:\/\/api.w.org\/{rel}","templated":true}]}}