{"id":994,"date":"2018-09-27T11:51:57","date_gmt":"2018-09-27T09:51:57","guid":{"rendered":"http:\/\/agora.xtec.cat\/ceip-santllorenc-munt\/?page_id=994"},"modified":"2025-02-26T11:51:30","modified_gmt":"2025-02-26T10:51:30","slug":"nofc","status":"publish","type":"page","link":"https:\/\/agora.xtec.cat\/ceip-santllorenc-munt\/lescola\/nofc\/","title":{"rendered":"Normes d&#8217;Organitzaci\u00f3 i Funcionament de Centre (NOFC)"},"content":{"rendered":"\n<p>Les NOFC de l&#8217;Escola Sant Lloren\u00e7 del Munt per al curs 2024-2025, aprovades pel Consell Escolar, regulen l&#8217;organitzaci\u00f3, la conviv\u00e8ncia i el funcionament del centre, garantint un entorn d&#8217;aprenentatge segur, respectu\u00f3s i inclusiu.<\/p>\n\n\n\n<div data-wp-interactive=\"core\/file\" class=\"wp-block-file\"><object data-wp-bind--hidden=\"!state.hasPdfPreview\" hidden class=\"wp-block-file__embed\" data=\"https:\/\/agora.xtec.cat\/ceip-santllorenc-munt\/wp-content\/uploads\/usu1223\/2025\/02\/NOFC-24-25.pdf\" type=\"application\/pdf\" style=\"width:100%;height:1080px\" aria-label=\"Incrustaci\u00f3 del fitxer NOFC-24-25.\"><\/object><a id=\"wp-block-file--media-f7ce9e42-0dc3-4986-adf6-f2ba0e7ce0bd\" href=\"https:\/\/agora.xtec.cat\/ceip-santllorenc-munt\/wp-content\/uploads\/usu1223\/2025\/02\/NOFC-24-25.pdf\">NOFC-24-25<\/a><a href=\"https:\/\/agora.xtec.cat\/ceip-santllorenc-munt\/wp-content\/uploads\/usu1223\/2025\/02\/NOFC-24-25.pdf\" class=\"wp-block-file__button wp-element-button\" download aria-describedby=\"wp-block-file--media-f7ce9e42-0dc3-4986-adf6-f2ba0e7ce0bd\">Baixa<\/a><\/div>\n","protected":false},"excerpt":{"rendered":"<p>Les NOFC de l&#8217;Escola Sant Lloren\u00e7 del Munt per al curs 2024-2025, aprovades pel Consell Escolar, regulen l&#8217;organitzaci\u00f3, la conviv\u00e8ncia i el funcionament del centre, garantint un entorn d&#8217;aprenentatge segur, respectu\u00f3s i inclusiu.<\/p>\n","protected":false},"author":4,"featured_media":0,"parent":22,"menu_order":0,"comment_status":"closed","ping_status":"closed","template":"","meta":{"_bbp_topic_count":0,"_bbp_reply_count":0,"_bbp_total_topic_count":0,"_bbp_total_reply_count":0,"_bbp_voice_count":0,"_bbp_anonymous_reply_count":0,"_bbp_topic_count_hidden":0,"_bbp_reply_count_hidden":0,"_bbp_forum_subforum_count":0,"site-sidebar-layout":"default","site-content-layout":"","ast-site-content-layout":"default","site-content-style":"default","site-sidebar-style":"default","ast-global-header-display":"","ast-banner-title-visibility":"","ast-main-header-display":"","ast-hfb-above-header-display":"","ast-hfb-below-header-display":"","ast-hfb-mobile-header-display":"","site-post-title":"","ast-breadcrumbs-content":"","ast-featured-img":"","footer-sml-layout":"","theme-transparent-header-meta":"","adv-header-id-meta":"","stick-header-meta":"","header-above-stick-meta":"","header-main-stick-meta":"","header-below-stick-meta":"","astra-migrate-meta-layouts":"set","ast-page-background-enabled":"default","ast-page-background-meta":{"desktop":{"background-color":"var(--ast-global-color-4)","background-image":"","background-repeat":"repeat","background-position":"center center","background-size":"auto","background-attachment":"scroll","background-type":"","background-media":"","overlay-type":"","overlay-color":"","overlay-opacity":"","overlay-gradient":""},"tablet":{"background-color":"","background-image":"","background-repeat":"repeat","background-position":"center center","background-size":"auto","background-attachment":"scroll","background-type":"","background-media":"","overlay-type":"","overlay-color":"","overlay-opacity":"","overlay-gradient":""},"mobile":{"background-color":"","background-image":"","background-repeat":"repeat","background-position":"center center","background-size":"auto","background-attachment":"scroll","background-type":"","background-media":"","overlay-type":"","overlay-color":"","overlay-opacity":"","overlay-gradient":""}},"ast-content-background-meta":{"desktop":{"background-color":"var(--ast-global-color-5)","background-image":"","background-repeat":"repeat","background-position":"center center","background-size":"auto","background-attachment":"scroll","background-type":"","background-media":"","overlay-type":"","overlay-color":"","overlay-opacity":"","overlay-gradient":""},"tablet":{"background-color":"var(--ast-global-color-5)","background-image":"","background-repeat":"repeat","background-position":"center center","background-size":"auto","background-attachment":"scroll","background-type":"","background-media":"","overlay-type":"","overlay-color":"","overlay-opacity":"","overlay-gradient":""},"mobile":{"background-color":"var(--ast-global-color-5)","background-image":"","background-repeat":"repeat","background-position":"center center","background-size":"auto","background-attachment":"scroll","background-type":"","background-media":"","overlay-type":"","overlay-color":"","overlay-opacity":"","overlay-gradient":""}},"footnotes":""},"class_list":["post-994","page","type-page","status-publish","hentry"],"post_mailing_queue_ids":[],"_links":{"self":[{"href":"https:\/\/agora.xtec.cat\/ceip-santllorenc-munt\/wp-json\/wp\/v2\/pages\/994","targetHints":{"allow":["GET"]}}],"collection":[{"href":"https:\/\/agora.xtec.cat\/ceip-santllorenc-munt\/wp-json\/wp\/v2\/pages"}],"about":[{"href":"https:\/\/agora.xtec.cat\/ceip-santllorenc-munt\/wp-json\/wp\/v2\/types\/page"}],"author":[{"embeddable":true,"href":"https:\/\/agora.xtec.cat\/ceip-santllorenc-munt\/wp-json\/wp\/v2\/users\/4"}],"replies":[{"embeddable":true,"href":"https:\/\/agora.xtec.cat\/ceip-santllorenc-munt\/wp-json\/wp\/v2\/comments?post=994"}],"version-history":[{"count":3,"href":"https:\/\/agora.xtec.cat\/ceip-santllorenc-munt\/wp-json\/wp\/v2\/pages\/994\/revisions"}],"predecessor-version":[{"id":3687,"href":"https:\/\/agora.xtec.cat\/ceip-santllorenc-munt\/wp-json\/wp\/v2\/pages\/994\/revisions\/3687"}],"up":[{"embeddable":true,"href":"https:\/\/agora.xtec.cat\/ceip-santllorenc-munt\/wp-json\/wp\/v2\/pages\/22"}],"wp:attachment":[{"href":"https:\/\/agora.xtec.cat\/ceip-santllorenc-munt\/wp-json\/wp\/v2\/media?parent=994"}],"curies":[{"name":"wp","href":"https:\/\/api.w.org\/{rel}","templated":true}]}}