{"id":73,"date":"2014-09-18T14:01:51","date_gmt":"2014-09-18T13:01:51","guid":{"rendered":"http:\/\/agora.xtec.cat\/ceip-santllorenc-munt\/?page_id=73"},"modified":"2026-03-08T12:44:29","modified_gmt":"2026-03-08T11:44:29","slug":"menjador-escolar","status":"publish","type":"page","link":"https:\/\/agora.xtec.cat\/ceip-santllorenc-munt\/serveis\/menjador-escolar\/","title":{"rendered":"SERVEI DE MENJADOR ESCOLAR"},"content":{"rendered":"<p>Des d\u2019aquest curs l\u2019empresa que s\u2019encarrega del servei de menjador a les escoles p\u00fabliques de Terrassa ser\u00e0 Mediterr\u00e1nea. Tot seguit podreu trobar la informaci\u00f3 relativa a l\u2019empresa (Normativa, Full d\u2019inscripci\u00f3, Manual de l\u2019App,&#8230;).<\/p>\n<h5><strong><span style=\"color: #3366ff;\"><a style=\"color: #3366ff;\" href=\"https:\/\/agora.xtec.cat\/ceip-santllorenc-munt\/wp-content\/uploads\/usu1223\/2024\/09\/31_INF.-ADM.-MENJADOR-24-25_Sant-Llorenc-del-Munt.pdf\"><span style=\"color: #ff6600;\">INFORMACI\u00d3 SERVEI DE MENJADOR &#8211; Mediterr\u00e1nea<\/span><\/a><\/span><\/strong><\/h5>\n<h5><span style=\"color: #ff6600;\"><strong><a style=\"color: #ff6600;\" href=\"https:\/\/agora.xtec.cat\/ceip-santllorenc-munt\/wp-content\/uploads\/usu1223\/2024\/09\/Fitxa-Inscripcio-Espai-de-Migdia-Terrassa_24-25-Mestres.pdf\">FITXA INSCRIPCI\u00d3 MENJADOR &#8211; Mediterr\u00e1nea<\/a><\/strong><\/span><\/h5>\n<h5><span style=\"color: #ff6600;\"><strong><a style=\"color: #ff6600;\" href=\"https:\/\/agora.xtec.cat\/ceip-santllorenc-munt\/wp-content\/uploads\/usu1223\/2023\/09\/Manual-IARA-Terrasa-App.pdf\">MANUAL APP &#8211; Mediterr\u00e1nea<\/a><\/strong><\/span><\/h5>\n<p>En aquest espai tamb\u00e9 trobareu el men\u00fa de cada m\u00e9s:<\/p>\n<h3 style=\"text-align: center;\"><span style=\"color: #ff6600;\"><a style=\"color: #ff6600;\" href=\"https:\/\/agora.xtec.cat\/ceip-santllorenc-munt\/wp-content\/uploads\/usu1223\/2026\/03\/menu-basal-marc-2026_terrassa.pdf\"><span style=\"text-decoration: underline;\"><strong>MEN\u00da MAR\u00c7 2026<\/strong><\/span><\/a><a style=\"color: #ff6600;\" href=\"https:\/\/agora.xtec.cat\/ceip-santllorenc-munt\/wp-content\/uploads\/usu1223\/2024\/09\/Menu-octubre.png\"><br \/><\/a><\/span><a href=\"https:\/\/agora.xtec.cat\/ceip-santllorenc-munt\/wp-content\/uploads\/usu1223\/2025\/05\/Menu-Maig.png\"><img loading=\"lazy\" decoding=\"async\" class=\"aligncenter wp-image-4095 size-full\" src=\"https:\/\/agora.xtec.cat\/ceip-santllorenc-munt\/wp-content\/uploads\/usu1223\/2026\/03\/Menu-Marc.png\" alt=\"\" width=\"1519\" height=\"908\" srcset=\"https:\/\/agora.xtec.cat\/ceip-santllorenc-munt\/wp-content\/uploads\/usu1223\/2026\/03\/Menu-Marc.png 1519w, https:\/\/agora.xtec.cat\/ceip-santllorenc-munt\/wp-content\/uploads\/usu1223\/2026\/03\/Menu-Marc-300x179.png 300w, https:\/\/agora.xtec.cat\/ceip-santllorenc-munt\/wp-content\/uploads\/usu1223\/2026\/03\/Menu-Marc-1024x612.png 1024w, https:\/\/agora.xtec.cat\/ceip-santllorenc-munt\/wp-content\/uploads\/usu1223\/2026\/03\/Menu-Marc-768x459.png 768w\" sizes=\"auto, (max-width: 1519px) 100vw, 1519px\" \/><\/a><\/h3>\n<p><span style=\"color: #000000;\"><strong>ALTRES MEN\u00daS:<\/strong><\/span><\/p>\n<p><span style=\"color: #ff6600;\"><strong>Men\u00fa derivades Mar\u00e7 2026<\/strong><\/span><\/p>\n<p><span style=\"color: #ff6600;\"><strong>Men\u00fa Halal i Ovol\u00e0ctic Mar\u00e7 2026<\/strong><\/span><\/p>\n\n\n<p><\/p>\n","protected":false},"excerpt":{"rendered":"<p>Des d\u2019aquest curs l\u2019empresa que s\u2019encarrega del servei de menjador a les escoles p\u00fabliques de Terrassa ser\u00e0 Mediterr\u00e1nea. Tot seguit podreu trobar la informaci\u00f3 relativa a l\u2019empresa (Normativa, Full d\u2019inscripci\u00f3, Manual de l\u2019App,&#8230;). INFORMACI\u00d3 SERVEI DE MENJADOR &#8211; Mediterr\u00e1nea FITXA INSCRIPCI\u00d3 MENJADOR &#8211; Mediterr\u00e1nea MANUAL APP &#8211; Mediterr\u00e1nea En aquest espai tamb\u00e9 trobareu el men\u00fa [&hellip;]<\/p>\n","protected":false},"author":1,"featured_media":0,"parent":66,"menu_order":30,"comment_status":"closed","ping_status":"closed","template":"","meta":{"_bbp_topic_count":0,"_bbp_reply_count":0,"_bbp_total_topic_count":0,"_bbp_total_reply_count":0,"_bbp_voice_count":0,"_bbp_anonymous_reply_count":0,"_bbp_topic_count_hidden":0,"_bbp_reply_count_hidden":0,"_bbp_forum_subforum_count":0,"site-sidebar-layout":"default","site-content-layout":"","ast-site-content-layout":"default","site-content-style":"default","site-sidebar-style":"default","ast-global-header-display":"","ast-banner-title-visibility":"","ast-main-header-display":"","ast-hfb-above-header-display":"","ast-hfb-below-header-display":"","ast-hfb-mobile-header-display":"","site-post-title":"","ast-breadcrumbs-content":"","ast-featured-img":"","footer-sml-layout":"","theme-transparent-header-meta":"","adv-header-id-meta":"","stick-header-meta":"","header-above-stick-meta":"","header-main-stick-meta":"","header-below-stick-meta":"","astra-migrate-meta-layouts":"set","ast-page-background-enabled":"default","ast-page-background-meta":{"desktop":{"background-color":"var(--ast-global-color-4)","background-image":"","background-repeat":"repeat","background-position":"center center","background-size":"auto","background-attachment":"scroll","background-type":"","background-media":"","overlay-type":"","overlay-color":"","overlay-opacity":"","overlay-gradient":""},"tablet":{"background-color":"","background-image":"","background-repeat":"repeat","background-position":"center center","background-size":"auto","background-attachment":"scroll","background-type":"","background-media":"","overlay-type":"","overlay-color":"","overlay-opacity":"","overlay-gradient":""},"mobile":{"background-color":"","background-image":"","background-repeat":"repeat","background-position":"center center","background-size":"auto","background-attachment":"scroll","background-type":"","background-media":"","overlay-type":"","overlay-color":"","overlay-opacity":"","overlay-gradient":""}},"ast-content-background-meta":{"desktop":{"background-color":"var(--ast-global-color-5)","background-image":"","background-repeat":"repeat","background-position":"center center","background-size":"auto","background-attachment":"scroll","background-type":"","background-media":"","overlay-type":"","overlay-color":"","overlay-opacity":"","overlay-gradient":""},"tablet":{"background-color":"var(--ast-global-color-5)","background-image":"","background-repeat":"repeat","background-position":"center center","background-size":"auto","background-attachment":"scroll","background-type":"","background-media":"","overlay-type":"","overlay-color":"","overlay-opacity":"","overlay-gradient":""},"mobile":{"background-color":"var(--ast-global-color-5)","background-image":"","background-repeat":"repeat","background-position":"center center","background-size":"auto","background-attachment":"scroll","background-type":"","background-media":"","overlay-type":"","overlay-color":"","overlay-opacity":"","overlay-gradient":""}},"footnotes":""},"class_list":["post-73","page","type-page","status-publish","hentry"],"post_mailing_queue_ids":[],"_links":{"self":[{"href":"https:\/\/agora.xtec.cat\/ceip-santllorenc-munt\/wp-json\/wp\/v2\/pages\/73","targetHints":{"allow":["GET"]}}],"collection":[{"href":"https:\/\/agora.xtec.cat\/ceip-santllorenc-munt\/wp-json\/wp\/v2\/pages"}],"about":[{"href":"https:\/\/agora.xtec.cat\/ceip-santllorenc-munt\/wp-json\/wp\/v2\/types\/page"}],"author":[{"embeddable":true,"href":"https:\/\/agora.xtec.cat\/ceip-santllorenc-munt\/wp-json\/wp\/v2\/users\/1"}],"replies":[{"embeddable":true,"href":"https:\/\/agora.xtec.cat\/ceip-santllorenc-munt\/wp-json\/wp\/v2\/comments?post=73"}],"version-history":[{"count":6,"href":"https:\/\/agora.xtec.cat\/ceip-santllorenc-munt\/wp-json\/wp\/v2\/pages\/73\/revisions"}],"predecessor-version":[{"id":4097,"href":"https:\/\/agora.xtec.cat\/ceip-santllorenc-munt\/wp-json\/wp\/v2\/pages\/73\/revisions\/4097"}],"up":[{"embeddable":true,"href":"https:\/\/agora.xtec.cat\/ceip-santllorenc-munt\/wp-json\/wp\/v2\/pages\/66"}],"wp:attachment":[{"href":"https:\/\/agora.xtec.cat\/ceip-santllorenc-munt\/wp-json\/wp\/v2\/media?parent=73"}],"curies":[{"name":"wp","href":"https:\/\/api.w.org\/{rel}","templated":true}]}}