{"id":64,"date":"2014-09-18T12:39:08","date_gmt":"2014-09-18T11:39:08","guid":{"rendered":"http:\/\/agora.xtec.cat\/ceip-santllorenc-munt\/?page_id=64"},"modified":"2025-01-10T13:13:31","modified_gmt":"2025-01-10T12:13:31","slug":"projecte-educatiu","status":"publish","type":"page","link":"https:\/\/agora.xtec.cat\/ceip-santllorenc-munt\/projecte-educatiu\/","title":{"rendered":"PROJECTE EDUCATIU"},"content":{"rendered":"<h3><strong>Introducci\u00f3<\/strong><strong><a href=\"https:\/\/drive.google.com\/file\/d\/1b8Y5OoqYtTSpIZ-p2jgWU1QV7KlYYTi6\/view?usp=sharing\" target=\"_blank\" rel=\"noopener noreferrer\"><img loading=\"lazy\" decoding=\"async\" class=\" wp-image-561 alignright\" src=\"http:\/\/agora.xtec.cat\/ceip-santllorenc-munt\/wp-content\/uploads\/usu1223\/2014\/09\/pdf.jpg\" alt=\"\" width=\"58\" height=\"58\" srcset=\"https:\/\/agora.xtec.cat\/ceip-santllorenc-munt\/wp-content\/uploads\/usu1223\/2014\/09\/pdf.jpg 225w, https:\/\/agora.xtec.cat\/ceip-santllorenc-munt\/wp-content\/uploads\/usu1223\/2014\/09\/pdf-150x150.jpg 150w\" sizes=\"auto, (max-width: 58px) 100vw, 58px\" \/><\/a>\u00a0 \u00a0 \u00a0 \u00a0 \u00a0 \u00a0 \u00a0 \u00a0 \u00a0 \u00a0 \u00a0 \u00a0 \u00a0 \u00a0 \u00a0 \u00a0 \u00a0 \u00a0 \u00a0 \u00a0 \u00a0 \u00a0 \u00a0 \u00a0 \u00a0 \u00a0 \u00a0<\/strong><\/h3>\n<p>&nbsp;<\/p>\n<p>Aquest document descriu la identitat i el car\u00e0cter propi del nostre centre.\u00a0\u00a0 S\u2019ha elaborat tenint en compte les caracter\u00edstiques socials i culturals de les fam\u00edlies i de l\u2019alumnat que en formen part i tamb\u00e9 de l&#8217;entorn on est\u00e0 situat.<\/p>\n<p>S\u2019expliciten els objectius, els criteris, els plantejaments educatius i metodol\u00f2gics m\u00e9s rellevants. Defineix qu\u00e8 i com s&#8217;ensenya a tot l\u2019alumnat. Tamb\u00e9 explicita com s&#8217;avalua el progr\u00e9s en els aprenentatges dels infants.<\/p>\n<p>Hi ha orientacions sobre l&#8217;activitat educativa del centre i com impulsa la col\u00b7laboraci\u00f3 dels diferents membres de la comunitat educativa i la relaci\u00f3 amb l&#8217;entorn.<\/p>\n<p>El projecte educatiu \u00e9s un document que est\u00e0 a la disposici\u00f3 de tothom que formi part de la comunitat educativa del centre, siguin pares i mares, professorat, personal del centre i alumnat.<\/p>\n<p>El \u00a0PEC \u00a0pret\u00e9n \u00a0ser \u00a0un \u00a0document viu \u00a0que \u00a0requereix la \u00a0seva \u00a0revisi\u00f3\u00a0 i \u00a0actualitzaci\u00f3 peri\u00f2dica atenent a les necessitats i circumst\u00e0ncies del moment.<\/p>\n<p>El nostre PEC est\u00e0 format per diversos apartats, els quals s\u2019adapten al marc legislatiu que defineix el projecte general del sistema educatiu. Aquests apartats corresponen a quatre \u00e0mbits diferents:<\/p>\n<ul>\n<li>\u00c0MBIT CONTEXTUAL: Fa refer\u00e8ncia a la situaci\u00f3 geogr\u00e0fica del centre i les seves caracter\u00edstiques.<\/li>\n<li>\u00c0MBIT IDEOL\u00d2GIC : On es defineixen els trets d\u2019identitat del centre.<\/li>\n<li>\u00c0MBIT PEDAG\u00d2GIC: On es recull tot el plantejament educatiu i tractament del curr\u00edculum.<\/li>\n<li>\u00c0MBIT ESTRUCTURAL I ORGANITZATIU: On es desglossa l\u2019 organitzaci\u00f3 del centre.<\/li>\n<\/ul>\n<p style=\"text-align: right;\"><strong>Ha estat aprovat en Consell Escolar el dia 30 de mar\u00e7 de 2.017<\/strong><\/p>\n","protected":false},"excerpt":{"rendered":"<p>Introducci\u00f3\u00a0 \u00a0 \u00a0 \u00a0 \u00a0 \u00a0 \u00a0 \u00a0 \u00a0 \u00a0 \u00a0 \u00a0 \u00a0 \u00a0 \u00a0 \u00a0 \u00a0 \u00a0 \u00a0 \u00a0 \u00a0 \u00a0 \u00a0 \u00a0 \u00a0 \u00a0 \u00a0 &nbsp; Aquest document descriu la identitat i el car\u00e0cter propi del nostre centre.\u00a0\u00a0 S\u2019ha elaborat tenint en compte les caracter\u00edstiques socials i culturals de les fam\u00edlies i de [&hellip;]<\/p>\n","protected":false},"author":1,"featured_media":0,"parent":0,"menu_order":0,"comment_status":"closed","ping_status":"closed","template":"","meta":{"_bbp_topic_count":0,"_bbp_reply_count":0,"_bbp_total_topic_count":0,"_bbp_total_reply_count":0,"_bbp_voice_count":0,"_bbp_anonymous_reply_count":0,"_bbp_topic_count_hidden":0,"_bbp_reply_count_hidden":0,"_bbp_forum_subforum_count":0,"site-sidebar-layout":"default","site-content-layout":"","ast-site-content-layout":"","site-content-style":"default","site-sidebar-style":"default","ast-global-header-display":"","ast-banner-title-visibility":"","ast-main-header-display":"","ast-hfb-above-header-display":"","ast-hfb-below-header-display":"","ast-hfb-mobile-header-display":"","site-post-title":"","ast-breadcrumbs-content":"","ast-featured-img":"","footer-sml-layout":"","theme-transparent-header-meta":"","adv-header-id-meta":"","stick-header-meta":"","header-above-stick-meta":"","header-main-stick-meta":"","header-below-stick-meta":"","astra-migrate-meta-layouts":"default","ast-page-background-enabled":"default","ast-page-background-meta":{"desktop":{"background-color":"var(--ast-global-color-4)","background-image":"","background-repeat":"repeat","background-position":"center center","background-size":"auto","background-attachment":"scroll","background-type":"","background-media":"","overlay-type":"","overlay-color":"","overlay-opacity":"","overlay-gradient":""},"tablet":{"background-color":"","background-image":"","background-repeat":"repeat","background-position":"center center","background-size":"auto","background-attachment":"scroll","background-type":"","background-media":"","overlay-type":"","overlay-color":"","overlay-opacity":"","overlay-gradient":""},"mobile":{"background-color":"","background-image":"","background-repeat":"repeat","background-position":"center center","background-size":"auto","background-attachment":"scroll","background-type":"","background-media":"","overlay-type":"","overlay-color":"","overlay-opacity":"","overlay-gradient":""}},"ast-content-background-meta":{"desktop":{"background-color":"var(--ast-global-color-5)","background-image":"","background-repeat":"repeat","background-position":"center center","background-size":"auto","background-attachment":"scroll","background-type":"","background-media":"","overlay-type":"","overlay-color":"","overlay-opacity":"","overlay-gradient":""},"tablet":{"background-color":"var(--ast-global-color-5)","background-image":"","background-repeat":"repeat","background-position":"center center","background-size":"auto","background-attachment":"scroll","background-type":"","background-media":"","overlay-type":"","overlay-color":"","overlay-opacity":"","overlay-gradient":""},"mobile":{"background-color":"var(--ast-global-color-5)","background-image":"","background-repeat":"repeat","background-position":"center center","background-size":"auto","background-attachment":"scroll","background-type":"","background-media":"","overlay-type":"","overlay-color":"","overlay-opacity":"","overlay-gradient":""}},"footnotes":""},"class_list":["post-64","page","type-page","status-publish","hentry"],"post_mailing_queue_ids":[],"_links":{"self":[{"href":"https:\/\/agora.xtec.cat\/ceip-santllorenc-munt\/wp-json\/wp\/v2\/pages\/64","targetHints":{"allow":["GET"]}}],"collection":[{"href":"https:\/\/agora.xtec.cat\/ceip-santllorenc-munt\/wp-json\/wp\/v2\/pages"}],"about":[{"href":"https:\/\/agora.xtec.cat\/ceip-santllorenc-munt\/wp-json\/wp\/v2\/types\/page"}],"author":[{"embeddable":true,"href":"https:\/\/agora.xtec.cat\/ceip-santllorenc-munt\/wp-json\/wp\/v2\/users\/1"}],"replies":[{"embeddable":true,"href":"https:\/\/agora.xtec.cat\/ceip-santllorenc-munt\/wp-json\/wp\/v2\/comments?post=64"}],"version-history":[{"count":4,"href":"https:\/\/agora.xtec.cat\/ceip-santllorenc-munt\/wp-json\/wp\/v2\/pages\/64\/revisions"}],"predecessor-version":[{"id":3520,"href":"https:\/\/agora.xtec.cat\/ceip-santllorenc-munt\/wp-json\/wp\/v2\/pages\/64\/revisions\/3520"}],"wp:attachment":[{"href":"https:\/\/agora.xtec.cat\/ceip-santllorenc-munt\/wp-json\/wp\/v2\/media?parent=64"}],"curies":[{"name":"wp","href":"https:\/\/api.w.org\/{rel}","templated":true}]}}