{"id":3706,"date":"2025-03-09T18:53:05","date_gmt":"2025-03-09T17:53:05","guid":{"rendered":"https:\/\/agora.xtec.cat\/ceip-santllorenc-munt\/?page_id=3706"},"modified":"2026-03-23T23:29:06","modified_gmt":"2026-03-23T22:29:06","slug":"preinscripcio-2025-2026","status":"publish","type":"page","link":"https:\/\/agora.xtec.cat\/ceip-santllorenc-munt\/preinscripcio-2025-2026\/","title":{"rendered":"PREINSCRIPCI\u00d3 2026-2027"},"content":{"rendered":"\n<div class=\"wp-block-getwid-image-hotspot\" data-appearance-animation=\"none\" data-image-points=\"[]\" data-trigger=\"click\" data-theme=\"light\" data-tooltip-animation=\"shift-toward\" data-arrow=\"true\"><div class=\"wp-block-getwid-image-hotspot__wrapper\"><img loading=\"lazy\" decoding=\"async\" width=\"1358\" height=\"1771\" src=\"https:\/\/agora.xtec.cat\/ceip-santllorenc-munt\/wp-content\/uploads\/usu1223\/2026\/03\/PREINSCRIPCIO-2025-2026.png\" alt=\"\" class=\"wp-block-getwid-image-hotspot__image wp-image-4109\" srcset=\"https:\/\/agora.xtec.cat\/ceip-santllorenc-munt\/wp-content\/uploads\/usu1223\/2026\/03\/PREINSCRIPCIO-2025-2026.png 1358w, https:\/\/agora.xtec.cat\/ceip-santllorenc-munt\/wp-content\/uploads\/usu1223\/2026\/03\/PREINSCRIPCIO-2025-2026-230x300.png 230w, https:\/\/agora.xtec.cat\/ceip-santllorenc-munt\/wp-content\/uploads\/usu1223\/2026\/03\/PREINSCRIPCIO-2025-2026-785x1024.png 785w, https:\/\/agora.xtec.cat\/ceip-santllorenc-munt\/wp-content\/uploads\/usu1223\/2026\/03\/PREINSCRIPCIO-2025-2026-768x1002.png 768w, https:\/\/agora.xtec.cat\/ceip-santllorenc-munt\/wp-content\/uploads\/usu1223\/2026\/03\/PREINSCRIPCIO-2025-2026-1178x1536.png 1178w\" sizes=\"auto, (max-width: 1358px) 100vw, 1358px\" \/><\/div><\/div>\n\n\n\n<h4 class=\"wp-block-heading\"><strong>PUBLICACIONS I LLISTES OFICIALS<\/strong><\/h4>\n\n\n\n<div class=\"wp-block-getwid-accordion has-icon-left\" data-active-element=\"none\">\n<div class=\"wp-block-getwid-accordion__header-wrapper\"><span class=\"wp-block-getwid-accordion__header\"><a href=\"#\"><span class=\"wp-block-getwid-accordion__header-title\"><strong>CALENDARI DE PREINSCRIPCI\u00d3 I MATRICULACI\u00d3<\/strong><\/span><span class=\"wp-block-getwid-accordion__icon is-active\"><i class=\"fas fa-plus\"><\/i><\/span><span class=\"wp-block-getwid-accordion__icon is-passive\"><i class=\"fas fa-minus\"><\/i><\/span><\/a><\/span><\/div><div class=\"wp-block-getwid-accordion__content-wrapper\"><div class=\"wp-block-getwid-accordion__content\"><\/div><\/div>\n\n\n\n<div class=\"wp-block-getwid-accordion__header-wrapper\"><span class=\"wp-block-getwid-accordion__header\"><a href=\"#\"><span class=\"wp-block-getwid-accordion__header-title\"><strong>LLISTAT SOL\u00b7LICITUDS AMB PUNTUACI\u00d3 (Despr\u00e9s de reclamacions)<\/strong><\/span><span class=\"wp-block-getwid-accordion__icon is-active\"><i class=\"fas fa-plus\"><\/i><\/span><span class=\"wp-block-getwid-accordion__icon is-passive\"><i class=\"fas fa-minus\"><\/i><\/span><\/a><\/span><\/div><div class=\"wp-block-getwid-accordion__content-wrapper\"><div class=\"wp-block-getwid-accordion__content\">\n<p><\/p>\n<\/div><\/div>\n\n\n\n<div class=\"wp-block-getwid-accordion__header-wrapper\"><span class=\"wp-block-getwid-accordion__header\"><a href=\"#\"><span class=\"wp-block-getwid-accordion__header-title\"><strong>LLISTA ORDENADA DE SOL\u00b7LICITUDS<\/strong><\/span><span class=\"wp-block-getwid-accordion__icon is-active\"><i class=\"fas fa-plus\"><\/i><\/span><span class=\"wp-block-getwid-accordion__icon is-passive\"><i class=\"fas fa-minus\"><\/i><\/span><\/a><\/span><\/div><div class=\"wp-block-getwid-accordion__content-wrapper\"><div class=\"wp-block-getwid-accordion__content\">\n<p><\/p>\n<\/div><\/div>\n\n\n\n<div class=\"wp-block-getwid-accordion__header-wrapper\"><span class=\"wp-block-getwid-accordion__header\"><a href=\"#\"><span class=\"wp-block-getwid-accordion__header-title\"><strong>OFERTA FINAL DE PLACES ESCOLARS (Llista d&#8217;ADMESOS)<\/strong><\/span><span class=\"wp-block-getwid-accordion__icon is-active\"><i class=\"fas fa-plus\"><\/i><\/span><span class=\"wp-block-getwid-accordion__icon is-passive\"><i class=\"fas fa-minus\"><\/i><\/span><\/a><\/span><\/div><div class=\"wp-block-getwid-accordion__content-wrapper\"><div class=\"wp-block-getwid-accordion__content\">\n<p><\/p>\n<\/div><\/div>\n\n\n\n<div class=\"wp-block-getwid-accordion__header-wrapper\"><span class=\"wp-block-getwid-accordion__header\"><a href=\"#\"><span class=\"wp-block-getwid-accordion__header-title\"><strong>PER\u00cdODE DE MATRICULACI\u00d3<\/strong><\/span><span class=\"wp-block-getwid-accordion__icon is-active\"><i class=\"fas fa-plus\"><\/i><\/span><span class=\"wp-block-getwid-accordion__icon is-passive\"><i class=\"fas fa-minus\"><\/i><\/span><\/a><\/span><\/div><div class=\"wp-block-getwid-accordion__content-wrapper\"><div class=\"wp-block-getwid-accordion__content\">\n<p><\/p>\n<\/div><\/div>\n<\/div>\n\n\n\n<p><\/p>\n\n\n\n<h4 class=\"wp-block-heading\"><strong>INFORMACIONS I ENLLA\u00c7OS D&#8217;INTER\u00c8S:<\/strong><\/h4>\n\n\n\n<figure class=\"wp-block-image aligncenter size-full\"><a href=\"https:\/\/agora.xtec.cat\/ceip-santllorenc-munt\/wp-content\/uploads\/usu1223\/2026\/03\/preinscripcio-2026-2027-760x428-1.png\"><img loading=\"lazy\" decoding=\"async\" width=\"760\" height=\"428\" src=\"https:\/\/agora.xtec.cat\/ceip-santllorenc-munt\/wp-content\/uploads\/usu1223\/2026\/03\/preinscripcio-2026-2027-760x428-1.png\" alt=\"\" class=\"wp-image-4107\" srcset=\"https:\/\/agora.xtec.cat\/ceip-santllorenc-munt\/wp-content\/uploads\/usu1223\/2026\/03\/preinscripcio-2026-2027-760x428-1.png 760w, https:\/\/agora.xtec.cat\/ceip-santllorenc-munt\/wp-content\/uploads\/usu1223\/2026\/03\/preinscripcio-2026-2027-760x428-1-300x169.png 300w\" sizes=\"auto, (max-width: 760px) 100vw, 760px\" \/><\/a><\/figure>\n\n\n\n<p><strong>INFORMACIONS D&#8217;INTER\u00c8S PER A LA PREINSCRIPCI\u00d3 I MATRICULACI\u00d3<\/strong><\/p>\n\n\n\n<p><a href=\"https:\/\/preinscripcio.gencat.cat\/ca\/estudis\/infantil-3-6\/inici\/\">Departament d&#8217;Educaci\u00f3 &#8211; Preinscripci\u00f3 Escolar 2025-2026 &#8211; 3 a 6 anys<\/a><\/p>\n\n\n\n<p><a href=\"https:\/\/preinscripcio.gencat.cat\/ca\/inici\/index.html\">Departament d&#8217;Educaci\u00f3 &#8211; Preinscripci\u00f3 Escolar 2025-2026 &#8211; Educaci\u00f3 Prim\u00e0ria<\/a><\/p>\n\n\n\n<p><a href=\"https:\/\/preinscripcio.gencat.cat\/ca\/estudis\/eso\/inici\/\">Departament d&#8217;Educaci\u00f3 &#8211; Preinscripci\u00f3 Escolar 2025-2026 &#8211; Educaci\u00f3 Secund\u00e0ria Obligat\u00f2ria (ESO)<\/a><\/p>\n\n\n\n<p><a href=\"https:\/\/www.terrassa.cat\/preinscripcio#adscripcions\">Ajuntament de Terrassa &#8211; Preinscripci\u00f3 Escolar 2025-2026<\/a><\/p>\n\n\n\n<p>Per fer el tr\u00e0mit \u00e9s convenient tenir una eina d\u2019identificaci\u00f3 digital. Us recomanem l\u2019<a href=\"https:\/\/web.gencat.cat\/ca\/tramits\/que-cal-fer-si\/Vull-identificar-me-digitalment\/idcat-mobil\/\" target=\"_blank\" rel=\"noreferrer noopener\">idCAT M\u00f2bil<\/a>&nbsp;per la seva facilitat d\u2019obtenci\u00f3 i d\u2019\u00fas. Tamb\u00e9 podeu fer servir qualsevol certificat digital i Cl@ve.<br><a href=\"https:\/\/www.youtube.com\/watch?v=szkrIHCmIW4\">V\u00cdDEO: Com obtenir idCAT m\u00f2bil<\/a>.<\/p>\n","protected":false},"excerpt":{"rendered":"<p>PUBLICACIONS I LLISTES OFICIALS INFORMACIONS I ENLLA\u00c7OS D&#8217;INTER\u00c8S: INFORMACIONS D&#8217;INTER\u00c8S PER A LA PREINSCRIPCI\u00d3 I MATRICULACI\u00d3 Departament d&#8217;Educaci\u00f3 &#8211; Preinscripci\u00f3 Escolar 2025-2026 &#8211; 3 a 6 anys Departament d&#8217;Educaci\u00f3 &#8211; Preinscripci\u00f3 Escolar 2025-2026 &#8211; Educaci\u00f3 Prim\u00e0ria Departament d&#8217;Educaci\u00f3 &#8211; Preinscripci\u00f3 Escolar 2025-2026 &#8211; Educaci\u00f3 Secund\u00e0ria Obligat\u00f2ria (ESO) Ajuntament de Terrassa &#8211; Preinscripci\u00f3 Escolar 2025-2026 Per [&hellip;]<\/p>\n","protected":false},"author":4,"featured_media":0,"parent":0,"menu_order":0,"comment_status":"closed","ping_status":"close","template":"","meta":{"_bbp_topic_count":0,"_bbp_reply_count":0,"_bbp_total_topic_count":0,"_bbp_total_reply_count":0,"_bbp_voice_count":0,"_bbp_anonymous_reply_count":0,"_bbp_topic_count_hidden":0,"_bbp_reply_count_hidden":0,"_bbp_forum_subforum_count":0,"site-sidebar-layout":"default","site-content-layout":"","ast-site-content-layout":"default","site-content-style":"default","site-sidebar-style":"default","ast-global-header-display":"","ast-banner-title-visibility":"","ast-main-header-display":"","ast-hfb-above-header-display":"","ast-hfb-below-header-display":"","ast-hfb-mobile-header-display":"","site-post-title":"disabled","ast-breadcrumbs-content":"","ast-featured-img":"","footer-sml-layout":"","theme-transparent-header-meta":"","adv-header-id-meta":"","stick-header-meta":"","header-above-stick-meta":"","header-main-stick-meta":"","header-below-stick-meta":"","astra-migrate-meta-layouts":"set","ast-page-background-enabled":"default","ast-page-background-meta":{"desktop":{"background-color":"var(--ast-global-color-4)","background-image":"","background-repeat":"repeat","background-position":"center center","background-size":"auto","background-attachment":"scroll","background-type":"","background-media":"","overlay-type":"","overlay-color":"","overlay-opacity":"","overlay-gradient":""},"tablet":{"background-color":"","background-image":"","background-repeat":"repeat","background-position":"center center","background-size":"auto","background-attachment":"scroll","background-type":"","background-media":"","overlay-type":"","overlay-color":"","overlay-opacity":"","overlay-gradient":""},"mobile":{"background-color":"","background-image":"","background-repeat":"repeat","background-position":"center center","background-size":"auto","background-attachment":"scroll","background-type":"","background-media":"","overlay-type":"","overlay-color":"","overlay-opacity":"","overlay-gradient":""}},"ast-content-background-meta":{"desktop":{"background-color":"var(--ast-global-color-5)","background-image":"","background-repeat":"repeat","background-position":"center center","background-size":"auto","background-attachment":"scroll","background-type":"","background-media":"","overlay-type":"","overlay-color":"","overlay-opacity":"","overlay-gradient":""},"tablet":{"background-color":"var(--ast-global-color-5)","background-image":"","background-repeat":"repeat","background-position":"center center","background-size":"auto","background-attachment":"scroll","background-type":"","background-media":"","overlay-type":"","overlay-color":"","overlay-opacity":"","overlay-gradient":""},"mobile":{"background-color":"var(--ast-global-color-5)","background-image":"","background-repeat":"repeat","background-position":"center center","background-size":"auto","background-attachment":"scroll","background-type":"","background-media":"","overlay-type":"","overlay-color":"","overlay-opacity":"","overlay-gradient":""}},"footnotes":""},"class_list":["post-3706","page","type-page","status-publish","hentry"],"post_mailing_queue_ids":[],"_links":{"self":[{"href":"https:\/\/agora.xtec.cat\/ceip-santllorenc-munt\/wp-json\/wp\/v2\/pages\/3706","targetHints":{"allow":["GET"]}}],"collection":[{"href":"https:\/\/agora.xtec.cat\/ceip-santllorenc-munt\/wp-json\/wp\/v2\/pages"}],"about":[{"href":"https:\/\/agora.xtec.cat\/ceip-santllorenc-munt\/wp-json\/wp\/v2\/types\/page"}],"author":[{"embeddable":true,"href":"https:\/\/agora.xtec.cat\/ceip-santllorenc-munt\/wp-json\/wp\/v2\/users\/4"}],"replies":[{"embeddable":true,"href":"https:\/\/agora.xtec.cat\/ceip-santllorenc-munt\/wp-json\/wp\/v2\/comments?post=3706"}],"version-history":[{"count":5,"href":"https:\/\/agora.xtec.cat\/ceip-santllorenc-munt\/wp-json\/wp\/v2\/pages\/3706\/revisions"}],"predecessor-version":[{"id":4111,"href":"https:\/\/agora.xtec.cat\/ceip-santllorenc-munt\/wp-json\/wp\/v2\/pages\/3706\/revisions\/4111"}],"wp:attachment":[{"href":"https:\/\/agora.xtec.cat\/ceip-santllorenc-munt\/wp-json\/wp\/v2\/media?parent=3706"}],"curies":[{"name":"wp","href":"https:\/\/api.w.org\/{rel}","templated":true}]}}