{"id":3540,"date":"2025-01-10T13:26:33","date_gmt":"2025-01-10T12:26:33","guid":{"rendered":"https:\/\/agora.xtec.cat\/ceip-santllorenc-munt\/?page_id=3540"},"modified":"2025-02-17T16:34:20","modified_gmt":"2025-02-17T15:34:20","slug":"atencio-a-les-families","status":"publish","type":"page","link":"https:\/\/agora.xtec.cat\/ceip-santllorenc-munt\/atencio-a-les-families\/","title":{"rendered":"Atenci\u00f3 a les fam\u00edlies"},"content":{"rendered":"\n<p>A l\u2019escola Sant Lloren\u00e7, prioritzem la comunicaci\u00f3 oberta i propera amb les fam\u00edlies. Us convidem a consultar els horaris detallats a continuaci\u00f3 per planificar les vostres visites. Si necessiteu coordinar una reuni\u00f3 fora dels horaris establerts, podeu posar-vos en contacte amb nosaltres via Dinantia i intentarem trobar una soluci\u00f3 que s\u2019adapti a les vostres necessitats.<\/p>\n\n\n\n<div class=\"wp-block-getwid-toggle has-icon-left\">\n<div class=\"wp-block-getwid-toggle__row\"><div class=\"wp-block-getwid-toggle__header-wrapper\"><h5 class=\"wp-block-getwid-toggle__header\"><a href=\"#\"><span class=\"wp-block-getwid-toggle__header-title\">DIRECCI\u00d3<\/span><span class=\"wp-block-getwid-toggle__icon is-active\"><i class=\"fas fa-plus\"><\/i><\/span><span class=\"wp-block-getwid-toggle__icon is-passive\"><i class=\"fas fa-minus\"><\/i><\/span><\/a><\/h5><\/div><div class=\"wp-block-getwid-toggle__content-wrapper\"><div class=\"wp-block-getwid-toggle__content\">\n<p>Est\u00e0 a disposici\u00f3 de les fam\u00edlies per tractar temes relacionats amb l\u2019educaci\u00f3 i el benestar dels alumnes. Aix\u00f2 inclou tutories familiars, reunions de caire pedag\u00f2gic i altres q\u00fcestions importants per a la vida escolar dels infants.<\/p>\n\n\n\n<p><strong>HORARI D&#8217;ATENCI\u00d3:<\/strong><br>Dilluns de 9:15h a 10:00h    |    Dimecres de 15:00h a 16:25h<\/p>\n<\/div><\/div><\/div>\n\n\n\n<div class=\"wp-block-getwid-toggle__row\"><div class=\"wp-block-getwid-toggle__header-wrapper\"><h5 class=\"wp-block-getwid-toggle__header\"><a href=\"#\"><span class=\"wp-block-getwid-toggle__header-title\">SECRETARIA<\/span><span class=\"wp-block-getwid-toggle__icon is-active\"><i class=\"fas fa-plus\"><\/i><\/span><span class=\"wp-block-getwid-toggle__icon is-passive\"><i class=\"fas fa-minus\"><\/i><\/span><\/a><\/h5><\/div><div class=\"wp-block-getwid-toggle__content-wrapper\"><div class=\"wp-block-getwid-toggle__content\">\n<p>Responsable de la gesti\u00f3 de pagaments i de tot el que fa refer\u00e8ncia a acords econ\u00f2mics amb les fam\u00edlies. Per a qualsevol consulta o aclariment en aquest \u00e0mbit, podeu dirigir-vos a secretaria.<\/p>\n\n\n\n<p><strong>HORARI D&#8217;ATENCI\u00d3:<\/strong><br>Dilluns de 9:15h a 10:00h    |    Dimecres de 15:00h a 16:25h<\/p>\n<\/div><\/div><\/div>\n\n\n\n<div class=\"wp-block-getwid-toggle__row\"><div class=\"wp-block-getwid-toggle__header-wrapper\"><h5 class=\"wp-block-getwid-toggle__header\"><a href=\"#\"><span class=\"wp-block-getwid-toggle__header-title\">ADMINISTRACI\u00d3<\/span><span class=\"wp-block-getwid-toggle__icon is-active\"><i class=\"fas fa-plus\"><\/i><\/span><span class=\"wp-block-getwid-toggle__icon is-passive\"><i class=\"fas fa-minus\"><\/i><\/span><\/a><\/h5><\/div><div class=\"wp-block-getwid-toggle__content-wrapper\"><div class=\"wp-block-getwid-toggle__content\">\n<p>S\u2019encarrega de la gesti\u00f3 de matr\u00edcules, la tramitaci\u00f3 d\u2019expedients acad\u00e8mics i altres documents administratius necessaris. Si necessiteu ajuda amb algun tr\u00e0mit, \u00e9s la persona indicada per orientar-vos i facilitar-vos el proc\u00e9s.<\/p>\n\n\n\n<p><strong>HORARI D&#8217;ATENCI\u00d3:<\/strong><br>De Dilluns a Divendres de 9:15h a 11:00h    |    Dilluns i Dimecres de 15:00h a 16:25h<\/p>\n<\/div><\/div><\/div>\n<\/div>\n","protected":false},"excerpt":{"rendered":"<p>A l\u2019escola Sant Lloren\u00e7, prioritzem la comunicaci\u00f3 oberta i propera amb les fam\u00edlies. Us convidem a consultar els horaris detallats a continuaci\u00f3 per planificar les vostres visites. Si necessiteu coordinar una reuni\u00f3 fora dels horaris establerts, podeu posar-vos en contacte amb nosaltres via Dinantia i intentarem trobar una soluci\u00f3 que s\u2019adapti a les vostres necessitats.<\/p>\n","protected":false},"author":4,"featured_media":0,"parent":0,"menu_order":0,"comment_status":"closed","ping_status":"close","template":"","meta":{"_bbp_topic_count":0,"_bbp_reply_count":0,"_bbp_total_topic_count":0,"_bbp_total_reply_count":0,"_bbp_voice_count":0,"_bbp_anonymous_reply_count":0,"_bbp_topic_count_hidden":0,"_bbp_reply_count_hidden":0,"_bbp_forum_subforum_count":0,"site-sidebar-layout":"default","site-content-layout":"","ast-site-content-layout":"default","site-content-style":"default","site-sidebar-style":"default","ast-global-header-display":"","ast-banner-title-visibility":"","ast-main-header-display":"","ast-hfb-above-header-display":"","ast-hfb-below-header-display":"","ast-hfb-mobile-header-display":"","site-post-title":"","ast-breadcrumbs-content":"","ast-featured-img":"","footer-sml-layout":"","theme-transparent-header-meta":"","adv-header-id-meta":"","stick-header-meta":"","header-above-stick-meta":"","header-main-stick-meta":"","header-below-stick-meta":"","astra-migrate-meta-layouts":"set","ast-page-background-enabled":"default","ast-page-background-meta":{"desktop":{"background-color":"var(--ast-global-color-4)","background-image":"","background-repeat":"repeat","background-position":"center center","background-size":"auto","background-attachment":"scroll","background-type":"","background-media":"","overlay-type":"","overlay-color":"","overlay-opacity":"","overlay-gradient":""},"tablet":{"background-color":"","background-image":"","background-repeat":"repeat","background-position":"center center","background-size":"auto","background-attachment":"scroll","background-type":"","background-media":"","overlay-type":"","overlay-color":"","overlay-opacity":"","overlay-gradient":""},"mobile":{"background-color":"","background-image":"","background-repeat":"repeat","background-position":"center center","background-size":"auto","background-attachment":"scroll","background-type":"","background-media":"","overlay-type":"","overlay-color":"","overlay-opacity":"","overlay-gradient":""}},"ast-content-background-meta":{"desktop":{"background-color":"var(--ast-global-color-5)","background-image":"","background-repeat":"repeat","background-position":"center center","background-size":"auto","background-attachment":"scroll","background-type":"","background-media":"","overlay-type":"","overlay-color":"","overlay-opacity":"","overlay-gradient":""},"tablet":{"background-color":"var(--ast-global-color-5)","background-image":"","background-repeat":"repeat","background-position":"center center","background-size":"auto","background-attachment":"scroll","background-type":"","background-media":"","overlay-type":"","overlay-color":"","overlay-opacity":"","overlay-gradient":""},"mobile":{"background-color":"var(--ast-global-color-5)","background-image":"","background-repeat":"repeat","background-position":"center center","background-size":"auto","background-attachment":"scroll","background-type":"","background-media":"","overlay-type":"","overlay-color":"","overlay-opacity":"","overlay-gradient":""}},"footnotes":""},"class_list":["post-3540","page","type-page","status-publish","hentry"],"post_mailing_queue_ids":[],"_links":{"self":[{"href":"https:\/\/agora.xtec.cat\/ceip-santllorenc-munt\/wp-json\/wp\/v2\/pages\/3540","targetHints":{"allow":["GET"]}}],"collection":[{"href":"https:\/\/agora.xtec.cat\/ceip-santllorenc-munt\/wp-json\/wp\/v2\/pages"}],"about":[{"href":"https:\/\/agora.xtec.cat\/ceip-santllorenc-munt\/wp-json\/wp\/v2\/types\/page"}],"author":[{"embeddable":true,"href":"https:\/\/agora.xtec.cat\/ceip-santllorenc-munt\/wp-json\/wp\/v2\/users\/4"}],"replies":[{"embeddable":true,"href":"https:\/\/agora.xtec.cat\/ceip-santllorenc-munt\/wp-json\/wp\/v2\/comments?post=3540"}],"version-history":[{"count":5,"href":"https:\/\/agora.xtec.cat\/ceip-santllorenc-munt\/wp-json\/wp\/v2\/pages\/3540\/revisions"}],"predecessor-version":[{"id":3682,"href":"https:\/\/agora.xtec.cat\/ceip-santllorenc-munt\/wp-json\/wp\/v2\/pages\/3540\/revisions\/3682"}],"wp:attachment":[{"href":"https:\/\/agora.xtec.cat\/ceip-santllorenc-munt\/wp-json\/wp\/v2\/media?parent=3540"}],"curies":[{"name":"wp","href":"https:\/\/api.w.org\/{rel}","templated":true}]}}