{"id":3535,"date":"2025-01-10T13:24:30","date_gmt":"2025-01-10T12:24:30","guid":{"rendered":"https:\/\/agora.xtec.cat\/ceip-santllorenc-munt\/?page_id=3535"},"modified":"2025-01-10T13:38:36","modified_gmt":"2025-01-10T12:38:36","slug":"qui-som","status":"publish","type":"page","link":"https:\/\/agora.xtec.cat\/ceip-santllorenc-munt\/qui-som\/","title":{"rendered":"Qui som?"},"content":{"rendered":"\n<p>A l\u2019Escola, som una comunitat educativa inclusiva i compromesa amb l\u2019educaci\u00f3 integral dels nostres alumnes. Formada per 360 alumnes i un equip hum\u00e0 de 30 mestres, acompanyats de professionals especialitzats com fisioterapeutes, logopedes i psicopedagogs. Situats al barri de Sant Lloren\u00e7 del Munt de Terrassa, ens definim com un centre que aposta per un model pedag\u00f2gic global i competencial, dissenyat per afavorir l\u2019\u00e8xit educatiu de tot l\u2019alumnat.<\/p>\n\n\n\n<p>Creiem en una educaci\u00f3 que vagi m\u00e9s enll\u00e0 dels continguts acad\u00e8mics, promovent valors com la conviv\u00e8ncia, la solidaritat i el respecte a la diversitat. Per aix\u00f2, oferim un entorn d\u2019aprenentatge segur i estimulant, on cada infant troba les eines i els suports necessaris per cr\u00e9ixer com a persona i desenvolupar el seu potencial al m\u00e0xim.<\/p>\n\n\n\n<p>Apostem per metodologies, i mantenim un fort comprom\u00eds amb el desenvolupament de la compet\u00e8ncia ling\u00fc\u00edstica, aix\u00ed com amb l\u2019impuls del benestar emocional i la inclusi\u00f3.<\/p>\n\n\n\n<p>Disposem de serveis essencials com un menjador escolar amb cuina pr\u00f2pia i un ampli ventall d\u2019activitats extraescolars que inclouen korfball, futbol, Croma, multiesport, art i Lexcit, per fomentar el desenvolupament integral de l\u2019alumnat.<\/p>\n\n\n\n<p>Els nostres projectes espec\u00edfics s\u00f3n un reflex del nostre comprom\u00eds amb una educaci\u00f3 de qualitat:<\/p>\n\n\n\n<ul class=\"wp-block-list\">\n<li>SantLLo TV, el canal de televisi\u00f3 creat per i per als alumnes.<\/li>\n\n\n\n<li>Lectura compartida i treball espec\u00edfic de lectura, per impulsar la compet\u00e8ncia lectora.<\/li>\n\n\n\n<li>Matem\u00e0tiques manipulatives, que fan de l\u2019aprenentatge una experi\u00e8ncia pr\u00e0ctica i significativa.<\/li>\n\n\n\n<li>Teatre a 6\u00e8 i el projecte d\u2019audiovisuals a 5\u00e8, per estimular la creativitat i l\u2019expressi\u00f3 art\u00edstica.<\/li>\n\n\n\n<li>Col\u00b7laboraci\u00f3 amb la Seu d\u2019\u00c8gara, per connectar l\u2019alumnat amb el patrimoni cultural de la ciutat.<\/li>\n\n\n\n<li>I molt m\u00e9s!!<\/li>\n<\/ul>\n\n\n\n<p>A m\u00e9s, treballem conjuntament amb les fam\u00edlies i altres agents de la comunitat educativa, perqu\u00e8 creiem fermament que l\u2019educaci\u00f3 \u00e9s una tasca compartida. Entre tots constru\u00efm un espai on cada alumne se sent escoltat, valorat i preparat per afrontar els reptes del futur.<\/p>\n\n\n\n<p>Benvinguts a l\u2019escola Sant Lloren\u00e7 del Munt, una escola on l\u2019educaci\u00f3 \u00e9s transformadora i on cada alumne importa.<\/p>\n","protected":false},"excerpt":{"rendered":"<p>A l\u2019Escola, som una comunitat educativa inclusiva i compromesa amb l\u2019educaci\u00f3 integral dels nostres alumnes. Formada per 360 alumnes i un equip hum\u00e0 de 30 mestres, acompanyats de professionals especialitzats com fisioterapeutes, logopedes i psicopedagogs. Situats al barri de Sant Lloren\u00e7 del Munt de Terrassa, ens definim com un centre que aposta per un model [&hellip;]<\/p>\n","protected":false},"author":4,"featured_media":0,"parent":0,"menu_order":0,"comment_status":"closed","ping_status":"close","template":"","meta":{"_bbp_topic_count":0,"_bbp_reply_count":0,"_bbp_total_topic_count":0,"_bbp_total_reply_count":0,"_bbp_voice_count":0,"_bbp_anonymous_reply_count":0,"_bbp_topic_count_hidden":0,"_bbp_reply_count_hidden":0,"_bbp_forum_subforum_count":0,"site-sidebar-layout":"default","site-content-layout":"","ast-site-content-layout":"default","site-content-style":"default","site-sidebar-style":"default","ast-global-header-display":"","ast-banner-title-visibility":"","ast-main-header-display":"","ast-hfb-above-header-display":"","ast-hfb-below-header-display":"","ast-hfb-mobile-header-display":"","site-post-title":"","ast-breadcrumbs-content":"","ast-featured-img":"","footer-sml-layout":"","theme-transparent-header-meta":"","adv-header-id-meta":"","stick-header-meta":"","header-above-stick-meta":"","header-main-stick-meta":"","header-below-stick-meta":"","astra-migrate-meta-layouts":"set","ast-page-background-enabled":"default","ast-page-background-meta":{"desktop":{"background-color":"var(--ast-global-color-4)","background-image":"","background-repeat":"repeat","background-position":"center center","background-size":"auto","background-attachment":"scroll","background-type":"","background-media":"","overlay-type":"","overlay-color":"","overlay-opacity":"","overlay-gradient":""},"tablet":{"background-color":"","background-image":"","background-repeat":"repeat","background-position":"center center","background-size":"auto","background-attachment":"scroll","background-type":"","background-media":"","overlay-type":"","overlay-color":"","overlay-opacity":"","overlay-gradient":""},"mobile":{"background-color":"","background-image":"","background-repeat":"repeat","background-position":"center center","background-size":"auto","background-attachment":"scroll","background-type":"","background-media":"","overlay-type":"","overlay-color":"","overlay-opacity":"","overlay-gradient":""}},"ast-content-background-meta":{"desktop":{"background-color":"var(--ast-global-color-5)","background-image":"","background-repeat":"repeat","background-position":"center center","background-size":"auto","background-attachment":"scroll","background-type":"","background-media":"","overlay-type":"","overlay-color":"","overlay-opacity":"","overlay-gradient":""},"tablet":{"background-color":"var(--ast-global-color-5)","background-image":"","background-repeat":"repeat","background-position":"center center","background-size":"auto","background-attachment":"scroll","background-type":"","background-media":"","overlay-type":"","overlay-color":"","overlay-opacity":"","overlay-gradient":""},"mobile":{"background-color":"var(--ast-global-color-5)","background-image":"","background-repeat":"repeat","background-position":"center center","background-size":"auto","background-attachment":"scroll","background-type":"","background-media":"","overlay-type":"","overlay-color":"","overlay-opacity":"","overlay-gradient":""}},"footnotes":""},"class_list":["post-3535","page","type-page","status-publish","hentry"],"post_mailing_queue_ids":[],"_links":{"self":[{"href":"https:\/\/agora.xtec.cat\/ceip-santllorenc-munt\/wp-json\/wp\/v2\/pages\/3535","targetHints":{"allow":["GET"]}}],"collection":[{"href":"https:\/\/agora.xtec.cat\/ceip-santllorenc-munt\/wp-json\/wp\/v2\/pages"}],"about":[{"href":"https:\/\/agora.xtec.cat\/ceip-santllorenc-munt\/wp-json\/wp\/v2\/types\/page"}],"author":[{"embeddable":true,"href":"https:\/\/agora.xtec.cat\/ceip-santllorenc-munt\/wp-json\/wp\/v2\/users\/4"}],"replies":[{"embeddable":true,"href":"https:\/\/agora.xtec.cat\/ceip-santllorenc-munt\/wp-json\/wp\/v2\/comments?post=3535"}],"version-history":[{"count":2,"href":"https:\/\/agora.xtec.cat\/ceip-santllorenc-munt\/wp-json\/wp\/v2\/pages\/3535\/revisions"}],"predecessor-version":[{"id":3547,"href":"https:\/\/agora.xtec.cat\/ceip-santllorenc-munt\/wp-json\/wp\/v2\/pages\/3535\/revisions\/3547"}],"wp:attachment":[{"href":"https:\/\/agora.xtec.cat\/ceip-santllorenc-munt\/wp-json\/wp\/v2\/media?parent=3535"}],"curies":[{"name":"wp","href":"https:\/\/api.w.org\/{rel}","templated":true}]}}