{"id":3530,"date":"2025-01-10T13:15:25","date_gmt":"2025-01-10T12:15:25","guid":{"rendered":"https:\/\/agora.xtec.cat\/ceip-santllorenc-munt\/?page_id=3530"},"modified":"2025-03-14T17:58:09","modified_gmt":"2025-03-14T16:58:09","slug":"primaria","status":"publish","type":"page","link":"https:\/\/agora.xtec.cat\/ceip-santllorenc-munt\/primaria\/","title":{"rendered":"PRIM\u00c0RIA"},"content":{"rendered":"\n<p class=\"has-medium-font-size\"><strong><span style=\"text-decoration: underline;\">DARRERES NOT\u00cdCIES<\/span><\/strong><\/p>\n\n\n\n        <div class=\"wp-block-getwid-post-carousel custom-post-type-post has-slides-gap-small is-carousel has-arrows-inside has-dots-outside\">\n            <div data-slider-option=\"{&quot;sliderSlidesToShowDesktop&quot;:&quot;3&quot;,&quot;getwid_slidesToShowLaptop&quot;:&quot;3&quot;,&quot;getwid_slidesToShowTablet&quot;:&quot;4&quot;,&quot;getwid_slidesToShowMobile&quot;:&quot;1&quot;,&quot;getwid_autoplay_speed&quot;:6000,&quot;getwid_animation_speed&quot;:800,&quot;getwid_slidesToScroll&quot;:&quot;1&quot;,&quot;getwid_autoplay&quot;:true,&quot;getwid_pause_on_hover&quot;:false,&quot;getwid_infinite&quot;:true,&quot;getwid_center_mode&quot;:false,&quot;getwid_arrows&quot;:&quot;inside&quot;,&quot;getwid_dots&quot;:&quot;outside&quot;}\" class=\"wp-block-getwid-post-carousel__wrapper\">\n                \t\t\t\t\t\t\t<div class=\"wp-block-getwid-post-carousel__slide\">\n\t\t\t\t\t\t\t\t\n<div class=\"wp-block-getwid-post-carousel__post\">\n            <div class=\"wp-block-getwid-post-carousel__post-thumbnail\">\n            <a href=\"https:\/\/agora.xtec.cat\/ceip-santllorenc-munt\/general\/fem-de-booktubers-yasmin-d\/\"><img loading=\"lazy\" decoding=\"async\" width=\"1919\" height=\"1078\" src=\"https:\/\/agora.xtec.cat\/ceip-santllorenc-munt\/wp-content\/uploads\/usu1223\/2025\/04\/Yasmin.png\" class=\"attachment-post-thumbnail size-post-thumbnail wp-post-image\" alt=\"\" srcset=\"https:\/\/agora.xtec.cat\/ceip-santllorenc-munt\/wp-content\/uploads\/usu1223\/2025\/04\/Yasmin.png 1919w, https:\/\/agora.xtec.cat\/ceip-santllorenc-munt\/wp-content\/uploads\/usu1223\/2025\/04\/Yasmin-300x169.png 300w, https:\/\/agora.xtec.cat\/ceip-santllorenc-munt\/wp-content\/uploads\/usu1223\/2025\/04\/Yasmin-1024x575.png 1024w, https:\/\/agora.xtec.cat\/ceip-santllorenc-munt\/wp-content\/uploads\/usu1223\/2025\/04\/Yasmin-768x431.png 768w, https:\/\/agora.xtec.cat\/ceip-santllorenc-munt\/wp-content\/uploads\/usu1223\/2025\/04\/Yasmin-1536x863.png 1536w\" sizes=\"auto, (max-width: 1919px) 100vw, 1919px\" \/><\/a>\n        <\/div>\n        <div class=\"wp-block-getwid-post-carousel__post-content-wrapper\">\n        <div class=\"wp-block-getwid-post-carousel__post-header\">\n            <h3 class=\"wp-block-getwid-post-carousel__post-title\"><a href=\"https:\/\/agora.xtec.cat\/ceip-santllorenc-munt\/general\/fem-de-booktubers-yasmin-d\/\">FEM DE BOOKTUBERS:\u00a0Yasmin D. &#8211; El Club dels Estranys<\/a><\/h3>        <\/div>\n        <div class=\"wp-block-getwid-post-carousel__post-excerpt\"><p>La Yasmin ens presenta el llibre El club dels estranys de Jordi Serra i Fabra. Aquest llibre est\u00e0 ple d\u2019hist\u00f2ries de nois i noies que es fan amics a l\u2019escola. Tots tenen alguna cosa que els fa \u201cestranys\u201d, sigui una caracter\u00edstica f\u00edsica o alguna dificultat que els fa ser diferents dels altres. I \u00e9s quan [&hellip;]<\/p>\n<\/div>\n    <\/div>\n<\/div>\n\n\t\t\t\t\t\t\t<\/div>\n\t\t\t\t\t\t\t\t\t\t\t\t\t<div class=\"wp-block-getwid-post-carousel__slide\">\n\t\t\t\t\t\t\t\t\n<div class=\"wp-block-getwid-post-carousel__post\">\n            <div class=\"wp-block-getwid-post-carousel__post-thumbnail\">\n            <a href=\"https:\/\/agora.xtec.cat\/ceip-santllorenc-munt\/general\/fem-de-booktubers-yahya-m-diari-de-greg-un-pringat-total\/\"><img loading=\"lazy\" decoding=\"async\" width=\"1919\" height=\"1079\" src=\"https:\/\/agora.xtec.cat\/ceip-santllorenc-munt\/wp-content\/uploads\/usu1223\/2025\/04\/Yahya.png\" class=\"attachment-post-thumbnail size-post-thumbnail wp-post-image\" alt=\"\" srcset=\"https:\/\/agora.xtec.cat\/ceip-santllorenc-munt\/wp-content\/uploads\/usu1223\/2025\/04\/Yahya.png 1919w, https:\/\/agora.xtec.cat\/ceip-santllorenc-munt\/wp-content\/uploads\/usu1223\/2025\/04\/Yahya-300x169.png 300w, https:\/\/agora.xtec.cat\/ceip-santllorenc-munt\/wp-content\/uploads\/usu1223\/2025\/04\/Yahya-1024x576.png 1024w, https:\/\/agora.xtec.cat\/ceip-santllorenc-munt\/wp-content\/uploads\/usu1223\/2025\/04\/Yahya-768x432.png 768w, https:\/\/agora.xtec.cat\/ceip-santllorenc-munt\/wp-content\/uploads\/usu1223\/2025\/04\/Yahya-1536x864.png 1536w\" sizes=\"auto, (max-width: 1919px) 100vw, 1919px\" \/><\/a>\n        <\/div>\n        <div class=\"wp-block-getwid-post-carousel__post-content-wrapper\">\n        <div class=\"wp-block-getwid-post-carousel__post-header\">\n            <h3 class=\"wp-block-getwid-post-carousel__post-title\"><a href=\"https:\/\/agora.xtec.cat\/ceip-santllorenc-munt\/general\/fem-de-booktubers-yahya-m-diari-de-greg-un-pringat-total\/\">FEM DE BOOKTUBERS:\u00a0Yahya M. &#8211; Diari de Greg. Un pringat total<\/a><\/h3>        <\/div>\n        <div class=\"wp-block-getwid-post-carousel__post-excerpt\"><p>En Yahya ens presenta el llibre Diari de Greg, Un pringat total de Jeff Kinney.\u00a0 Aquest llibre ens explica les aventures d\u2019en Greg, un adolescent de secund\u00e0ria que intenta sobreviure a la seva vida, amb tots els problemes t\u00edpics de l\u2019adolesc\u00e8ncia, l\u2019escola, els amics, la fam\u00edlia&#8230; i moltes situacions totalment rid\u00edcules! La hist\u00f2ria est\u00e0 plena [&hellip;]<\/p>\n<\/div>\n    <\/div>\n<\/div>\n\n\t\t\t\t\t\t\t<\/div>\n\t\t\t\t\t\t\t\t\t\t\t\t\t<div class=\"wp-block-getwid-post-carousel__slide\">\n\t\t\t\t\t\t\t\t\n<div class=\"wp-block-getwid-post-carousel__post\">\n            <div class=\"wp-block-getwid-post-carousel__post-thumbnail\">\n            <a href=\"https:\/\/agora.xtec.cat\/ceip-santllorenc-munt\/general\/cm-i-cg-els-equips-dextraescolars\/\"><img loading=\"lazy\" decoding=\"async\" width=\"1080\" height=\"1350\" src=\"https:\/\/agora.xtec.cat\/ceip-santllorenc-munt\/wp-content\/uploads\/usu1223\/2025\/04\/Extraescolars.jpg\" class=\"attachment-post-thumbnail size-post-thumbnail wp-post-image\" alt=\"\" srcset=\"https:\/\/agora.xtec.cat\/ceip-santllorenc-munt\/wp-content\/uploads\/usu1223\/2025\/04\/Extraescolars.jpg 1080w, https:\/\/agora.xtec.cat\/ceip-santllorenc-munt\/wp-content\/uploads\/usu1223\/2025\/04\/Extraescolars-240x300.jpg 240w, https:\/\/agora.xtec.cat\/ceip-santllorenc-munt\/wp-content\/uploads\/usu1223\/2025\/04\/Extraescolars-819x1024.jpg 819w, https:\/\/agora.xtec.cat\/ceip-santllorenc-munt\/wp-content\/uploads\/usu1223\/2025\/04\/Extraescolars-768x960.jpg 768w\" sizes=\"auto, (max-width: 1080px) 100vw, 1080px\" \/><\/a>\n        <\/div>\n        <div class=\"wp-block-getwid-post-carousel__post-content-wrapper\">\n        <div class=\"wp-block-getwid-post-carousel__post-header\">\n            <h3 class=\"wp-block-getwid-post-carousel__post-title\"><a href=\"https:\/\/agora.xtec.cat\/ceip-santllorenc-munt\/general\/cm-i-cg-els-equips-dextraescolars\/\">CM i CG: Els equips d&#8217;extraescolars<\/a><\/h3>        <\/div>\n        <div class=\"wp-block-getwid-post-carousel__post-excerpt\"><p>Els equips d&#8217;extraescolars de Korfball i Futbol sala han comen\u00e7at a competir a la lliga del Consell Esportiu de Terrassa. Molts \u00e0nims i enhorabona\u00a0a\u00a0tots\u00a0i\u00a0totes!<\/p>\n<\/div>\n    <\/div>\n<\/div>\n\n\t\t\t\t\t\t\t<\/div>\n\t\t\t\t\t\t\t\t\t\t\t\t\t<div class=\"wp-block-getwid-post-carousel__slide\">\n\t\t\t\t\t\t\t\t\n<div class=\"wp-block-getwid-post-carousel__post\">\n            <div class=\"wp-block-getwid-post-carousel__post-thumbnail\">\n            <a href=\"https:\/\/agora.xtec.cat\/ceip-santllorenc-munt\/general\/cg-la-seu-degara-patrimoni-mundial\/\"><img loading=\"lazy\" decoding=\"async\" width=\"1600\" height=\"1066\" src=\"https:\/\/agora.xtec.cat\/ceip-santllorenc-munt\/wp-content\/uploads\/usu1223\/2025\/04\/La-Seu-dEgara_.jpg\" class=\"attachment-post-thumbnail size-post-thumbnail wp-post-image\" alt=\"\" srcset=\"https:\/\/agora.xtec.cat\/ceip-santllorenc-munt\/wp-content\/uploads\/usu1223\/2025\/04\/La-Seu-dEgara_.jpg 1600w, https:\/\/agora.xtec.cat\/ceip-santllorenc-munt\/wp-content\/uploads\/usu1223\/2025\/04\/La-Seu-dEgara_-300x200.jpg 300w, https:\/\/agora.xtec.cat\/ceip-santllorenc-munt\/wp-content\/uploads\/usu1223\/2025\/04\/La-Seu-dEgara_-1024x682.jpg 1024w, https:\/\/agora.xtec.cat\/ceip-santllorenc-munt\/wp-content\/uploads\/usu1223\/2025\/04\/La-Seu-dEgara_-768x512.jpg 768w, https:\/\/agora.xtec.cat\/ceip-santllorenc-munt\/wp-content\/uploads\/usu1223\/2025\/04\/La-Seu-dEgara_-1536x1023.jpg 1536w\" sizes=\"auto, (max-width: 1600px) 100vw, 1600px\" \/><\/a>\n        <\/div>\n        <div class=\"wp-block-getwid-post-carousel__post-content-wrapper\">\n        <div class=\"wp-block-getwid-post-carousel__post-header\">\n            <h3 class=\"wp-block-getwid-post-carousel__post-title\"><a href=\"https:\/\/agora.xtec.cat\/ceip-santllorenc-munt\/general\/cg-la-seu-degara-patrimoni-mundial\/\">CG: La Seu d&#8217;\u00c8gara patrimoni mundial<\/a><\/h3>        <\/div>\n        <div class=\"wp-block-getwid-post-carousel__post-excerpt\"><p>Una representaci\u00f3 de l&#8217;escola van estar el passat 1 d&#8217;Abril a la presentaci\u00f3 del projecte &#8216;L&#8217;escola amb La Seu d&#8217;\u00c8gara&#8217;. All\u00e0 van participar de la lectura d&#8217;un comunicat conjunt de les diferents escoles que hi participen i presentar les activitats que des del nostre centre realitzem vinculades amb La Seu d&#8217;\u00c8gara. A continuaci\u00f3, us deixem [&hellip;]<\/p>\n<\/div>\n    <\/div>\n<\/div>\n\n\t\t\t\t\t\t\t<\/div>\n\t\t\t\t\t\t\t\t\t\t\t\t\t<div class=\"wp-block-getwid-post-carousel__slide\">\n\t\t\t\t\t\t\t\t\n<div class=\"wp-block-getwid-post-carousel__post\">\n            <div class=\"wp-block-getwid-post-carousel__post-thumbnail\">\n            <a href=\"https:\/\/agora.xtec.cat\/ceip-santllorenc-munt\/general\/fem-de-booktubers\/\"><img loading=\"lazy\" decoding=\"async\" width=\"1916\" height=\"1079\" src=\"https:\/\/agora.xtec.cat\/ceip-santllorenc-munt\/wp-content\/uploads\/usu1223\/2025\/04\/Yanira_-1.png\" class=\"attachment-post-thumbnail size-post-thumbnail wp-post-image\" alt=\"\" srcset=\"https:\/\/agora.xtec.cat\/ceip-santllorenc-munt\/wp-content\/uploads\/usu1223\/2025\/04\/Yanira_-1.png 1916w, https:\/\/agora.xtec.cat\/ceip-santllorenc-munt\/wp-content\/uploads\/usu1223\/2025\/04\/Yanira_-1-300x169.png 300w, https:\/\/agora.xtec.cat\/ceip-santllorenc-munt\/wp-content\/uploads\/usu1223\/2025\/04\/Yanira_-1-1024x577.png 1024w, https:\/\/agora.xtec.cat\/ceip-santllorenc-munt\/wp-content\/uploads\/usu1223\/2025\/04\/Yanira_-1-768x433.png 768w, https:\/\/agora.xtec.cat\/ceip-santllorenc-munt\/wp-content\/uploads\/usu1223\/2025\/04\/Yanira_-1-1536x865.png 1536w\" sizes=\"auto, (max-width: 1916px) 100vw, 1916px\" \/><\/a>\n        <\/div>\n        <div class=\"wp-block-getwid-post-carousel__post-content-wrapper\">\n        <div class=\"wp-block-getwid-post-carousel__post-header\">\n            <h3 class=\"wp-block-getwid-post-carousel__post-title\"><a href=\"https:\/\/agora.xtec.cat\/ceip-santllorenc-munt\/general\/fem-de-booktubers\/\">FEM DE BOOKTUBERS: Yanira E. &#8211; Geronimo Stilton<\/a><\/h3>        <\/div>\n        <div class=\"wp-block-getwid-post-carousel__post-excerpt\"><p>La Yanira E. ens presenta el llibre Geronimo Stilton i la vall dels esquelets Gegants. Si sou seguidors de Geronimo Stilton, es tracta d\u2019un ratol\u00ed periodista que sempre es fica en embolics. La hist\u00f2ria comen\u00e7a quan Geronimo rep una misteriosa carta que el porta a una nova aventura i com sempre acaba vivint situacions emocionants. [&hellip;]<\/p>\n<\/div>\n    <\/div>\n<\/div>\n\n\t\t\t\t\t\t\t<\/div>\n\t\t\t\t\t\t            <\/div>\n        <\/div>\n        ","protected":false},"excerpt":{"rendered":"<p>DARRERES NOT\u00cdCIES<\/p>\n","protected":false},"author":4,"featured_media":0,"parent":0,"menu_order":0,"comment_status":"closed","ping_status":"close","template":"","meta":{"_bbp_topic_count":0,"_bbp_reply_count":0,"_bbp_total_topic_count":0,"_bbp_total_reply_count":0,"_bbp_voice_count":0,"_bbp_anonymous_reply_count":0,"_bbp_topic_count_hidden":0,"_bbp_reply_count_hidden":0,"_bbp_forum_subforum_count":0,"site-sidebar-layout":"default","site-content-layout":"","ast-site-content-layout":"default","site-content-style":"default","site-sidebar-style":"default","ast-global-header-display":"","ast-banner-title-visibility":"","ast-main-header-display":"","ast-hfb-above-header-display":"","ast-hfb-below-header-display":"","ast-hfb-mobile-header-display":"","site-post-title":"","ast-breadcrumbs-content":"","ast-featured-img":"","footer-sml-layout":"","theme-transparent-header-meta":"","adv-header-id-meta":"","stick-header-meta":"","header-above-stick-meta":"","header-main-stick-meta":"","header-below-stick-meta":"","astra-migrate-meta-layouts":"set","ast-page-background-enabled":"default","ast-page-background-meta":{"desktop":{"background-color":"var(--ast-global-color-4)","background-image":"","background-repeat":"repeat","background-position":"center center","background-size":"auto","background-attachment":"scroll","background-type":"","background-media":"","overlay-type":"","overlay-color":"","overlay-opacity":"","overlay-gradient":""},"tablet":{"background-color":"","background-image":"","background-repeat":"repeat","background-position":"center center","background-size":"auto","background-attachment":"scroll","background-type":"","background-media":"","overlay-type":"","overlay-color":"","overlay-opacity":"","overlay-gradient":""},"mobile":{"background-color":"","background-image":"","background-repeat":"repeat","background-position":"center center","background-size":"auto","background-attachment":"scroll","background-type":"","background-media":"","overlay-type":"","overlay-color":"","overlay-opacity":"","overlay-gradient":""}},"ast-content-background-meta":{"desktop":{"background-color":"var(--ast-global-color-5)","background-image":"","background-repeat":"repeat","background-position":"center center","background-size":"auto","background-attachment":"scroll","background-type":"","background-media":"","overlay-type":"","overlay-color":"","overlay-opacity":"","overlay-gradient":""},"tablet":{"background-color":"var(--ast-global-color-5)","background-image":"","background-repeat":"repeat","background-position":"center center","background-size":"auto","background-attachment":"scroll","background-type":"","background-media":"","overlay-type":"","overlay-color":"","overlay-opacity":"","overlay-gradient":""},"mobile":{"background-color":"var(--ast-global-color-5)","background-image":"","background-repeat":"repeat","background-position":"center center","background-size":"auto","background-attachment":"scroll","background-type":"","background-media":"","overlay-type":"","overlay-color":"","overlay-opacity":"","overlay-gradient":""}},"footnotes":""},"class_list":["post-3530","page","type-page","status-publish","hentry"],"post_mailing_queue_ids":[],"_links":{"self":[{"href":"https:\/\/agora.xtec.cat\/ceip-santllorenc-munt\/wp-json\/wp\/v2\/pages\/3530","targetHints":{"allow":["GET"]}}],"collection":[{"href":"https:\/\/agora.xtec.cat\/ceip-santllorenc-munt\/wp-json\/wp\/v2\/pages"}],"about":[{"href":"https:\/\/agora.xtec.cat\/ceip-santllorenc-munt\/wp-json\/wp\/v2\/types\/page"}],"author":[{"embeddable":true,"href":"https:\/\/agora.xtec.cat\/ceip-santllorenc-munt\/wp-json\/wp\/v2\/users\/4"}],"replies":[{"embeddable":true,"href":"https:\/\/agora.xtec.cat\/ceip-santllorenc-munt\/wp-json\/wp\/v2\/comments?post=3530"}],"version-history":[{"count":4,"href":"https:\/\/agora.xtec.cat\/ceip-santllorenc-munt\/wp-json\/wp\/v2\/pages\/3530\/revisions"}],"predecessor-version":[{"id":3751,"href":"https:\/\/agora.xtec.cat\/ceip-santllorenc-munt\/wp-json\/wp\/v2\/pages\/3530\/revisions\/3751"}],"wp:attachment":[{"href":"https:\/\/agora.xtec.cat\/ceip-santllorenc-munt\/wp-json\/wp\/v2\/media?parent=3530"}],"curies":[{"name":"wp","href":"https:\/\/api.w.org\/{rel}","templated":true}]}}