{"id":3264,"date":"2023-07-07T14:21:31","date_gmt":"2023-07-07T12:21:31","guid":{"rendered":"https:\/\/agora.xtec.cat\/ceip-santllorenc-munt\/?page_id=3264"},"modified":"2025-10-07T14:40:00","modified_gmt":"2025-10-07T12:40:00","slug":"integrador-social-ins","status":"publish","type":"page","link":"https:\/\/agora.xtec.cat\/ceip-santllorenc-munt\/lescola\/integrador-social-ins\/","title":{"rendered":"Integrador Social (INS)"},"content":{"rendered":"<p><a href=\"https:\/\/agora.xtec.cat\/ceip-santllorenc-munt\/wp-content\/uploads\/usu1223\/2023\/07\/INS.jpg\"><img loading=\"lazy\" decoding=\"async\" class=\"aligncenter wp-image-3969 size-full\" src=\"https:\/\/agora.xtec.cat\/ceip-santllorenc-munt\/wp-content\/uploads\/usu1223\/2025\/10\/INS.png\" alt=\"\" width=\"1107\" height=\"639\" srcset=\"https:\/\/agora.xtec.cat\/ceip-santllorenc-munt\/wp-content\/uploads\/usu1223\/2025\/10\/INS.png 1107w, https:\/\/agora.xtec.cat\/ceip-santllorenc-munt\/wp-content\/uploads\/usu1223\/2025\/10\/INS-300x173.png 300w, https:\/\/agora.xtec.cat\/ceip-santllorenc-munt\/wp-content\/uploads\/usu1223\/2025\/10\/INS-1024x591.png 1024w, https:\/\/agora.xtec.cat\/ceip-santllorenc-munt\/wp-content\/uploads\/usu1223\/2025\/10\/INS-768x443.png 768w\" sizes=\"auto, (max-width: 1107px) 100vw, 1107px\" \/><\/a><\/p>\n\n\n<div data-wp-interactive=\"core\/file\" class=\"wp-block-file\"><object data-wp-bind--hidden=\"!state.hasPdfPreview\" hidden class=\"wp-block-file__embed\" data=\"https:\/\/agora.xtec.cat\/ceip-santllorenc-munt\/wp-content\/uploads\/usu1223\/2025\/10\/Programa-de-contractacio-de-tecnics-dintegracio-social-i-educadors-socials.pdf\" type=\"application\/pdf\" style=\"width:100%;height:600px\" aria-label=\"Incrustaci\u00f3 del fitxer Programa de contractaci\u00f3 de t\u00e8cnics d\u2019integraci\u00f3 social i educadors socials.\"><\/object><a id=\"wp-block-file--media-fb467d2f-42f2-401a-8b10-206959df245a\" href=\"https:\/\/agora.xtec.cat\/ceip-santllorenc-munt\/wp-content\/uploads\/usu1223\/2025\/10\/Programa-de-contractacio-de-tecnics-dintegracio-social-i-educadors-socials.pdf\">Programa de contractaci\u00f3 de t\u00e8cnics d\u2019integraci\u00f3 social i educadors socials<\/a><a href=\"https:\/\/agora.xtec.cat\/ceip-santllorenc-munt\/wp-content\/uploads\/usu1223\/2025\/10\/Programa-de-contractacio-de-tecnics-dintegracio-social-i-educadors-socials.pdf\" class=\"wp-block-file__button wp-element-button\" download aria-describedby=\"wp-block-file--media-fb467d2f-42f2-401a-8b10-206959df245a\">Baixa<\/a><\/div>\n","protected":false},"excerpt":{"rendered":"","protected":false},"author":4,"featured_media":0,"parent":22,"menu_order":0,"comment_status":"closed","ping_status":"closed","template":"","meta":{"_bbp_topic_count":0,"_bbp_reply_count":0,"_bbp_total_topic_count":0,"_bbp_total_reply_count":0,"_bbp_voice_count":0,"_bbp_anonymous_reply_count":0,"_bbp_topic_count_hidden":0,"_bbp_reply_count_hidden":0,"_bbp_forum_subforum_count":0,"site-sidebar-layout":"default","site-content-layout":"","ast-site-content-layout":"default","site-content-style":"default","site-sidebar-style":"default","ast-global-header-display":"","ast-banner-title-visibility":"","ast-main-header-display":"","ast-hfb-above-header-display":"","ast-hfb-below-header-display":"","ast-hfb-mobile-header-display":"","site-post-title":"","ast-breadcrumbs-content":"","ast-featured-img":"","footer-sml-layout":"","theme-transparent-header-meta":"","adv-header-id-meta":"","stick-header-meta":"","header-above-stick-meta":"","header-main-stick-meta":"","header-below-stick-meta":"","astra-migrate-meta-layouts":"set","ast-page-background-enabled":"default","ast-page-background-meta":{"desktop":{"background-color":"var(--ast-global-color-4)","background-image":"","background-repeat":"repeat","background-position":"center center","background-size":"auto","background-attachment":"scroll","background-type":"","background-media":"","overlay-type":"","overlay-color":"","overlay-opacity":"","overlay-gradient":""},"tablet":{"background-color":"","background-image":"","background-repeat":"repeat","background-position":"center center","background-size":"auto","background-attachment":"scroll","background-type":"","background-media":"","overlay-type":"","overlay-color":"","overlay-opacity":"","overlay-gradient":""},"mobile":{"background-color":"","background-image":"","background-repeat":"repeat","background-position":"center center","background-size":"auto","background-attachment":"scroll","background-type":"","background-media":"","overlay-type":"","overlay-color":"","overlay-opacity":"","overlay-gradient":""}},"ast-content-background-meta":{"desktop":{"background-color":"var(--ast-global-color-5)","background-image":"","background-repeat":"repeat","background-position":"center center","background-size":"auto","background-attachment":"scroll","background-type":"","background-media":"","overlay-type":"","overlay-color":"","overlay-opacity":"","overlay-gradient":""},"tablet":{"background-color":"var(--ast-global-color-5)","background-image":"","background-repeat":"repeat","background-position":"center center","background-size":"auto","background-attachment":"scroll","background-type":"","background-media":"","overlay-type":"","overlay-color":"","overlay-opacity":"","overlay-gradient":""},"mobile":{"background-color":"var(--ast-global-color-5)","background-image":"","background-repeat":"repeat","background-position":"center center","background-size":"auto","background-attachment":"scroll","background-type":"","background-media":"","overlay-type":"","overlay-color":"","overlay-opacity":"","overlay-gradient":""}},"footnotes":""},"class_list":["post-3264","page","type-page","status-publish","hentry"],"post_mailing_queue_ids":[],"_links":{"self":[{"href":"https:\/\/agora.xtec.cat\/ceip-santllorenc-munt\/wp-json\/wp\/v2\/pages\/3264","targetHints":{"allow":["GET"]}}],"collection":[{"href":"https:\/\/agora.xtec.cat\/ceip-santllorenc-munt\/wp-json\/wp\/v2\/pages"}],"about":[{"href":"https:\/\/agora.xtec.cat\/ceip-santllorenc-munt\/wp-json\/wp\/v2\/types\/page"}],"author":[{"embeddable":true,"href":"https:\/\/agora.xtec.cat\/ceip-santllorenc-munt\/wp-json\/wp\/v2\/users\/4"}],"replies":[{"embeddable":true,"href":"https:\/\/agora.xtec.cat\/ceip-santllorenc-munt\/wp-json\/wp\/v2\/comments?post=3264"}],"version-history":[{"count":3,"href":"https:\/\/agora.xtec.cat\/ceip-santllorenc-munt\/wp-json\/wp\/v2\/pages\/3264\/revisions"}],"predecessor-version":[{"id":3972,"href":"https:\/\/agora.xtec.cat\/ceip-santllorenc-munt\/wp-json\/wp\/v2\/pages\/3264\/revisions\/3972"}],"up":[{"embeddable":true,"href":"https:\/\/agora.xtec.cat\/ceip-santllorenc-munt\/wp-json\/wp\/v2\/pages\/22"}],"wp:attachment":[{"href":"https:\/\/agora.xtec.cat\/ceip-santllorenc-munt\/wp-json\/wp\/v2\/media?parent=3264"}],"curies":[{"name":"wp","href":"https:\/\/api.w.org\/{rel}","templated":true}]}}